{"id":6997,"date":"2025-07-07T17:48:59","date_gmt":"2025-07-07T20:48:59","guid":{"rendered":"https:\/\/kmembalagens.com.br\/?post_type=product&#038;p=6997"},"modified":"2025-07-07T17:48:59","modified_gmt":"2025-07-07T20:48:59","slug":"forma-flor-11-litros-c-tampa-05-unidades-blue-star","status":"publish","type":"product","link":"https:\/\/kmembalagens.com.br\/index.php\/produto\/forma-flor-11-litros-c-tampa-05-unidades-blue-star\/","title":{"rendered":"Forma Flor 1,1 litros c\/tampa 05 unidades &#8211; Blue Star"},"content":{"rendered":"","protected":false},"excerpt":{"rendered":"<p>Forma Flor 1,1 litros c\/tampa 05 unidades &#8211; Blue Star<\/p>\n<p>Sobremesa boa \u00e9 sobremesa generosa. Pensando nisso, a BlueStar apresenta a linha de Formas Multi\u00faso 1,1L<br \/>\nideais para receitas tamanho fam\u00edlia. Perfeitas para pudins, mousses, bolos e sobremesas geladas, essas<br \/>\nformas combinam praticidade, seguran\u00e7a e acabamento impec\u00e1vel para valorizar suas cria\u00e7\u00f5es.<\/p>\n<p>Forma Flor \u00e9 um charme a mais que valoriza sua sobremesa e encanta na apresenta\u00e7\u00e3o.<\/p>\n<p>Semi descart\u00e1vel: use, lave e reutilize quantas vezes quiser, ou descarte de forma pr\u00e1tica<\/p>\n<p>Pode ir ao forno at\u00e9 180\u00b0C em banho maria<\/p>\n<p>Furinho inteligente na tampa para sa\u00edda de vapor, garantindo o cozimento perfeito da sua sobremesa<\/p>\n<p>Fabricada em polipropileno, material seguro para uso em temperaturas elevadas e contato com alimentos.<\/p>\n<p>Dimens\u00e3o:<br \/>\n&#8211; 5,9 altura: 5,90 cm<br \/>\n&#8211; 19,30 cm de largura<\/p>\n<p>Parceria exclusiva com a Formatina<\/p>\n<p>Capacidade de 1,1 litros<\/p>\n<p>Quantidade: 5 unidades (formas + tampa)<\/p>\n<p>Imagens ilustrativas.<\/p>\n","protected":false},"featured_media":6998,"comment_status":"open","ping_status":"closed","template":"","meta":{"site-sidebar-layout":"default","site-content-layout":"","ast-site-content-layout":"default","site-content-style":"default","site-sidebar-style":"default","ast-global-header-display":"","ast-banner-title-visibility":"","ast-main-header-display":"","ast-hfb-above-header-display":"","ast-hfb-below-header-display":"","ast-hfb-mobile-header-display":"","site-post-title":"","ast-breadcrumbs-content":"","ast-featured-img":"","footer-sml-layout":"","theme-transparent-header-meta":"default","adv-header-id-meta":"","stick-header-meta":"","header-above-stick-meta":"","header-main-stick-meta":"","header-below-stick-meta":"","astra-migrate-meta-layouts":"set","ast-page-background-enabled":"default","ast-page-background-meta":{"desktop":{"background-color":"var(--ast-global-color-4)","background-image":"","background-repeat":"repeat","background-position":"center center","background-size":"auto","background-attachment":"scroll","background-type":"","background-media":"","overlay-type":"","overlay-color":"","overlay-opacity":"","overlay-gradient":""},"tablet":{"background-color":"","background-image":"","background-repeat":"repeat","background-position":"center center","background-size":"auto","background-attachment":"scroll","background-type":"","background-media":"","overlay-type":"","overlay-color":"","overlay-opacity":"","overlay-gradient":""},"mobile":{"background-color":"","background-image":"","background-repeat":"repeat","background-position":"center center","background-size":"auto","background-attachment":"scroll","background-type":"","background-media":"","overlay-type":"","overlay-color":"","overlay-opacity":"","overlay-gradient":""}},"ast-content-background-meta":{"desktop":{"background-color":"var(--ast-global-color-5)","background-image":"","background-repeat":"repeat","background-position":"center center","background-size":"auto","background-attachment":"scroll","background-type":"","background-media":"","overlay-type":"","overlay-color":"","overlay-opacity":"","overlay-gradient":""},"tablet":{"background-color":"var(--ast-global-color-5)","background-image":"","background-repeat":"repeat","background-position":"center center","background-size":"auto","background-attachment":"scroll","background-type":"","background-media":"","overlay-type":"","overlay-color":"","overlay-opacity":"","overlay-gradient":""},"mobile":{"background-color":"var(--ast-global-color-5)","background-image":"","background-repeat":"repeat","background-position":"center center","background-size":"auto","background-attachment":"scroll","background-type":"","background-media":"","overlay-type":"","overlay-color":"","overlay-opacity":"","overlay-gradient":""}}},"product_brand":[],"product_cat":[148],"product_tag":[144,953,134,85,149],"class_list":{"0":"post-6997","1":"product","2":"type-product","3":"status-publish","4":"has-post-thumbnail","6":"product_cat-formas","7":"product_tag-doces","8":"product_tag-formaflor","9":"product_tag-sobremesas","10":"product_tag-kmembalagens","11":"product_tag-pudim","12":"desktop-align-left","13":"tablet-align-left","14":"mobile-align-left","16":"first","17":"instock","18":"taxable","19":"shipping-taxable","20":"purchasable","21":"product-type-simple"},"yoast_head":"<!-- This site is optimized with the Yoast SEO plugin v27.2 - https:\/\/yoast.com\/product\/yoast-seo-wordpress\/ -->\n<title>Forma Flor 1,1 litros c\/tampa 05 unidades - Blue Star - KM Embalagens<\/title>\n<meta name=\"robots\" content=\"index, follow, max-snippet:-1, max-image-preview:large, max-video-preview:-1\" \/>\n<link rel=\"canonical\" href=\"https:\/\/kmembalagens.com.br\/index.php\/produto\/forma-flor-11-litros-c-tampa-05-unidades-blue-star\/\" \/>\n<meta property=\"og:locale\" content=\"pt_BR\" \/>\n<meta property=\"og:type\" content=\"article\" \/>\n<meta property=\"og:title\" content=\"Forma Flor 1,1 litros c\/tampa 05 unidades - Blue Star - KM Embalagens\" \/>\n<meta property=\"og:description\" content=\"Forma Flor 1,1 litros c\/tampa 05 unidades - Blue Star  Sobremesa boa \u00e9 sobremesa generosa. Pensando nisso, a BlueStar apresenta a linha de Formas Multi\u00faso 1,1L ideais para receitas tamanho fam\u00edlia. Perfeitas para pudins, mousses, bolos e sobremesas geladas, essas formas combinam praticidade, seguran\u00e7a e acabamento impec\u00e1vel para valorizar suas cria\u00e7\u00f5es.  Forma Flor \u00e9 um charme a mais que valoriza sua sobremesa e encanta na apresenta\u00e7\u00e3o.  Semi descart\u00e1vel: use, lave e reutilize quantas vezes quiser, ou descarte de forma pr\u00e1tica  Pode ir ao forno at\u00e9 180\u00b0C em banho maria  Furinho inteligente na tampa para sa\u00edda de vapor, garantindo o cozimento perfeito da sua sobremesa  Fabricada em polipropileno, material seguro para uso em temperaturas elevadas e contato com alimentos.  Dimens\u00e3o: - 5,9 altura: 5,90 cm - 19,30 cm de largura  Parceria exclusiva com a Formatina  Capacidade de 1,1 litros  Quantidade: 5 unidades (formas + tampa)  Imagens ilustrativas.\" \/>\n<meta property=\"og:url\" content=\"https:\/\/kmembalagens.com.br\/index.php\/produto\/forma-flor-11-litros-c-tampa-05-unidades-blue-star\/\" \/>\n<meta property=\"og:site_name\" content=\"KM Embalagens\" \/>\n<meta property=\"og:image\" content=\"https:\/\/kmembalagens.com.br\/wp-content\/uploads\/2025\/07\/CAPA-14392-scaled.jpg\" \/>\n\t<meta property=\"og:image:width\" content=\"1811\" \/>\n\t<meta property=\"og:image:height\" content=\"2560\" \/>\n\t<meta property=\"og:image:type\" content=\"image\/jpeg\" \/>\n<meta name=\"twitter:card\" content=\"summary_large_image\" \/>\n<meta name=\"twitter:label1\" content=\"Est. tempo de leitura\" \/>\n\t<meta name=\"twitter:data1\" content=\"1 minuto\" \/>\n<script type=\"application\/ld+json\" class=\"yoast-schema-graph\">{\"@context\":\"https:\/\/schema.org\",\"@graph\":[{\"@type\":\"WebPage\",\"@id\":\"https:\/\/kmembalagens.com.br\/index.php\/produto\/forma-flor-11-litros-c-tampa-05-unidades-blue-star\/\",\"url\":\"https:\/\/kmembalagens.com.br\/index.php\/produto\/forma-flor-11-litros-c-tampa-05-unidades-blue-star\/\",\"name\":\"Forma Flor 1,1 litros c\/tampa 05 unidades - Blue Star - KM Embalagens\",\"isPartOf\":{\"@id\":\"https:\/\/kmembalagens.com.br\/#website\"},\"primaryImageOfPage\":{\"@id\":\"https:\/\/kmembalagens.com.br\/index.php\/produto\/forma-flor-11-litros-c-tampa-05-unidades-blue-star\/#primaryimage\"},\"image\":{\"@id\":\"https:\/\/kmembalagens.com.br\/index.php\/produto\/forma-flor-11-litros-c-tampa-05-unidades-blue-star\/#primaryimage\"},\"thumbnailUrl\":\"https:\/\/kmembalagens.com.br\/wp-content\/uploads\/2025\/07\/CAPA-14392-scaled.jpg\",\"datePublished\":\"2025-07-07T20:48:59+00:00\",\"breadcrumb\":{\"@id\":\"https:\/\/kmembalagens.com.br\/index.php\/produto\/forma-flor-11-litros-c-tampa-05-unidades-blue-star\/#breadcrumb\"},\"inLanguage\":\"pt-BR\",\"potentialAction\":[{\"@type\":\"ReadAction\",\"target\":[\"https:\/\/kmembalagens.com.br\/index.php\/produto\/forma-flor-11-litros-c-tampa-05-unidades-blue-star\/\"]}]},{\"@type\":\"ImageObject\",\"inLanguage\":\"pt-BR\",\"@id\":\"https:\/\/kmembalagens.com.br\/index.php\/produto\/forma-flor-11-litros-c-tampa-05-unidades-blue-star\/#primaryimage\",\"url\":\"https:\/\/kmembalagens.com.br\/wp-content\/uploads\/2025\/07\/CAPA-14392-scaled.jpg\",\"contentUrl\":\"https:\/\/kmembalagens.com.br\/wp-content\/uploads\/2025\/07\/CAPA-14392-scaled.jpg\",\"width\":1811,\"height\":2560},{\"@type\":\"BreadcrumbList\",\"@id\":\"https:\/\/kmembalagens.com.br\/index.php\/produto\/forma-flor-11-litros-c-tampa-05-unidades-blue-star\/#breadcrumb\",\"itemListElement\":[{\"@type\":\"ListItem\",\"position\":1,\"name\":\"In\u00edcio\",\"item\":\"https:\/\/kmembalagens.com.br\/\"},{\"@type\":\"ListItem\",\"position\":2,\"name\":\"Forma Flor 1,1 litros c\/tampa 05 unidades &#8211; Blue Star\"}]},{\"@type\":\"WebSite\",\"@id\":\"https:\/\/kmembalagens.com.br\/#website\",\"url\":\"https:\/\/kmembalagens.com.br\/\",\"name\":\"KM Embalagens\",\"description\":\"Tudo que precisa de embalagens\",\"publisher\":{\"@id\":\"https:\/\/kmembalagens.com.br\/#organization\"},\"potentialAction\":[{\"@type\":\"SearchAction\",\"target\":{\"@type\":\"EntryPoint\",\"urlTemplate\":\"https:\/\/kmembalagens.com.br\/?s={search_term_string}\"},\"query-input\":{\"@type\":\"PropertyValueSpecification\",\"valueRequired\":true,\"valueName\":\"search_term_string\"}}],\"inLanguage\":\"pt-BR\"},{\"@type\":\"Organization\",\"@id\":\"https:\/\/kmembalagens.com.br\/#organization\",\"name\":\"KM Embalagens\",\"url\":\"https:\/\/kmembalagens.com.br\/\",\"logo\":{\"@type\":\"ImageObject\",\"inLanguage\":\"pt-BR\",\"@id\":\"https:\/\/kmembalagens.com.br\/#\/schema\/logo\/image\/\",\"url\":\"https:\/\/kmembalagens.com.br\/wp-content\/uploads\/2020\/11\/cropped-cropped-KM-semfundo-2.png\",\"contentUrl\":\"https:\/\/kmembalagens.com.br\/wp-content\/uploads\/2020\/11\/cropped-cropped-KM-semfundo-2.png\",\"width\":1867,\"height\":1202,\"caption\":\"KM Embalagens\"},\"image\":{\"@id\":\"https:\/\/kmembalagens.com.br\/#\/schema\/logo\/image\/\"}}]}<\/script>\n<!-- \/ Yoast SEO plugin. -->","yoast_head_json":{"title":"Forma Flor 1,1 litros c\/tampa 05 unidades - Blue Star - KM Embalagens","robots":{"index":"index","follow":"follow","max-snippet":"max-snippet:-1","max-image-preview":"max-image-preview:large","max-video-preview":"max-video-preview:-1"},"canonical":"https:\/\/kmembalagens.com.br\/index.php\/produto\/forma-flor-11-litros-c-tampa-05-unidades-blue-star\/","og_locale":"pt_BR","og_type":"article","og_title":"Forma Flor 1,1 litros c\/tampa 05 unidades - Blue Star - KM Embalagens","og_description":"Forma Flor 1,1 litros c\/tampa 05 unidades - Blue Star  Sobremesa boa \u00e9 sobremesa generosa. Pensando nisso, a BlueStar apresenta a linha de Formas Multi\u00faso 1,1L ideais para receitas tamanho fam\u00edlia. Perfeitas para pudins, mousses, bolos e sobremesas geladas, essas formas combinam praticidade, seguran\u00e7a e acabamento impec\u00e1vel para valorizar suas cria\u00e7\u00f5es.  Forma Flor \u00e9 um charme a mais que valoriza sua sobremesa e encanta na apresenta\u00e7\u00e3o.  Semi descart\u00e1vel: use, lave e reutilize quantas vezes quiser, ou descarte de forma pr\u00e1tica  Pode ir ao forno at\u00e9 180\u00b0C em banho maria  Furinho inteligente na tampa para sa\u00edda de vapor, garantindo o cozimento perfeito da sua sobremesa  Fabricada em polipropileno, material seguro para uso em temperaturas elevadas e contato com alimentos.  Dimens\u00e3o: - 5,9 altura: 5,90 cm - 19,30 cm de largura  Parceria exclusiva com a Formatina  Capacidade de 1,1 litros  Quantidade: 5 unidades (formas + tampa)  Imagens ilustrativas.","og_url":"https:\/\/kmembalagens.com.br\/index.php\/produto\/forma-flor-11-litros-c-tampa-05-unidades-blue-star\/","og_site_name":"KM Embalagens","og_image":[{"width":1811,"height":2560,"url":"https:\/\/kmembalagens.com.br\/wp-content\/uploads\/2025\/07\/CAPA-14392-scaled.jpg","type":"image\/jpeg"}],"twitter_card":"summary_large_image","twitter_misc":{"Est. tempo de leitura":"1 minuto"},"schema":{"@context":"https:\/\/schema.org","@graph":[{"@type":"WebPage","@id":"https:\/\/kmembalagens.com.br\/index.php\/produto\/forma-flor-11-litros-c-tampa-05-unidades-blue-star\/","url":"https:\/\/kmembalagens.com.br\/index.php\/produto\/forma-flor-11-litros-c-tampa-05-unidades-blue-star\/","name":"Forma Flor 1,1 litros c\/tampa 05 unidades - Blue Star - KM Embalagens","isPartOf":{"@id":"https:\/\/kmembalagens.com.br\/#website"},"primaryImageOfPage":{"@id":"https:\/\/kmembalagens.com.br\/index.php\/produto\/forma-flor-11-litros-c-tampa-05-unidades-blue-star\/#primaryimage"},"image":{"@id":"https:\/\/kmembalagens.com.br\/index.php\/produto\/forma-flor-11-litros-c-tampa-05-unidades-blue-star\/#primaryimage"},"thumbnailUrl":"https:\/\/kmembalagens.com.br\/wp-content\/uploads\/2025\/07\/CAPA-14392-scaled.jpg","datePublished":"2025-07-07T20:48:59+00:00","breadcrumb":{"@id":"https:\/\/kmembalagens.com.br\/index.php\/produto\/forma-flor-11-litros-c-tampa-05-unidades-blue-star\/#breadcrumb"},"inLanguage":"pt-BR","potentialAction":[{"@type":"ReadAction","target":["https:\/\/kmembalagens.com.br\/index.php\/produto\/forma-flor-11-litros-c-tampa-05-unidades-blue-star\/"]}]},{"@type":"ImageObject","inLanguage":"pt-BR","@id":"https:\/\/kmembalagens.com.br\/index.php\/produto\/forma-flor-11-litros-c-tampa-05-unidades-blue-star\/#primaryimage","url":"https:\/\/kmembalagens.com.br\/wp-content\/uploads\/2025\/07\/CAPA-14392-scaled.jpg","contentUrl":"https:\/\/kmembalagens.com.br\/wp-content\/uploads\/2025\/07\/CAPA-14392-scaled.jpg","width":1811,"height":2560},{"@type":"BreadcrumbList","@id":"https:\/\/kmembalagens.com.br\/index.php\/produto\/forma-flor-11-litros-c-tampa-05-unidades-blue-star\/#breadcrumb","itemListElement":[{"@type":"ListItem","position":1,"name":"In\u00edcio","item":"https:\/\/kmembalagens.com.br\/"},{"@type":"ListItem","position":2,"name":"Forma Flor 1,1 litros c\/tampa 05 unidades &#8211; Blue Star"}]},{"@type":"WebSite","@id":"https:\/\/kmembalagens.com.br\/#website","url":"https:\/\/kmembalagens.com.br\/","name":"KM Embalagens","description":"Tudo que precisa de embalagens","publisher":{"@id":"https:\/\/kmembalagens.com.br\/#organization"},"potentialAction":[{"@type":"SearchAction","target":{"@type":"EntryPoint","urlTemplate":"https:\/\/kmembalagens.com.br\/?s={search_term_string}"},"query-input":{"@type":"PropertyValueSpecification","valueRequired":true,"valueName":"search_term_string"}}],"inLanguage":"pt-BR"},{"@type":"Organization","@id":"https:\/\/kmembalagens.com.br\/#organization","name":"KM Embalagens","url":"https:\/\/kmembalagens.com.br\/","logo":{"@type":"ImageObject","inLanguage":"pt-BR","@id":"https:\/\/kmembalagens.com.br\/#\/schema\/logo\/image\/","url":"https:\/\/kmembalagens.com.br\/wp-content\/uploads\/2020\/11\/cropped-cropped-KM-semfundo-2.png","contentUrl":"https:\/\/kmembalagens.com.br\/wp-content\/uploads\/2020\/11\/cropped-cropped-KM-semfundo-2.png","width":1867,"height":1202,"caption":"KM Embalagens"},"image":{"@id":"https:\/\/kmembalagens.com.br\/#\/schema\/logo\/image\/"}}]}},"_links":{"self":[{"href":"https:\/\/kmembalagens.com.br\/index.php\/wp-json\/wp\/v2\/product\/6997","targetHints":{"allow":["GET"]}}],"collection":[{"href":"https:\/\/kmembalagens.com.br\/index.php\/wp-json\/wp\/v2\/product"}],"about":[{"href":"https:\/\/kmembalagens.com.br\/index.php\/wp-json\/wp\/v2\/types\/product"}],"replies":[{"embeddable":true,"href":"https:\/\/kmembalagens.com.br\/index.php\/wp-json\/wp\/v2\/comments?post=6997"}],"wp:featuredmedia":[{"embeddable":true,"href":"https:\/\/kmembalagens.com.br\/index.php\/wp-json\/wp\/v2\/media\/6998"}],"wp:attachment":[{"href":"https:\/\/kmembalagens.com.br\/index.php\/wp-json\/wp\/v2\/media?parent=6997"}],"wp:term":[{"taxonomy":"product_brand","embeddable":true,"href":"https:\/\/kmembalagens.com.br\/index.php\/wp-json\/wp\/v2\/product_brand?post=6997"},{"taxonomy":"product_cat","embeddable":true,"href":"https:\/\/kmembalagens.com.br\/index.php\/wp-json\/wp\/v2\/product_cat?post=6997"},{"taxonomy":"product_tag","embeddable":true,"href":"https:\/\/kmembalagens.com.br\/index.php\/wp-json\/wp\/v2\/product_tag?post=6997"}],"curies":[{"name":"wp","href":"https:\/\/api.w.org\/{rel}","templated":true}]}}