{"id":6878,"date":"2024-05-22T15:50:02","date_gmt":"2024-05-22T18:50:02","guid":{"rendered":"https:\/\/kmembalagens.com.br\/?post_type=product&#038;p=6878"},"modified":"2026-03-21T19:34:32","modified_gmt":"2026-03-21T22:34:32","slug":"sacola-bioplastica-de-fonte-renovavel-cinza-48-x-55-cm-c-500-unidades","status":"publish","type":"product","link":"https:\/\/kmembalagens.com.br\/index.php\/produto\/sacola-bioplastica-de-fonte-renovavel-cinza-48-x-55-cm-c-500-unidades\/","title":{"rendered":"Sacola Biopl\u00e1stica de Fonte Renov\u00e1vel Cinza 48 x 55 cm c\/500 unidades"},"content":{"rendered":"","protected":false},"excerpt":{"rendered":"<p>Sacola Biopl\u00e1stica de Fonte Renov\u00e1vel Cinza 48 x 55 cm &#8211; 500 unidades<\/p>\n<p>A Sacola Biopl\u00e1stica de Fonte Renov\u00e1vel conta com impress\u00e3o para v\u00e1rios segmentos, como a\u00e7ougue, padarias, hortifr\u00fati, mercados, lojas de departamento etc. Al\u00e9m de oferecer baixo custo na solicita\u00e7\u00e3o da sacola bio pl\u00e1stica.<\/p>\n<p>Medida: 48 x 55 cm<\/p>\n<p>Quantidade: 500 unidades<\/p>\n<p>Imagens ilustrativas<\/p>\n","protected":false},"featured_media":6879,"comment_status":"open","ping_status":"closed","template":"","meta":{"site-sidebar-layout":"default","site-content-layout":"","ast-site-content-layout":"default","site-content-style":"default","site-sidebar-style":"default","ast-global-header-display":"","ast-banner-title-visibility":"","ast-main-header-display":"","ast-hfb-above-header-display":"","ast-hfb-below-header-display":"","ast-hfb-mobile-header-display":"","site-post-title":"","ast-breadcrumbs-content":"","ast-featured-img":"","footer-sml-layout":"","theme-transparent-header-meta":"default","adv-header-id-meta":"","stick-header-meta":"","header-above-stick-meta":"","header-main-stick-meta":"","header-below-stick-meta":"","astra-migrate-meta-layouts":"set","ast-page-background-enabled":"default","ast-page-background-meta":{"desktop":{"background-color":"var(--ast-global-color-4)","background-image":"","background-repeat":"repeat","background-position":"center center","background-size":"auto","background-attachment":"scroll","background-type":"","background-media":"","overlay-type":"","overlay-color":"","overlay-opacity":"","overlay-gradient":""},"tablet":{"background-color":"","background-image":"","background-repeat":"repeat","background-position":"center center","background-size":"auto","background-attachment":"scroll","background-type":"","background-media":"","overlay-type":"","overlay-color":"","overlay-opacity":"","overlay-gradient":""},"mobile":{"background-color":"","background-image":"","background-repeat":"repeat","background-position":"center center","background-size":"auto","background-attachment":"scroll","background-type":"","background-media":"","overlay-type":"","overlay-color":"","overlay-opacity":"","overlay-gradient":""}},"ast-content-background-meta":{"desktop":{"background-color":"var(--ast-global-color-5)","background-image":"","background-repeat":"repeat","background-position":"center center","background-size":"auto","background-attachment":"scroll","background-type":"","background-media":"","overlay-type":"","overlay-color":"","overlay-opacity":"","overlay-gradient":""},"tablet":{"background-color":"var(--ast-global-color-5)","background-image":"","background-repeat":"repeat","background-position":"center center","background-size":"auto","background-attachment":"scroll","background-type":"","background-media":"","overlay-type":"","overlay-color":"","overlay-opacity":"","overlay-gradient":""},"mobile":{"background-color":"var(--ast-global-color-5)","background-image":"","background-repeat":"repeat","background-position":"center center","background-size":"auto","background-attachment":"scroll","background-type":"","background-media":"","overlay-type":"","overlay-color":"","overlay-opacity":"","overlay-gradient":""}}},"product_brand":[],"product_cat":[37],"product_tag":[946,948,945,944,947,85],"class_list":{"0":"post-6878","1":"product","2":"type-product","3":"status-publish","4":"has-post-thumbnail","6":"product_cat-sacolas","7":"product_tag-lixo","8":"product_tag-reciclagem","9":"product_tag-sacobio","10":"product_tag-sacolixobio","11":"product_tag-sustentavel","12":"product_tag-kmembalagens","13":"desktop-align-left","14":"tablet-align-left","15":"mobile-align-left","17":"first","18":"instock","19":"taxable","20":"shipping-taxable","21":"purchasable","22":"product-type-simple"},"yoast_head":"<!-- This site is optimized with the Yoast SEO plugin v27.2 - https:\/\/yoast.com\/product\/yoast-seo-wordpress\/ -->\n<title>Sacola Biopl\u00e1stica de Fonte Renov\u00e1vel Cinza 48 x 55 cm c\/500 unidades - KM Embalagens<\/title>\n<meta name=\"robots\" content=\"index, follow, max-snippet:-1, max-image-preview:large, max-video-preview:-1\" \/>\n<link rel=\"canonical\" href=\"https:\/\/kmembalagens.com.br\/index.php\/produto\/sacola-bioplastica-de-fonte-renovavel-cinza-48-x-55-cm-c-500-unidades\/\" \/>\n<meta property=\"og:locale\" content=\"pt_BR\" \/>\n<meta property=\"og:type\" content=\"article\" \/>\n<meta property=\"og:title\" content=\"Sacola Biopl\u00e1stica de Fonte Renov\u00e1vel Cinza 48 x 55 cm c\/500 unidades - KM Embalagens\" \/>\n<meta property=\"og:description\" content=\"Sacola Biopl\u00e1stica de Fonte Renov\u00e1vel Cinza 48 x 55 cm - 500 unidades  A Sacola Biopl\u00e1stica de Fonte Renov\u00e1vel conta com impress\u00e3o para v\u00e1rios segmentos, como a\u00e7ougue, padarias, hortifr\u00fati, mercados, lojas de departamento etc. Al\u00e9m de oferecer baixo custo na solicita\u00e7\u00e3o da sacola bio pl\u00e1stica.  Medida: 48 x 55 cm  Quantidade: 500 unidades  Imagens ilustrativas\" \/>\n<meta property=\"og:url\" content=\"https:\/\/kmembalagens.com.br\/index.php\/produto\/sacola-bioplastica-de-fonte-renovavel-cinza-48-x-55-cm-c-500-unidades\/\" \/>\n<meta property=\"og:site_name\" content=\"KM Embalagens\" \/>\n<meta property=\"article:modified_time\" content=\"2026-03-21T22:34:32+00:00\" \/>\n<meta property=\"og:image\" content=\"https:\/\/kmembalagens.com.br\/wp-content\/uploads\/2024\/05\/CAPA-14422-scaled.jpg\" \/>\n\t<meta property=\"og:image:width\" content=\"1811\" \/>\n\t<meta property=\"og:image:height\" content=\"2560\" \/>\n\t<meta property=\"og:image:type\" content=\"image\/jpeg\" \/>\n<meta name=\"twitter:card\" content=\"summary_large_image\" \/>\n<meta name=\"twitter:label1\" content=\"Est. tempo de leitura\" \/>\n\t<meta name=\"twitter:data1\" content=\"1 minuto\" \/>\n<script type=\"application\/ld+json\" class=\"yoast-schema-graph\">{\"@context\":\"https:\/\/schema.org\",\"@graph\":[{\"@type\":\"WebPage\",\"@id\":\"https:\/\/kmembalagens.com.br\/index.php\/produto\/sacola-bioplastica-de-fonte-renovavel-cinza-48-x-55-cm-c-500-unidades\/\",\"url\":\"https:\/\/kmembalagens.com.br\/index.php\/produto\/sacola-bioplastica-de-fonte-renovavel-cinza-48-x-55-cm-c-500-unidades\/\",\"name\":\"Sacola Biopl\u00e1stica de Fonte Renov\u00e1vel Cinza 48 x 55 cm c\/500 unidades - KM Embalagens\",\"isPartOf\":{\"@id\":\"https:\/\/kmembalagens.com.br\/#website\"},\"primaryImageOfPage\":{\"@id\":\"https:\/\/kmembalagens.com.br\/index.php\/produto\/sacola-bioplastica-de-fonte-renovavel-cinza-48-x-55-cm-c-500-unidades\/#primaryimage\"},\"image\":{\"@id\":\"https:\/\/kmembalagens.com.br\/index.php\/produto\/sacola-bioplastica-de-fonte-renovavel-cinza-48-x-55-cm-c-500-unidades\/#primaryimage\"},\"thumbnailUrl\":\"https:\/\/kmembalagens.com.br\/wp-content\/uploads\/2024\/05\/CAPA-14422-scaled.jpg\",\"datePublished\":\"2024-05-22T18:50:02+00:00\",\"dateModified\":\"2026-03-21T22:34:32+00:00\",\"breadcrumb\":{\"@id\":\"https:\/\/kmembalagens.com.br\/index.php\/produto\/sacola-bioplastica-de-fonte-renovavel-cinza-48-x-55-cm-c-500-unidades\/#breadcrumb\"},\"inLanguage\":\"pt-BR\",\"potentialAction\":[{\"@type\":\"ReadAction\",\"target\":[\"https:\/\/kmembalagens.com.br\/index.php\/produto\/sacola-bioplastica-de-fonte-renovavel-cinza-48-x-55-cm-c-500-unidades\/\"]}]},{\"@type\":\"ImageObject\",\"inLanguage\":\"pt-BR\",\"@id\":\"https:\/\/kmembalagens.com.br\/index.php\/produto\/sacola-bioplastica-de-fonte-renovavel-cinza-48-x-55-cm-c-500-unidades\/#primaryimage\",\"url\":\"https:\/\/kmembalagens.com.br\/wp-content\/uploads\/2024\/05\/CAPA-14422-scaled.jpg\",\"contentUrl\":\"https:\/\/kmembalagens.com.br\/wp-content\/uploads\/2024\/05\/CAPA-14422-scaled.jpg\",\"width\":1811,\"height\":2560},{\"@type\":\"BreadcrumbList\",\"@id\":\"https:\/\/kmembalagens.com.br\/index.php\/produto\/sacola-bioplastica-de-fonte-renovavel-cinza-48-x-55-cm-c-500-unidades\/#breadcrumb\",\"itemListElement\":[{\"@type\":\"ListItem\",\"position\":1,\"name\":\"In\u00edcio\",\"item\":\"https:\/\/kmembalagens.com.br\/\"},{\"@type\":\"ListItem\",\"position\":2,\"name\":\"Sacola Biopl\u00e1stica de Fonte Renov\u00e1vel Cinza 48 x 55 cm c\/500 unidades\"}]},{\"@type\":\"WebSite\",\"@id\":\"https:\/\/kmembalagens.com.br\/#website\",\"url\":\"https:\/\/kmembalagens.com.br\/\",\"name\":\"KM Embalagens\",\"description\":\"Tudo que precisa de embalagens\",\"publisher\":{\"@id\":\"https:\/\/kmembalagens.com.br\/#organization\"},\"potentialAction\":[{\"@type\":\"SearchAction\",\"target\":{\"@type\":\"EntryPoint\",\"urlTemplate\":\"https:\/\/kmembalagens.com.br\/?s={search_term_string}\"},\"query-input\":{\"@type\":\"PropertyValueSpecification\",\"valueRequired\":true,\"valueName\":\"search_term_string\"}}],\"inLanguage\":\"pt-BR\"},{\"@type\":\"Organization\",\"@id\":\"https:\/\/kmembalagens.com.br\/#organization\",\"name\":\"KM Embalagens\",\"url\":\"https:\/\/kmembalagens.com.br\/\",\"logo\":{\"@type\":\"ImageObject\",\"inLanguage\":\"pt-BR\",\"@id\":\"https:\/\/kmembalagens.com.br\/#\/schema\/logo\/image\/\",\"url\":\"https:\/\/kmembalagens.com.br\/wp-content\/uploads\/2020\/11\/cropped-cropped-KM-semfundo-2.png\",\"contentUrl\":\"https:\/\/kmembalagens.com.br\/wp-content\/uploads\/2020\/11\/cropped-cropped-KM-semfundo-2.png\",\"width\":1867,\"height\":1202,\"caption\":\"KM Embalagens\"},\"image\":{\"@id\":\"https:\/\/kmembalagens.com.br\/#\/schema\/logo\/image\/\"}}]}<\/script>\n<!-- \/ Yoast SEO plugin. -->","yoast_head_json":{"title":"Sacola Biopl\u00e1stica de Fonte Renov\u00e1vel Cinza 48 x 55 cm c\/500 unidades - KM Embalagens","robots":{"index":"index","follow":"follow","max-snippet":"max-snippet:-1","max-image-preview":"max-image-preview:large","max-video-preview":"max-video-preview:-1"},"canonical":"https:\/\/kmembalagens.com.br\/index.php\/produto\/sacola-bioplastica-de-fonte-renovavel-cinza-48-x-55-cm-c-500-unidades\/","og_locale":"pt_BR","og_type":"article","og_title":"Sacola Biopl\u00e1stica de Fonte Renov\u00e1vel Cinza 48 x 55 cm c\/500 unidades - KM Embalagens","og_description":"Sacola Biopl\u00e1stica de Fonte Renov\u00e1vel Cinza 48 x 55 cm - 500 unidades  A Sacola Biopl\u00e1stica de Fonte Renov\u00e1vel conta com impress\u00e3o para v\u00e1rios segmentos, como a\u00e7ougue, padarias, hortifr\u00fati, mercados, lojas de departamento etc. Al\u00e9m de oferecer baixo custo na solicita\u00e7\u00e3o da sacola bio pl\u00e1stica.  Medida: 48 x 55 cm  Quantidade: 500 unidades  Imagens ilustrativas","og_url":"https:\/\/kmembalagens.com.br\/index.php\/produto\/sacola-bioplastica-de-fonte-renovavel-cinza-48-x-55-cm-c-500-unidades\/","og_site_name":"KM Embalagens","article_modified_time":"2026-03-21T22:34:32+00:00","og_image":[{"width":1811,"height":2560,"url":"https:\/\/kmembalagens.com.br\/wp-content\/uploads\/2024\/05\/CAPA-14422-scaled.jpg","type":"image\/jpeg"}],"twitter_card":"summary_large_image","twitter_misc":{"Est. tempo de leitura":"1 minuto"},"schema":{"@context":"https:\/\/schema.org","@graph":[{"@type":"WebPage","@id":"https:\/\/kmembalagens.com.br\/index.php\/produto\/sacola-bioplastica-de-fonte-renovavel-cinza-48-x-55-cm-c-500-unidades\/","url":"https:\/\/kmembalagens.com.br\/index.php\/produto\/sacola-bioplastica-de-fonte-renovavel-cinza-48-x-55-cm-c-500-unidades\/","name":"Sacola Biopl\u00e1stica de Fonte Renov\u00e1vel Cinza 48 x 55 cm c\/500 unidades - KM Embalagens","isPartOf":{"@id":"https:\/\/kmembalagens.com.br\/#website"},"primaryImageOfPage":{"@id":"https:\/\/kmembalagens.com.br\/index.php\/produto\/sacola-bioplastica-de-fonte-renovavel-cinza-48-x-55-cm-c-500-unidades\/#primaryimage"},"image":{"@id":"https:\/\/kmembalagens.com.br\/index.php\/produto\/sacola-bioplastica-de-fonte-renovavel-cinza-48-x-55-cm-c-500-unidades\/#primaryimage"},"thumbnailUrl":"https:\/\/kmembalagens.com.br\/wp-content\/uploads\/2024\/05\/CAPA-14422-scaled.jpg","datePublished":"2024-05-22T18:50:02+00:00","dateModified":"2026-03-21T22:34:32+00:00","breadcrumb":{"@id":"https:\/\/kmembalagens.com.br\/index.php\/produto\/sacola-bioplastica-de-fonte-renovavel-cinza-48-x-55-cm-c-500-unidades\/#breadcrumb"},"inLanguage":"pt-BR","potentialAction":[{"@type":"ReadAction","target":["https:\/\/kmembalagens.com.br\/index.php\/produto\/sacola-bioplastica-de-fonte-renovavel-cinza-48-x-55-cm-c-500-unidades\/"]}]},{"@type":"ImageObject","inLanguage":"pt-BR","@id":"https:\/\/kmembalagens.com.br\/index.php\/produto\/sacola-bioplastica-de-fonte-renovavel-cinza-48-x-55-cm-c-500-unidades\/#primaryimage","url":"https:\/\/kmembalagens.com.br\/wp-content\/uploads\/2024\/05\/CAPA-14422-scaled.jpg","contentUrl":"https:\/\/kmembalagens.com.br\/wp-content\/uploads\/2024\/05\/CAPA-14422-scaled.jpg","width":1811,"height":2560},{"@type":"BreadcrumbList","@id":"https:\/\/kmembalagens.com.br\/index.php\/produto\/sacola-bioplastica-de-fonte-renovavel-cinza-48-x-55-cm-c-500-unidades\/#breadcrumb","itemListElement":[{"@type":"ListItem","position":1,"name":"In\u00edcio","item":"https:\/\/kmembalagens.com.br\/"},{"@type":"ListItem","position":2,"name":"Sacola Biopl\u00e1stica de Fonte Renov\u00e1vel Cinza 48 x 55 cm c\/500 unidades"}]},{"@type":"WebSite","@id":"https:\/\/kmembalagens.com.br\/#website","url":"https:\/\/kmembalagens.com.br\/","name":"KM Embalagens","description":"Tudo que precisa de embalagens","publisher":{"@id":"https:\/\/kmembalagens.com.br\/#organization"},"potentialAction":[{"@type":"SearchAction","target":{"@type":"EntryPoint","urlTemplate":"https:\/\/kmembalagens.com.br\/?s={search_term_string}"},"query-input":{"@type":"PropertyValueSpecification","valueRequired":true,"valueName":"search_term_string"}}],"inLanguage":"pt-BR"},{"@type":"Organization","@id":"https:\/\/kmembalagens.com.br\/#organization","name":"KM Embalagens","url":"https:\/\/kmembalagens.com.br\/","logo":{"@type":"ImageObject","inLanguage":"pt-BR","@id":"https:\/\/kmembalagens.com.br\/#\/schema\/logo\/image\/","url":"https:\/\/kmembalagens.com.br\/wp-content\/uploads\/2020\/11\/cropped-cropped-KM-semfundo-2.png","contentUrl":"https:\/\/kmembalagens.com.br\/wp-content\/uploads\/2020\/11\/cropped-cropped-KM-semfundo-2.png","width":1867,"height":1202,"caption":"KM Embalagens"},"image":{"@id":"https:\/\/kmembalagens.com.br\/#\/schema\/logo\/image\/"}}]}},"_links":{"self":[{"href":"https:\/\/kmembalagens.com.br\/index.php\/wp-json\/wp\/v2\/product\/6878","targetHints":{"allow":["GET"]}}],"collection":[{"href":"https:\/\/kmembalagens.com.br\/index.php\/wp-json\/wp\/v2\/product"}],"about":[{"href":"https:\/\/kmembalagens.com.br\/index.php\/wp-json\/wp\/v2\/types\/product"}],"replies":[{"embeddable":true,"href":"https:\/\/kmembalagens.com.br\/index.php\/wp-json\/wp\/v2\/comments?post=6878"}],"wp:featuredmedia":[{"embeddable":true,"href":"https:\/\/kmembalagens.com.br\/index.php\/wp-json\/wp\/v2\/media\/6879"}],"wp:attachment":[{"href":"https:\/\/kmembalagens.com.br\/index.php\/wp-json\/wp\/v2\/media?parent=6878"}],"wp:term":[{"taxonomy":"product_brand","embeddable":true,"href":"https:\/\/kmembalagens.com.br\/index.php\/wp-json\/wp\/v2\/product_brand?post=6878"},{"taxonomy":"product_cat","embeddable":true,"href":"https:\/\/kmembalagens.com.br\/index.php\/wp-json\/wp\/v2\/product_cat?post=6878"},{"taxonomy":"product_tag","embeddable":true,"href":"https:\/\/kmembalagens.com.br\/index.php\/wp-json\/wp\/v2\/product_tag?post=6878"}],"curies":[{"name":"wp","href":"https:\/\/api.w.org\/{rel}","templated":true}]}}