{"id":6684,"date":"2023-12-29T17:31:51","date_gmt":"2023-12-29T20:31:51","guid":{"rendered":"https:\/\/kmembalagens.com.br\/?post_type=product&#038;p=6684"},"modified":"2025-08-13T18:33:00","modified_gmt":"2025-08-13T21:33:00","slug":"canudo-bio-fast-food-c-3-000-unidade","status":"publish","type":"product","link":"https:\/\/kmembalagens.com.br\/index.php\/produto\/canudo-bio-fast-food-c-3-000-unidade\/","title":{"rendered":"Canudo bio fast food c\/ 3.000 unidade"},"content":{"rendered":"","protected":false},"excerpt":{"rendered":"<p>Canudo Bio Fast Food &#8211; 3.000 unidades<\/p>\n<p>*O Canudo Bio Fast Food Strawplast \u00e9 um forte parceiro nas vendas e no meio ambiente! Ele possui na sua composi\u00e7\u00e3o o aditivo Go Green P-Life**, um aditivo oxi-biodegradante que acelera o tempo de biodegrada\u00e7\u00e3o no meio ambiente deixando no final da decomposi\u00e7\u00e3o apenas H2O, Biomassa e CO2. O Canudo Bio \u00e9 100% recicl\u00e1vel, sem cheiro e sem res\u00edduos t\u00f3xicos, ele possui a tradicional qualidade Strawplast em uma f\u00f3rmula biodegrad\u00e1vel.<\/p>\n<p>Em quanto tempo o Canudo Bio Fast Food se decomp\u00f5e?<br \/>\nSofre biodegrada\u00e7\u00e3o total aproximada em 2 anos e 6 meses, de acordo com as condi\u00e7\u00f5es do meio ambiente e a formula\u00e7\u00e3o desenvolvida.<\/p>\n<p>Qual a validade do Canudo Bio Fast Food?<br \/>\nEle tem validade garantida de 1 ano e 5 meses a partir da data de fabrica\u00e7\u00e3o. Ap\u00f3s esse per\u00edodo o canudo entra em processo de decomposi\u00e7\u00e3o.<\/p>\n<p>**Aditivo oxi-biodegrad\u00e1vel aprovado conforme norma ASTM D6954-4 com certifica\u00e7\u00e3o internacional.<br \/>\nAtende a normativa ANVISA RDC 51 e 52, aprovada para uso em contato com alimentos.<\/p>\n<p>Ideal para copos com tampa.<\/p>\n<p>Dimens\u00f5es:<br \/>\n&#8211; 21 cm de altura<br \/>\n&#8211; 6 mm de di\u00e2mentro<\/p>\n<p>Quantidade: 3.000 unidades<\/p>\n<p>Imagens ilustrativas.<\/p>\n","protected":false},"featured_media":6680,"comment_status":"open","ping_status":"closed","template":"","meta":{"site-sidebar-layout":"default","site-content-layout":"default","ast-site-content-layout":"","site-content-style":"default","site-sidebar-style":"default","ast-global-header-display":"","ast-banner-title-visibility":"","ast-main-header-display":"","ast-hfb-above-header-display":"","ast-hfb-below-header-display":"","ast-hfb-mobile-header-display":"","site-post-title":"","ast-breadcrumbs-content":"","ast-featured-img":"","footer-sml-layout":"","theme-transparent-header-meta":"default","adv-header-id-meta":"","stick-header-meta":"","header-above-stick-meta":"","header-main-stick-meta":"","header-below-stick-meta":"","astra-migrate-meta-layouts":"default","ast-page-background-enabled":"default","ast-page-background-meta":{"desktop":{"background-color":"var(--ast-global-color-4)","background-image":"","background-repeat":"repeat","background-position":"center center","background-size":"auto","background-attachment":"scroll","background-type":"","background-media":"","overlay-type":"","overlay-color":"","overlay-opacity":"","overlay-gradient":""},"tablet":{"background-color":"","background-image":"","background-repeat":"repeat","background-position":"center center","background-size":"auto","background-attachment":"scroll","background-type":"","background-media":"","overlay-type":"","overlay-color":"","overlay-opacity":"","overlay-gradient":""},"mobile":{"background-color":"","background-image":"","background-repeat":"repeat","background-position":"center center","background-size":"auto","background-attachment":"scroll","background-type":"","background-media":"","overlay-type":"","overlay-color":"","overlay-opacity":"","overlay-gradient":""}},"ast-content-background-meta":{"desktop":{"background-color":"var(--ast-global-color-5)","background-image":"","background-repeat":"repeat","background-position":"center center","background-size":"auto","background-attachment":"scroll","background-type":"","background-media":"","overlay-type":"","overlay-color":"","overlay-opacity":"","overlay-gradient":""},"tablet":{"background-color":"var(--ast-global-color-5)","background-image":"","background-repeat":"repeat","background-position":"center center","background-size":"auto","background-attachment":"scroll","background-type":"","background-media":"","overlay-type":"","overlay-color":"","overlay-opacity":"","overlay-gradient":""},"mobile":{"background-color":"var(--ast-global-color-5)","background-image":"","background-repeat":"repeat","background-position":"center center","background-size":"auto","background-attachment":"scroll","background-type":"","background-media":"","overlay-type":"","overlay-color":"","overlay-opacity":"","overlay-gradient":""}}},"product_brand":[],"product_cat":[215],"product_tag":[216,218,217,227,225,226,219],"class_list":{"0":"post-6684","1":"product","2":"type-product","3":"status-publish","4":"has-post-thumbnail","6":"product_cat-canudinhos","7":"product_tag-canudinho","8":"product_tag-canudinhobio","9":"product_tag-canudinhobiodegradavel","10":"product_tag-canudinhocopocomtampa","11":"product_tag-canudinhorefrigerante","12":"product_tag-canudinhosuco","13":"product_tag-canudinhosustentavel","14":"desktop-align-left","15":"tablet-align-left","16":"mobile-align-left","18":"first","19":"outofstock","20":"taxable","21":"shipping-taxable","22":"purchasable","23":"product-type-simple"},"yoast_head":"<!-- This site is optimized with the Yoast SEO plugin v27.2 - https:\/\/yoast.com\/product\/yoast-seo-wordpress\/ -->\n<title>Canudo bio fast food c\/ 3.000 unidade - KM Embalagens<\/title>\n<meta name=\"robots\" content=\"index, follow, max-snippet:-1, max-image-preview:large, max-video-preview:-1\" \/>\n<link rel=\"canonical\" href=\"https:\/\/kmembalagens.com.br\/index.php\/produto\/canudo-bio-fast-food-c-3-000-unidade\/\" \/>\n<meta property=\"og:locale\" content=\"pt_BR\" \/>\n<meta property=\"og:type\" content=\"article\" \/>\n<meta property=\"og:title\" content=\"Canudo bio fast food c\/ 3.000 unidade - KM Embalagens\" \/>\n<meta property=\"og:description\" content=\"Canudo Bio Fast Food - 3.000 unidades  *O Canudo Bio Fast Food Strawplast \u00e9 um forte parceiro nas vendas e no meio ambiente! Ele possui na sua composi\u00e7\u00e3o o aditivo Go Green P-Life**, um aditivo oxi-biodegradante que acelera o tempo de biodegrada\u00e7\u00e3o no meio ambiente deixando no final da decomposi\u00e7\u00e3o apenas H2O, Biomassa e CO2. O Canudo Bio \u00e9 100% recicl\u00e1vel, sem cheiro e sem res\u00edduos t\u00f3xicos, ele possui a tradicional qualidade Strawplast em uma f\u00f3rmula biodegrad\u00e1vel.  Em quanto tempo o Canudo Bio Fast Food se decomp\u00f5e? Sofre biodegrada\u00e7\u00e3o total aproximada em 2 anos e 6 meses, de acordo com as condi\u00e7\u00f5es do meio ambiente e a formula\u00e7\u00e3o desenvolvida.  Qual a validade do Canudo Bio Fast Food? Ele tem validade garantida de 1 ano e 5 meses a partir da data de fabrica\u00e7\u00e3o. Ap\u00f3s esse per\u00edodo o canudo entra em processo de decomposi\u00e7\u00e3o.  **Aditivo oxi-biodegrad\u00e1vel aprovado conforme norma ASTM D6954-4 com certifica\u00e7\u00e3o internacional. Atende a normativa ANVISA RDC 51 e 52, aprovada para uso em contato com alimentos.  Ideal para copos com tampa.  Dimens\u00f5es: - 21 cm de altura - 6 mm de di\u00e2mentro  Quantidade: 3.000 unidades  Imagens ilustrativas.\" \/>\n<meta property=\"og:url\" content=\"https:\/\/kmembalagens.com.br\/index.php\/produto\/canudo-bio-fast-food-c-3-000-unidade\/\" \/>\n<meta property=\"og:site_name\" content=\"KM Embalagens\" \/>\n<meta property=\"article:modified_time\" content=\"2025-08-13T21:33:00+00:00\" \/>\n<meta property=\"og:image\" content=\"https:\/\/kmembalagens.com.br\/wp-content\/uploads\/2022\/02\/CAPA-17311-scaled.jpg\" \/>\n\t<meta property=\"og:image:width\" content=\"1811\" \/>\n\t<meta property=\"og:image:height\" content=\"2560\" \/>\n\t<meta property=\"og:image:type\" content=\"image\/jpeg\" \/>\n<meta name=\"twitter:card\" content=\"summary_large_image\" \/>\n<script type=\"application\/ld+json\" class=\"yoast-schema-graph\">{\"@context\":\"https:\/\/schema.org\",\"@graph\":[{\"@type\":\"WebPage\",\"@id\":\"https:\/\/kmembalagens.com.br\/index.php\/produto\/canudo-bio-fast-food-c-3-000-unidade\/\",\"url\":\"https:\/\/kmembalagens.com.br\/index.php\/produto\/canudo-bio-fast-food-c-3-000-unidade\/\",\"name\":\"Canudo bio fast food c\/ 3.000 unidade - KM Embalagens\",\"isPartOf\":{\"@id\":\"https:\/\/kmembalagens.com.br\/#website\"},\"primaryImageOfPage\":{\"@id\":\"https:\/\/kmembalagens.com.br\/index.php\/produto\/canudo-bio-fast-food-c-3-000-unidade\/#primaryimage\"},\"image\":{\"@id\":\"https:\/\/kmembalagens.com.br\/index.php\/produto\/canudo-bio-fast-food-c-3-000-unidade\/#primaryimage\"},\"thumbnailUrl\":\"https:\/\/kmembalagens.com.br\/wp-content\/uploads\/2022\/02\/CAPA-17311-scaled.jpg\",\"datePublished\":\"2023-12-29T20:31:51+00:00\",\"dateModified\":\"2025-08-13T21:33:00+00:00\",\"breadcrumb\":{\"@id\":\"https:\/\/kmembalagens.com.br\/index.php\/produto\/canudo-bio-fast-food-c-3-000-unidade\/#breadcrumb\"},\"inLanguage\":\"pt-BR\",\"potentialAction\":[{\"@type\":\"ReadAction\",\"target\":[\"https:\/\/kmembalagens.com.br\/index.php\/produto\/canudo-bio-fast-food-c-3-000-unidade\/\"]}]},{\"@type\":\"ImageObject\",\"inLanguage\":\"pt-BR\",\"@id\":\"https:\/\/kmembalagens.com.br\/index.php\/produto\/canudo-bio-fast-food-c-3-000-unidade\/#primaryimage\",\"url\":\"https:\/\/kmembalagens.com.br\/wp-content\/uploads\/2022\/02\/CAPA-17311-scaled.jpg\",\"contentUrl\":\"https:\/\/kmembalagens.com.br\/wp-content\/uploads\/2022\/02\/CAPA-17311-scaled.jpg\",\"width\":1811,\"height\":2560},{\"@type\":\"BreadcrumbList\",\"@id\":\"https:\/\/kmembalagens.com.br\/index.php\/produto\/canudo-bio-fast-food-c-3-000-unidade\/#breadcrumb\",\"itemListElement\":[{\"@type\":\"ListItem\",\"position\":1,\"name\":\"In\u00edcio\",\"item\":\"https:\/\/kmembalagens.com.br\/\"},{\"@type\":\"ListItem\",\"position\":2,\"name\":\"Canudo bio fast food c\/ 3.000 unidade\"}]},{\"@type\":\"WebSite\",\"@id\":\"https:\/\/kmembalagens.com.br\/#website\",\"url\":\"https:\/\/kmembalagens.com.br\/\",\"name\":\"KM Embalagens\",\"description\":\"Tudo que precisa de embalagens\",\"publisher\":{\"@id\":\"https:\/\/kmembalagens.com.br\/#organization\"},\"potentialAction\":[{\"@type\":\"SearchAction\",\"target\":{\"@type\":\"EntryPoint\",\"urlTemplate\":\"https:\/\/kmembalagens.com.br\/?s={search_term_string}\"},\"query-input\":{\"@type\":\"PropertyValueSpecification\",\"valueRequired\":true,\"valueName\":\"search_term_string\"}}],\"inLanguage\":\"pt-BR\"},{\"@type\":\"Organization\",\"@id\":\"https:\/\/kmembalagens.com.br\/#organization\",\"name\":\"KM Embalagens\",\"url\":\"https:\/\/kmembalagens.com.br\/\",\"logo\":{\"@type\":\"ImageObject\",\"inLanguage\":\"pt-BR\",\"@id\":\"https:\/\/kmembalagens.com.br\/#\/schema\/logo\/image\/\",\"url\":\"https:\/\/kmembalagens.com.br\/wp-content\/uploads\/2020\/11\/cropped-cropped-KM-semfundo-2.png\",\"contentUrl\":\"https:\/\/kmembalagens.com.br\/wp-content\/uploads\/2020\/11\/cropped-cropped-KM-semfundo-2.png\",\"width\":1867,\"height\":1202,\"caption\":\"KM Embalagens\"},\"image\":{\"@id\":\"https:\/\/kmembalagens.com.br\/#\/schema\/logo\/image\/\"}}]}<\/script>\n<!-- \/ Yoast SEO plugin. -->","yoast_head_json":{"title":"Canudo bio fast food c\/ 3.000 unidade - KM Embalagens","robots":{"index":"index","follow":"follow","max-snippet":"max-snippet:-1","max-image-preview":"max-image-preview:large","max-video-preview":"max-video-preview:-1"},"canonical":"https:\/\/kmembalagens.com.br\/index.php\/produto\/canudo-bio-fast-food-c-3-000-unidade\/","og_locale":"pt_BR","og_type":"article","og_title":"Canudo bio fast food c\/ 3.000 unidade - KM Embalagens","og_description":"Canudo Bio Fast Food - 3.000 unidades  *O Canudo Bio Fast Food Strawplast \u00e9 um forte parceiro nas vendas e no meio ambiente! Ele possui na sua composi\u00e7\u00e3o o aditivo Go Green P-Life**, um aditivo oxi-biodegradante que acelera o tempo de biodegrada\u00e7\u00e3o no meio ambiente deixando no final da decomposi\u00e7\u00e3o apenas H2O, Biomassa e CO2. O Canudo Bio \u00e9 100% recicl\u00e1vel, sem cheiro e sem res\u00edduos t\u00f3xicos, ele possui a tradicional qualidade Strawplast em uma f\u00f3rmula biodegrad\u00e1vel.  Em quanto tempo o Canudo Bio Fast Food se decomp\u00f5e? Sofre biodegrada\u00e7\u00e3o total aproximada em 2 anos e 6 meses, de acordo com as condi\u00e7\u00f5es do meio ambiente e a formula\u00e7\u00e3o desenvolvida.  Qual a validade do Canudo Bio Fast Food? Ele tem validade garantida de 1 ano e 5 meses a partir da data de fabrica\u00e7\u00e3o. Ap\u00f3s esse per\u00edodo o canudo entra em processo de decomposi\u00e7\u00e3o.  **Aditivo oxi-biodegrad\u00e1vel aprovado conforme norma ASTM D6954-4 com certifica\u00e7\u00e3o internacional. Atende a normativa ANVISA RDC 51 e 52, aprovada para uso em contato com alimentos.  Ideal para copos com tampa.  Dimens\u00f5es: - 21 cm de altura - 6 mm de di\u00e2mentro  Quantidade: 3.000 unidades  Imagens ilustrativas.","og_url":"https:\/\/kmembalagens.com.br\/index.php\/produto\/canudo-bio-fast-food-c-3-000-unidade\/","og_site_name":"KM Embalagens","article_modified_time":"2025-08-13T21:33:00+00:00","og_image":[{"width":1811,"height":2560,"url":"https:\/\/kmembalagens.com.br\/wp-content\/uploads\/2022\/02\/CAPA-17311-scaled.jpg","type":"image\/jpeg"}],"twitter_card":"summary_large_image","schema":{"@context":"https:\/\/schema.org","@graph":[{"@type":"WebPage","@id":"https:\/\/kmembalagens.com.br\/index.php\/produto\/canudo-bio-fast-food-c-3-000-unidade\/","url":"https:\/\/kmembalagens.com.br\/index.php\/produto\/canudo-bio-fast-food-c-3-000-unidade\/","name":"Canudo bio fast food c\/ 3.000 unidade - KM Embalagens","isPartOf":{"@id":"https:\/\/kmembalagens.com.br\/#website"},"primaryImageOfPage":{"@id":"https:\/\/kmembalagens.com.br\/index.php\/produto\/canudo-bio-fast-food-c-3-000-unidade\/#primaryimage"},"image":{"@id":"https:\/\/kmembalagens.com.br\/index.php\/produto\/canudo-bio-fast-food-c-3-000-unidade\/#primaryimage"},"thumbnailUrl":"https:\/\/kmembalagens.com.br\/wp-content\/uploads\/2022\/02\/CAPA-17311-scaled.jpg","datePublished":"2023-12-29T20:31:51+00:00","dateModified":"2025-08-13T21:33:00+00:00","breadcrumb":{"@id":"https:\/\/kmembalagens.com.br\/index.php\/produto\/canudo-bio-fast-food-c-3-000-unidade\/#breadcrumb"},"inLanguage":"pt-BR","potentialAction":[{"@type":"ReadAction","target":["https:\/\/kmembalagens.com.br\/index.php\/produto\/canudo-bio-fast-food-c-3-000-unidade\/"]}]},{"@type":"ImageObject","inLanguage":"pt-BR","@id":"https:\/\/kmembalagens.com.br\/index.php\/produto\/canudo-bio-fast-food-c-3-000-unidade\/#primaryimage","url":"https:\/\/kmembalagens.com.br\/wp-content\/uploads\/2022\/02\/CAPA-17311-scaled.jpg","contentUrl":"https:\/\/kmembalagens.com.br\/wp-content\/uploads\/2022\/02\/CAPA-17311-scaled.jpg","width":1811,"height":2560},{"@type":"BreadcrumbList","@id":"https:\/\/kmembalagens.com.br\/index.php\/produto\/canudo-bio-fast-food-c-3-000-unidade\/#breadcrumb","itemListElement":[{"@type":"ListItem","position":1,"name":"In\u00edcio","item":"https:\/\/kmembalagens.com.br\/"},{"@type":"ListItem","position":2,"name":"Canudo bio fast food c\/ 3.000 unidade"}]},{"@type":"WebSite","@id":"https:\/\/kmembalagens.com.br\/#website","url":"https:\/\/kmembalagens.com.br\/","name":"KM Embalagens","description":"Tudo que precisa de embalagens","publisher":{"@id":"https:\/\/kmembalagens.com.br\/#organization"},"potentialAction":[{"@type":"SearchAction","target":{"@type":"EntryPoint","urlTemplate":"https:\/\/kmembalagens.com.br\/?s={search_term_string}"},"query-input":{"@type":"PropertyValueSpecification","valueRequired":true,"valueName":"search_term_string"}}],"inLanguage":"pt-BR"},{"@type":"Organization","@id":"https:\/\/kmembalagens.com.br\/#organization","name":"KM Embalagens","url":"https:\/\/kmembalagens.com.br\/","logo":{"@type":"ImageObject","inLanguage":"pt-BR","@id":"https:\/\/kmembalagens.com.br\/#\/schema\/logo\/image\/","url":"https:\/\/kmembalagens.com.br\/wp-content\/uploads\/2020\/11\/cropped-cropped-KM-semfundo-2.png","contentUrl":"https:\/\/kmembalagens.com.br\/wp-content\/uploads\/2020\/11\/cropped-cropped-KM-semfundo-2.png","width":1867,"height":1202,"caption":"KM Embalagens"},"image":{"@id":"https:\/\/kmembalagens.com.br\/#\/schema\/logo\/image\/"}}]}},"_links":{"self":[{"href":"https:\/\/kmembalagens.com.br\/index.php\/wp-json\/wp\/v2\/product\/6684","targetHints":{"allow":["GET"]}}],"collection":[{"href":"https:\/\/kmembalagens.com.br\/index.php\/wp-json\/wp\/v2\/product"}],"about":[{"href":"https:\/\/kmembalagens.com.br\/index.php\/wp-json\/wp\/v2\/types\/product"}],"replies":[{"embeddable":true,"href":"https:\/\/kmembalagens.com.br\/index.php\/wp-json\/wp\/v2\/comments?post=6684"}],"wp:featuredmedia":[{"embeddable":true,"href":"https:\/\/kmembalagens.com.br\/index.php\/wp-json\/wp\/v2\/media\/6680"}],"wp:attachment":[{"href":"https:\/\/kmembalagens.com.br\/index.php\/wp-json\/wp\/v2\/media?parent=6684"}],"wp:term":[{"taxonomy":"product_brand","embeddable":true,"href":"https:\/\/kmembalagens.com.br\/index.php\/wp-json\/wp\/v2\/product_brand?post=6684"},{"taxonomy":"product_cat","embeddable":true,"href":"https:\/\/kmembalagens.com.br\/index.php\/wp-json\/wp\/v2\/product_cat?post=6684"},{"taxonomy":"product_tag","embeddable":true,"href":"https:\/\/kmembalagens.com.br\/index.php\/wp-json\/wp\/v2\/product_tag?post=6684"}],"curies":[{"name":"wp","href":"https:\/\/api.w.org\/{rel}","templated":true}]}}