{"id":6655,"date":"2023-12-28T17:09:33","date_gmt":"2023-12-28T20:09:33","guid":{"rendered":"https:\/\/kmembalagens.com.br\/?post_type=product&#038;p=6655"},"modified":"2025-08-13T18:32:41","modified_gmt":"2025-08-13T21:32:41","slug":"canudo-comum-bio-c-3-000-unidades","status":"publish","type":"product","link":"https:\/\/kmembalagens.com.br\/index.php\/produto\/canudo-comum-bio-c-3-000-unidades\/","title":{"rendered":"Canudo Comum Bio c\/3.000 unidades"},"content":{"rendered":"","protected":false},"excerpt":{"rendered":"<p>O Canudo Comum It\u2019s Bio &#8211; 3.000 unidades<\/p>\n<p>O Canudo Comum It\u2019s Bio Strawplast \u00e9 um forte parceiro nas vendas e no meio ambiente!<br \/>\nEle possui na sua composi\u00e7\u00e3o o aditivo Go Green P-Life**, um aditivo oxi-biodegradante que acelera o tempo de biodegrada\u00e7\u00e3o no meio ambiente deixando no final da decomposi\u00e7\u00e3o apenas H2O, Biomassa e CO2. O Canudo It\u2019s Bio \u00e9 100% recicl\u00e1vel, sem cheiro e sem res\u00edduos t\u00f3xicos, ele possui a tradicional qualidade Strawplast em uma f\u00f3rmula biodegrad\u00e1vel.<\/p>\n<p>Em quanto tempo o Canudo It\u2019s Bio se decomp\u00f5e?<br \/>\nSofre biodegrada\u00e7\u00e3o total aproximada em 2 anos e 6 meses, de acordo com as condi\u00e7\u00f5es do meio ambiente e a formula\u00e7\u00e3o desenvolvida.<\/p>\n<p>Qual a validade do Canudo It\u2019s Bio?<br \/>\nEle tem validade garantida de 1 ano e 5 meses a partir da data de fabrica\u00e7\u00e3o. Ap\u00f3s esse per\u00edodo o canudo entra em processo de decomposi\u00e7\u00e3o.<\/p>\n<p>**Aditivo oxi-biodegrad\u00e1vel aprovado conforme norma ASTM D6954-4 com certifica\u00e7\u00e3o internacional.<br \/>\nAtende a normativa ANVISA RDC 51 e 52, aprovada para uso em contato com alimentos.<\/p>\n<p>Material: PS (poliestireno), aditivo P-life (oxi-biodegrad\u00e1vel)<\/p>\n<p>Cor: branco<\/p>\n<p>Medida:<br \/>\n&#8211; 5 mm di\u00e2mentro<br \/>\n&#8211; 19,5 cm altura<\/p>\n<p>Caixa: 30 pacotes c\/100 unidades<\/p>\n<p>Imagens ilustrativas.<\/p>\n","protected":false},"featured_media":6659,"comment_status":"open","ping_status":"closed","template":"","meta":{"site-sidebar-layout":"default","site-content-layout":"default","ast-site-content-layout":"","site-content-style":"default","site-sidebar-style":"default","ast-global-header-display":"","ast-banner-title-visibility":"","ast-main-header-display":"","ast-hfb-above-header-display":"","ast-hfb-below-header-display":"","ast-hfb-mobile-header-display":"","site-post-title":"","ast-breadcrumbs-content":"","ast-featured-img":"","footer-sml-layout":"","theme-transparent-header-meta":"default","adv-header-id-meta":"","stick-header-meta":"","header-above-stick-meta":"","header-main-stick-meta":"","header-below-stick-meta":"","astra-migrate-meta-layouts":"default","ast-page-background-enabled":"default","ast-page-background-meta":{"desktop":{"background-color":"var(--ast-global-color-4)","background-image":"","background-repeat":"repeat","background-position":"center center","background-size":"auto","background-attachment":"scroll","background-type":"","background-media":"","overlay-type":"","overlay-color":"","overlay-opacity":"","overlay-gradient":""},"tablet":{"background-color":"","background-image":"","background-repeat":"repeat","background-position":"center center","background-size":"auto","background-attachment":"scroll","background-type":"","background-media":"","overlay-type":"","overlay-color":"","overlay-opacity":"","overlay-gradient":""},"mobile":{"background-color":"","background-image":"","background-repeat":"repeat","background-position":"center center","background-size":"auto","background-attachment":"scroll","background-type":"","background-media":"","overlay-type":"","overlay-color":"","overlay-opacity":"","overlay-gradient":""}},"ast-content-background-meta":{"desktop":{"background-color":"var(--ast-global-color-5)","background-image":"","background-repeat":"repeat","background-position":"center center","background-size":"auto","background-attachment":"scroll","background-type":"","background-media":"","overlay-type":"","overlay-color":"","overlay-opacity":"","overlay-gradient":""},"tablet":{"background-color":"var(--ast-global-color-5)","background-image":"","background-repeat":"repeat","background-position":"center center","background-size":"auto","background-attachment":"scroll","background-type":"","background-media":"","overlay-type":"","overlay-color":"","overlay-opacity":"","overlay-gradient":""},"mobile":{"background-color":"var(--ast-global-color-5)","background-image":"","background-repeat":"repeat","background-position":"center center","background-size":"auto","background-attachment":"scroll","background-type":"","background-media":"","overlay-type":"","overlay-color":"","overlay-opacity":"","overlay-gradient":""}}},"product_brand":[],"product_cat":[215],"product_tag":[886,218,217,85],"class_list":{"0":"post-6655","1":"product","2":"type-product","3":"status-publish","4":"has-post-thumbnail","6":"product_cat-canudinhos","7":"product_tag-biodegradavel","8":"product_tag-canudinhobio","9":"product_tag-canudinhobiodegradavel","10":"product_tag-kmembalagens","11":"desktop-align-left","12":"tablet-align-left","13":"mobile-align-left","15":"first","16":"outofstock","17":"taxable","18":"shipping-taxable","19":"purchasable","20":"product-type-simple"},"yoast_head":"<!-- This site is optimized with the Yoast SEO plugin v27.2 - https:\/\/yoast.com\/product\/yoast-seo-wordpress\/ -->\n<title>Canudo Comum Bio c\/3.000 unidades - KM Embalagens<\/title>\n<meta name=\"robots\" content=\"index, follow, max-snippet:-1, max-image-preview:large, max-video-preview:-1\" \/>\n<link rel=\"canonical\" href=\"https:\/\/kmembalagens.com.br\/index.php\/produto\/canudo-comum-bio-c-3-000-unidades\/\" \/>\n<meta property=\"og:locale\" content=\"pt_BR\" \/>\n<meta property=\"og:type\" content=\"article\" \/>\n<meta property=\"og:title\" content=\"Canudo Comum Bio c\/3.000 unidades - KM Embalagens\" \/>\n<meta property=\"og:description\" content=\"O Canudo Comum It\u2019s Bio - 3.000 unidades  O Canudo Comum It\u2019s Bio Strawplast \u00e9 um forte parceiro nas vendas e no meio ambiente! Ele possui na sua composi\u00e7\u00e3o o aditivo Go Green P-Life**, um aditivo oxi-biodegradante que acelera o tempo de biodegrada\u00e7\u00e3o no meio ambiente deixando no final da decomposi\u00e7\u00e3o apenas H2O, Biomassa e CO2. O Canudo It\u2019s Bio \u00e9 100% recicl\u00e1vel, sem cheiro e sem res\u00edduos t\u00f3xicos, ele possui a tradicional qualidade Strawplast em uma f\u00f3rmula biodegrad\u00e1vel.  Em quanto tempo o Canudo It\u2019s Bio se decomp\u00f5e? Sofre biodegrada\u00e7\u00e3o total aproximada em 2 anos e 6 meses, de acordo com as condi\u00e7\u00f5es do meio ambiente e a formula\u00e7\u00e3o desenvolvida.  Qual a validade do Canudo It\u2019s Bio? Ele tem validade garantida de 1 ano e 5 meses a partir da data de fabrica\u00e7\u00e3o. Ap\u00f3s esse per\u00edodo o canudo entra em processo de decomposi\u00e7\u00e3o.  **Aditivo oxi-biodegrad\u00e1vel aprovado conforme norma ASTM D6954-4 com certifica\u00e7\u00e3o internacional. Atende a normativa ANVISA RDC 51 e 52, aprovada para uso em contato com alimentos.  Material: PS (poliestireno), aditivo P-life (oxi-biodegrad\u00e1vel)  Cor: branco  Medida: - 5 mm di\u00e2mentro - 19,5 cm altura  Caixa: 30 pacotes c\/100 unidades  Imagens ilustrativas.\" \/>\n<meta property=\"og:url\" content=\"https:\/\/kmembalagens.com.br\/index.php\/produto\/canudo-comum-bio-c-3-000-unidades\/\" \/>\n<meta property=\"og:site_name\" content=\"KM Embalagens\" \/>\n<meta property=\"article:modified_time\" content=\"2025-08-13T21:32:41+00:00\" \/>\n<meta property=\"og:image\" content=\"https:\/\/kmembalagens.com.br\/wp-content\/uploads\/2023\/12\/CAPA-17318-scaled.jpg\" \/>\n\t<meta property=\"og:image:width\" content=\"1811\" \/>\n\t<meta property=\"og:image:height\" content=\"2560\" \/>\n\t<meta property=\"og:image:type\" content=\"image\/jpeg\" \/>\n<meta name=\"twitter:card\" content=\"summary_large_image\" \/>\n<script type=\"application\/ld+json\" class=\"yoast-schema-graph\">{\"@context\":\"https:\/\/schema.org\",\"@graph\":[{\"@type\":\"WebPage\",\"@id\":\"https:\/\/kmembalagens.com.br\/index.php\/produto\/canudo-comum-bio-c-3-000-unidades\/\",\"url\":\"https:\/\/kmembalagens.com.br\/index.php\/produto\/canudo-comum-bio-c-3-000-unidades\/\",\"name\":\"Canudo Comum Bio c\/3.000 unidades - KM Embalagens\",\"isPartOf\":{\"@id\":\"https:\/\/kmembalagens.com.br\/#website\"},\"primaryImageOfPage\":{\"@id\":\"https:\/\/kmembalagens.com.br\/index.php\/produto\/canudo-comum-bio-c-3-000-unidades\/#primaryimage\"},\"image\":{\"@id\":\"https:\/\/kmembalagens.com.br\/index.php\/produto\/canudo-comum-bio-c-3-000-unidades\/#primaryimage\"},\"thumbnailUrl\":\"https:\/\/kmembalagens.com.br\/wp-content\/uploads\/2023\/12\/CAPA-17318-scaled.jpg\",\"datePublished\":\"2023-12-28T20:09:33+00:00\",\"dateModified\":\"2025-08-13T21:32:41+00:00\",\"breadcrumb\":{\"@id\":\"https:\/\/kmembalagens.com.br\/index.php\/produto\/canudo-comum-bio-c-3-000-unidades\/#breadcrumb\"},\"inLanguage\":\"pt-BR\",\"potentialAction\":[{\"@type\":\"ReadAction\",\"target\":[\"https:\/\/kmembalagens.com.br\/index.php\/produto\/canudo-comum-bio-c-3-000-unidades\/\"]}]},{\"@type\":\"ImageObject\",\"inLanguage\":\"pt-BR\",\"@id\":\"https:\/\/kmembalagens.com.br\/index.php\/produto\/canudo-comum-bio-c-3-000-unidades\/#primaryimage\",\"url\":\"https:\/\/kmembalagens.com.br\/wp-content\/uploads\/2023\/12\/CAPA-17318-scaled.jpg\",\"contentUrl\":\"https:\/\/kmembalagens.com.br\/wp-content\/uploads\/2023\/12\/CAPA-17318-scaled.jpg\",\"width\":1811,\"height\":2560},{\"@type\":\"BreadcrumbList\",\"@id\":\"https:\/\/kmembalagens.com.br\/index.php\/produto\/canudo-comum-bio-c-3-000-unidades\/#breadcrumb\",\"itemListElement\":[{\"@type\":\"ListItem\",\"position\":1,\"name\":\"In\u00edcio\",\"item\":\"https:\/\/kmembalagens.com.br\/\"},{\"@type\":\"ListItem\",\"position\":2,\"name\":\"Canudo Comum Bio c\/3.000 unidades\"}]},{\"@type\":\"WebSite\",\"@id\":\"https:\/\/kmembalagens.com.br\/#website\",\"url\":\"https:\/\/kmembalagens.com.br\/\",\"name\":\"KM Embalagens\",\"description\":\"Tudo que precisa de embalagens\",\"publisher\":{\"@id\":\"https:\/\/kmembalagens.com.br\/#organization\"},\"potentialAction\":[{\"@type\":\"SearchAction\",\"target\":{\"@type\":\"EntryPoint\",\"urlTemplate\":\"https:\/\/kmembalagens.com.br\/?s={search_term_string}\"},\"query-input\":{\"@type\":\"PropertyValueSpecification\",\"valueRequired\":true,\"valueName\":\"search_term_string\"}}],\"inLanguage\":\"pt-BR\"},{\"@type\":\"Organization\",\"@id\":\"https:\/\/kmembalagens.com.br\/#organization\",\"name\":\"KM Embalagens\",\"url\":\"https:\/\/kmembalagens.com.br\/\",\"logo\":{\"@type\":\"ImageObject\",\"inLanguage\":\"pt-BR\",\"@id\":\"https:\/\/kmembalagens.com.br\/#\/schema\/logo\/image\/\",\"url\":\"https:\/\/kmembalagens.com.br\/wp-content\/uploads\/2020\/11\/cropped-cropped-KM-semfundo-2.png\",\"contentUrl\":\"https:\/\/kmembalagens.com.br\/wp-content\/uploads\/2020\/11\/cropped-cropped-KM-semfundo-2.png\",\"width\":1867,\"height\":1202,\"caption\":\"KM Embalagens\"},\"image\":{\"@id\":\"https:\/\/kmembalagens.com.br\/#\/schema\/logo\/image\/\"}}]}<\/script>\n<!-- \/ Yoast SEO plugin. -->","yoast_head_json":{"title":"Canudo Comum Bio c\/3.000 unidades - KM Embalagens","robots":{"index":"index","follow":"follow","max-snippet":"max-snippet:-1","max-image-preview":"max-image-preview:large","max-video-preview":"max-video-preview:-1"},"canonical":"https:\/\/kmembalagens.com.br\/index.php\/produto\/canudo-comum-bio-c-3-000-unidades\/","og_locale":"pt_BR","og_type":"article","og_title":"Canudo Comum Bio c\/3.000 unidades - KM Embalagens","og_description":"O Canudo Comum It\u2019s Bio - 3.000 unidades  O Canudo Comum It\u2019s Bio Strawplast \u00e9 um forte parceiro nas vendas e no meio ambiente! Ele possui na sua composi\u00e7\u00e3o o aditivo Go Green P-Life**, um aditivo oxi-biodegradante que acelera o tempo de biodegrada\u00e7\u00e3o no meio ambiente deixando no final da decomposi\u00e7\u00e3o apenas H2O, Biomassa e CO2. O Canudo It\u2019s Bio \u00e9 100% recicl\u00e1vel, sem cheiro e sem res\u00edduos t\u00f3xicos, ele possui a tradicional qualidade Strawplast em uma f\u00f3rmula biodegrad\u00e1vel.  Em quanto tempo o Canudo It\u2019s Bio se decomp\u00f5e? Sofre biodegrada\u00e7\u00e3o total aproximada em 2 anos e 6 meses, de acordo com as condi\u00e7\u00f5es do meio ambiente e a formula\u00e7\u00e3o desenvolvida.  Qual a validade do Canudo It\u2019s Bio? Ele tem validade garantida de 1 ano e 5 meses a partir da data de fabrica\u00e7\u00e3o. Ap\u00f3s esse per\u00edodo o canudo entra em processo de decomposi\u00e7\u00e3o.  **Aditivo oxi-biodegrad\u00e1vel aprovado conforme norma ASTM D6954-4 com certifica\u00e7\u00e3o internacional. Atende a normativa ANVISA RDC 51 e 52, aprovada para uso em contato com alimentos.  Material: PS (poliestireno), aditivo P-life (oxi-biodegrad\u00e1vel)  Cor: branco  Medida: - 5 mm di\u00e2mentro - 19,5 cm altura  Caixa: 30 pacotes c\/100 unidades  Imagens ilustrativas.","og_url":"https:\/\/kmembalagens.com.br\/index.php\/produto\/canudo-comum-bio-c-3-000-unidades\/","og_site_name":"KM Embalagens","article_modified_time":"2025-08-13T21:32:41+00:00","og_image":[{"width":1811,"height":2560,"url":"https:\/\/kmembalagens.com.br\/wp-content\/uploads\/2023\/12\/CAPA-17318-scaled.jpg","type":"image\/jpeg"}],"twitter_card":"summary_large_image","schema":{"@context":"https:\/\/schema.org","@graph":[{"@type":"WebPage","@id":"https:\/\/kmembalagens.com.br\/index.php\/produto\/canudo-comum-bio-c-3-000-unidades\/","url":"https:\/\/kmembalagens.com.br\/index.php\/produto\/canudo-comum-bio-c-3-000-unidades\/","name":"Canudo Comum Bio c\/3.000 unidades - KM Embalagens","isPartOf":{"@id":"https:\/\/kmembalagens.com.br\/#website"},"primaryImageOfPage":{"@id":"https:\/\/kmembalagens.com.br\/index.php\/produto\/canudo-comum-bio-c-3-000-unidades\/#primaryimage"},"image":{"@id":"https:\/\/kmembalagens.com.br\/index.php\/produto\/canudo-comum-bio-c-3-000-unidades\/#primaryimage"},"thumbnailUrl":"https:\/\/kmembalagens.com.br\/wp-content\/uploads\/2023\/12\/CAPA-17318-scaled.jpg","datePublished":"2023-12-28T20:09:33+00:00","dateModified":"2025-08-13T21:32:41+00:00","breadcrumb":{"@id":"https:\/\/kmembalagens.com.br\/index.php\/produto\/canudo-comum-bio-c-3-000-unidades\/#breadcrumb"},"inLanguage":"pt-BR","potentialAction":[{"@type":"ReadAction","target":["https:\/\/kmembalagens.com.br\/index.php\/produto\/canudo-comum-bio-c-3-000-unidades\/"]}]},{"@type":"ImageObject","inLanguage":"pt-BR","@id":"https:\/\/kmembalagens.com.br\/index.php\/produto\/canudo-comum-bio-c-3-000-unidades\/#primaryimage","url":"https:\/\/kmembalagens.com.br\/wp-content\/uploads\/2023\/12\/CAPA-17318-scaled.jpg","contentUrl":"https:\/\/kmembalagens.com.br\/wp-content\/uploads\/2023\/12\/CAPA-17318-scaled.jpg","width":1811,"height":2560},{"@type":"BreadcrumbList","@id":"https:\/\/kmembalagens.com.br\/index.php\/produto\/canudo-comum-bio-c-3-000-unidades\/#breadcrumb","itemListElement":[{"@type":"ListItem","position":1,"name":"In\u00edcio","item":"https:\/\/kmembalagens.com.br\/"},{"@type":"ListItem","position":2,"name":"Canudo Comum Bio c\/3.000 unidades"}]},{"@type":"WebSite","@id":"https:\/\/kmembalagens.com.br\/#website","url":"https:\/\/kmembalagens.com.br\/","name":"KM Embalagens","description":"Tudo que precisa de embalagens","publisher":{"@id":"https:\/\/kmembalagens.com.br\/#organization"},"potentialAction":[{"@type":"SearchAction","target":{"@type":"EntryPoint","urlTemplate":"https:\/\/kmembalagens.com.br\/?s={search_term_string}"},"query-input":{"@type":"PropertyValueSpecification","valueRequired":true,"valueName":"search_term_string"}}],"inLanguage":"pt-BR"},{"@type":"Organization","@id":"https:\/\/kmembalagens.com.br\/#organization","name":"KM Embalagens","url":"https:\/\/kmembalagens.com.br\/","logo":{"@type":"ImageObject","inLanguage":"pt-BR","@id":"https:\/\/kmembalagens.com.br\/#\/schema\/logo\/image\/","url":"https:\/\/kmembalagens.com.br\/wp-content\/uploads\/2020\/11\/cropped-cropped-KM-semfundo-2.png","contentUrl":"https:\/\/kmembalagens.com.br\/wp-content\/uploads\/2020\/11\/cropped-cropped-KM-semfundo-2.png","width":1867,"height":1202,"caption":"KM Embalagens"},"image":{"@id":"https:\/\/kmembalagens.com.br\/#\/schema\/logo\/image\/"}}]}},"_links":{"self":[{"href":"https:\/\/kmembalagens.com.br\/index.php\/wp-json\/wp\/v2\/product\/6655","targetHints":{"allow":["GET"]}}],"collection":[{"href":"https:\/\/kmembalagens.com.br\/index.php\/wp-json\/wp\/v2\/product"}],"about":[{"href":"https:\/\/kmembalagens.com.br\/index.php\/wp-json\/wp\/v2\/types\/product"}],"replies":[{"embeddable":true,"href":"https:\/\/kmembalagens.com.br\/index.php\/wp-json\/wp\/v2\/comments?post=6655"}],"wp:featuredmedia":[{"embeddable":true,"href":"https:\/\/kmembalagens.com.br\/index.php\/wp-json\/wp\/v2\/media\/6659"}],"wp:attachment":[{"href":"https:\/\/kmembalagens.com.br\/index.php\/wp-json\/wp\/v2\/media?parent=6655"}],"wp:term":[{"taxonomy":"product_brand","embeddable":true,"href":"https:\/\/kmembalagens.com.br\/index.php\/wp-json\/wp\/v2\/product_brand?post=6655"},{"taxonomy":"product_cat","embeddable":true,"href":"https:\/\/kmembalagens.com.br\/index.php\/wp-json\/wp\/v2\/product_cat?post=6655"},{"taxonomy":"product_tag","embeddable":true,"href":"https:\/\/kmembalagens.com.br\/index.php\/wp-json\/wp\/v2\/product_tag?post=6655"}],"curies":[{"name":"wp","href":"https:\/\/api.w.org\/{rel}","templated":true}]}}