{"id":6533,"date":"2023-11-05T18:46:10","date_gmt":"2023-11-05T21:46:10","guid":{"rendered":"https:\/\/kmembalagens.com.br\/?post_type=product&#038;p=6533"},"modified":"2026-03-21T19:32:54","modified_gmt":"2026-03-21T22:32:54","slug":"saco-pack-lixo-15-l-bio-bags-biodegradavel-verde-c-60-unidades","status":"publish","type":"product","link":"https:\/\/kmembalagens.com.br\/index.php\/produto\/saco-pack-lixo-15-l-bio-bags-biodegradavel-verde-c-60-unidades\/","title":{"rendered":"Saco Pack Lixo 15 L Bio Bags Biodegrad\u00e1vel Verde c\/60 unidades"},"content":{"rendered":"","protected":false},"excerpt":{"rendered":"<p>Pack Lixo 15 L Bio Bags Biodegrad\u00e1vel Verde c\/60 unidades<\/p>\n<p>Veja 7 vantagens dos Sacos para lixo oxi-biodegrad\u00e1veis:<\/p>\n<p>1 &#8211; Sustentabilidade Ambiental<br \/>\n&#8211; Decomposi\u00e7\u00e3o R\u00e1pida: Os sacos oxi-biodegrad\u00e1veis se decomp\u00f5em mais rapidamente no ambiente, reduzindo a acumula\u00e7\u00e3o de lixo pl\u00e1stico.<\/p>\n<p>2 &#8211; Redu\u00e7\u00e3o do Impacto Ambiental:<br \/>\n&#8211; Menor Polui\u00e7\u00e3o Pl\u00e1stica: A biodegrada\u00e7\u00e3o dos sacos reduz o risco de polui\u00e7\u00e3o pl\u00e1stica em rios, oceanos e habitats naturais.<br \/>\n&#8211; \u25cb Emiss\u00f5es de CO2 Reduzidas: A decomposi\u00e7\u00e3o gera menos emiss\u00f5es de di\u00f3xido de carbono do que os pl\u00e1sticos tradicionais.<\/p>\n<p>3 &#8211; Versatilidade e Funcionalidade:<br \/>\n&#8211; Resist\u00eancia e Durabilidade: Sacos oxi-biodegrad\u00e1veis s\u00e3o t\u00e3o resistentes quanto os pl\u00e1sticos convencionais, garantindo que o lixo seja transportado de forma segura.<br \/>\n&#8211; Variedade de Tamanhos: Dispon\u00edveis em diferentes tamanhos e capacidades para atender \u00e0s necessidades de coleta de lixo dom\u00e9stico e comercial.<\/p>\n<p>4. Consci\u00eancia do Consumidor:<br \/>\n&#8211; Atra\u00e7\u00e3o de Consumidores: Muitos consumidores preferem produtos eco-friendly, o que pode atrair mais clientes para empresas que utilizam sacos oxi-biodegrad\u00e1veis.<\/p>\n<p>5 &#8211; Inova\u00e7\u00e3o Sustent\u00e1vel:<br \/>\n&#8211; Est\u00edmulo \u00e0 Inova\u00e7\u00e3o: A demanda por solu\u00e7\u00f5es mais ecol\u00f3gicas incentiva a pesquisa e o desenvolvimento de tecnologias sustent\u00e1veis na ind\u00fastria de embalagens.<\/p>\n<p>6 &#8211; Benef\u00edcios para a Sa\u00fade P\u00fablica:<br \/>\n&#8211; Menos Risco de Contamina\u00e7\u00e3o: Sacos biodegrad\u00e1veis podem ajudar a reduzir o risco de contamina\u00e7\u00e3o devido ao manuseio de res\u00edduos s\u00f3lidos.<\/p>\n<p>7 &#8211; Responsabilidade Corporativa:<br \/>\n&#8211; Imagem Corporativa Positiva: O uso de sacos oxi-biodegrad\u00e1veis pode melhorar a imagem de uma empresa, demonstrando seu compromisso com pr\u00e1ticas sustent\u00e1veis.<\/p>\n<p>Imagens ilustrativas.<\/p>\n","protected":false},"featured_media":6521,"comment_status":"open","ping_status":"closed","template":"","meta":{"site-sidebar-layout":"default","site-content-layout":"default","ast-site-content-layout":"default","site-content-style":"default","site-sidebar-style":"default","ast-global-header-display":"","ast-banner-title-visibility":"","ast-main-header-display":"","ast-hfb-above-header-display":"","ast-hfb-below-header-display":"","ast-hfb-mobile-header-display":"","site-post-title":"","ast-breadcrumbs-content":"","ast-featured-img":"","footer-sml-layout":"","theme-transparent-header-meta":"default","adv-header-id-meta":"","stick-header-meta":"","header-above-stick-meta":"","header-main-stick-meta":"","header-below-stick-meta":"","astra-migrate-meta-layouts":"set","ast-page-background-enabled":"default","ast-page-background-meta":{"desktop":{"background-color":"var(--ast-global-color-4)","background-image":"","background-repeat":"repeat","background-position":"center center","background-size":"auto","background-attachment":"scroll","background-type":"","background-media":"","overlay-type":"","overlay-color":"","overlay-opacity":"","overlay-gradient":""},"tablet":{"background-color":"","background-image":"","background-repeat":"repeat","background-position":"center center","background-size":"auto","background-attachment":"scroll","background-type":"","background-media":"","overlay-type":"","overlay-color":"","overlay-opacity":"","overlay-gradient":""},"mobile":{"background-color":"","background-image":"","background-repeat":"repeat","background-position":"center center","background-size":"auto","background-attachment":"scroll","background-type":"","background-media":"","overlay-type":"","overlay-color":"","overlay-opacity":"","overlay-gradient":""}},"ast-content-background-meta":{"desktop":{"background-color":"var(--ast-global-color-5)","background-image":"","background-repeat":"repeat","background-position":"center center","background-size":"auto","background-attachment":"scroll","background-type":"","background-media":"","overlay-type":"","overlay-color":"","overlay-opacity":"","overlay-gradient":""},"tablet":{"background-color":"var(--ast-global-color-5)","background-image":"","background-repeat":"repeat","background-position":"center center","background-size":"auto","background-attachment":"scroll","background-type":"","background-media":"","overlay-type":"","overlay-color":"","overlay-opacity":"","overlay-gradient":""},"mobile":{"background-color":"var(--ast-global-color-5)","background-image":"","background-repeat":"repeat","background-position":"center center","background-size":"auto","background-attachment":"scroll","background-type":"","background-media":"","overlay-type":"","overlay-color":"","overlay-opacity":"","overlay-gradient":""}}},"product_brand":[],"product_cat":[38],"product_tag":[609,604,856,859,85],"class_list":{"0":"post-6533","1":"product","2":"type-product","3":"status-publish","4":"has-post-thumbnail","6":"product_cat-sacos-plastico","7":"product_tag-sacobiodegradavel","8":"product_tag-sacolixo","9":"product_tag-sacolixoreciclavel","10":"product_tag-sacopack","11":"product_tag-kmembalagens","12":"desktop-align-left","13":"tablet-align-left","14":"mobile-align-left","16":"first","17":"instock","18":"taxable","19":"shipping-taxable","20":"purchasable","21":"product-type-simple"},"yoast_head":"<!-- This site is optimized with the Yoast SEO plugin v27.2 - https:\/\/yoast.com\/product\/yoast-seo-wordpress\/ -->\n<title>Saco Pack Lixo 15 L Bio Bags Biodegrad\u00e1vel Verde c\/60 unidades - KM Embalagens<\/title>\n<meta name=\"robots\" content=\"index, follow, max-snippet:-1, max-image-preview:large, max-video-preview:-1\" \/>\n<link rel=\"canonical\" href=\"https:\/\/kmembalagens.com.br\/index.php\/produto\/saco-pack-lixo-15-l-bio-bags-biodegradavel-verde-c-60-unidades\/\" \/>\n<meta property=\"og:locale\" content=\"pt_BR\" \/>\n<meta property=\"og:type\" content=\"article\" \/>\n<meta property=\"og:title\" content=\"Saco Pack Lixo 15 L Bio Bags Biodegrad\u00e1vel Verde c\/60 unidades - KM Embalagens\" \/>\n<meta property=\"og:description\" content=\"Pack Lixo 15 L Bio Bags Biodegrad\u00e1vel Verde c\/60 unidades  Veja 7 vantagens dos Sacos para lixo oxi-biodegrad\u00e1veis:  1 - Sustentabilidade Ambiental - Decomposi\u00e7\u00e3o R\u00e1pida: Os sacos oxi-biodegrad\u00e1veis se decomp\u00f5em mais rapidamente no ambiente, reduzindo a acumula\u00e7\u00e3o de lixo pl\u00e1stico.  2 - Redu\u00e7\u00e3o do Impacto Ambiental: - Menor Polui\u00e7\u00e3o Pl\u00e1stica: A biodegrada\u00e7\u00e3o dos sacos reduz o risco de polui\u00e7\u00e3o pl\u00e1stica em rios, oceanos e habitats naturais. - \u25cb Emiss\u00f5es de CO2 Reduzidas: A decomposi\u00e7\u00e3o gera menos emiss\u00f5es de di\u00f3xido de carbono do que os pl\u00e1sticos tradicionais.  3 - Versatilidade e Funcionalidade: - Resist\u00eancia e Durabilidade: Sacos oxi-biodegrad\u00e1veis s\u00e3o t\u00e3o resistentes quanto os pl\u00e1sticos convencionais, garantindo que o lixo seja transportado de forma segura. - Variedade de Tamanhos: Dispon\u00edveis em diferentes tamanhos e capacidades para atender \u00e0s necessidades de coleta de lixo dom\u00e9stico e comercial.  4. Consci\u00eancia do Consumidor: - Atra\u00e7\u00e3o de Consumidores: Muitos consumidores preferem produtos eco-friendly, o que pode atrair mais clientes para empresas que utilizam sacos oxi-biodegrad\u00e1veis.  5 - Inova\u00e7\u00e3o Sustent\u00e1vel: - Est\u00edmulo \u00e0 Inova\u00e7\u00e3o: A demanda por solu\u00e7\u00f5es mais ecol\u00f3gicas incentiva a pesquisa e o desenvolvimento de tecnologias sustent\u00e1veis na ind\u00fastria de embalagens.  6 - Benef\u00edcios para a Sa\u00fade P\u00fablica: - Menos Risco de Contamina\u00e7\u00e3o: Sacos biodegrad\u00e1veis podem ajudar a reduzir o risco de contamina\u00e7\u00e3o devido ao manuseio de res\u00edduos s\u00f3lidos.  7 - Responsabilidade Corporativa: - Imagem Corporativa Positiva: O uso de sacos oxi-biodegrad\u00e1veis pode melhorar a imagem de uma empresa, demonstrando seu compromisso com pr\u00e1ticas sustent\u00e1veis.  Imagens ilustrativas.\" \/>\n<meta property=\"og:url\" content=\"https:\/\/kmembalagens.com.br\/index.php\/produto\/saco-pack-lixo-15-l-bio-bags-biodegradavel-verde-c-60-unidades\/\" \/>\n<meta property=\"og:site_name\" content=\"KM Embalagens\" \/>\n<meta property=\"article:modified_time\" content=\"2026-03-21T22:32:54+00:00\" \/>\n<meta property=\"og:image\" content=\"https:\/\/kmembalagens.com.br\/wp-content\/uploads\/2023\/10\/CAPA-4257-scaled.jpg\" \/>\n\t<meta property=\"og:image:width\" content=\"1811\" \/>\n\t<meta property=\"og:image:height\" content=\"2560\" \/>\n\t<meta property=\"og:image:type\" content=\"image\/jpeg\" \/>\n<meta name=\"twitter:card\" content=\"summary_large_image\" \/>\n<meta name=\"twitter:label1\" content=\"Est. tempo de leitura\" \/>\n\t<meta name=\"twitter:data1\" content=\"1 minuto\" \/>\n<script type=\"application\/ld+json\" class=\"yoast-schema-graph\">{\"@context\":\"https:\/\/schema.org\",\"@graph\":[{\"@type\":\"WebPage\",\"@id\":\"https:\/\/kmembalagens.com.br\/index.php\/produto\/saco-pack-lixo-15-l-bio-bags-biodegradavel-verde-c-60-unidades\/\",\"url\":\"https:\/\/kmembalagens.com.br\/index.php\/produto\/saco-pack-lixo-15-l-bio-bags-biodegradavel-verde-c-60-unidades\/\",\"name\":\"Saco Pack Lixo 15 L Bio Bags Biodegrad\u00e1vel Verde c\/60 unidades - KM Embalagens\",\"isPartOf\":{\"@id\":\"https:\/\/kmembalagens.com.br\/#website\"},\"primaryImageOfPage\":{\"@id\":\"https:\/\/kmembalagens.com.br\/index.php\/produto\/saco-pack-lixo-15-l-bio-bags-biodegradavel-verde-c-60-unidades\/#primaryimage\"},\"image\":{\"@id\":\"https:\/\/kmembalagens.com.br\/index.php\/produto\/saco-pack-lixo-15-l-bio-bags-biodegradavel-verde-c-60-unidades\/#primaryimage\"},\"thumbnailUrl\":\"https:\/\/kmembalagens.com.br\/wp-content\/uploads\/2023\/10\/CAPA-4257-scaled.jpg\",\"datePublished\":\"2023-11-05T21:46:10+00:00\",\"dateModified\":\"2026-03-21T22:32:54+00:00\",\"breadcrumb\":{\"@id\":\"https:\/\/kmembalagens.com.br\/index.php\/produto\/saco-pack-lixo-15-l-bio-bags-biodegradavel-verde-c-60-unidades\/#breadcrumb\"},\"inLanguage\":\"pt-BR\",\"potentialAction\":[{\"@type\":\"ReadAction\",\"target\":[\"https:\/\/kmembalagens.com.br\/index.php\/produto\/saco-pack-lixo-15-l-bio-bags-biodegradavel-verde-c-60-unidades\/\"]}]},{\"@type\":\"ImageObject\",\"inLanguage\":\"pt-BR\",\"@id\":\"https:\/\/kmembalagens.com.br\/index.php\/produto\/saco-pack-lixo-15-l-bio-bags-biodegradavel-verde-c-60-unidades\/#primaryimage\",\"url\":\"https:\/\/kmembalagens.com.br\/wp-content\/uploads\/2023\/10\/CAPA-4257-scaled.jpg\",\"contentUrl\":\"https:\/\/kmembalagens.com.br\/wp-content\/uploads\/2023\/10\/CAPA-4257-scaled.jpg\",\"width\":1811,\"height\":2560},{\"@type\":\"BreadcrumbList\",\"@id\":\"https:\/\/kmembalagens.com.br\/index.php\/produto\/saco-pack-lixo-15-l-bio-bags-biodegradavel-verde-c-60-unidades\/#breadcrumb\",\"itemListElement\":[{\"@type\":\"ListItem\",\"position\":1,\"name\":\"In\u00edcio\",\"item\":\"https:\/\/kmembalagens.com.br\/\"},{\"@type\":\"ListItem\",\"position\":2,\"name\":\"Saco Pack Lixo 15 L Bio Bags Biodegrad\u00e1vel Verde c\/60 unidades\"}]},{\"@type\":\"WebSite\",\"@id\":\"https:\/\/kmembalagens.com.br\/#website\",\"url\":\"https:\/\/kmembalagens.com.br\/\",\"name\":\"KM Embalagens\",\"description\":\"Tudo que precisa de embalagens\",\"publisher\":{\"@id\":\"https:\/\/kmembalagens.com.br\/#organization\"},\"potentialAction\":[{\"@type\":\"SearchAction\",\"target\":{\"@type\":\"EntryPoint\",\"urlTemplate\":\"https:\/\/kmembalagens.com.br\/?s={search_term_string}\"},\"query-input\":{\"@type\":\"PropertyValueSpecification\",\"valueRequired\":true,\"valueName\":\"search_term_string\"}}],\"inLanguage\":\"pt-BR\"},{\"@type\":\"Organization\",\"@id\":\"https:\/\/kmembalagens.com.br\/#organization\",\"name\":\"KM Embalagens\",\"url\":\"https:\/\/kmembalagens.com.br\/\",\"logo\":{\"@type\":\"ImageObject\",\"inLanguage\":\"pt-BR\",\"@id\":\"https:\/\/kmembalagens.com.br\/#\/schema\/logo\/image\/\",\"url\":\"https:\/\/kmembalagens.com.br\/wp-content\/uploads\/2020\/11\/cropped-cropped-KM-semfundo-2.png\",\"contentUrl\":\"https:\/\/kmembalagens.com.br\/wp-content\/uploads\/2020\/11\/cropped-cropped-KM-semfundo-2.png\",\"width\":1867,\"height\":1202,\"caption\":\"KM Embalagens\"},\"image\":{\"@id\":\"https:\/\/kmembalagens.com.br\/#\/schema\/logo\/image\/\"}}]}<\/script>\n<!-- \/ Yoast SEO plugin. -->","yoast_head_json":{"title":"Saco Pack Lixo 15 L Bio Bags Biodegrad\u00e1vel Verde c\/60 unidades - KM Embalagens","robots":{"index":"index","follow":"follow","max-snippet":"max-snippet:-1","max-image-preview":"max-image-preview:large","max-video-preview":"max-video-preview:-1"},"canonical":"https:\/\/kmembalagens.com.br\/index.php\/produto\/saco-pack-lixo-15-l-bio-bags-biodegradavel-verde-c-60-unidades\/","og_locale":"pt_BR","og_type":"article","og_title":"Saco Pack Lixo 15 L Bio Bags Biodegrad\u00e1vel Verde c\/60 unidades - KM Embalagens","og_description":"Pack Lixo 15 L Bio Bags Biodegrad\u00e1vel Verde c\/60 unidades  Veja 7 vantagens dos Sacos para lixo oxi-biodegrad\u00e1veis:  1 - Sustentabilidade Ambiental - Decomposi\u00e7\u00e3o R\u00e1pida: Os sacos oxi-biodegrad\u00e1veis se decomp\u00f5em mais rapidamente no ambiente, reduzindo a acumula\u00e7\u00e3o de lixo pl\u00e1stico.  2 - Redu\u00e7\u00e3o do Impacto Ambiental: - Menor Polui\u00e7\u00e3o Pl\u00e1stica: A biodegrada\u00e7\u00e3o dos sacos reduz o risco de polui\u00e7\u00e3o pl\u00e1stica em rios, oceanos e habitats naturais. - \u25cb Emiss\u00f5es de CO2 Reduzidas: A decomposi\u00e7\u00e3o gera menos emiss\u00f5es de di\u00f3xido de carbono do que os pl\u00e1sticos tradicionais.  3 - Versatilidade e Funcionalidade: - Resist\u00eancia e Durabilidade: Sacos oxi-biodegrad\u00e1veis s\u00e3o t\u00e3o resistentes quanto os pl\u00e1sticos convencionais, garantindo que o lixo seja transportado de forma segura. - Variedade de Tamanhos: Dispon\u00edveis em diferentes tamanhos e capacidades para atender \u00e0s necessidades de coleta de lixo dom\u00e9stico e comercial.  4. Consci\u00eancia do Consumidor: - Atra\u00e7\u00e3o de Consumidores: Muitos consumidores preferem produtos eco-friendly, o que pode atrair mais clientes para empresas que utilizam sacos oxi-biodegrad\u00e1veis.  5 - Inova\u00e7\u00e3o Sustent\u00e1vel: - Est\u00edmulo \u00e0 Inova\u00e7\u00e3o: A demanda por solu\u00e7\u00f5es mais ecol\u00f3gicas incentiva a pesquisa e o desenvolvimento de tecnologias sustent\u00e1veis na ind\u00fastria de embalagens.  6 - Benef\u00edcios para a Sa\u00fade P\u00fablica: - Menos Risco de Contamina\u00e7\u00e3o: Sacos biodegrad\u00e1veis podem ajudar a reduzir o risco de contamina\u00e7\u00e3o devido ao manuseio de res\u00edduos s\u00f3lidos.  7 - Responsabilidade Corporativa: - Imagem Corporativa Positiva: O uso de sacos oxi-biodegrad\u00e1veis pode melhorar a imagem de uma empresa, demonstrando seu compromisso com pr\u00e1ticas sustent\u00e1veis.  Imagens ilustrativas.","og_url":"https:\/\/kmembalagens.com.br\/index.php\/produto\/saco-pack-lixo-15-l-bio-bags-biodegradavel-verde-c-60-unidades\/","og_site_name":"KM Embalagens","article_modified_time":"2026-03-21T22:32:54+00:00","og_image":[{"width":1811,"height":2560,"url":"https:\/\/kmembalagens.com.br\/wp-content\/uploads\/2023\/10\/CAPA-4257-scaled.jpg","type":"image\/jpeg"}],"twitter_card":"summary_large_image","twitter_misc":{"Est. tempo de leitura":"1 minuto"},"schema":{"@context":"https:\/\/schema.org","@graph":[{"@type":"WebPage","@id":"https:\/\/kmembalagens.com.br\/index.php\/produto\/saco-pack-lixo-15-l-bio-bags-biodegradavel-verde-c-60-unidades\/","url":"https:\/\/kmembalagens.com.br\/index.php\/produto\/saco-pack-lixo-15-l-bio-bags-biodegradavel-verde-c-60-unidades\/","name":"Saco Pack Lixo 15 L Bio Bags Biodegrad\u00e1vel Verde c\/60 unidades - KM Embalagens","isPartOf":{"@id":"https:\/\/kmembalagens.com.br\/#website"},"primaryImageOfPage":{"@id":"https:\/\/kmembalagens.com.br\/index.php\/produto\/saco-pack-lixo-15-l-bio-bags-biodegradavel-verde-c-60-unidades\/#primaryimage"},"image":{"@id":"https:\/\/kmembalagens.com.br\/index.php\/produto\/saco-pack-lixo-15-l-bio-bags-biodegradavel-verde-c-60-unidades\/#primaryimage"},"thumbnailUrl":"https:\/\/kmembalagens.com.br\/wp-content\/uploads\/2023\/10\/CAPA-4257-scaled.jpg","datePublished":"2023-11-05T21:46:10+00:00","dateModified":"2026-03-21T22:32:54+00:00","breadcrumb":{"@id":"https:\/\/kmembalagens.com.br\/index.php\/produto\/saco-pack-lixo-15-l-bio-bags-biodegradavel-verde-c-60-unidades\/#breadcrumb"},"inLanguage":"pt-BR","potentialAction":[{"@type":"ReadAction","target":["https:\/\/kmembalagens.com.br\/index.php\/produto\/saco-pack-lixo-15-l-bio-bags-biodegradavel-verde-c-60-unidades\/"]}]},{"@type":"ImageObject","inLanguage":"pt-BR","@id":"https:\/\/kmembalagens.com.br\/index.php\/produto\/saco-pack-lixo-15-l-bio-bags-biodegradavel-verde-c-60-unidades\/#primaryimage","url":"https:\/\/kmembalagens.com.br\/wp-content\/uploads\/2023\/10\/CAPA-4257-scaled.jpg","contentUrl":"https:\/\/kmembalagens.com.br\/wp-content\/uploads\/2023\/10\/CAPA-4257-scaled.jpg","width":1811,"height":2560},{"@type":"BreadcrumbList","@id":"https:\/\/kmembalagens.com.br\/index.php\/produto\/saco-pack-lixo-15-l-bio-bags-biodegradavel-verde-c-60-unidades\/#breadcrumb","itemListElement":[{"@type":"ListItem","position":1,"name":"In\u00edcio","item":"https:\/\/kmembalagens.com.br\/"},{"@type":"ListItem","position":2,"name":"Saco Pack Lixo 15 L Bio Bags Biodegrad\u00e1vel Verde c\/60 unidades"}]},{"@type":"WebSite","@id":"https:\/\/kmembalagens.com.br\/#website","url":"https:\/\/kmembalagens.com.br\/","name":"KM Embalagens","description":"Tudo que precisa de embalagens","publisher":{"@id":"https:\/\/kmembalagens.com.br\/#organization"},"potentialAction":[{"@type":"SearchAction","target":{"@type":"EntryPoint","urlTemplate":"https:\/\/kmembalagens.com.br\/?s={search_term_string}"},"query-input":{"@type":"PropertyValueSpecification","valueRequired":true,"valueName":"search_term_string"}}],"inLanguage":"pt-BR"},{"@type":"Organization","@id":"https:\/\/kmembalagens.com.br\/#organization","name":"KM Embalagens","url":"https:\/\/kmembalagens.com.br\/","logo":{"@type":"ImageObject","inLanguage":"pt-BR","@id":"https:\/\/kmembalagens.com.br\/#\/schema\/logo\/image\/","url":"https:\/\/kmembalagens.com.br\/wp-content\/uploads\/2020\/11\/cropped-cropped-KM-semfundo-2.png","contentUrl":"https:\/\/kmembalagens.com.br\/wp-content\/uploads\/2020\/11\/cropped-cropped-KM-semfundo-2.png","width":1867,"height":1202,"caption":"KM Embalagens"},"image":{"@id":"https:\/\/kmembalagens.com.br\/#\/schema\/logo\/image\/"}}]}},"_links":{"self":[{"href":"https:\/\/kmembalagens.com.br\/index.php\/wp-json\/wp\/v2\/product\/6533","targetHints":{"allow":["GET"]}}],"collection":[{"href":"https:\/\/kmembalagens.com.br\/index.php\/wp-json\/wp\/v2\/product"}],"about":[{"href":"https:\/\/kmembalagens.com.br\/index.php\/wp-json\/wp\/v2\/types\/product"}],"replies":[{"embeddable":true,"href":"https:\/\/kmembalagens.com.br\/index.php\/wp-json\/wp\/v2\/comments?post=6533"}],"wp:featuredmedia":[{"embeddable":true,"href":"https:\/\/kmembalagens.com.br\/index.php\/wp-json\/wp\/v2\/media\/6521"}],"wp:attachment":[{"href":"https:\/\/kmembalagens.com.br\/index.php\/wp-json\/wp\/v2\/media?parent=6533"}],"wp:term":[{"taxonomy":"product_brand","embeddable":true,"href":"https:\/\/kmembalagens.com.br\/index.php\/wp-json\/wp\/v2\/product_brand?post=6533"},{"taxonomy":"product_cat","embeddable":true,"href":"https:\/\/kmembalagens.com.br\/index.php\/wp-json\/wp\/v2\/product_cat?post=6533"},{"taxonomy":"product_tag","embeddable":true,"href":"https:\/\/kmembalagens.com.br\/index.php\/wp-json\/wp\/v2\/product_tag?post=6533"}],"curies":[{"name":"wp","href":"https:\/\/api.w.org\/{rel}","templated":true}]}}