{"id":6457,"date":"2023-09-20T19:23:02","date_gmt":"2023-09-20T22:23:02","guid":{"rendered":"https:\/\/kmembalagens.com.br\/?post_type=product&#038;p=6457"},"modified":"2025-11-25T18:51:40","modified_gmt":"2025-11-25T21:51:40","slug":"filme-pvc-c-cabo-10-cm-x-100-m-c-01-unidade","status":"publish","type":"product","link":"https:\/\/kmembalagens.com.br\/index.php\/produto\/filme-pvc-c-cabo-10-cm-x-100-m-c-01-unidade\/","title":{"rendered":"Filme PVC c\/cabo 10 cm x 100 m c\/ 01 unidade"},"content":{"rendered":"","protected":false},"excerpt":{"rendered":"<p>Filme PVC com cabo 10 cm x 100 m &#8211; 01 unidade<\/p>\n<p>O filme PVC \u00e9 indicado para aplica\u00e7\u00f5es diversas, seja em uso dom\u00e9stico ou comercial.<br \/>\nIndicado para prote\u00e7\u00e3o de objetos diversos, como volante de carro, material de mudan\u00e7a, entre outros.<br \/>\nOutra vantagem \u00e9 que nosso produto possui o cabo pegador que facilita a aplica\u00e7\u00e3o do produto e proporciona melhor qualidade na aplica\u00e7\u00e3o.<\/p>\n<p>Caracter\u00edsticas:<br \/>\n&#8211; 10 cm largura<br \/>\n&#8211; 100 m de comprimento<br \/>\n&#8211; 0,25 micra de espessura<\/p>\n<p>Quantidade: 01 unidade<\/p>\n<p>Imagens ilustrativas.<\/p>\n","protected":false},"featured_media":6459,"comment_status":"open","ping_status":"closed","template":"","meta":{"site-sidebar-layout":"default","site-content-layout":"default","ast-site-content-layout":"","site-content-style":"default","site-sidebar-style":"default","ast-global-header-display":"","ast-banner-title-visibility":"","ast-main-header-display":"","ast-hfb-above-header-display":"","ast-hfb-below-header-display":"","ast-hfb-mobile-header-display":"","site-post-title":"","ast-breadcrumbs-content":"","ast-featured-img":"","footer-sml-layout":"","theme-transparent-header-meta":"default","adv-header-id-meta":"","stick-header-meta":"","header-above-stick-meta":"","header-main-stick-meta":"","header-below-stick-meta":"","astra-migrate-meta-layouts":"default","ast-page-background-enabled":"default","ast-page-background-meta":{"desktop":{"background-color":"var(--ast-global-color-4)","background-image":"","background-repeat":"repeat","background-position":"center center","background-size":"auto","background-attachment":"scroll","background-type":"","background-media":"","overlay-type":"","overlay-color":"","overlay-opacity":"","overlay-gradient":""},"tablet":{"background-color":"","background-image":"","background-repeat":"repeat","background-position":"center center","background-size":"auto","background-attachment":"scroll","background-type":"","background-media":"","overlay-type":"","overlay-color":"","overlay-opacity":"","overlay-gradient":""},"mobile":{"background-color":"","background-image":"","background-repeat":"repeat","background-position":"center center","background-size":"auto","background-attachment":"scroll","background-type":"","background-media":"","overlay-type":"","overlay-color":"","overlay-opacity":"","overlay-gradient":""}},"ast-content-background-meta":{"desktop":{"background-color":"var(--ast-global-color-5)","background-image":"","background-repeat":"repeat","background-position":"center center","background-size":"auto","background-attachment":"scroll","background-type":"","background-media":"","overlay-type":"","overlay-color":"","overlay-opacity":"","overlay-gradient":""},"tablet":{"background-color":"var(--ast-global-color-5)","background-image":"","background-repeat":"repeat","background-position":"center center","background-size":"auto","background-attachment":"scroll","background-type":"","background-media":"","overlay-type":"","overlay-color":"","overlay-opacity":"","overlay-gradient":""},"mobile":{"background-color":"var(--ast-global-color-5)","background-image":"","background-repeat":"repeat","background-position":"center center","background-size":"auto","background-attachment":"scroll","background-type":"","background-media":"","overlay-type":"","overlay-color":"","overlay-opacity":"","overlay-gradient":""}}},"product_brand":[],"product_cat":[209],"product_tag":[841,839,840,838,210,85],"class_list":{"0":"post-6457","1":"product","2":"type-product","3":"status-publish","4":"has-post-thumbnail","6":"product_cat-filme","7":"product_tag-embalar","8":"product_tag-filme","9":"product_tag-filmecomcabo","10":"product_tag-filmepvc","11":"product_tag-filmepvcstrech","12":"product_tag-kmembalagens","13":"desktop-align-left","14":"tablet-align-left","15":"mobile-align-left","17":"first","18":"instock","19":"taxable","20":"shipping-taxable","21":"purchasable","22":"product-type-simple"},"yoast_head":"<!-- This site is optimized with the Yoast SEO plugin v27.2 - https:\/\/yoast.com\/product\/yoast-seo-wordpress\/ -->\n<title>Filme PVC c\/cabo 10 cm x 100 m c\/ 01 unidade - KM Embalagens<\/title>\n<meta name=\"robots\" content=\"index, follow, max-snippet:-1, max-image-preview:large, max-video-preview:-1\" \/>\n<link rel=\"canonical\" href=\"https:\/\/kmembalagens.com.br\/index.php\/produto\/filme-pvc-c-cabo-10-cm-x-100-m-c-01-unidade\/\" \/>\n<meta property=\"og:locale\" content=\"pt_BR\" \/>\n<meta property=\"og:type\" content=\"article\" \/>\n<meta property=\"og:title\" content=\"Filme PVC c\/cabo 10 cm x 100 m c\/ 01 unidade - KM Embalagens\" \/>\n<meta property=\"og:description\" content=\"Filme PVC com cabo 10 cm x 100 m - 01 unidade  O filme PVC \u00e9 indicado para aplica\u00e7\u00f5es diversas, seja em uso dom\u00e9stico ou comercial. Indicado para prote\u00e7\u00e3o de objetos diversos, como volante de carro, material de mudan\u00e7a, entre outros. Outra vantagem \u00e9 que nosso produto possui o cabo pegador que facilita a aplica\u00e7\u00e3o do produto e proporciona melhor qualidade na aplica\u00e7\u00e3o.  Caracter\u00edsticas: - 10 cm largura - 100 m de comprimento - 0,25 micra de espessura  Quantidade: 01 unidade  Imagens ilustrativas.\" \/>\n<meta property=\"og:url\" content=\"https:\/\/kmembalagens.com.br\/index.php\/produto\/filme-pvc-c-cabo-10-cm-x-100-m-c-01-unidade\/\" \/>\n<meta property=\"og:site_name\" content=\"KM Embalagens\" \/>\n<meta property=\"article:modified_time\" content=\"2025-11-25T21:51:40+00:00\" \/>\n<meta property=\"og:image\" content=\"https:\/\/kmembalagens.com.br\/wp-content\/uploads\/2023\/09\/CAPA-10393-scaled.jpg\" \/>\n\t<meta property=\"og:image:width\" content=\"1811\" \/>\n\t<meta property=\"og:image:height\" content=\"2560\" \/>\n\t<meta property=\"og:image:type\" content=\"image\/jpeg\" \/>\n<meta name=\"twitter:card\" content=\"summary_large_image\" \/>\n<script type=\"application\/ld+json\" class=\"yoast-schema-graph\">{\"@context\":\"https:\/\/schema.org\",\"@graph\":[{\"@type\":\"WebPage\",\"@id\":\"https:\/\/kmembalagens.com.br\/index.php\/produto\/filme-pvc-c-cabo-10-cm-x-100-m-c-01-unidade\/\",\"url\":\"https:\/\/kmembalagens.com.br\/index.php\/produto\/filme-pvc-c-cabo-10-cm-x-100-m-c-01-unidade\/\",\"name\":\"Filme PVC c\/cabo 10 cm x 100 m c\/ 01 unidade - KM Embalagens\",\"isPartOf\":{\"@id\":\"https:\/\/kmembalagens.com.br\/#website\"},\"primaryImageOfPage\":{\"@id\":\"https:\/\/kmembalagens.com.br\/index.php\/produto\/filme-pvc-c-cabo-10-cm-x-100-m-c-01-unidade\/#primaryimage\"},\"image\":{\"@id\":\"https:\/\/kmembalagens.com.br\/index.php\/produto\/filme-pvc-c-cabo-10-cm-x-100-m-c-01-unidade\/#primaryimage\"},\"thumbnailUrl\":\"https:\/\/kmembalagens.com.br\/wp-content\/uploads\/2023\/09\/CAPA-10393-scaled.jpg\",\"datePublished\":\"2023-09-20T22:23:02+00:00\",\"dateModified\":\"2025-11-25T21:51:40+00:00\",\"breadcrumb\":{\"@id\":\"https:\/\/kmembalagens.com.br\/index.php\/produto\/filme-pvc-c-cabo-10-cm-x-100-m-c-01-unidade\/#breadcrumb\"},\"inLanguage\":\"pt-BR\",\"potentialAction\":[{\"@type\":\"ReadAction\",\"target\":[\"https:\/\/kmembalagens.com.br\/index.php\/produto\/filme-pvc-c-cabo-10-cm-x-100-m-c-01-unidade\/\"]}]},{\"@type\":\"ImageObject\",\"inLanguage\":\"pt-BR\",\"@id\":\"https:\/\/kmembalagens.com.br\/index.php\/produto\/filme-pvc-c-cabo-10-cm-x-100-m-c-01-unidade\/#primaryimage\",\"url\":\"https:\/\/kmembalagens.com.br\/wp-content\/uploads\/2023\/09\/CAPA-10393-scaled.jpg\",\"contentUrl\":\"https:\/\/kmembalagens.com.br\/wp-content\/uploads\/2023\/09\/CAPA-10393-scaled.jpg\",\"width\":1811,\"height\":2560},{\"@type\":\"BreadcrumbList\",\"@id\":\"https:\/\/kmembalagens.com.br\/index.php\/produto\/filme-pvc-c-cabo-10-cm-x-100-m-c-01-unidade\/#breadcrumb\",\"itemListElement\":[{\"@type\":\"ListItem\",\"position\":1,\"name\":\"In\u00edcio\",\"item\":\"https:\/\/kmembalagens.com.br\/\"},{\"@type\":\"ListItem\",\"position\":2,\"name\":\"Filme PVC c\/cabo 10 cm x 100 m c\/ 01 unidade\"}]},{\"@type\":\"WebSite\",\"@id\":\"https:\/\/kmembalagens.com.br\/#website\",\"url\":\"https:\/\/kmembalagens.com.br\/\",\"name\":\"KM Embalagens\",\"description\":\"Tudo que precisa de embalagens\",\"publisher\":{\"@id\":\"https:\/\/kmembalagens.com.br\/#organization\"},\"potentialAction\":[{\"@type\":\"SearchAction\",\"target\":{\"@type\":\"EntryPoint\",\"urlTemplate\":\"https:\/\/kmembalagens.com.br\/?s={search_term_string}\"},\"query-input\":{\"@type\":\"PropertyValueSpecification\",\"valueRequired\":true,\"valueName\":\"search_term_string\"}}],\"inLanguage\":\"pt-BR\"},{\"@type\":\"Organization\",\"@id\":\"https:\/\/kmembalagens.com.br\/#organization\",\"name\":\"KM Embalagens\",\"url\":\"https:\/\/kmembalagens.com.br\/\",\"logo\":{\"@type\":\"ImageObject\",\"inLanguage\":\"pt-BR\",\"@id\":\"https:\/\/kmembalagens.com.br\/#\/schema\/logo\/image\/\",\"url\":\"https:\/\/kmembalagens.com.br\/wp-content\/uploads\/2020\/11\/cropped-cropped-KM-semfundo-2.png\",\"contentUrl\":\"https:\/\/kmembalagens.com.br\/wp-content\/uploads\/2020\/11\/cropped-cropped-KM-semfundo-2.png\",\"width\":1867,\"height\":1202,\"caption\":\"KM Embalagens\"},\"image\":{\"@id\":\"https:\/\/kmembalagens.com.br\/#\/schema\/logo\/image\/\"}}]}<\/script>\n<!-- \/ Yoast SEO plugin. -->","yoast_head_json":{"title":"Filme PVC c\/cabo 10 cm x 100 m c\/ 01 unidade - KM Embalagens","robots":{"index":"index","follow":"follow","max-snippet":"max-snippet:-1","max-image-preview":"max-image-preview:large","max-video-preview":"max-video-preview:-1"},"canonical":"https:\/\/kmembalagens.com.br\/index.php\/produto\/filme-pvc-c-cabo-10-cm-x-100-m-c-01-unidade\/","og_locale":"pt_BR","og_type":"article","og_title":"Filme PVC c\/cabo 10 cm x 100 m c\/ 01 unidade - KM Embalagens","og_description":"Filme PVC com cabo 10 cm x 100 m - 01 unidade  O filme PVC \u00e9 indicado para aplica\u00e7\u00f5es diversas, seja em uso dom\u00e9stico ou comercial. Indicado para prote\u00e7\u00e3o de objetos diversos, como volante de carro, material de mudan\u00e7a, entre outros. Outra vantagem \u00e9 que nosso produto possui o cabo pegador que facilita a aplica\u00e7\u00e3o do produto e proporciona melhor qualidade na aplica\u00e7\u00e3o.  Caracter\u00edsticas: - 10 cm largura - 100 m de comprimento - 0,25 micra de espessura  Quantidade: 01 unidade  Imagens ilustrativas.","og_url":"https:\/\/kmembalagens.com.br\/index.php\/produto\/filme-pvc-c-cabo-10-cm-x-100-m-c-01-unidade\/","og_site_name":"KM Embalagens","article_modified_time":"2025-11-25T21:51:40+00:00","og_image":[{"width":1811,"height":2560,"url":"https:\/\/kmembalagens.com.br\/wp-content\/uploads\/2023\/09\/CAPA-10393-scaled.jpg","type":"image\/jpeg"}],"twitter_card":"summary_large_image","schema":{"@context":"https:\/\/schema.org","@graph":[{"@type":"WebPage","@id":"https:\/\/kmembalagens.com.br\/index.php\/produto\/filme-pvc-c-cabo-10-cm-x-100-m-c-01-unidade\/","url":"https:\/\/kmembalagens.com.br\/index.php\/produto\/filme-pvc-c-cabo-10-cm-x-100-m-c-01-unidade\/","name":"Filme PVC c\/cabo 10 cm x 100 m c\/ 01 unidade - KM Embalagens","isPartOf":{"@id":"https:\/\/kmembalagens.com.br\/#website"},"primaryImageOfPage":{"@id":"https:\/\/kmembalagens.com.br\/index.php\/produto\/filme-pvc-c-cabo-10-cm-x-100-m-c-01-unidade\/#primaryimage"},"image":{"@id":"https:\/\/kmembalagens.com.br\/index.php\/produto\/filme-pvc-c-cabo-10-cm-x-100-m-c-01-unidade\/#primaryimage"},"thumbnailUrl":"https:\/\/kmembalagens.com.br\/wp-content\/uploads\/2023\/09\/CAPA-10393-scaled.jpg","datePublished":"2023-09-20T22:23:02+00:00","dateModified":"2025-11-25T21:51:40+00:00","breadcrumb":{"@id":"https:\/\/kmembalagens.com.br\/index.php\/produto\/filme-pvc-c-cabo-10-cm-x-100-m-c-01-unidade\/#breadcrumb"},"inLanguage":"pt-BR","potentialAction":[{"@type":"ReadAction","target":["https:\/\/kmembalagens.com.br\/index.php\/produto\/filme-pvc-c-cabo-10-cm-x-100-m-c-01-unidade\/"]}]},{"@type":"ImageObject","inLanguage":"pt-BR","@id":"https:\/\/kmembalagens.com.br\/index.php\/produto\/filme-pvc-c-cabo-10-cm-x-100-m-c-01-unidade\/#primaryimage","url":"https:\/\/kmembalagens.com.br\/wp-content\/uploads\/2023\/09\/CAPA-10393-scaled.jpg","contentUrl":"https:\/\/kmembalagens.com.br\/wp-content\/uploads\/2023\/09\/CAPA-10393-scaled.jpg","width":1811,"height":2560},{"@type":"BreadcrumbList","@id":"https:\/\/kmembalagens.com.br\/index.php\/produto\/filme-pvc-c-cabo-10-cm-x-100-m-c-01-unidade\/#breadcrumb","itemListElement":[{"@type":"ListItem","position":1,"name":"In\u00edcio","item":"https:\/\/kmembalagens.com.br\/"},{"@type":"ListItem","position":2,"name":"Filme PVC c\/cabo 10 cm x 100 m c\/ 01 unidade"}]},{"@type":"WebSite","@id":"https:\/\/kmembalagens.com.br\/#website","url":"https:\/\/kmembalagens.com.br\/","name":"KM Embalagens","description":"Tudo que precisa de embalagens","publisher":{"@id":"https:\/\/kmembalagens.com.br\/#organization"},"potentialAction":[{"@type":"SearchAction","target":{"@type":"EntryPoint","urlTemplate":"https:\/\/kmembalagens.com.br\/?s={search_term_string}"},"query-input":{"@type":"PropertyValueSpecification","valueRequired":true,"valueName":"search_term_string"}}],"inLanguage":"pt-BR"},{"@type":"Organization","@id":"https:\/\/kmembalagens.com.br\/#organization","name":"KM Embalagens","url":"https:\/\/kmembalagens.com.br\/","logo":{"@type":"ImageObject","inLanguage":"pt-BR","@id":"https:\/\/kmembalagens.com.br\/#\/schema\/logo\/image\/","url":"https:\/\/kmembalagens.com.br\/wp-content\/uploads\/2020\/11\/cropped-cropped-KM-semfundo-2.png","contentUrl":"https:\/\/kmembalagens.com.br\/wp-content\/uploads\/2020\/11\/cropped-cropped-KM-semfundo-2.png","width":1867,"height":1202,"caption":"KM Embalagens"},"image":{"@id":"https:\/\/kmembalagens.com.br\/#\/schema\/logo\/image\/"}}]}},"_links":{"self":[{"href":"https:\/\/kmembalagens.com.br\/index.php\/wp-json\/wp\/v2\/product\/6457","targetHints":{"allow":["GET"]}}],"collection":[{"href":"https:\/\/kmembalagens.com.br\/index.php\/wp-json\/wp\/v2\/product"}],"about":[{"href":"https:\/\/kmembalagens.com.br\/index.php\/wp-json\/wp\/v2\/types\/product"}],"replies":[{"embeddable":true,"href":"https:\/\/kmembalagens.com.br\/index.php\/wp-json\/wp\/v2\/comments?post=6457"}],"wp:featuredmedia":[{"embeddable":true,"href":"https:\/\/kmembalagens.com.br\/index.php\/wp-json\/wp\/v2\/media\/6459"}],"wp:attachment":[{"href":"https:\/\/kmembalagens.com.br\/index.php\/wp-json\/wp\/v2\/media?parent=6457"}],"wp:term":[{"taxonomy":"product_brand","embeddable":true,"href":"https:\/\/kmembalagens.com.br\/index.php\/wp-json\/wp\/v2\/product_brand?post=6457"},{"taxonomy":"product_cat","embeddable":true,"href":"https:\/\/kmembalagens.com.br\/index.php\/wp-json\/wp\/v2\/product_cat?post=6457"},{"taxonomy":"product_tag","embeddable":true,"href":"https:\/\/kmembalagens.com.br\/index.php\/wp-json\/wp\/v2\/product_tag?post=6457"}],"curies":[{"name":"wp","href":"https:\/\/api.w.org\/{rel}","templated":true}]}}