{"id":6259,"date":"2023-08-10T20:55:38","date_gmt":"2023-08-10T23:55:38","guid":{"rendered":"https:\/\/kmembalagens.com.br\/?post_type=product&#038;p=6259"},"modified":"2025-02-03T18:26:26","modified_gmt":"2025-02-03T21:26:26","slug":"saco-termico-metal-espetinho-liso-c-200-unidades","status":"publish","type":"product","link":"https:\/\/kmembalagens.com.br\/index.php\/produto\/saco-termico-metal-espetinho-liso-c-200-unidades\/","title":{"rendered":"Saco t\u00e9rmico metal espetinho liso c\/200 unidades"},"content":{"rendered":"","protected":false},"excerpt":{"rendered":"<p>Embalagem T\u00e9rmica para espetinhos &#8211; 200 unidades<\/p>\n<p>A Embalagem para Espetinho t\u00e9rmica traz o que h\u00e1 de mais inovador no mercado de embalagens para delivery, pois trata-se de um produto que oferece condi\u00e7\u00f5es mais adequadas para a higiene e transporte do alimento. sem que perca sua temperatura ou que haja vazamentos,pois cont\u00e9m uma aba com pel\u00edcula adesiva, que permite o fechamento da embalagem.<\/p>\n<p>Benef\u00edcios:<br \/>\n&#8211; Resistente<br \/>\n&#8211; Pr\u00e1tica: Aba com pel\u00edcula adesiva<br \/>\n&#8211; Higi\u00eanica: Material pr\u00f3prio para alimentos<br \/>\n&#8211; Moderna e Bonita: Agrega valor ao seu produto<\/p>\n<p>Quantidade: 200 unidades<\/p>\n<p>Dimens\u00e3o do produto: 13,5C X 36P<\/p>\n<p>Imagens ilustrativas.<\/p>\n","protected":false},"featured_media":6260,"comment_status":"open","ping_status":"closed","template":"","meta":{"site-sidebar-layout":"default","site-content-layout":"default","ast-site-content-layout":"","site-content-style":"default","site-sidebar-style":"default","ast-global-header-display":"","ast-banner-title-visibility":"","ast-main-header-display":"","ast-hfb-above-header-display":"","ast-hfb-below-header-display":"","ast-hfb-mobile-header-display":"","site-post-title":"","ast-breadcrumbs-content":"","ast-featured-img":"","footer-sml-layout":"","theme-transparent-header-meta":"default","adv-header-id-meta":"","stick-header-meta":"","header-above-stick-meta":"","header-main-stick-meta":"","header-below-stick-meta":"","astra-migrate-meta-layouts":"default","ast-page-background-enabled":"default","ast-page-background-meta":{"desktop":{"background-color":"var(--ast-global-color-4)","background-image":"","background-repeat":"repeat","background-position":"center center","background-size":"auto","background-attachment":"scroll","background-type":"","background-media":"","overlay-type":"","overlay-color":"","overlay-opacity":"","overlay-gradient":""},"tablet":{"background-color":"","background-image":"","background-repeat":"repeat","background-position":"center center","background-size":"auto","background-attachment":"scroll","background-type":"","background-media":"","overlay-type":"","overlay-color":"","overlay-opacity":"","overlay-gradient":""},"mobile":{"background-color":"","background-image":"","background-repeat":"repeat","background-position":"center center","background-size":"auto","background-attachment":"scroll","background-type":"","background-media":"","overlay-type":"","overlay-color":"","overlay-opacity":"","overlay-gradient":""}},"ast-content-background-meta":{"desktop":{"background-color":"var(--ast-global-color-5)","background-image":"","background-repeat":"repeat","background-position":"center center","background-size":"auto","background-attachment":"scroll","background-type":"","background-media":"","overlay-type":"","overlay-color":"","overlay-opacity":"","overlay-gradient":""},"tablet":{"background-color":"var(--ast-global-color-5)","background-image":"","background-repeat":"repeat","background-position":"center center","background-size":"auto","background-attachment":"scroll","background-type":"","background-media":"","overlay-type":"","overlay-color":"","overlay-opacity":"","overlay-gradient":""},"mobile":{"background-color":"var(--ast-global-color-5)","background-image":"","background-repeat":"repeat","background-position":"center center","background-size":"auto","background-attachment":"scroll","background-type":"","background-media":"","overlay-type":"","overlay-color":"","overlay-opacity":"","overlay-gradient":""}}},"product_brand":[],"product_cat":[131],"product_tag":[304,303,296,133,302,295,85],"class_list":{"0":"post-6259","1":"product","2":"type-product","3":"status-publish","4":"has-post-thumbnail","6":"product_cat-saco-termico","7":"product_tag-churrasquinho","8":"product_tag-embalagemchurrasco","9":"product_tag-embalagemtermica","10":"product_tag-espetinho","11":"product_tag-sacoespetinho","12":"product_tag-sacotermico","13":"product_tag-kmembalagens","14":"desktop-align-left","15":"tablet-align-left","16":"mobile-align-left","18":"first","19":"instock","20":"taxable","21":"shipping-taxable","22":"purchasable","23":"product-type-simple"},"yoast_head":"<!-- This site is optimized with the Yoast SEO plugin v27.2 - https:\/\/yoast.com\/product\/yoast-seo-wordpress\/ -->\n<title>Saco t\u00e9rmico metal espetinho liso c\/200 unidades - KM Embalagens<\/title>\n<meta name=\"robots\" content=\"index, follow, max-snippet:-1, max-image-preview:large, max-video-preview:-1\" \/>\n<link rel=\"canonical\" href=\"https:\/\/kmembalagens.com.br\/index.php\/produto\/saco-termico-metal-espetinho-liso-c-200-unidades\/\" \/>\n<meta property=\"og:locale\" content=\"pt_BR\" \/>\n<meta property=\"og:type\" content=\"article\" \/>\n<meta property=\"og:title\" content=\"Saco t\u00e9rmico metal espetinho liso c\/200 unidades - KM Embalagens\" \/>\n<meta property=\"og:description\" content=\"Embalagem T\u00e9rmica para espetinhos - 200 unidades  A Embalagem para Espetinho t\u00e9rmica traz o que h\u00e1 de mais inovador no mercado de embalagens para delivery, pois trata-se de um produto que oferece condi\u00e7\u00f5es mais adequadas para a higiene e transporte do alimento. sem que perca sua temperatura ou que haja vazamentos,pois cont\u00e9m uma aba com pel\u00edcula adesiva, que permite o fechamento da embalagem.  Benef\u00edcios: - Resistente - Pr\u00e1tica: Aba com pel\u00edcula adesiva - Higi\u00eanica: Material pr\u00f3prio para alimentos - Moderna e Bonita: Agrega valor ao seu produto  Quantidade: 200 unidades  Dimens\u00e3o do produto: 13,5C X 36P  Imagens ilustrativas.\" \/>\n<meta property=\"og:url\" content=\"https:\/\/kmembalagens.com.br\/index.php\/produto\/saco-termico-metal-espetinho-liso-c-200-unidades\/\" \/>\n<meta property=\"og:site_name\" content=\"KM Embalagens\" \/>\n<meta property=\"article:modified_time\" content=\"2025-02-03T21:26:26+00:00\" \/>\n<meta property=\"og:image\" content=\"https:\/\/kmembalagens.com.br\/wp-content\/uploads\/2023\/08\/CAPA-11199-scaled.jpg\" \/>\n\t<meta property=\"og:image:width\" content=\"1811\" \/>\n\t<meta property=\"og:image:height\" content=\"2560\" \/>\n\t<meta property=\"og:image:type\" content=\"image\/jpeg\" \/>\n<meta name=\"twitter:card\" content=\"summary_large_image\" \/>\n<script type=\"application\/ld+json\" class=\"yoast-schema-graph\">{\"@context\":\"https:\/\/schema.org\",\"@graph\":[{\"@type\":\"WebPage\",\"@id\":\"https:\/\/kmembalagens.com.br\/index.php\/produto\/saco-termico-metal-espetinho-liso-c-200-unidades\/\",\"url\":\"https:\/\/kmembalagens.com.br\/index.php\/produto\/saco-termico-metal-espetinho-liso-c-200-unidades\/\",\"name\":\"Saco t\u00e9rmico metal espetinho liso c\/200 unidades - KM Embalagens\",\"isPartOf\":{\"@id\":\"https:\/\/kmembalagens.com.br\/#website\"},\"primaryImageOfPage\":{\"@id\":\"https:\/\/kmembalagens.com.br\/index.php\/produto\/saco-termico-metal-espetinho-liso-c-200-unidades\/#primaryimage\"},\"image\":{\"@id\":\"https:\/\/kmembalagens.com.br\/index.php\/produto\/saco-termico-metal-espetinho-liso-c-200-unidades\/#primaryimage\"},\"thumbnailUrl\":\"https:\/\/kmembalagens.com.br\/wp-content\/uploads\/2023\/08\/CAPA-11199-scaled.jpg\",\"datePublished\":\"2023-08-10T23:55:38+00:00\",\"dateModified\":\"2025-02-03T21:26:26+00:00\",\"breadcrumb\":{\"@id\":\"https:\/\/kmembalagens.com.br\/index.php\/produto\/saco-termico-metal-espetinho-liso-c-200-unidades\/#breadcrumb\"},\"inLanguage\":\"pt-BR\",\"potentialAction\":[{\"@type\":\"ReadAction\",\"target\":[\"https:\/\/kmembalagens.com.br\/index.php\/produto\/saco-termico-metal-espetinho-liso-c-200-unidades\/\"]}]},{\"@type\":\"ImageObject\",\"inLanguage\":\"pt-BR\",\"@id\":\"https:\/\/kmembalagens.com.br\/index.php\/produto\/saco-termico-metal-espetinho-liso-c-200-unidades\/#primaryimage\",\"url\":\"https:\/\/kmembalagens.com.br\/wp-content\/uploads\/2023\/08\/CAPA-11199-scaled.jpg\",\"contentUrl\":\"https:\/\/kmembalagens.com.br\/wp-content\/uploads\/2023\/08\/CAPA-11199-scaled.jpg\",\"width\":1811,\"height\":2560},{\"@type\":\"BreadcrumbList\",\"@id\":\"https:\/\/kmembalagens.com.br\/index.php\/produto\/saco-termico-metal-espetinho-liso-c-200-unidades\/#breadcrumb\",\"itemListElement\":[{\"@type\":\"ListItem\",\"position\":1,\"name\":\"In\u00edcio\",\"item\":\"https:\/\/kmembalagens.com.br\/\"},{\"@type\":\"ListItem\",\"position\":2,\"name\":\"Saco t\u00e9rmico metal espetinho liso c\/200 unidades\"}]},{\"@type\":\"WebSite\",\"@id\":\"https:\/\/kmembalagens.com.br\/#website\",\"url\":\"https:\/\/kmembalagens.com.br\/\",\"name\":\"KM Embalagens\",\"description\":\"Tudo que precisa de embalagens\",\"publisher\":{\"@id\":\"https:\/\/kmembalagens.com.br\/#organization\"},\"potentialAction\":[{\"@type\":\"SearchAction\",\"target\":{\"@type\":\"EntryPoint\",\"urlTemplate\":\"https:\/\/kmembalagens.com.br\/?s={search_term_string}\"},\"query-input\":{\"@type\":\"PropertyValueSpecification\",\"valueRequired\":true,\"valueName\":\"search_term_string\"}}],\"inLanguage\":\"pt-BR\"},{\"@type\":\"Organization\",\"@id\":\"https:\/\/kmembalagens.com.br\/#organization\",\"name\":\"KM Embalagens\",\"url\":\"https:\/\/kmembalagens.com.br\/\",\"logo\":{\"@type\":\"ImageObject\",\"inLanguage\":\"pt-BR\",\"@id\":\"https:\/\/kmembalagens.com.br\/#\/schema\/logo\/image\/\",\"url\":\"https:\/\/kmembalagens.com.br\/wp-content\/uploads\/2020\/11\/cropped-cropped-KM-semfundo-2.png\",\"contentUrl\":\"https:\/\/kmembalagens.com.br\/wp-content\/uploads\/2020\/11\/cropped-cropped-KM-semfundo-2.png\",\"width\":1867,\"height\":1202,\"caption\":\"KM Embalagens\"},\"image\":{\"@id\":\"https:\/\/kmembalagens.com.br\/#\/schema\/logo\/image\/\"}}]}<\/script>\n<!-- \/ Yoast SEO plugin. -->","yoast_head_json":{"title":"Saco t\u00e9rmico metal espetinho liso c\/200 unidades - KM Embalagens","robots":{"index":"index","follow":"follow","max-snippet":"max-snippet:-1","max-image-preview":"max-image-preview:large","max-video-preview":"max-video-preview:-1"},"canonical":"https:\/\/kmembalagens.com.br\/index.php\/produto\/saco-termico-metal-espetinho-liso-c-200-unidades\/","og_locale":"pt_BR","og_type":"article","og_title":"Saco t\u00e9rmico metal espetinho liso c\/200 unidades - KM Embalagens","og_description":"Embalagem T\u00e9rmica para espetinhos - 200 unidades  A Embalagem para Espetinho t\u00e9rmica traz o que h\u00e1 de mais inovador no mercado de embalagens para delivery, pois trata-se de um produto que oferece condi\u00e7\u00f5es mais adequadas para a higiene e transporte do alimento. sem que perca sua temperatura ou que haja vazamentos,pois cont\u00e9m uma aba com pel\u00edcula adesiva, que permite o fechamento da embalagem.  Benef\u00edcios: - Resistente - Pr\u00e1tica: Aba com pel\u00edcula adesiva - Higi\u00eanica: Material pr\u00f3prio para alimentos - Moderna e Bonita: Agrega valor ao seu produto  Quantidade: 200 unidades  Dimens\u00e3o do produto: 13,5C X 36P  Imagens ilustrativas.","og_url":"https:\/\/kmembalagens.com.br\/index.php\/produto\/saco-termico-metal-espetinho-liso-c-200-unidades\/","og_site_name":"KM Embalagens","article_modified_time":"2025-02-03T21:26:26+00:00","og_image":[{"width":1811,"height":2560,"url":"https:\/\/kmembalagens.com.br\/wp-content\/uploads\/2023\/08\/CAPA-11199-scaled.jpg","type":"image\/jpeg"}],"twitter_card":"summary_large_image","schema":{"@context":"https:\/\/schema.org","@graph":[{"@type":"WebPage","@id":"https:\/\/kmembalagens.com.br\/index.php\/produto\/saco-termico-metal-espetinho-liso-c-200-unidades\/","url":"https:\/\/kmembalagens.com.br\/index.php\/produto\/saco-termico-metal-espetinho-liso-c-200-unidades\/","name":"Saco t\u00e9rmico metal espetinho liso c\/200 unidades - KM Embalagens","isPartOf":{"@id":"https:\/\/kmembalagens.com.br\/#website"},"primaryImageOfPage":{"@id":"https:\/\/kmembalagens.com.br\/index.php\/produto\/saco-termico-metal-espetinho-liso-c-200-unidades\/#primaryimage"},"image":{"@id":"https:\/\/kmembalagens.com.br\/index.php\/produto\/saco-termico-metal-espetinho-liso-c-200-unidades\/#primaryimage"},"thumbnailUrl":"https:\/\/kmembalagens.com.br\/wp-content\/uploads\/2023\/08\/CAPA-11199-scaled.jpg","datePublished":"2023-08-10T23:55:38+00:00","dateModified":"2025-02-03T21:26:26+00:00","breadcrumb":{"@id":"https:\/\/kmembalagens.com.br\/index.php\/produto\/saco-termico-metal-espetinho-liso-c-200-unidades\/#breadcrumb"},"inLanguage":"pt-BR","potentialAction":[{"@type":"ReadAction","target":["https:\/\/kmembalagens.com.br\/index.php\/produto\/saco-termico-metal-espetinho-liso-c-200-unidades\/"]}]},{"@type":"ImageObject","inLanguage":"pt-BR","@id":"https:\/\/kmembalagens.com.br\/index.php\/produto\/saco-termico-metal-espetinho-liso-c-200-unidades\/#primaryimage","url":"https:\/\/kmembalagens.com.br\/wp-content\/uploads\/2023\/08\/CAPA-11199-scaled.jpg","contentUrl":"https:\/\/kmembalagens.com.br\/wp-content\/uploads\/2023\/08\/CAPA-11199-scaled.jpg","width":1811,"height":2560},{"@type":"BreadcrumbList","@id":"https:\/\/kmembalagens.com.br\/index.php\/produto\/saco-termico-metal-espetinho-liso-c-200-unidades\/#breadcrumb","itemListElement":[{"@type":"ListItem","position":1,"name":"In\u00edcio","item":"https:\/\/kmembalagens.com.br\/"},{"@type":"ListItem","position":2,"name":"Saco t\u00e9rmico metal espetinho liso c\/200 unidades"}]},{"@type":"WebSite","@id":"https:\/\/kmembalagens.com.br\/#website","url":"https:\/\/kmembalagens.com.br\/","name":"KM Embalagens","description":"Tudo que precisa de embalagens","publisher":{"@id":"https:\/\/kmembalagens.com.br\/#organization"},"potentialAction":[{"@type":"SearchAction","target":{"@type":"EntryPoint","urlTemplate":"https:\/\/kmembalagens.com.br\/?s={search_term_string}"},"query-input":{"@type":"PropertyValueSpecification","valueRequired":true,"valueName":"search_term_string"}}],"inLanguage":"pt-BR"},{"@type":"Organization","@id":"https:\/\/kmembalagens.com.br\/#organization","name":"KM Embalagens","url":"https:\/\/kmembalagens.com.br\/","logo":{"@type":"ImageObject","inLanguage":"pt-BR","@id":"https:\/\/kmembalagens.com.br\/#\/schema\/logo\/image\/","url":"https:\/\/kmembalagens.com.br\/wp-content\/uploads\/2020\/11\/cropped-cropped-KM-semfundo-2.png","contentUrl":"https:\/\/kmembalagens.com.br\/wp-content\/uploads\/2020\/11\/cropped-cropped-KM-semfundo-2.png","width":1867,"height":1202,"caption":"KM Embalagens"},"image":{"@id":"https:\/\/kmembalagens.com.br\/#\/schema\/logo\/image\/"}}]}},"_links":{"self":[{"href":"https:\/\/kmembalagens.com.br\/index.php\/wp-json\/wp\/v2\/product\/6259","targetHints":{"allow":["GET"]}}],"collection":[{"href":"https:\/\/kmembalagens.com.br\/index.php\/wp-json\/wp\/v2\/product"}],"about":[{"href":"https:\/\/kmembalagens.com.br\/index.php\/wp-json\/wp\/v2\/types\/product"}],"replies":[{"embeddable":true,"href":"https:\/\/kmembalagens.com.br\/index.php\/wp-json\/wp\/v2\/comments?post=6259"}],"wp:featuredmedia":[{"embeddable":true,"href":"https:\/\/kmembalagens.com.br\/index.php\/wp-json\/wp\/v2\/media\/6260"}],"wp:attachment":[{"href":"https:\/\/kmembalagens.com.br\/index.php\/wp-json\/wp\/v2\/media?parent=6259"}],"wp:term":[{"taxonomy":"product_brand","embeddable":true,"href":"https:\/\/kmembalagens.com.br\/index.php\/wp-json\/wp\/v2\/product_brand?post=6259"},{"taxonomy":"product_cat","embeddable":true,"href":"https:\/\/kmembalagens.com.br\/index.php\/wp-json\/wp\/v2\/product_cat?post=6259"},{"taxonomy":"product_tag","embeddable":true,"href":"https:\/\/kmembalagens.com.br\/index.php\/wp-json\/wp\/v2\/product_tag?post=6259"}],"curies":[{"name":"wp","href":"https:\/\/api.w.org\/{rel}","templated":true}]}}