{"id":6118,"date":"2023-07-28T20:30:58","date_gmt":"2023-07-28T23:30:58","guid":{"rendered":"https:\/\/kmembalagens.com.br\/?post_type=product&#038;p=6118"},"modified":"2024-12-11T18:48:03","modified_gmt":"2024-12-11T21:48:03","slug":"bandeja-forneavel-500-ml-c-tampa-100-unidades","status":"publish","type":"product","link":"https:\/\/kmembalagens.com.br\/index.php\/produto\/bandeja-forneavel-500-ml-c-tampa-100-unidades\/","title":{"rendered":"Bandeja Forne\u00e1vel  500 ml c\/tampa  100 unidades"},"content":{"rendered":"","protected":false},"excerpt":{"rendered":"<p>Bandeja Forne\u00e1vel 500 ml &#8211; 100 unidades<\/p>\n<p>Embalagens forne\u00e1veis que permitem congelamento e aquecimento, ideais para armazenamento, transporte e preparo dos alimentos.<\/p>\n<p>&#8220;No Forno \u00e9 melhor&#8221; destaca o proncipal diferencial das embalagens da linha Forno, que \u00e9a capacidade de ir ao forno el\u00e9trico, convencional e air fryer.<\/p>\n<p>Preparar as receotas no forno preserva o sabor natural, a textura e a croc\u00e2ncia dos alimentos, deixando todas as refei\u00e7\u00f5es mais especiais e com gostinho de almo\u00e7o de domingo em fam\u00edlia.<\/p>\n<p>Permite congelamento de at\u00e9 &#8211; 30\u00b0C e aquecimento de at\u00e9 205\u00b0C.<\/p>\n<p>Possibilidades de uso: comida-congelada, delivery, freezer, lasagna, micro-ondas, tele-entrega.<\/p>\n<p>Ref.: G 206<\/p>\n<p>Dimens\u00f5es<br \/>\n&#8211; Interna: 137 x 100 x 40 mm<br \/>\n&#8211; Externa: 165 x 127 x 57 mm<\/p>\n<p>Cor<br \/>\n&#8211; Tampa: cristal<br \/>\n&#8211; Base: preta<\/p>\n<p>Material<br \/>\n&#8211; Tampa: PET<br \/>\n&#8211; Base: CPET<\/p>\n<p>Quantidade: 100 unidades (bandeja + tampa)<\/p>\n<p>Imagens ilustrativas.<\/p>\n","protected":false},"featured_media":6112,"comment_status":"open","ping_status":"closed","template":"","meta":{"site-sidebar-layout":"default","site-content-layout":"default","ast-site-content-layout":"","site-content-style":"default","site-sidebar-style":"default","ast-global-header-display":"","ast-banner-title-visibility":"","ast-main-header-display":"","ast-hfb-above-header-display":"","ast-hfb-below-header-display":"","ast-hfb-mobile-header-display":"","site-post-title":"","ast-breadcrumbs-content":"","ast-featured-img":"","footer-sml-layout":"","theme-transparent-header-meta":"default","adv-header-id-meta":"","stick-header-meta":"","header-above-stick-meta":"","header-main-stick-meta":"","header-below-stick-meta":"","astra-migrate-meta-layouts":"default","ast-page-background-enabled":"default","ast-page-background-meta":{"desktop":{"background-color":"var(--ast-global-color-4)","background-image":"","background-repeat":"repeat","background-position":"center center","background-size":"auto","background-attachment":"scroll","background-type":"","background-media":"","overlay-type":"","overlay-color":"","overlay-opacity":"","overlay-gradient":""},"tablet":{"background-color":"","background-image":"","background-repeat":"repeat","background-position":"center center","background-size":"auto","background-attachment":"scroll","background-type":"","background-media":"","overlay-type":"","overlay-color":"","overlay-opacity":"","overlay-gradient":""},"mobile":{"background-color":"","background-image":"","background-repeat":"repeat","background-position":"center center","background-size":"auto","background-attachment":"scroll","background-type":"","background-media":"","overlay-type":"","overlay-color":"","overlay-opacity":"","overlay-gradient":""}},"ast-content-background-meta":{"desktop":{"background-color":"var(--ast-global-color-5)","background-image":"","background-repeat":"repeat","background-position":"center center","background-size":"auto","background-attachment":"scroll","background-type":"","background-media":"","overlay-type":"","overlay-color":"","overlay-opacity":"","overlay-gradient":""},"tablet":{"background-color":"var(--ast-global-color-5)","background-image":"","background-repeat":"repeat","background-position":"center center","background-size":"auto","background-attachment":"scroll","background-type":"","background-media":"","overlay-type":"","overlay-color":"","overlay-opacity":"","overlay-gradient":""},"mobile":{"background-color":"var(--ast-global-color-5)","background-image":"","background-repeat":"repeat","background-position":"center center","background-size":"auto","background-attachment":"scroll","background-type":"","background-media":"","overlay-type":"","overlay-color":"","overlay-opacity":"","overlay-gradient":""}}},"product_brand":[],"product_cat":[22],"product_tag":[577,760,287,758,759,86,761],"class_list":{"0":"post-6118","1":"product","2":"type-product","3":"status-publish","4":"has-post-thumbnail","6":"product_cat-bandejas","7":"product_tag-bandejaforneavel","8":"product_tag-comidacongelada","9":"product_tag-galvanotek","10":"product_tag-poteforneavel","11":"product_tag-vaiaoforno","12":"product_tag-delivery","13":"product_tag-kmemba","14":"desktop-align-left","15":"tablet-align-left","16":"mobile-align-left","18":"first","19":"instock","20":"taxable","21":"shipping-taxable","22":"purchasable","23":"product-type-simple"},"yoast_head":"<!-- This site is optimized with the Yoast SEO plugin v27.2 - https:\/\/yoast.com\/product\/yoast-seo-wordpress\/ -->\n<title>Bandeja Forne\u00e1vel 500 ml c\/tampa 100 unidades - KM Embalagens<\/title>\n<meta name=\"robots\" content=\"index, follow, max-snippet:-1, max-image-preview:large, max-video-preview:-1\" \/>\n<link rel=\"canonical\" href=\"https:\/\/kmembalagens.com.br\/index.php\/produto\/bandeja-forneavel-500-ml-c-tampa-100-unidades\/\" \/>\n<meta property=\"og:locale\" content=\"pt_BR\" \/>\n<meta property=\"og:type\" content=\"article\" \/>\n<meta property=\"og:title\" content=\"Bandeja Forne\u00e1vel 500 ml c\/tampa 100 unidades - KM Embalagens\" \/>\n<meta property=\"og:description\" content=\"Bandeja Forne\u00e1vel 500 ml - 100 unidades  Embalagens forne\u00e1veis que permitem congelamento e aquecimento, ideais para armazenamento, transporte e preparo dos alimentos.  &quot;No Forno \u00e9 melhor&quot; destaca o proncipal diferencial das embalagens da linha Forno, que \u00e9a capacidade de ir ao forno el\u00e9trico, convencional e air fryer.  Preparar as receotas no forno preserva o sabor natural, a textura e a croc\u00e2ncia dos alimentos, deixando todas as refei\u00e7\u00f5es mais especiais e com gostinho de almo\u00e7o de domingo em fam\u00edlia.  Permite congelamento de at\u00e9 - 30\u00b0C e aquecimento de at\u00e9 205\u00b0C.  Possibilidades de uso: comida-congelada, delivery, freezer, lasagna, micro-ondas, tele-entrega.  Ref.: G 206  Dimens\u00f5es - Interna: 137 x 100 x 40 mm - Externa: 165 x 127 x 57 mm  Cor - Tampa: cristal  - Base: preta  Material - Tampa: PET  - Base: CPET  Quantidade: 100 unidades (bandeja + tampa)  Imagens ilustrativas.\" \/>\n<meta property=\"og:url\" content=\"https:\/\/kmembalagens.com.br\/index.php\/produto\/bandeja-forneavel-500-ml-c-tampa-100-unidades\/\" \/>\n<meta property=\"og:site_name\" content=\"KM Embalagens\" \/>\n<meta property=\"article:modified_time\" content=\"2024-12-11T21:48:03+00:00\" \/>\n<meta property=\"og:image\" content=\"https:\/\/kmembalagens.com.br\/wp-content\/uploads\/2023\/07\/CAPA-17054-scaled.jpg\" \/>\n\t<meta property=\"og:image:width\" content=\"1811\" \/>\n\t<meta property=\"og:image:height\" content=\"2560\" \/>\n\t<meta property=\"og:image:type\" content=\"image\/jpeg\" \/>\n<meta name=\"twitter:card\" content=\"summary_large_image\" \/>\n<script type=\"application\/ld+json\" class=\"yoast-schema-graph\">{\"@context\":\"https:\/\/schema.org\",\"@graph\":[{\"@type\":\"WebPage\",\"@id\":\"https:\/\/kmembalagens.com.br\/index.php\/produto\/bandeja-forneavel-500-ml-c-tampa-100-unidades\/\",\"url\":\"https:\/\/kmembalagens.com.br\/index.php\/produto\/bandeja-forneavel-500-ml-c-tampa-100-unidades\/\",\"name\":\"Bandeja Forne\u00e1vel 500 ml c\/tampa 100 unidades - KM Embalagens\",\"isPartOf\":{\"@id\":\"https:\/\/kmembalagens.com.br\/#website\"},\"primaryImageOfPage\":{\"@id\":\"https:\/\/kmembalagens.com.br\/index.php\/produto\/bandeja-forneavel-500-ml-c-tampa-100-unidades\/#primaryimage\"},\"image\":{\"@id\":\"https:\/\/kmembalagens.com.br\/index.php\/produto\/bandeja-forneavel-500-ml-c-tampa-100-unidades\/#primaryimage\"},\"thumbnailUrl\":\"https:\/\/kmembalagens.com.br\/wp-content\/uploads\/2023\/07\/CAPA-17054-scaled.jpg\",\"datePublished\":\"2023-07-28T23:30:58+00:00\",\"dateModified\":\"2024-12-11T21:48:03+00:00\",\"breadcrumb\":{\"@id\":\"https:\/\/kmembalagens.com.br\/index.php\/produto\/bandeja-forneavel-500-ml-c-tampa-100-unidades\/#breadcrumb\"},\"inLanguage\":\"pt-BR\",\"potentialAction\":[{\"@type\":\"ReadAction\",\"target\":[\"https:\/\/kmembalagens.com.br\/index.php\/produto\/bandeja-forneavel-500-ml-c-tampa-100-unidades\/\"]}]},{\"@type\":\"ImageObject\",\"inLanguage\":\"pt-BR\",\"@id\":\"https:\/\/kmembalagens.com.br\/index.php\/produto\/bandeja-forneavel-500-ml-c-tampa-100-unidades\/#primaryimage\",\"url\":\"https:\/\/kmembalagens.com.br\/wp-content\/uploads\/2023\/07\/CAPA-17054-scaled.jpg\",\"contentUrl\":\"https:\/\/kmembalagens.com.br\/wp-content\/uploads\/2023\/07\/CAPA-17054-scaled.jpg\",\"width\":1811,\"height\":2560},{\"@type\":\"BreadcrumbList\",\"@id\":\"https:\/\/kmembalagens.com.br\/index.php\/produto\/bandeja-forneavel-500-ml-c-tampa-100-unidades\/#breadcrumb\",\"itemListElement\":[{\"@type\":\"ListItem\",\"position\":1,\"name\":\"In\u00edcio\",\"item\":\"https:\/\/kmembalagens.com.br\/\"},{\"@type\":\"ListItem\",\"position\":2,\"name\":\"Bandeja Forne\u00e1vel 500 ml c\/tampa 100 unidades\"}]},{\"@type\":\"WebSite\",\"@id\":\"https:\/\/kmembalagens.com.br\/#website\",\"url\":\"https:\/\/kmembalagens.com.br\/\",\"name\":\"KM Embalagens\",\"description\":\"Tudo que precisa de embalagens\",\"publisher\":{\"@id\":\"https:\/\/kmembalagens.com.br\/#organization\"},\"potentialAction\":[{\"@type\":\"SearchAction\",\"target\":{\"@type\":\"EntryPoint\",\"urlTemplate\":\"https:\/\/kmembalagens.com.br\/?s={search_term_string}\"},\"query-input\":{\"@type\":\"PropertyValueSpecification\",\"valueRequired\":true,\"valueName\":\"search_term_string\"}}],\"inLanguage\":\"pt-BR\"},{\"@type\":\"Organization\",\"@id\":\"https:\/\/kmembalagens.com.br\/#organization\",\"name\":\"KM Embalagens\",\"url\":\"https:\/\/kmembalagens.com.br\/\",\"logo\":{\"@type\":\"ImageObject\",\"inLanguage\":\"pt-BR\",\"@id\":\"https:\/\/kmembalagens.com.br\/#\/schema\/logo\/image\/\",\"url\":\"https:\/\/kmembalagens.com.br\/wp-content\/uploads\/2020\/11\/cropped-cropped-KM-semfundo-2.png\",\"contentUrl\":\"https:\/\/kmembalagens.com.br\/wp-content\/uploads\/2020\/11\/cropped-cropped-KM-semfundo-2.png\",\"width\":1867,\"height\":1202,\"caption\":\"KM Embalagens\"},\"image\":{\"@id\":\"https:\/\/kmembalagens.com.br\/#\/schema\/logo\/image\/\"}}]}<\/script>\n<!-- \/ Yoast SEO plugin. -->","yoast_head_json":{"title":"Bandeja Forne\u00e1vel 500 ml c\/tampa 100 unidades - KM Embalagens","robots":{"index":"index","follow":"follow","max-snippet":"max-snippet:-1","max-image-preview":"max-image-preview:large","max-video-preview":"max-video-preview:-1"},"canonical":"https:\/\/kmembalagens.com.br\/index.php\/produto\/bandeja-forneavel-500-ml-c-tampa-100-unidades\/","og_locale":"pt_BR","og_type":"article","og_title":"Bandeja Forne\u00e1vel 500 ml c\/tampa 100 unidades - KM Embalagens","og_description":"Bandeja Forne\u00e1vel 500 ml - 100 unidades  Embalagens forne\u00e1veis que permitem congelamento e aquecimento, ideais para armazenamento, transporte e preparo dos alimentos.  \"No Forno \u00e9 melhor\" destaca o proncipal diferencial das embalagens da linha Forno, que \u00e9a capacidade de ir ao forno el\u00e9trico, convencional e air fryer.  Preparar as receotas no forno preserva o sabor natural, a textura e a croc\u00e2ncia dos alimentos, deixando todas as refei\u00e7\u00f5es mais especiais e com gostinho de almo\u00e7o de domingo em fam\u00edlia.  Permite congelamento de at\u00e9 - 30\u00b0C e aquecimento de at\u00e9 205\u00b0C.  Possibilidades de uso: comida-congelada, delivery, freezer, lasagna, micro-ondas, tele-entrega.  Ref.: G 206  Dimens\u00f5es - Interna: 137 x 100 x 40 mm - Externa: 165 x 127 x 57 mm  Cor - Tampa: cristal  - Base: preta  Material - Tampa: PET  - Base: CPET  Quantidade: 100 unidades (bandeja + tampa)  Imagens ilustrativas.","og_url":"https:\/\/kmembalagens.com.br\/index.php\/produto\/bandeja-forneavel-500-ml-c-tampa-100-unidades\/","og_site_name":"KM Embalagens","article_modified_time":"2024-12-11T21:48:03+00:00","og_image":[{"width":1811,"height":2560,"url":"https:\/\/kmembalagens.com.br\/wp-content\/uploads\/2023\/07\/CAPA-17054-scaled.jpg","type":"image\/jpeg"}],"twitter_card":"summary_large_image","schema":{"@context":"https:\/\/schema.org","@graph":[{"@type":"WebPage","@id":"https:\/\/kmembalagens.com.br\/index.php\/produto\/bandeja-forneavel-500-ml-c-tampa-100-unidades\/","url":"https:\/\/kmembalagens.com.br\/index.php\/produto\/bandeja-forneavel-500-ml-c-tampa-100-unidades\/","name":"Bandeja Forne\u00e1vel 500 ml c\/tampa 100 unidades - KM Embalagens","isPartOf":{"@id":"https:\/\/kmembalagens.com.br\/#website"},"primaryImageOfPage":{"@id":"https:\/\/kmembalagens.com.br\/index.php\/produto\/bandeja-forneavel-500-ml-c-tampa-100-unidades\/#primaryimage"},"image":{"@id":"https:\/\/kmembalagens.com.br\/index.php\/produto\/bandeja-forneavel-500-ml-c-tampa-100-unidades\/#primaryimage"},"thumbnailUrl":"https:\/\/kmembalagens.com.br\/wp-content\/uploads\/2023\/07\/CAPA-17054-scaled.jpg","datePublished":"2023-07-28T23:30:58+00:00","dateModified":"2024-12-11T21:48:03+00:00","breadcrumb":{"@id":"https:\/\/kmembalagens.com.br\/index.php\/produto\/bandeja-forneavel-500-ml-c-tampa-100-unidades\/#breadcrumb"},"inLanguage":"pt-BR","potentialAction":[{"@type":"ReadAction","target":["https:\/\/kmembalagens.com.br\/index.php\/produto\/bandeja-forneavel-500-ml-c-tampa-100-unidades\/"]}]},{"@type":"ImageObject","inLanguage":"pt-BR","@id":"https:\/\/kmembalagens.com.br\/index.php\/produto\/bandeja-forneavel-500-ml-c-tampa-100-unidades\/#primaryimage","url":"https:\/\/kmembalagens.com.br\/wp-content\/uploads\/2023\/07\/CAPA-17054-scaled.jpg","contentUrl":"https:\/\/kmembalagens.com.br\/wp-content\/uploads\/2023\/07\/CAPA-17054-scaled.jpg","width":1811,"height":2560},{"@type":"BreadcrumbList","@id":"https:\/\/kmembalagens.com.br\/index.php\/produto\/bandeja-forneavel-500-ml-c-tampa-100-unidades\/#breadcrumb","itemListElement":[{"@type":"ListItem","position":1,"name":"In\u00edcio","item":"https:\/\/kmembalagens.com.br\/"},{"@type":"ListItem","position":2,"name":"Bandeja Forne\u00e1vel 500 ml c\/tampa 100 unidades"}]},{"@type":"WebSite","@id":"https:\/\/kmembalagens.com.br\/#website","url":"https:\/\/kmembalagens.com.br\/","name":"KM Embalagens","description":"Tudo que precisa de embalagens","publisher":{"@id":"https:\/\/kmembalagens.com.br\/#organization"},"potentialAction":[{"@type":"SearchAction","target":{"@type":"EntryPoint","urlTemplate":"https:\/\/kmembalagens.com.br\/?s={search_term_string}"},"query-input":{"@type":"PropertyValueSpecification","valueRequired":true,"valueName":"search_term_string"}}],"inLanguage":"pt-BR"},{"@type":"Organization","@id":"https:\/\/kmembalagens.com.br\/#organization","name":"KM Embalagens","url":"https:\/\/kmembalagens.com.br\/","logo":{"@type":"ImageObject","inLanguage":"pt-BR","@id":"https:\/\/kmembalagens.com.br\/#\/schema\/logo\/image\/","url":"https:\/\/kmembalagens.com.br\/wp-content\/uploads\/2020\/11\/cropped-cropped-KM-semfundo-2.png","contentUrl":"https:\/\/kmembalagens.com.br\/wp-content\/uploads\/2020\/11\/cropped-cropped-KM-semfundo-2.png","width":1867,"height":1202,"caption":"KM Embalagens"},"image":{"@id":"https:\/\/kmembalagens.com.br\/#\/schema\/logo\/image\/"}}]}},"_links":{"self":[{"href":"https:\/\/kmembalagens.com.br\/index.php\/wp-json\/wp\/v2\/product\/6118","targetHints":{"allow":["GET"]}}],"collection":[{"href":"https:\/\/kmembalagens.com.br\/index.php\/wp-json\/wp\/v2\/product"}],"about":[{"href":"https:\/\/kmembalagens.com.br\/index.php\/wp-json\/wp\/v2\/types\/product"}],"replies":[{"embeddable":true,"href":"https:\/\/kmembalagens.com.br\/index.php\/wp-json\/wp\/v2\/comments?post=6118"}],"wp:featuredmedia":[{"embeddable":true,"href":"https:\/\/kmembalagens.com.br\/index.php\/wp-json\/wp\/v2\/media\/6112"}],"wp:attachment":[{"href":"https:\/\/kmembalagens.com.br\/index.php\/wp-json\/wp\/v2\/media?parent=6118"}],"wp:term":[{"taxonomy":"product_brand","embeddable":true,"href":"https:\/\/kmembalagens.com.br\/index.php\/wp-json\/wp\/v2\/product_brand?post=6118"},{"taxonomy":"product_cat","embeddable":true,"href":"https:\/\/kmembalagens.com.br\/index.php\/wp-json\/wp\/v2\/product_cat?post=6118"},{"taxonomy":"product_tag","embeddable":true,"href":"https:\/\/kmembalagens.com.br\/index.php\/wp-json\/wp\/v2\/product_tag?post=6118"}],"curies":[{"name":"wp","href":"https:\/\/api.w.org\/{rel}","templated":true}]}}