{"id":5914,"date":"2023-07-19T16:29:58","date_gmt":"2023-07-19T19:29:58","guid":{"rendered":"https:\/\/kmembalagens.com.br\/?post_type=product&#038;p=5914"},"modified":"2025-10-16T20:06:16","modified_gmt":"2025-10-16T23:06:16","slug":"taca-florenca-130-ml-c-06-unidades","status":"publish","type":"product","link":"https:\/\/kmembalagens.com.br\/index.php\/produto\/taca-florenca-130-ml-c-06-unidades\/","title":{"rendered":"Ta\u00e7a Floren\u00e7a 130 ml c\/06 unidades"},"content":{"rendered":"","protected":false},"excerpt":{"rendered":"<p>Ta\u00e7a Floren\u00e7a cristal 130 ml &#8211; 06 unidades<\/p>\n<p>Ideal para armazenar diversos tipos de sobremesas em geral.<\/p>\n<p>Dimens\u00f5es internas:<br \/>\n&#8211; 86 mm altura<br \/>\n&#8211; 64 mm di\u00e2metro<\/p>\n<p>Mat\u00e9ria Prima: PS<\/p>\n<p>Cor: cristal<\/p>\n<p>Quantidade: 06 unidades<\/p>\n<p>Imagens ilustrativas.<\/p>\n","protected":false},"featured_media":5915,"comment_status":"open","ping_status":"closed","template":"","meta":{"site-sidebar-layout":"default","site-content-layout":"default","ast-site-content-layout":"","site-content-style":"default","site-sidebar-style":"default","ast-global-header-display":"","ast-banner-title-visibility":"","ast-main-header-display":"","ast-hfb-above-header-display":"","ast-hfb-below-header-display":"","ast-hfb-mobile-header-display":"","site-post-title":"","ast-breadcrumbs-content":"","ast-featured-img":"","footer-sml-layout":"","theme-transparent-header-meta":"default","adv-header-id-meta":"","stick-header-meta":"","header-above-stick-meta":"","header-main-stick-meta":"","header-below-stick-meta":"","astra-migrate-meta-layouts":"default","ast-page-background-enabled":"default","ast-page-background-meta":{"desktop":{"background-color":"var(--ast-global-color-4)","background-image":"","background-repeat":"repeat","background-position":"center center","background-size":"auto","background-attachment":"scroll","background-type":"","background-media":"","overlay-type":"","overlay-color":"","overlay-opacity":"","overlay-gradient":""},"tablet":{"background-color":"","background-image":"","background-repeat":"repeat","background-position":"center center","background-size":"auto","background-attachment":"scroll","background-type":"","background-media":"","overlay-type":"","overlay-color":"","overlay-opacity":"","overlay-gradient":""},"mobile":{"background-color":"","background-image":"","background-repeat":"repeat","background-position":"center center","background-size":"auto","background-attachment":"scroll","background-type":"","background-media":"","overlay-type":"","overlay-color":"","overlay-opacity":"","overlay-gradient":""}},"ast-content-background-meta":{"desktop":{"background-color":"var(--ast-global-color-5)","background-image":"","background-repeat":"repeat","background-position":"center center","background-size":"auto","background-attachment":"scroll","background-type":"","background-media":"","overlay-type":"","overlay-color":"","overlay-opacity":"","overlay-gradient":""},"tablet":{"background-color":"var(--ast-global-color-5)","background-image":"","background-repeat":"repeat","background-position":"center center","background-size":"auto","background-attachment":"scroll","background-type":"","background-media":"","overlay-type":"","overlay-color":"","overlay-opacity":"","overlay-gradient":""},"mobile":{"background-color":"var(--ast-global-color-5)","background-image":"","background-repeat":"repeat","background-position":"center center","background-size":"auto","background-attachment":"scroll","background-type":"","background-media":"","overlay-type":"","overlay-color":"","overlay-opacity":"","overlay-gradient":""}}},"product_brand":[],"product_cat":[27],"product_tag":[518,750,752,751,749,85],"class_list":{"0":"post-5914","1":"product","2":"type-product","3":"status-publish","4":"has-post-thumbnail","6":"product_cat-copos-e-tacas","7":"product_tag-taca","8":"product_tag-taca130ml","9":"product_tag-tacadoce","10":"product_tag-tacamousse","11":"product_tag-tacasobremesa","12":"product_tag-kmembalagens","13":"desktop-align-left","14":"tablet-align-left","15":"mobile-align-left","17":"first","18":"instock","19":"taxable","20":"shipping-taxable","21":"purchasable","22":"product-type-simple"},"yoast_head":"<!-- This site is optimized with the Yoast SEO plugin v27.2 - https:\/\/yoast.com\/product\/yoast-seo-wordpress\/ -->\n<title>Ta\u00e7a Floren\u00e7a 130 ml c\/06 unidades - KM Embalagens<\/title>\n<meta name=\"robots\" content=\"index, follow, max-snippet:-1, max-image-preview:large, max-video-preview:-1\" \/>\n<link rel=\"canonical\" href=\"https:\/\/kmembalagens.com.br\/index.php\/produto\/taca-florenca-130-ml-c-06-unidades\/\" \/>\n<meta property=\"og:locale\" content=\"pt_BR\" \/>\n<meta property=\"og:type\" content=\"article\" \/>\n<meta property=\"og:title\" content=\"Ta\u00e7a Floren\u00e7a 130 ml c\/06 unidades - KM Embalagens\" \/>\n<meta property=\"og:description\" content=\"Ta\u00e7a Floren\u00e7a cristal 130 ml - 06 unidades  Ideal para armazenar diversos tipos de sobremesas em geral.  Dimens\u00f5es internas: - 86 mm altura - 64 mm di\u00e2metro  Mat\u00e9ria Prima: PS  Cor: cristal  Quantidade: 06 unidades  Imagens ilustrativas.\" \/>\n<meta property=\"og:url\" content=\"https:\/\/kmembalagens.com.br\/index.php\/produto\/taca-florenca-130-ml-c-06-unidades\/\" \/>\n<meta property=\"og:site_name\" content=\"KM Embalagens\" \/>\n<meta property=\"article:modified_time\" content=\"2025-10-16T23:06:16+00:00\" \/>\n<meta property=\"og:image\" content=\"https:\/\/kmembalagens.com.br\/wp-content\/uploads\/2023\/07\/CAPA-1593-scaled.jpg\" \/>\n\t<meta property=\"og:image:width\" content=\"1811\" \/>\n\t<meta property=\"og:image:height\" content=\"2560\" \/>\n\t<meta property=\"og:image:type\" content=\"image\/jpeg\" \/>\n<meta name=\"twitter:card\" content=\"summary_large_image\" \/>\n<script type=\"application\/ld+json\" class=\"yoast-schema-graph\">{\"@context\":\"https:\/\/schema.org\",\"@graph\":[{\"@type\":\"WebPage\",\"@id\":\"https:\/\/kmembalagens.com.br\/index.php\/produto\/taca-florenca-130-ml-c-06-unidades\/\",\"url\":\"https:\/\/kmembalagens.com.br\/index.php\/produto\/taca-florenca-130-ml-c-06-unidades\/\",\"name\":\"Ta\u00e7a Floren\u00e7a 130 ml c\/06 unidades - KM Embalagens\",\"isPartOf\":{\"@id\":\"https:\/\/kmembalagens.com.br\/#website\"},\"primaryImageOfPage\":{\"@id\":\"https:\/\/kmembalagens.com.br\/index.php\/produto\/taca-florenca-130-ml-c-06-unidades\/#primaryimage\"},\"image\":{\"@id\":\"https:\/\/kmembalagens.com.br\/index.php\/produto\/taca-florenca-130-ml-c-06-unidades\/#primaryimage\"},\"thumbnailUrl\":\"https:\/\/kmembalagens.com.br\/wp-content\/uploads\/2023\/07\/CAPA-1593-scaled.jpg\",\"datePublished\":\"2023-07-19T19:29:58+00:00\",\"dateModified\":\"2025-10-16T23:06:16+00:00\",\"breadcrumb\":{\"@id\":\"https:\/\/kmembalagens.com.br\/index.php\/produto\/taca-florenca-130-ml-c-06-unidades\/#breadcrumb\"},\"inLanguage\":\"pt-BR\",\"potentialAction\":[{\"@type\":\"ReadAction\",\"target\":[\"https:\/\/kmembalagens.com.br\/index.php\/produto\/taca-florenca-130-ml-c-06-unidades\/\"]}]},{\"@type\":\"ImageObject\",\"inLanguage\":\"pt-BR\",\"@id\":\"https:\/\/kmembalagens.com.br\/index.php\/produto\/taca-florenca-130-ml-c-06-unidades\/#primaryimage\",\"url\":\"https:\/\/kmembalagens.com.br\/wp-content\/uploads\/2023\/07\/CAPA-1593-scaled.jpg\",\"contentUrl\":\"https:\/\/kmembalagens.com.br\/wp-content\/uploads\/2023\/07\/CAPA-1593-scaled.jpg\",\"width\":1811,\"height\":2560},{\"@type\":\"BreadcrumbList\",\"@id\":\"https:\/\/kmembalagens.com.br\/index.php\/produto\/taca-florenca-130-ml-c-06-unidades\/#breadcrumb\",\"itemListElement\":[{\"@type\":\"ListItem\",\"position\":1,\"name\":\"In\u00edcio\",\"item\":\"https:\/\/kmembalagens.com.br\/\"},{\"@type\":\"ListItem\",\"position\":2,\"name\":\"Ta\u00e7a Floren\u00e7a 130 ml c\/06 unidades\"}]},{\"@type\":\"WebSite\",\"@id\":\"https:\/\/kmembalagens.com.br\/#website\",\"url\":\"https:\/\/kmembalagens.com.br\/\",\"name\":\"KM Embalagens\",\"description\":\"Tudo que precisa de embalagens\",\"publisher\":{\"@id\":\"https:\/\/kmembalagens.com.br\/#organization\"},\"potentialAction\":[{\"@type\":\"SearchAction\",\"target\":{\"@type\":\"EntryPoint\",\"urlTemplate\":\"https:\/\/kmembalagens.com.br\/?s={search_term_string}\"},\"query-input\":{\"@type\":\"PropertyValueSpecification\",\"valueRequired\":true,\"valueName\":\"search_term_string\"}}],\"inLanguage\":\"pt-BR\"},{\"@type\":\"Organization\",\"@id\":\"https:\/\/kmembalagens.com.br\/#organization\",\"name\":\"KM Embalagens\",\"url\":\"https:\/\/kmembalagens.com.br\/\",\"logo\":{\"@type\":\"ImageObject\",\"inLanguage\":\"pt-BR\",\"@id\":\"https:\/\/kmembalagens.com.br\/#\/schema\/logo\/image\/\",\"url\":\"https:\/\/kmembalagens.com.br\/wp-content\/uploads\/2020\/11\/cropped-cropped-KM-semfundo-2.png\",\"contentUrl\":\"https:\/\/kmembalagens.com.br\/wp-content\/uploads\/2020\/11\/cropped-cropped-KM-semfundo-2.png\",\"width\":1867,\"height\":1202,\"caption\":\"KM Embalagens\"},\"image\":{\"@id\":\"https:\/\/kmembalagens.com.br\/#\/schema\/logo\/image\/\"}}]}<\/script>\n<!-- \/ Yoast SEO plugin. -->","yoast_head_json":{"title":"Ta\u00e7a Floren\u00e7a 130 ml c\/06 unidades - KM Embalagens","robots":{"index":"index","follow":"follow","max-snippet":"max-snippet:-1","max-image-preview":"max-image-preview:large","max-video-preview":"max-video-preview:-1"},"canonical":"https:\/\/kmembalagens.com.br\/index.php\/produto\/taca-florenca-130-ml-c-06-unidades\/","og_locale":"pt_BR","og_type":"article","og_title":"Ta\u00e7a Floren\u00e7a 130 ml c\/06 unidades - KM Embalagens","og_description":"Ta\u00e7a Floren\u00e7a cristal 130 ml - 06 unidades  Ideal para armazenar diversos tipos de sobremesas em geral.  Dimens\u00f5es internas: - 86 mm altura - 64 mm di\u00e2metro  Mat\u00e9ria Prima: PS  Cor: cristal  Quantidade: 06 unidades  Imagens ilustrativas.","og_url":"https:\/\/kmembalagens.com.br\/index.php\/produto\/taca-florenca-130-ml-c-06-unidades\/","og_site_name":"KM Embalagens","article_modified_time":"2025-10-16T23:06:16+00:00","og_image":[{"width":1811,"height":2560,"url":"https:\/\/kmembalagens.com.br\/wp-content\/uploads\/2023\/07\/CAPA-1593-scaled.jpg","type":"image\/jpeg"}],"twitter_card":"summary_large_image","schema":{"@context":"https:\/\/schema.org","@graph":[{"@type":"WebPage","@id":"https:\/\/kmembalagens.com.br\/index.php\/produto\/taca-florenca-130-ml-c-06-unidades\/","url":"https:\/\/kmembalagens.com.br\/index.php\/produto\/taca-florenca-130-ml-c-06-unidades\/","name":"Ta\u00e7a Floren\u00e7a 130 ml c\/06 unidades - KM Embalagens","isPartOf":{"@id":"https:\/\/kmembalagens.com.br\/#website"},"primaryImageOfPage":{"@id":"https:\/\/kmembalagens.com.br\/index.php\/produto\/taca-florenca-130-ml-c-06-unidades\/#primaryimage"},"image":{"@id":"https:\/\/kmembalagens.com.br\/index.php\/produto\/taca-florenca-130-ml-c-06-unidades\/#primaryimage"},"thumbnailUrl":"https:\/\/kmembalagens.com.br\/wp-content\/uploads\/2023\/07\/CAPA-1593-scaled.jpg","datePublished":"2023-07-19T19:29:58+00:00","dateModified":"2025-10-16T23:06:16+00:00","breadcrumb":{"@id":"https:\/\/kmembalagens.com.br\/index.php\/produto\/taca-florenca-130-ml-c-06-unidades\/#breadcrumb"},"inLanguage":"pt-BR","potentialAction":[{"@type":"ReadAction","target":["https:\/\/kmembalagens.com.br\/index.php\/produto\/taca-florenca-130-ml-c-06-unidades\/"]}]},{"@type":"ImageObject","inLanguage":"pt-BR","@id":"https:\/\/kmembalagens.com.br\/index.php\/produto\/taca-florenca-130-ml-c-06-unidades\/#primaryimage","url":"https:\/\/kmembalagens.com.br\/wp-content\/uploads\/2023\/07\/CAPA-1593-scaled.jpg","contentUrl":"https:\/\/kmembalagens.com.br\/wp-content\/uploads\/2023\/07\/CAPA-1593-scaled.jpg","width":1811,"height":2560},{"@type":"BreadcrumbList","@id":"https:\/\/kmembalagens.com.br\/index.php\/produto\/taca-florenca-130-ml-c-06-unidades\/#breadcrumb","itemListElement":[{"@type":"ListItem","position":1,"name":"In\u00edcio","item":"https:\/\/kmembalagens.com.br\/"},{"@type":"ListItem","position":2,"name":"Ta\u00e7a Floren\u00e7a 130 ml c\/06 unidades"}]},{"@type":"WebSite","@id":"https:\/\/kmembalagens.com.br\/#website","url":"https:\/\/kmembalagens.com.br\/","name":"KM Embalagens","description":"Tudo que precisa de embalagens","publisher":{"@id":"https:\/\/kmembalagens.com.br\/#organization"},"potentialAction":[{"@type":"SearchAction","target":{"@type":"EntryPoint","urlTemplate":"https:\/\/kmembalagens.com.br\/?s={search_term_string}"},"query-input":{"@type":"PropertyValueSpecification","valueRequired":true,"valueName":"search_term_string"}}],"inLanguage":"pt-BR"},{"@type":"Organization","@id":"https:\/\/kmembalagens.com.br\/#organization","name":"KM Embalagens","url":"https:\/\/kmembalagens.com.br\/","logo":{"@type":"ImageObject","inLanguage":"pt-BR","@id":"https:\/\/kmembalagens.com.br\/#\/schema\/logo\/image\/","url":"https:\/\/kmembalagens.com.br\/wp-content\/uploads\/2020\/11\/cropped-cropped-KM-semfundo-2.png","contentUrl":"https:\/\/kmembalagens.com.br\/wp-content\/uploads\/2020\/11\/cropped-cropped-KM-semfundo-2.png","width":1867,"height":1202,"caption":"KM Embalagens"},"image":{"@id":"https:\/\/kmembalagens.com.br\/#\/schema\/logo\/image\/"}}]}},"_links":{"self":[{"href":"https:\/\/kmembalagens.com.br\/index.php\/wp-json\/wp\/v2\/product\/5914","targetHints":{"allow":["GET"]}}],"collection":[{"href":"https:\/\/kmembalagens.com.br\/index.php\/wp-json\/wp\/v2\/product"}],"about":[{"href":"https:\/\/kmembalagens.com.br\/index.php\/wp-json\/wp\/v2\/types\/product"}],"replies":[{"embeddable":true,"href":"https:\/\/kmembalagens.com.br\/index.php\/wp-json\/wp\/v2\/comments?post=5914"}],"wp:featuredmedia":[{"embeddable":true,"href":"https:\/\/kmembalagens.com.br\/index.php\/wp-json\/wp\/v2\/media\/5915"}],"wp:attachment":[{"href":"https:\/\/kmembalagens.com.br\/index.php\/wp-json\/wp\/v2\/media?parent=5914"}],"wp:term":[{"taxonomy":"product_brand","embeddable":true,"href":"https:\/\/kmembalagens.com.br\/index.php\/wp-json\/wp\/v2\/product_brand?post=5914"},{"taxonomy":"product_cat","embeddable":true,"href":"https:\/\/kmembalagens.com.br\/index.php\/wp-json\/wp\/v2\/product_cat?post=5914"},{"taxonomy":"product_tag","embeddable":true,"href":"https:\/\/kmembalagens.com.br\/index.php\/wp-json\/wp\/v2\/product_tag?post=5914"}],"curies":[{"name":"wp","href":"https:\/\/api.w.org\/{rel}","templated":true}]}}