{"id":5706,"date":"2023-07-05T14:27:21","date_gmt":"2023-07-05T17:27:21","guid":{"rendered":"https:\/\/kmembalagens.com.br\/?post_type=product&#038;p=5706"},"modified":"2026-03-22T07:57:44","modified_gmt":"2026-03-22T10:57:44","slug":"assadeira-tipo-bolo-ingles-650-ml-s-tampa-c-100-unidades","status":"publish","type":"product","link":"https:\/\/kmembalagens.com.br\/index.php\/produto\/assadeira-tipo-bolo-ingles-650-ml-s-tampa-c-100-unidades\/","title":{"rendered":"Assadeira Tipo Bolo Ingl\u00eas 650 ml s\/tampa c\/100 unidades"},"content":{"rendered":"","protected":false},"excerpt":{"rendered":"<p>Bandeja de alum\u00ednio 650 ml retangular s\/tampa &#8211; 100 unidades<\/p>\n<p>Especial para assar bolo ingl\u00eas. Super pr\u00e1tica, pois \u00e9 poss\u00edvel preparar o bolo, expor para venda e servir,<br \/>\ntudo isso em uma \u00fanica embalagem.<\/p>\n<p>Ideais para os profissionais do varejo, as embalagens de alum\u00ednio descart\u00e1veis da linha Food Service demonstram<br \/>\ntoda a qualidade, praticidade, higiene e beleza para acomodar e servir os alimentos.<\/p>\n<p>Podem ser aquecidas no forno convencional e micro-ondas, sigas as instru\u00e7\u00f5es da marca.<\/p>\n<p>Capacidade: 650 ml<br \/>\nDimens\u00e3o: 21 x 10 x 4 cm<br \/>\nQuantidade: 100 unidades (bandeja s\/tampa)<\/p>\n<p>Imagens ilustrativas<\/p>\n","protected":false},"featured_media":5709,"comment_status":"open","ping_status":"closed","template":"","meta":{"site-sidebar-layout":"default","site-content-layout":"default","ast-site-content-layout":"","site-content-style":"default","site-sidebar-style":"default","ast-global-header-display":"","ast-banner-title-visibility":"","ast-main-header-display":"","ast-hfb-above-header-display":"","ast-hfb-below-header-display":"","ast-hfb-mobile-header-display":"","site-post-title":"","ast-breadcrumbs-content":"","ast-featured-img":"","footer-sml-layout":"","theme-transparent-header-meta":"default","adv-header-id-meta":"","stick-header-meta":"","header-above-stick-meta":"","header-main-stick-meta":"","header-below-stick-meta":"","astra-migrate-meta-layouts":"default","ast-page-background-enabled":"default","ast-page-background-meta":{"desktop":{"background-color":"var(--ast-global-color-4)","background-image":"","background-repeat":"repeat","background-position":"center center","background-size":"auto","background-attachment":"scroll","background-type":"","background-media":"","overlay-type":"","overlay-color":"","overlay-opacity":"","overlay-gradient":""},"tablet":{"background-color":"","background-image":"","background-repeat":"repeat","background-position":"center center","background-size":"auto","background-attachment":"scroll","background-type":"","background-media":"","overlay-type":"","overlay-color":"","overlay-opacity":"","overlay-gradient":""},"mobile":{"background-color":"","background-image":"","background-repeat":"repeat","background-position":"center center","background-size":"auto","background-attachment":"scroll","background-type":"","background-media":"","overlay-type":"","overlay-color":"","overlay-opacity":"","overlay-gradient":""}},"ast-content-background-meta":{"desktop":{"background-color":"var(--ast-global-color-5)","background-image":"","background-repeat":"repeat","background-position":"center center","background-size":"auto","background-attachment":"scroll","background-type":"","background-media":"","overlay-type":"","overlay-color":"","overlay-opacity":"","overlay-gradient":""},"tablet":{"background-color":"var(--ast-global-color-5)","background-image":"","background-repeat":"repeat","background-position":"center center","background-size":"auto","background-attachment":"scroll","background-type":"","background-media":"","overlay-type":"","overlay-color":"","overlay-opacity":"","overlay-gradient":""},"mobile":{"background-color":"var(--ast-global-color-5)","background-image":"","background-repeat":"repeat","background-position":"center center","background-size":"auto","background-attachment":"scroll","background-type":"","background-media":"","overlay-type":"","overlay-color":"","overlay-opacity":"","overlay-gradient":""}}},"product_brand":[],"product_cat":[22],"product_tag":[374,728,725,729,370,372,85],"class_list":{"0":"post-5706","1":"product","2":"type-product","3":"status-publish","4":"has-post-thumbnail","6":"product_cat-bandejas","7":"product_tag-assadeiraaluminio","8":"product_tag-assadeirabolo","9":"product_tag-bandejaaluminio","10":"product_tag-bandejabolo","11":"product_tag-boloingles","12":"product_tag-wyda","13":"product_tag-kmembalagens","14":"desktop-align-left","15":"tablet-align-left","16":"mobile-align-left","18":"first","19":"instock","20":"taxable","21":"shipping-taxable","22":"purchasable","23":"product-type-simple"},"yoast_head":"<!-- This site is optimized with the Yoast SEO plugin v27.2 - https:\/\/yoast.com\/product\/yoast-seo-wordpress\/ -->\n<title>Assadeira Tipo Bolo Ingl\u00eas 650 ml s\/tampa c\/100 unidades - KM Embalagens<\/title>\n<meta name=\"robots\" content=\"index, follow, max-snippet:-1, max-image-preview:large, max-video-preview:-1\" \/>\n<link rel=\"canonical\" href=\"https:\/\/kmembalagens.com.br\/index.php\/produto\/assadeira-tipo-bolo-ingles-650-ml-s-tampa-c-100-unidades\/\" \/>\n<meta property=\"og:locale\" content=\"pt_BR\" \/>\n<meta property=\"og:type\" content=\"article\" \/>\n<meta property=\"og:title\" content=\"Assadeira Tipo Bolo Ingl\u00eas 650 ml s\/tampa c\/100 unidades - KM Embalagens\" \/>\n<meta property=\"og:description\" content=\"Bandeja de alum\u00ednio 650 ml retangular s\/tampa - 100 unidades  Especial para assar bolo ingl\u00eas. Super pr\u00e1tica, pois \u00e9 poss\u00edvel preparar o bolo, expor para venda e servir, tudo isso em uma \u00fanica embalagem.  Ideais para os profissionais do varejo, as embalagens de alum\u00ednio descart\u00e1veis da linha Food Service demonstram  toda a qualidade, praticidade, higiene e beleza para acomodar e servir os alimentos.  Podem ser aquecidas no forno convencional e micro-ondas, sigas as instru\u00e7\u00f5es da marca.  Capacidade: 650 ml Dimens\u00e3o: 21 x 10 x 4 cm  Quantidade: 100 unidades (bandeja s\/tampa)  Imagens ilustrativas\" \/>\n<meta property=\"og:url\" content=\"https:\/\/kmembalagens.com.br\/index.php\/produto\/assadeira-tipo-bolo-ingles-650-ml-s-tampa-c-100-unidades\/\" \/>\n<meta property=\"og:site_name\" content=\"KM Embalagens\" \/>\n<meta property=\"article:modified_time\" content=\"2026-03-22T10:57:44+00:00\" \/>\n<meta property=\"og:image\" content=\"https:\/\/kmembalagens.com.br\/wp-content\/uploads\/2023\/07\/CAPA-26-scaled.jpg\" \/>\n\t<meta property=\"og:image:width\" content=\"1811\" \/>\n\t<meta property=\"og:image:height\" content=\"2560\" \/>\n\t<meta property=\"og:image:type\" content=\"image\/jpeg\" \/>\n<meta name=\"twitter:card\" content=\"summary_large_image\" \/>\n<script type=\"application\/ld+json\" class=\"yoast-schema-graph\">{\"@context\":\"https:\/\/schema.org\",\"@graph\":[{\"@type\":\"WebPage\",\"@id\":\"https:\/\/kmembalagens.com.br\/index.php\/produto\/assadeira-tipo-bolo-ingles-650-ml-s-tampa-c-100-unidades\/\",\"url\":\"https:\/\/kmembalagens.com.br\/index.php\/produto\/assadeira-tipo-bolo-ingles-650-ml-s-tampa-c-100-unidades\/\",\"name\":\"Assadeira Tipo Bolo Ingl\u00eas 650 ml s\/tampa c\/100 unidades - KM Embalagens\",\"isPartOf\":{\"@id\":\"https:\/\/kmembalagens.com.br\/#website\"},\"primaryImageOfPage\":{\"@id\":\"https:\/\/kmembalagens.com.br\/index.php\/produto\/assadeira-tipo-bolo-ingles-650-ml-s-tampa-c-100-unidades\/#primaryimage\"},\"image\":{\"@id\":\"https:\/\/kmembalagens.com.br\/index.php\/produto\/assadeira-tipo-bolo-ingles-650-ml-s-tampa-c-100-unidades\/#primaryimage\"},\"thumbnailUrl\":\"https:\/\/kmembalagens.com.br\/wp-content\/uploads\/2023\/07\/CAPA-26-scaled.jpg\",\"datePublished\":\"2023-07-05T17:27:21+00:00\",\"dateModified\":\"2026-03-22T10:57:44+00:00\",\"breadcrumb\":{\"@id\":\"https:\/\/kmembalagens.com.br\/index.php\/produto\/assadeira-tipo-bolo-ingles-650-ml-s-tampa-c-100-unidades\/#breadcrumb\"},\"inLanguage\":\"pt-BR\",\"potentialAction\":[{\"@type\":\"ReadAction\",\"target\":[\"https:\/\/kmembalagens.com.br\/index.php\/produto\/assadeira-tipo-bolo-ingles-650-ml-s-tampa-c-100-unidades\/\"]}]},{\"@type\":\"ImageObject\",\"inLanguage\":\"pt-BR\",\"@id\":\"https:\/\/kmembalagens.com.br\/index.php\/produto\/assadeira-tipo-bolo-ingles-650-ml-s-tampa-c-100-unidades\/#primaryimage\",\"url\":\"https:\/\/kmembalagens.com.br\/wp-content\/uploads\/2023\/07\/CAPA-26-scaled.jpg\",\"contentUrl\":\"https:\/\/kmembalagens.com.br\/wp-content\/uploads\/2023\/07\/CAPA-26-scaled.jpg\",\"width\":1811,\"height\":2560},{\"@type\":\"BreadcrumbList\",\"@id\":\"https:\/\/kmembalagens.com.br\/index.php\/produto\/assadeira-tipo-bolo-ingles-650-ml-s-tampa-c-100-unidades\/#breadcrumb\",\"itemListElement\":[{\"@type\":\"ListItem\",\"position\":1,\"name\":\"In\u00edcio\",\"item\":\"https:\/\/kmembalagens.com.br\/\"},{\"@type\":\"ListItem\",\"position\":2,\"name\":\"Assadeira Tipo Bolo Ingl\u00eas 650 ml s\/tampa c\/100 unidades\"}]},{\"@type\":\"WebSite\",\"@id\":\"https:\/\/kmembalagens.com.br\/#website\",\"url\":\"https:\/\/kmembalagens.com.br\/\",\"name\":\"KM Embalagens\",\"description\":\"Tudo que precisa de embalagens\",\"publisher\":{\"@id\":\"https:\/\/kmembalagens.com.br\/#organization\"},\"potentialAction\":[{\"@type\":\"SearchAction\",\"target\":{\"@type\":\"EntryPoint\",\"urlTemplate\":\"https:\/\/kmembalagens.com.br\/?s={search_term_string}\"},\"query-input\":{\"@type\":\"PropertyValueSpecification\",\"valueRequired\":true,\"valueName\":\"search_term_string\"}}],\"inLanguage\":\"pt-BR\"},{\"@type\":\"Organization\",\"@id\":\"https:\/\/kmembalagens.com.br\/#organization\",\"name\":\"KM Embalagens\",\"url\":\"https:\/\/kmembalagens.com.br\/\",\"logo\":{\"@type\":\"ImageObject\",\"inLanguage\":\"pt-BR\",\"@id\":\"https:\/\/kmembalagens.com.br\/#\/schema\/logo\/image\/\",\"url\":\"https:\/\/kmembalagens.com.br\/wp-content\/uploads\/2020\/11\/cropped-cropped-KM-semfundo-2.png\",\"contentUrl\":\"https:\/\/kmembalagens.com.br\/wp-content\/uploads\/2020\/11\/cropped-cropped-KM-semfundo-2.png\",\"width\":1867,\"height\":1202,\"caption\":\"KM Embalagens\"},\"image\":{\"@id\":\"https:\/\/kmembalagens.com.br\/#\/schema\/logo\/image\/\"}}]}<\/script>\n<!-- \/ Yoast SEO plugin. -->","yoast_head_json":{"title":"Assadeira Tipo Bolo Ingl\u00eas 650 ml s\/tampa c\/100 unidades - KM Embalagens","robots":{"index":"index","follow":"follow","max-snippet":"max-snippet:-1","max-image-preview":"max-image-preview:large","max-video-preview":"max-video-preview:-1"},"canonical":"https:\/\/kmembalagens.com.br\/index.php\/produto\/assadeira-tipo-bolo-ingles-650-ml-s-tampa-c-100-unidades\/","og_locale":"pt_BR","og_type":"article","og_title":"Assadeira Tipo Bolo Ingl\u00eas 650 ml s\/tampa c\/100 unidades - KM Embalagens","og_description":"Bandeja de alum\u00ednio 650 ml retangular s\/tampa - 100 unidades  Especial para assar bolo ingl\u00eas. Super pr\u00e1tica, pois \u00e9 poss\u00edvel preparar o bolo, expor para venda e servir, tudo isso em uma \u00fanica embalagem.  Ideais para os profissionais do varejo, as embalagens de alum\u00ednio descart\u00e1veis da linha Food Service demonstram  toda a qualidade, praticidade, higiene e beleza para acomodar e servir os alimentos.  Podem ser aquecidas no forno convencional e micro-ondas, sigas as instru\u00e7\u00f5es da marca.  Capacidade: 650 ml Dimens\u00e3o: 21 x 10 x 4 cm  Quantidade: 100 unidades (bandeja s\/tampa)  Imagens ilustrativas","og_url":"https:\/\/kmembalagens.com.br\/index.php\/produto\/assadeira-tipo-bolo-ingles-650-ml-s-tampa-c-100-unidades\/","og_site_name":"KM Embalagens","article_modified_time":"2026-03-22T10:57:44+00:00","og_image":[{"width":1811,"height":2560,"url":"https:\/\/kmembalagens.com.br\/wp-content\/uploads\/2023\/07\/CAPA-26-scaled.jpg","type":"image\/jpeg"}],"twitter_card":"summary_large_image","schema":{"@context":"https:\/\/schema.org","@graph":[{"@type":"WebPage","@id":"https:\/\/kmembalagens.com.br\/index.php\/produto\/assadeira-tipo-bolo-ingles-650-ml-s-tampa-c-100-unidades\/","url":"https:\/\/kmembalagens.com.br\/index.php\/produto\/assadeira-tipo-bolo-ingles-650-ml-s-tampa-c-100-unidades\/","name":"Assadeira Tipo Bolo Ingl\u00eas 650 ml s\/tampa c\/100 unidades - KM Embalagens","isPartOf":{"@id":"https:\/\/kmembalagens.com.br\/#website"},"primaryImageOfPage":{"@id":"https:\/\/kmembalagens.com.br\/index.php\/produto\/assadeira-tipo-bolo-ingles-650-ml-s-tampa-c-100-unidades\/#primaryimage"},"image":{"@id":"https:\/\/kmembalagens.com.br\/index.php\/produto\/assadeira-tipo-bolo-ingles-650-ml-s-tampa-c-100-unidades\/#primaryimage"},"thumbnailUrl":"https:\/\/kmembalagens.com.br\/wp-content\/uploads\/2023\/07\/CAPA-26-scaled.jpg","datePublished":"2023-07-05T17:27:21+00:00","dateModified":"2026-03-22T10:57:44+00:00","breadcrumb":{"@id":"https:\/\/kmembalagens.com.br\/index.php\/produto\/assadeira-tipo-bolo-ingles-650-ml-s-tampa-c-100-unidades\/#breadcrumb"},"inLanguage":"pt-BR","potentialAction":[{"@type":"ReadAction","target":["https:\/\/kmembalagens.com.br\/index.php\/produto\/assadeira-tipo-bolo-ingles-650-ml-s-tampa-c-100-unidades\/"]}]},{"@type":"ImageObject","inLanguage":"pt-BR","@id":"https:\/\/kmembalagens.com.br\/index.php\/produto\/assadeira-tipo-bolo-ingles-650-ml-s-tampa-c-100-unidades\/#primaryimage","url":"https:\/\/kmembalagens.com.br\/wp-content\/uploads\/2023\/07\/CAPA-26-scaled.jpg","contentUrl":"https:\/\/kmembalagens.com.br\/wp-content\/uploads\/2023\/07\/CAPA-26-scaled.jpg","width":1811,"height":2560},{"@type":"BreadcrumbList","@id":"https:\/\/kmembalagens.com.br\/index.php\/produto\/assadeira-tipo-bolo-ingles-650-ml-s-tampa-c-100-unidades\/#breadcrumb","itemListElement":[{"@type":"ListItem","position":1,"name":"In\u00edcio","item":"https:\/\/kmembalagens.com.br\/"},{"@type":"ListItem","position":2,"name":"Assadeira Tipo Bolo Ingl\u00eas 650 ml s\/tampa c\/100 unidades"}]},{"@type":"WebSite","@id":"https:\/\/kmembalagens.com.br\/#website","url":"https:\/\/kmembalagens.com.br\/","name":"KM Embalagens","description":"Tudo que precisa de embalagens","publisher":{"@id":"https:\/\/kmembalagens.com.br\/#organization"},"potentialAction":[{"@type":"SearchAction","target":{"@type":"EntryPoint","urlTemplate":"https:\/\/kmembalagens.com.br\/?s={search_term_string}"},"query-input":{"@type":"PropertyValueSpecification","valueRequired":true,"valueName":"search_term_string"}}],"inLanguage":"pt-BR"},{"@type":"Organization","@id":"https:\/\/kmembalagens.com.br\/#organization","name":"KM Embalagens","url":"https:\/\/kmembalagens.com.br\/","logo":{"@type":"ImageObject","inLanguage":"pt-BR","@id":"https:\/\/kmembalagens.com.br\/#\/schema\/logo\/image\/","url":"https:\/\/kmembalagens.com.br\/wp-content\/uploads\/2020\/11\/cropped-cropped-KM-semfundo-2.png","contentUrl":"https:\/\/kmembalagens.com.br\/wp-content\/uploads\/2020\/11\/cropped-cropped-KM-semfundo-2.png","width":1867,"height":1202,"caption":"KM Embalagens"},"image":{"@id":"https:\/\/kmembalagens.com.br\/#\/schema\/logo\/image\/"}}]}},"_links":{"self":[{"href":"https:\/\/kmembalagens.com.br\/index.php\/wp-json\/wp\/v2\/product\/5706","targetHints":{"allow":["GET"]}}],"collection":[{"href":"https:\/\/kmembalagens.com.br\/index.php\/wp-json\/wp\/v2\/product"}],"about":[{"href":"https:\/\/kmembalagens.com.br\/index.php\/wp-json\/wp\/v2\/types\/product"}],"replies":[{"embeddable":true,"href":"https:\/\/kmembalagens.com.br\/index.php\/wp-json\/wp\/v2\/comments?post=5706"}],"wp:featuredmedia":[{"embeddable":true,"href":"https:\/\/kmembalagens.com.br\/index.php\/wp-json\/wp\/v2\/media\/5709"}],"wp:attachment":[{"href":"https:\/\/kmembalagens.com.br\/index.php\/wp-json\/wp\/v2\/media?parent=5706"}],"wp:term":[{"taxonomy":"product_brand","embeddable":true,"href":"https:\/\/kmembalagens.com.br\/index.php\/wp-json\/wp\/v2\/product_brand?post=5706"},{"taxonomy":"product_cat","embeddable":true,"href":"https:\/\/kmembalagens.com.br\/index.php\/wp-json\/wp\/v2\/product_cat?post=5706"},{"taxonomy":"product_tag","embeddable":true,"href":"https:\/\/kmembalagens.com.br\/index.php\/wp-json\/wp\/v2\/product_tag?post=5706"}],"curies":[{"name":"wp","href":"https:\/\/api.w.org\/{rel}","templated":true}]}}