{"id":3235,"date":"2022-12-30T16:44:44","date_gmt":"2022-12-30T19:44:44","guid":{"rendered":"https:\/\/kmembalagens.com.br\/?post_type=product&#038;p=3235"},"modified":"2024-10-01T06:54:23","modified_gmt":"2024-10-01T09:54:23","slug":"pote-de-papel-acai-250-ml-c-50-unidades","status":"publish","type":"product","link":"https:\/\/kmembalagens.com.br\/index.php\/produto\/pote-de-papel-acai-250-ml-c-50-unidades\/","title":{"rendered":"Pote de Papel A\u00e7a\u00ed 250 ml s\/tampa &#8211; 50 unidades"},"content":{"rendered":"","protected":false},"excerpt":{"rendered":"<p>Pote de Papel A\u00e7a\u00ed 250 ml s\/tampa &#8211; 50 unidades<\/p>\n<p>O Pote de Papel A\u00e7a\u00ed 250mL tem uma estampa exclusiva que \u00e9 a cara do A\u00e7a\u00ed, a cara do Brasil! Com volume de 250mL, ideal para servir uma por\u00e7\u00e3o pequena! Com revestimento interno o Pote de Papel Strawplast n\u00e3o transpira e n\u00e3o amolece na hora servir o a\u00e7a\u00ed gelado. Com os utens\u00edlios corretos para servir o seu a\u00e7a\u00ed de forma diferenciada! Por isso, aposte na Linha A\u00e7a\u00ed Strawplast. O a\u00e7a\u00ed j\u00e1 faz parte do dia a dia dos brasileiros. Leva sabor, sa\u00fade e energia para encarar os desafios. Isso que \u00e9 pot\u00eancia! Linha A\u00e7a\u00ed, a cara do Brasil, a cara da Strawplast!<\/p>\n<p>Material: Papel<br \/>\nCapacidade: 250 ml<br \/>\nPacote: 50 unidades<\/p>\n<p>Imagens ilustrativas.<\/p>\n","protected":false},"featured_media":3236,"comment_status":"open","ping_status":"closed","template":"","meta":{"site-sidebar-layout":"default","site-content-layout":"default","ast-site-content-layout":"default","site-content-style":"default","site-sidebar-style":"default","ast-global-header-display":"","ast-banner-title-visibility":"","ast-main-header-display":"","ast-hfb-above-header-display":"","ast-hfb-below-header-display":"","ast-hfb-mobile-header-display":"","site-post-title":"","ast-breadcrumbs-content":"","ast-featured-img":"","footer-sml-layout":"","theme-transparent-header-meta":"default","adv-header-id-meta":"","stick-header-meta":"","header-above-stick-meta":"","header-main-stick-meta":"","header-below-stick-meta":"","astra-migrate-meta-layouts":"set","ast-page-background-enabled":"default","ast-page-background-meta":{"desktop":{"background-color":"var(--ast-global-color-4)","background-image":"","background-repeat":"repeat","background-position":"center center","background-size":"auto","background-attachment":"scroll","background-type":"","background-media":"","overlay-type":"","overlay-color":"","overlay-opacity":"","overlay-gradient":""},"tablet":{"background-color":"","background-image":"","background-repeat":"repeat","background-position":"center center","background-size":"auto","background-attachment":"scroll","background-type":"","background-media":"","overlay-type":"","overlay-color":"","overlay-opacity":"","overlay-gradient":""},"mobile":{"background-color":"","background-image":"","background-repeat":"repeat","background-position":"center center","background-size":"auto","background-attachment":"scroll","background-type":"","background-media":"","overlay-type":"","overlay-color":"","overlay-opacity":"","overlay-gradient":""}},"ast-content-background-meta":{"desktop":{"background-color":"var(--ast-global-color-5)","background-image":"","background-repeat":"repeat","background-position":"center center","background-size":"auto","background-attachment":"scroll","background-type":"","background-media":"","overlay-type":"","overlay-color":"","overlay-opacity":"","overlay-gradient":""},"tablet":{"background-color":"var(--ast-global-color-5)","background-image":"","background-repeat":"repeat","background-position":"center center","background-size":"auto","background-attachment":"scroll","background-type":"","background-media":"","overlay-type":"","overlay-color":"","overlay-opacity":"","overlay-gradient":""},"mobile":{"background-color":"var(--ast-global-color-5)","background-image":"","background-repeat":"repeat","background-position":"center center","background-size":"auto","background-attachment":"scroll","background-type":"","background-media":"","overlay-type":"","overlay-color":"","overlay-opacity":"","overlay-gradient":""}}},"product_brand":[],"product_cat":[35],"product_tag":[564,562,445,85],"class_list":{"0":"post-3235","1":"product","2":"type-product","3":"status-publish","4":"has-post-thumbnail","6":"product_cat-potes","7":"product_tag-acai","8":"product_tag-acaiterias","9":"product_tag-poteacai","10":"product_tag-kmembalagens","11":"desktop-align-left","12":"tablet-align-left","13":"mobile-align-left","15":"first","16":"instock","17":"taxable","18":"shipping-taxable","19":"purchasable","20":"product-type-simple"},"yoast_head":"<!-- This site is optimized with the Yoast SEO plugin v27.2 - https:\/\/yoast.com\/product\/yoast-seo-wordpress\/ -->\n<title>Pote de Papel A\u00e7a\u00ed 250 ml s\/tampa - 50 unidades - KM Embalagens<\/title>\n<meta name=\"robots\" content=\"index, follow, max-snippet:-1, max-image-preview:large, max-video-preview:-1\" \/>\n<link rel=\"canonical\" href=\"https:\/\/kmembalagens.com.br\/index.php\/produto\/pote-de-papel-acai-250-ml-c-50-unidades\/\" \/>\n<meta property=\"og:locale\" content=\"pt_BR\" \/>\n<meta property=\"og:type\" content=\"article\" \/>\n<meta property=\"og:title\" content=\"Pote de Papel A\u00e7a\u00ed 250 ml s\/tampa - 50 unidades - KM Embalagens\" \/>\n<meta property=\"og:description\" content=\"Pote de Papel A\u00e7a\u00ed 250 ml s\/tampa - 50 unidades  O Pote de Papel A\u00e7a\u00ed 250mL tem uma estampa exclusiva que \u00e9 a cara do A\u00e7a\u00ed, a cara do Brasil! Com volume de 250mL, ideal para servir uma por\u00e7\u00e3o pequena! Com revestimento interno o Pote de Papel Strawplast n\u00e3o transpira e n\u00e3o amolece na hora servir o a\u00e7a\u00ed gelado. Com os utens\u00edlios corretos para servir o seu a\u00e7a\u00ed de forma diferenciada! Por isso, aposte na Linha A\u00e7a\u00ed Strawplast. O a\u00e7a\u00ed j\u00e1 faz parte do dia a dia dos brasileiros. Leva sabor, sa\u00fade e energia para encarar os desafios. Isso que \u00e9 pot\u00eancia! Linha A\u00e7a\u00ed, a cara do Brasil, a cara da Strawplast!  Material: Papel Capacidade: 250 ml Pacote: 50 unidades  Imagens ilustrativas.\" \/>\n<meta property=\"og:url\" content=\"https:\/\/kmembalagens.com.br\/index.php\/produto\/pote-de-papel-acai-250-ml-c-50-unidades\/\" \/>\n<meta property=\"og:site_name\" content=\"KM Embalagens\" \/>\n<meta property=\"article:modified_time\" content=\"2024-10-01T09:54:23+00:00\" \/>\n<meta property=\"og:image\" content=\"https:\/\/kmembalagens.com.br\/wp-content\/uploads\/2022\/12\/CAPA-5697-scaled.jpg\" \/>\n\t<meta property=\"og:image:width\" content=\"1811\" \/>\n\t<meta property=\"og:image:height\" content=\"2560\" \/>\n\t<meta property=\"og:image:type\" content=\"image\/jpeg\" \/>\n<meta name=\"twitter:card\" content=\"summary_large_image\" \/>\n<meta name=\"twitter:label1\" content=\"Est. tempo de leitura\" \/>\n\t<meta name=\"twitter:data1\" content=\"1 minuto\" \/>\n<script type=\"application\/ld+json\" class=\"yoast-schema-graph\">{\"@context\":\"https:\/\/schema.org\",\"@graph\":[{\"@type\":\"WebPage\",\"@id\":\"https:\/\/kmembalagens.com.br\/index.php\/produto\/pote-de-papel-acai-250-ml-c-50-unidades\/\",\"url\":\"https:\/\/kmembalagens.com.br\/index.php\/produto\/pote-de-papel-acai-250-ml-c-50-unidades\/\",\"name\":\"Pote de Papel A\u00e7a\u00ed 250 ml s\/tampa - 50 unidades - KM Embalagens\",\"isPartOf\":{\"@id\":\"https:\/\/kmembalagens.com.br\/#website\"},\"primaryImageOfPage\":{\"@id\":\"https:\/\/kmembalagens.com.br\/index.php\/produto\/pote-de-papel-acai-250-ml-c-50-unidades\/#primaryimage\"},\"image\":{\"@id\":\"https:\/\/kmembalagens.com.br\/index.php\/produto\/pote-de-papel-acai-250-ml-c-50-unidades\/#primaryimage\"},\"thumbnailUrl\":\"https:\/\/kmembalagens.com.br\/wp-content\/uploads\/2022\/12\/CAPA-5697-scaled.jpg\",\"datePublished\":\"2022-12-30T19:44:44+00:00\",\"dateModified\":\"2024-10-01T09:54:23+00:00\",\"breadcrumb\":{\"@id\":\"https:\/\/kmembalagens.com.br\/index.php\/produto\/pote-de-papel-acai-250-ml-c-50-unidades\/#breadcrumb\"},\"inLanguage\":\"pt-BR\",\"potentialAction\":[{\"@type\":\"ReadAction\",\"target\":[\"https:\/\/kmembalagens.com.br\/index.php\/produto\/pote-de-papel-acai-250-ml-c-50-unidades\/\"]}]},{\"@type\":\"ImageObject\",\"inLanguage\":\"pt-BR\",\"@id\":\"https:\/\/kmembalagens.com.br\/index.php\/produto\/pote-de-papel-acai-250-ml-c-50-unidades\/#primaryimage\",\"url\":\"https:\/\/kmembalagens.com.br\/wp-content\/uploads\/2022\/12\/CAPA-5697-scaled.jpg\",\"contentUrl\":\"https:\/\/kmembalagens.com.br\/wp-content\/uploads\/2022\/12\/CAPA-5697-scaled.jpg\",\"width\":1811,\"height\":2560},{\"@type\":\"BreadcrumbList\",\"@id\":\"https:\/\/kmembalagens.com.br\/index.php\/produto\/pote-de-papel-acai-250-ml-c-50-unidades\/#breadcrumb\",\"itemListElement\":[{\"@type\":\"ListItem\",\"position\":1,\"name\":\"In\u00edcio\",\"item\":\"https:\/\/kmembalagens.com.br\/\"},{\"@type\":\"ListItem\",\"position\":2,\"name\":\"Pote de Papel A\u00e7a\u00ed 250 ml s\/tampa &#8211; 50 unidades\"}]},{\"@type\":\"WebSite\",\"@id\":\"https:\/\/kmembalagens.com.br\/#website\",\"url\":\"https:\/\/kmembalagens.com.br\/\",\"name\":\"KM Embalagens\",\"description\":\"Tudo que precisa de embalagens\",\"publisher\":{\"@id\":\"https:\/\/kmembalagens.com.br\/#organization\"},\"potentialAction\":[{\"@type\":\"SearchAction\",\"target\":{\"@type\":\"EntryPoint\",\"urlTemplate\":\"https:\/\/kmembalagens.com.br\/?s={search_term_string}\"},\"query-input\":{\"@type\":\"PropertyValueSpecification\",\"valueRequired\":true,\"valueName\":\"search_term_string\"}}],\"inLanguage\":\"pt-BR\"},{\"@type\":\"Organization\",\"@id\":\"https:\/\/kmembalagens.com.br\/#organization\",\"name\":\"KM Embalagens\",\"url\":\"https:\/\/kmembalagens.com.br\/\",\"logo\":{\"@type\":\"ImageObject\",\"inLanguage\":\"pt-BR\",\"@id\":\"https:\/\/kmembalagens.com.br\/#\/schema\/logo\/image\/\",\"url\":\"https:\/\/kmembalagens.com.br\/wp-content\/uploads\/2020\/11\/cropped-cropped-KM-semfundo-2.png\",\"contentUrl\":\"https:\/\/kmembalagens.com.br\/wp-content\/uploads\/2020\/11\/cropped-cropped-KM-semfundo-2.png\",\"width\":1867,\"height\":1202,\"caption\":\"KM Embalagens\"},\"image\":{\"@id\":\"https:\/\/kmembalagens.com.br\/#\/schema\/logo\/image\/\"}}]}<\/script>\n<!-- \/ Yoast SEO plugin. -->","yoast_head_json":{"title":"Pote de Papel A\u00e7a\u00ed 250 ml s\/tampa - 50 unidades - KM Embalagens","robots":{"index":"index","follow":"follow","max-snippet":"max-snippet:-1","max-image-preview":"max-image-preview:large","max-video-preview":"max-video-preview:-1"},"canonical":"https:\/\/kmembalagens.com.br\/index.php\/produto\/pote-de-papel-acai-250-ml-c-50-unidades\/","og_locale":"pt_BR","og_type":"article","og_title":"Pote de Papel A\u00e7a\u00ed 250 ml s\/tampa - 50 unidades - KM Embalagens","og_description":"Pote de Papel A\u00e7a\u00ed 250 ml s\/tampa - 50 unidades  O Pote de Papel A\u00e7a\u00ed 250mL tem uma estampa exclusiva que \u00e9 a cara do A\u00e7a\u00ed, a cara do Brasil! Com volume de 250mL, ideal para servir uma por\u00e7\u00e3o pequena! Com revestimento interno o Pote de Papel Strawplast n\u00e3o transpira e n\u00e3o amolece na hora servir o a\u00e7a\u00ed gelado. Com os utens\u00edlios corretos para servir o seu a\u00e7a\u00ed de forma diferenciada! Por isso, aposte na Linha A\u00e7a\u00ed Strawplast. O a\u00e7a\u00ed j\u00e1 faz parte do dia a dia dos brasileiros. Leva sabor, sa\u00fade e energia para encarar os desafios. Isso que \u00e9 pot\u00eancia! Linha A\u00e7a\u00ed, a cara do Brasil, a cara da Strawplast!  Material: Papel Capacidade: 250 ml Pacote: 50 unidades  Imagens ilustrativas.","og_url":"https:\/\/kmembalagens.com.br\/index.php\/produto\/pote-de-papel-acai-250-ml-c-50-unidades\/","og_site_name":"KM Embalagens","article_modified_time":"2024-10-01T09:54:23+00:00","og_image":[{"width":1811,"height":2560,"url":"https:\/\/kmembalagens.com.br\/wp-content\/uploads\/2022\/12\/CAPA-5697-scaled.jpg","type":"image\/jpeg"}],"twitter_card":"summary_large_image","twitter_misc":{"Est. tempo de leitura":"1 minuto"},"schema":{"@context":"https:\/\/schema.org","@graph":[{"@type":"WebPage","@id":"https:\/\/kmembalagens.com.br\/index.php\/produto\/pote-de-papel-acai-250-ml-c-50-unidades\/","url":"https:\/\/kmembalagens.com.br\/index.php\/produto\/pote-de-papel-acai-250-ml-c-50-unidades\/","name":"Pote de Papel A\u00e7a\u00ed 250 ml s\/tampa - 50 unidades - KM Embalagens","isPartOf":{"@id":"https:\/\/kmembalagens.com.br\/#website"},"primaryImageOfPage":{"@id":"https:\/\/kmembalagens.com.br\/index.php\/produto\/pote-de-papel-acai-250-ml-c-50-unidades\/#primaryimage"},"image":{"@id":"https:\/\/kmembalagens.com.br\/index.php\/produto\/pote-de-papel-acai-250-ml-c-50-unidades\/#primaryimage"},"thumbnailUrl":"https:\/\/kmembalagens.com.br\/wp-content\/uploads\/2022\/12\/CAPA-5697-scaled.jpg","datePublished":"2022-12-30T19:44:44+00:00","dateModified":"2024-10-01T09:54:23+00:00","breadcrumb":{"@id":"https:\/\/kmembalagens.com.br\/index.php\/produto\/pote-de-papel-acai-250-ml-c-50-unidades\/#breadcrumb"},"inLanguage":"pt-BR","potentialAction":[{"@type":"ReadAction","target":["https:\/\/kmembalagens.com.br\/index.php\/produto\/pote-de-papel-acai-250-ml-c-50-unidades\/"]}]},{"@type":"ImageObject","inLanguage":"pt-BR","@id":"https:\/\/kmembalagens.com.br\/index.php\/produto\/pote-de-papel-acai-250-ml-c-50-unidades\/#primaryimage","url":"https:\/\/kmembalagens.com.br\/wp-content\/uploads\/2022\/12\/CAPA-5697-scaled.jpg","contentUrl":"https:\/\/kmembalagens.com.br\/wp-content\/uploads\/2022\/12\/CAPA-5697-scaled.jpg","width":1811,"height":2560},{"@type":"BreadcrumbList","@id":"https:\/\/kmembalagens.com.br\/index.php\/produto\/pote-de-papel-acai-250-ml-c-50-unidades\/#breadcrumb","itemListElement":[{"@type":"ListItem","position":1,"name":"In\u00edcio","item":"https:\/\/kmembalagens.com.br\/"},{"@type":"ListItem","position":2,"name":"Pote de Papel A\u00e7a\u00ed 250 ml s\/tampa &#8211; 50 unidades"}]},{"@type":"WebSite","@id":"https:\/\/kmembalagens.com.br\/#website","url":"https:\/\/kmembalagens.com.br\/","name":"KM Embalagens","description":"Tudo que precisa de embalagens","publisher":{"@id":"https:\/\/kmembalagens.com.br\/#organization"},"potentialAction":[{"@type":"SearchAction","target":{"@type":"EntryPoint","urlTemplate":"https:\/\/kmembalagens.com.br\/?s={search_term_string}"},"query-input":{"@type":"PropertyValueSpecification","valueRequired":true,"valueName":"search_term_string"}}],"inLanguage":"pt-BR"},{"@type":"Organization","@id":"https:\/\/kmembalagens.com.br\/#organization","name":"KM Embalagens","url":"https:\/\/kmembalagens.com.br\/","logo":{"@type":"ImageObject","inLanguage":"pt-BR","@id":"https:\/\/kmembalagens.com.br\/#\/schema\/logo\/image\/","url":"https:\/\/kmembalagens.com.br\/wp-content\/uploads\/2020\/11\/cropped-cropped-KM-semfundo-2.png","contentUrl":"https:\/\/kmembalagens.com.br\/wp-content\/uploads\/2020\/11\/cropped-cropped-KM-semfundo-2.png","width":1867,"height":1202,"caption":"KM Embalagens"},"image":{"@id":"https:\/\/kmembalagens.com.br\/#\/schema\/logo\/image\/"}}]}},"_links":{"self":[{"href":"https:\/\/kmembalagens.com.br\/index.php\/wp-json\/wp\/v2\/product\/3235","targetHints":{"allow":["GET"]}}],"collection":[{"href":"https:\/\/kmembalagens.com.br\/index.php\/wp-json\/wp\/v2\/product"}],"about":[{"href":"https:\/\/kmembalagens.com.br\/index.php\/wp-json\/wp\/v2\/types\/product"}],"replies":[{"embeddable":true,"href":"https:\/\/kmembalagens.com.br\/index.php\/wp-json\/wp\/v2\/comments?post=3235"}],"wp:featuredmedia":[{"embeddable":true,"href":"https:\/\/kmembalagens.com.br\/index.php\/wp-json\/wp\/v2\/media\/3236"}],"wp:attachment":[{"href":"https:\/\/kmembalagens.com.br\/index.php\/wp-json\/wp\/v2\/media?parent=3235"}],"wp:term":[{"taxonomy":"product_brand","embeddable":true,"href":"https:\/\/kmembalagens.com.br\/index.php\/wp-json\/wp\/v2\/product_brand?post=3235"},{"taxonomy":"product_cat","embeddable":true,"href":"https:\/\/kmembalagens.com.br\/index.php\/wp-json\/wp\/v2\/product_cat?post=3235"},{"taxonomy":"product_tag","embeddable":true,"href":"https:\/\/kmembalagens.com.br\/index.php\/wp-json\/wp\/v2\/product_tag?post=3235"}],"curies":[{"name":"wp","href":"https:\/\/api.w.org\/{rel}","templated":true}]}}