{"id":2606,"date":"2022-10-07T18:06:37","date_gmt":"2022-10-07T21:06:37","guid":{"rendered":"https:\/\/kmembalagens.com.br\/?post_type=product&#038;p=2606"},"modified":"2024-06-15T11:46:33","modified_gmt":"2024-06-15T14:46:33","slug":"caixa-coracao-vermelho-slice-cake-11x17-c-10-unidades","status":"publish","type":"product","link":"https:\/\/kmembalagens.com.br\/index.php\/produto\/caixa-coracao-vermelho-slice-cake-11x17-c-10-unidades\/","title":{"rendered":"Caixa Cora\u00e7\u00e3o Vermelho Slice Cake 11&#215;17 c\/10 unidades"},"content":{"rendered":"","protected":false},"excerpt":{"rendered":"<p>Caixa Cora\u00e7\u00e3o Vermelho Slice-Cake 11 x 17 c\/10 unidades<\/p>\n<p>No formato retangular, acomodando e demonstrando perfeitamente seu produto, trazendo sofistica\u00e7\u00e3o,<br \/>\nbeleza e praticidade na hora de expor suas receitas em sua confeitaria.<\/p>\n<p>Papel Impermeabilizado (com barreira de gordura)<br \/>\n&#8211; Tamanho:11 x 17 cm<\/p>\n<p>Acompanha pl\u00e1stico para embalar<br \/>\n&#8211; Tamanho: 30 x 30 cm<\/p>\n<p>Quantidade: 10 unidades (caixa + pl\u00e1stico)<\/p>\n<p>Pode ir ao freezer.<\/p>\n<p>*** A caixa \u00e9 enviada para montar.***<\/p>\n<p>Imagens ilustrativas.<\/p>\n","protected":false},"featured_media":2607,"comment_status":"open","ping_status":"closed","template":"","meta":{"site-sidebar-layout":"default","site-content-layout":"default","ast-site-content-layout":"","site-content-style":"default","site-sidebar-style":"default","ast-global-header-display":"","ast-banner-title-visibility":"","ast-main-header-display":"","ast-hfb-above-header-display":"","ast-hfb-below-header-display":"","ast-hfb-mobile-header-display":"","site-post-title":"","ast-breadcrumbs-content":"","ast-featured-img":"","footer-sml-layout":"","theme-transparent-header-meta":"default","adv-header-id-meta":"","stick-header-meta":"","header-above-stick-meta":"","header-main-stick-meta":"","header-below-stick-meta":"","astra-migrate-meta-layouts":"default","ast-page-background-enabled":"default","ast-page-background-meta":{"desktop":{"background-color":"var(--ast-global-color-4)","background-image":"","background-repeat":"repeat","background-position":"center center","background-size":"auto","background-attachment":"scroll","background-type":"","background-media":"","overlay-type":"","overlay-color":"","overlay-opacity":"","overlay-gradient":""},"tablet":{"background-color":"","background-image":"","background-repeat":"repeat","background-position":"center center","background-size":"auto","background-attachment":"scroll","background-type":"","background-media":"","overlay-type":"","overlay-color":"","overlay-opacity":"","overlay-gradient":""},"mobile":{"background-color":"","background-image":"","background-repeat":"repeat","background-position":"center center","background-size":"auto","background-attachment":"scroll","background-type":"","background-media":"","overlay-type":"","overlay-color":"","overlay-opacity":"","overlay-gradient":""}},"ast-content-background-meta":{"desktop":{"background-color":"var(--ast-global-color-5)","background-image":"","background-repeat":"repeat","background-position":"center center","background-size":"auto","background-attachment":"scroll","background-type":"","background-media":"","overlay-type":"","overlay-color":"","overlay-opacity":"","overlay-gradient":""},"tablet":{"background-color":"var(--ast-global-color-5)","background-image":"","background-repeat":"repeat","background-position":"center center","background-size":"auto","background-attachment":"scroll","background-type":"","background-media":"","overlay-type":"","overlay-color":"","overlay-opacity":"","overlay-gradient":""},"mobile":{"background-color":"var(--ast-global-color-5)","background-image":"","background-repeat":"repeat","background-position":"center center","background-size":"auto","background-attachment":"scroll","background-type":"","background-media":"","overlay-type":"","overlay-color":"","overlay-opacity":"","overlay-gradient":""}}},"product_brand":[],"product_cat":[26],"product_tag":[509,167,513,526,511,59,57,60,85],"class_list":{"0":"post-2606","1":"product","2":"type-product","3":"status-publish","4":"has-post-thumbnail","6":"product_cat-confeitaria","7":"product_tag-bolofatiado","8":"product_tag-confeitar","9":"product_tag-docinhos","10":"product_tag-fatiabolo","11":"product_tag-slicecake","12":"product_tag-confeitaria","13":"product_tag-confeiteira","14":"product_tag-confeiteiro","15":"product_tag-kmembalagens","16":"desktop-align-left","17":"tablet-align-left","18":"mobile-align-left","20":"first","21":"outofstock","22":"taxable","23":"shipping-taxable","24":"purchasable","25":"product-type-simple"},"yoast_head":"<!-- This site is optimized with the Yoast SEO plugin v27.2 - https:\/\/yoast.com\/product\/yoast-seo-wordpress\/ -->\n<title>Caixa Cora\u00e7\u00e3o Vermelho Slice Cake 11x17 c\/10 unidades - KM Embalagens<\/title>\n<meta name=\"robots\" content=\"index, follow, max-snippet:-1, max-image-preview:large, max-video-preview:-1\" \/>\n<link rel=\"canonical\" href=\"https:\/\/kmembalagens.com.br\/index.php\/produto\/caixa-coracao-vermelho-slice-cake-11x17-c-10-unidades\/\" \/>\n<meta property=\"og:locale\" content=\"pt_BR\" \/>\n<meta property=\"og:type\" content=\"article\" \/>\n<meta property=\"og:title\" content=\"Caixa Cora\u00e7\u00e3o Vermelho Slice Cake 11x17 c\/10 unidades - KM Embalagens\" \/>\n<meta property=\"og:description\" content=\"Caixa Cora\u00e7\u00e3o Vermelho Slice-Cake 11 x 17 c\/10 unidades  No formato retangular, acomodando e demonstrando perfeitamente seu produto, trazendo sofistica\u00e7\u00e3o,  beleza e praticidade na hora de expor suas receitas em sua confeitaria.  Papel Impermeabilizado (com barreira de gordura) - Tamanho:11 x 17 cm  Acompanha pl\u00e1stico para embalar - Tamanho: 30 x 30 cm  Quantidade: 10 unidades (caixa + pl\u00e1stico)  Pode ir ao freezer.  *** A caixa \u00e9 enviada para montar.***  Imagens ilustrativas.\" \/>\n<meta property=\"og:url\" content=\"https:\/\/kmembalagens.com.br\/index.php\/produto\/caixa-coracao-vermelho-slice-cake-11x17-c-10-unidades\/\" \/>\n<meta property=\"og:site_name\" content=\"KM Embalagens\" \/>\n<meta property=\"article:modified_time\" content=\"2024-06-15T14:46:33+00:00\" \/>\n<meta property=\"og:image\" content=\"https:\/\/kmembalagens.com.br\/wp-content\/uploads\/2022\/10\/CAPA-coracao-scaled.jpg\" \/>\n\t<meta property=\"og:image:width\" content=\"1811\" \/>\n\t<meta property=\"og:image:height\" content=\"2560\" \/>\n\t<meta property=\"og:image:type\" content=\"image\/jpeg\" \/>\n<meta name=\"twitter:card\" content=\"summary_large_image\" \/>\n<script type=\"application\/ld+json\" class=\"yoast-schema-graph\">{\"@context\":\"https:\/\/schema.org\",\"@graph\":[{\"@type\":\"WebPage\",\"@id\":\"https:\/\/kmembalagens.com.br\/index.php\/produto\/caixa-coracao-vermelho-slice-cake-11x17-c-10-unidades\/\",\"url\":\"https:\/\/kmembalagens.com.br\/index.php\/produto\/caixa-coracao-vermelho-slice-cake-11x17-c-10-unidades\/\",\"name\":\"Caixa Cora\u00e7\u00e3o Vermelho Slice Cake 11x17 c\/10 unidades - KM Embalagens\",\"isPartOf\":{\"@id\":\"https:\/\/kmembalagens.com.br\/#website\"},\"primaryImageOfPage\":{\"@id\":\"https:\/\/kmembalagens.com.br\/index.php\/produto\/caixa-coracao-vermelho-slice-cake-11x17-c-10-unidades\/#primaryimage\"},\"image\":{\"@id\":\"https:\/\/kmembalagens.com.br\/index.php\/produto\/caixa-coracao-vermelho-slice-cake-11x17-c-10-unidades\/#primaryimage\"},\"thumbnailUrl\":\"https:\/\/kmembalagens.com.br\/wp-content\/uploads\/2022\/10\/CAPA-coracao-scaled.jpg\",\"datePublished\":\"2022-10-07T21:06:37+00:00\",\"dateModified\":\"2024-06-15T14:46:33+00:00\",\"breadcrumb\":{\"@id\":\"https:\/\/kmembalagens.com.br\/index.php\/produto\/caixa-coracao-vermelho-slice-cake-11x17-c-10-unidades\/#breadcrumb\"},\"inLanguage\":\"pt-BR\",\"potentialAction\":[{\"@type\":\"ReadAction\",\"target\":[\"https:\/\/kmembalagens.com.br\/index.php\/produto\/caixa-coracao-vermelho-slice-cake-11x17-c-10-unidades\/\"]}]},{\"@type\":\"ImageObject\",\"inLanguage\":\"pt-BR\",\"@id\":\"https:\/\/kmembalagens.com.br\/index.php\/produto\/caixa-coracao-vermelho-slice-cake-11x17-c-10-unidades\/#primaryimage\",\"url\":\"https:\/\/kmembalagens.com.br\/wp-content\/uploads\/2022\/10\/CAPA-coracao-scaled.jpg\",\"contentUrl\":\"https:\/\/kmembalagens.com.br\/wp-content\/uploads\/2022\/10\/CAPA-coracao-scaled.jpg\",\"width\":1811,\"height\":2560},{\"@type\":\"BreadcrumbList\",\"@id\":\"https:\/\/kmembalagens.com.br\/index.php\/produto\/caixa-coracao-vermelho-slice-cake-11x17-c-10-unidades\/#breadcrumb\",\"itemListElement\":[{\"@type\":\"ListItem\",\"position\":1,\"name\":\"In\u00edcio\",\"item\":\"https:\/\/kmembalagens.com.br\/\"},{\"@type\":\"ListItem\",\"position\":2,\"name\":\"Caixa Cora\u00e7\u00e3o Vermelho Slice Cake 11&#215;17 c\/10 unidades\"}]},{\"@type\":\"WebSite\",\"@id\":\"https:\/\/kmembalagens.com.br\/#website\",\"url\":\"https:\/\/kmembalagens.com.br\/\",\"name\":\"KM Embalagens\",\"description\":\"Tudo que precisa de embalagens\",\"publisher\":{\"@id\":\"https:\/\/kmembalagens.com.br\/#organization\"},\"potentialAction\":[{\"@type\":\"SearchAction\",\"target\":{\"@type\":\"EntryPoint\",\"urlTemplate\":\"https:\/\/kmembalagens.com.br\/?s={search_term_string}\"},\"query-input\":{\"@type\":\"PropertyValueSpecification\",\"valueRequired\":true,\"valueName\":\"search_term_string\"}}],\"inLanguage\":\"pt-BR\"},{\"@type\":\"Organization\",\"@id\":\"https:\/\/kmembalagens.com.br\/#organization\",\"name\":\"KM Embalagens\",\"url\":\"https:\/\/kmembalagens.com.br\/\",\"logo\":{\"@type\":\"ImageObject\",\"inLanguage\":\"pt-BR\",\"@id\":\"https:\/\/kmembalagens.com.br\/#\/schema\/logo\/image\/\",\"url\":\"https:\/\/kmembalagens.com.br\/wp-content\/uploads\/2020\/11\/cropped-cropped-KM-semfundo-2.png\",\"contentUrl\":\"https:\/\/kmembalagens.com.br\/wp-content\/uploads\/2020\/11\/cropped-cropped-KM-semfundo-2.png\",\"width\":1867,\"height\":1202,\"caption\":\"KM Embalagens\"},\"image\":{\"@id\":\"https:\/\/kmembalagens.com.br\/#\/schema\/logo\/image\/\"}}]}<\/script>\n<!-- \/ Yoast SEO plugin. -->","yoast_head_json":{"title":"Caixa Cora\u00e7\u00e3o Vermelho Slice Cake 11x17 c\/10 unidades - KM Embalagens","robots":{"index":"index","follow":"follow","max-snippet":"max-snippet:-1","max-image-preview":"max-image-preview:large","max-video-preview":"max-video-preview:-1"},"canonical":"https:\/\/kmembalagens.com.br\/index.php\/produto\/caixa-coracao-vermelho-slice-cake-11x17-c-10-unidades\/","og_locale":"pt_BR","og_type":"article","og_title":"Caixa Cora\u00e7\u00e3o Vermelho Slice Cake 11x17 c\/10 unidades - KM Embalagens","og_description":"Caixa Cora\u00e7\u00e3o Vermelho Slice-Cake 11 x 17 c\/10 unidades  No formato retangular, acomodando e demonstrando perfeitamente seu produto, trazendo sofistica\u00e7\u00e3o,  beleza e praticidade na hora de expor suas receitas em sua confeitaria.  Papel Impermeabilizado (com barreira de gordura) - Tamanho:11 x 17 cm  Acompanha pl\u00e1stico para embalar - Tamanho: 30 x 30 cm  Quantidade: 10 unidades (caixa + pl\u00e1stico)  Pode ir ao freezer.  *** A caixa \u00e9 enviada para montar.***  Imagens ilustrativas.","og_url":"https:\/\/kmembalagens.com.br\/index.php\/produto\/caixa-coracao-vermelho-slice-cake-11x17-c-10-unidades\/","og_site_name":"KM Embalagens","article_modified_time":"2024-06-15T14:46:33+00:00","og_image":[{"width":1811,"height":2560,"url":"https:\/\/kmembalagens.com.br\/wp-content\/uploads\/2022\/10\/CAPA-coracao-scaled.jpg","type":"image\/jpeg"}],"twitter_card":"summary_large_image","schema":{"@context":"https:\/\/schema.org","@graph":[{"@type":"WebPage","@id":"https:\/\/kmembalagens.com.br\/index.php\/produto\/caixa-coracao-vermelho-slice-cake-11x17-c-10-unidades\/","url":"https:\/\/kmembalagens.com.br\/index.php\/produto\/caixa-coracao-vermelho-slice-cake-11x17-c-10-unidades\/","name":"Caixa Cora\u00e7\u00e3o Vermelho Slice Cake 11x17 c\/10 unidades - KM Embalagens","isPartOf":{"@id":"https:\/\/kmembalagens.com.br\/#website"},"primaryImageOfPage":{"@id":"https:\/\/kmembalagens.com.br\/index.php\/produto\/caixa-coracao-vermelho-slice-cake-11x17-c-10-unidades\/#primaryimage"},"image":{"@id":"https:\/\/kmembalagens.com.br\/index.php\/produto\/caixa-coracao-vermelho-slice-cake-11x17-c-10-unidades\/#primaryimage"},"thumbnailUrl":"https:\/\/kmembalagens.com.br\/wp-content\/uploads\/2022\/10\/CAPA-coracao-scaled.jpg","datePublished":"2022-10-07T21:06:37+00:00","dateModified":"2024-06-15T14:46:33+00:00","breadcrumb":{"@id":"https:\/\/kmembalagens.com.br\/index.php\/produto\/caixa-coracao-vermelho-slice-cake-11x17-c-10-unidades\/#breadcrumb"},"inLanguage":"pt-BR","potentialAction":[{"@type":"ReadAction","target":["https:\/\/kmembalagens.com.br\/index.php\/produto\/caixa-coracao-vermelho-slice-cake-11x17-c-10-unidades\/"]}]},{"@type":"ImageObject","inLanguage":"pt-BR","@id":"https:\/\/kmembalagens.com.br\/index.php\/produto\/caixa-coracao-vermelho-slice-cake-11x17-c-10-unidades\/#primaryimage","url":"https:\/\/kmembalagens.com.br\/wp-content\/uploads\/2022\/10\/CAPA-coracao-scaled.jpg","contentUrl":"https:\/\/kmembalagens.com.br\/wp-content\/uploads\/2022\/10\/CAPA-coracao-scaled.jpg","width":1811,"height":2560},{"@type":"BreadcrumbList","@id":"https:\/\/kmembalagens.com.br\/index.php\/produto\/caixa-coracao-vermelho-slice-cake-11x17-c-10-unidades\/#breadcrumb","itemListElement":[{"@type":"ListItem","position":1,"name":"In\u00edcio","item":"https:\/\/kmembalagens.com.br\/"},{"@type":"ListItem","position":2,"name":"Caixa Cora\u00e7\u00e3o Vermelho Slice Cake 11&#215;17 c\/10 unidades"}]},{"@type":"WebSite","@id":"https:\/\/kmembalagens.com.br\/#website","url":"https:\/\/kmembalagens.com.br\/","name":"KM Embalagens","description":"Tudo que precisa de embalagens","publisher":{"@id":"https:\/\/kmembalagens.com.br\/#organization"},"potentialAction":[{"@type":"SearchAction","target":{"@type":"EntryPoint","urlTemplate":"https:\/\/kmembalagens.com.br\/?s={search_term_string}"},"query-input":{"@type":"PropertyValueSpecification","valueRequired":true,"valueName":"search_term_string"}}],"inLanguage":"pt-BR"},{"@type":"Organization","@id":"https:\/\/kmembalagens.com.br\/#organization","name":"KM Embalagens","url":"https:\/\/kmembalagens.com.br\/","logo":{"@type":"ImageObject","inLanguage":"pt-BR","@id":"https:\/\/kmembalagens.com.br\/#\/schema\/logo\/image\/","url":"https:\/\/kmembalagens.com.br\/wp-content\/uploads\/2020\/11\/cropped-cropped-KM-semfundo-2.png","contentUrl":"https:\/\/kmembalagens.com.br\/wp-content\/uploads\/2020\/11\/cropped-cropped-KM-semfundo-2.png","width":1867,"height":1202,"caption":"KM Embalagens"},"image":{"@id":"https:\/\/kmembalagens.com.br\/#\/schema\/logo\/image\/"}}]}},"_links":{"self":[{"href":"https:\/\/kmembalagens.com.br\/index.php\/wp-json\/wp\/v2\/product\/2606","targetHints":{"allow":["GET"]}}],"collection":[{"href":"https:\/\/kmembalagens.com.br\/index.php\/wp-json\/wp\/v2\/product"}],"about":[{"href":"https:\/\/kmembalagens.com.br\/index.php\/wp-json\/wp\/v2\/types\/product"}],"replies":[{"embeddable":true,"href":"https:\/\/kmembalagens.com.br\/index.php\/wp-json\/wp\/v2\/comments?post=2606"}],"wp:featuredmedia":[{"embeddable":true,"href":"https:\/\/kmembalagens.com.br\/index.php\/wp-json\/wp\/v2\/media\/2607"}],"wp:attachment":[{"href":"https:\/\/kmembalagens.com.br\/index.php\/wp-json\/wp\/v2\/media?parent=2606"}],"wp:term":[{"taxonomy":"product_brand","embeddable":true,"href":"https:\/\/kmembalagens.com.br\/index.php\/wp-json\/wp\/v2\/product_brand?post=2606"},{"taxonomy":"product_cat","embeddable":true,"href":"https:\/\/kmembalagens.com.br\/index.php\/wp-json\/wp\/v2\/product_cat?post=2606"},{"taxonomy":"product_tag","embeddable":true,"href":"https:\/\/kmembalagens.com.br\/index.php\/wp-json\/wp\/v2\/product_tag?post=2606"}],"curies":[{"name":"wp","href":"https:\/\/api.w.org\/{rel}","templated":true}]}}