{"id":2594,"date":"2022-10-07T16:07:33","date_gmt":"2022-10-07T19:07:33","guid":{"rendered":"https:\/\/kmembalagens.com.br\/?post_type=product&#038;p=2594"},"modified":"2022-10-07T16:07:33","modified_gmt":"2022-10-07T19:07:33","slug":"caixa-slice-cake-box-transparente-c-10-unidades","status":"publish","type":"product","link":"https:\/\/kmembalagens.com.br\/index.php\/produto\/caixa-slice-cake-box-transparente-c-10-unidades\/","title":{"rendered":"Caixa Slice Cake-Box transparente c\/10 unidades"},"content":{"rendered":"","protected":false},"excerpt":{"rendered":"<p>Slice Cake-Box transparente c\/10 unidades + BRINDE.<\/p>\n<p>Embalagem para fatia bolo, torta e diversos docinhos.<\/p>\n<p>Fabricada de PET transparente, \u00e9 perfeita para receber a fatia de forma pr\u00e1tica. <\/p>\n<p>Dispensa o uso de saquinho.<\/p>\n<p>Dimens\u00f5es:<br \/>\n&#8211; 12cm comprimento<br \/>\n&#8211; 10cm largura<br \/>\n&#8211; 2,5cm altura <\/p>\n<p>Material: PET transparente<\/p>\n<p>Quantidade: 10 unidades (enviadas para montar)<\/p>\n<p>Imagens ilustrativas.<\/p>\n","protected":false},"featured_media":2599,"comment_status":"open","ping_status":"closed","template":"","meta":{"site-sidebar-layout":"default","site-content-layout":"default","ast-site-content-layout":"","site-content-style":"default","site-sidebar-style":"default","ast-global-header-display":"","ast-banner-title-visibility":"","ast-main-header-display":"","ast-hfb-above-header-display":"","ast-hfb-below-header-display":"","ast-hfb-mobile-header-display":"","site-post-title":"","ast-breadcrumbs-content":"","ast-featured-img":"","footer-sml-layout":"","theme-transparent-header-meta":"default","adv-header-id-meta":"","stick-header-meta":"","header-above-stick-meta":"","header-main-stick-meta":"","header-below-stick-meta":"","astra-migrate-meta-layouts":"default","ast-page-background-enabled":"default","ast-page-background-meta":{"desktop":{"background-color":"var(--ast-global-color-4)","background-image":"","background-repeat":"repeat","background-position":"center center","background-size":"auto","background-attachment":"scroll","background-type":"","background-media":"","overlay-type":"","overlay-color":"","overlay-opacity":"","overlay-gradient":""},"tablet":{"background-color":"","background-image":"","background-repeat":"repeat","background-position":"center center","background-size":"auto","background-attachment":"scroll","background-type":"","background-media":"","overlay-type":"","overlay-color":"","overlay-opacity":"","overlay-gradient":""},"mobile":{"background-color":"","background-image":"","background-repeat":"repeat","background-position":"center center","background-size":"auto","background-attachment":"scroll","background-type":"","background-media":"","overlay-type":"","overlay-color":"","overlay-opacity":"","overlay-gradient":""}},"ast-content-background-meta":{"desktop":{"background-color":"var(--ast-global-color-5)","background-image":"","background-repeat":"repeat","background-position":"center center","background-size":"auto","background-attachment":"scroll","background-type":"","background-media":"","overlay-type":"","overlay-color":"","overlay-opacity":"","overlay-gradient":""},"tablet":{"background-color":"var(--ast-global-color-5)","background-image":"","background-repeat":"repeat","background-position":"center center","background-size":"auto","background-attachment":"scroll","background-type":"","background-media":"","overlay-type":"","overlay-color":"","overlay-opacity":"","overlay-gradient":""},"mobile":{"background-color":"var(--ast-global-color-5)","background-image":"","background-repeat":"repeat","background-position":"center center","background-size":"auto","background-attachment":"scroll","background-type":"","background-media":"","overlay-type":"","overlay-color":"","overlay-opacity":"","overlay-gradient":""}}},"product_brand":[],"product_cat":[26],"product_tag":[509,167,513,526,511,551,552,59,57,60,85],"class_list":{"0":"post-2594","1":"product","2":"type-product","3":"status-publish","4":"has-post-thumbnail","6":"product_cat-confeitaria","7":"product_tag-bolofatiado","8":"product_tag-confeitar","9":"product_tag-docinhos","10":"product_tag-fatiabolo","11":"product_tag-slicecake","12":"product_tag-slicecakebox","13":"product_tag-slicecakeboxplastico","14":"product_tag-confeitaria","15":"product_tag-confeiteira","16":"product_tag-confeiteiro","17":"product_tag-kmembalagens","18":"desktop-align-left","19":"tablet-align-left","20":"mobile-align-left","22":"first","23":"instock","24":"taxable","25":"shipping-taxable","26":"purchasable","27":"product-type-simple"},"yoast_head":"<!-- This site is optimized with the Yoast SEO plugin v27.2 - https:\/\/yoast.com\/product\/yoast-seo-wordpress\/ -->\n<title>Caixa Slice Cake-Box transparente c\/10 unidades - KM Embalagens<\/title>\n<meta name=\"robots\" content=\"index, follow, max-snippet:-1, max-image-preview:large, max-video-preview:-1\" \/>\n<link rel=\"canonical\" href=\"https:\/\/kmembalagens.com.br\/index.php\/produto\/caixa-slice-cake-box-transparente-c-10-unidades\/\" \/>\n<meta property=\"og:locale\" content=\"pt_BR\" \/>\n<meta property=\"og:type\" content=\"article\" \/>\n<meta property=\"og:title\" content=\"Caixa Slice Cake-Box transparente c\/10 unidades - KM Embalagens\" \/>\n<meta property=\"og:description\" content=\"Slice Cake-Box transparente c\/10 unidades + BRINDE.  Embalagem para fatia bolo, torta e diversos docinhos.  Fabricada de PET transparente, \u00e9 perfeita para receber a fatia de forma pr\u00e1tica.   Dispensa o uso de saquinho.  Dimens\u00f5es: - 12cm comprimento  - 10cm largura  - 2,5cm altura   Material: PET transparente  Quantidade: 10 unidades (enviadas para montar)  Imagens ilustrativas.\" \/>\n<meta property=\"og:url\" content=\"https:\/\/kmembalagens.com.br\/index.php\/produto\/caixa-slice-cake-box-transparente-c-10-unidades\/\" \/>\n<meta property=\"og:site_name\" content=\"KM Embalagens\" \/>\n<meta property=\"og:image\" content=\"https:\/\/kmembalagens.com.br\/wp-content\/uploads\/2022\/10\/CAPA-Slice-box-1-scaled.jpg\" \/>\n\t<meta property=\"og:image:width\" content=\"1811\" \/>\n\t<meta property=\"og:image:height\" content=\"2560\" \/>\n\t<meta property=\"og:image:type\" content=\"image\/jpeg\" \/>\n<meta name=\"twitter:card\" content=\"summary_large_image\" \/>\n<script type=\"application\/ld+json\" class=\"yoast-schema-graph\">{\"@context\":\"https:\/\/schema.org\",\"@graph\":[{\"@type\":\"WebPage\",\"@id\":\"https:\/\/kmembalagens.com.br\/index.php\/produto\/caixa-slice-cake-box-transparente-c-10-unidades\/\",\"url\":\"https:\/\/kmembalagens.com.br\/index.php\/produto\/caixa-slice-cake-box-transparente-c-10-unidades\/\",\"name\":\"Caixa Slice Cake-Box transparente c\/10 unidades - KM Embalagens\",\"isPartOf\":{\"@id\":\"https:\/\/kmembalagens.com.br\/#website\"},\"primaryImageOfPage\":{\"@id\":\"https:\/\/kmembalagens.com.br\/index.php\/produto\/caixa-slice-cake-box-transparente-c-10-unidades\/#primaryimage\"},\"image\":{\"@id\":\"https:\/\/kmembalagens.com.br\/index.php\/produto\/caixa-slice-cake-box-transparente-c-10-unidades\/#primaryimage\"},\"thumbnailUrl\":\"https:\/\/kmembalagens.com.br\/wp-content\/uploads\/2022\/10\/CAPA-Slice-box-1-scaled.jpg\",\"datePublished\":\"2022-10-07T19:07:33+00:00\",\"breadcrumb\":{\"@id\":\"https:\/\/kmembalagens.com.br\/index.php\/produto\/caixa-slice-cake-box-transparente-c-10-unidades\/#breadcrumb\"},\"inLanguage\":\"pt-BR\",\"potentialAction\":[{\"@type\":\"ReadAction\",\"target\":[\"https:\/\/kmembalagens.com.br\/index.php\/produto\/caixa-slice-cake-box-transparente-c-10-unidades\/\"]}]},{\"@type\":\"ImageObject\",\"inLanguage\":\"pt-BR\",\"@id\":\"https:\/\/kmembalagens.com.br\/index.php\/produto\/caixa-slice-cake-box-transparente-c-10-unidades\/#primaryimage\",\"url\":\"https:\/\/kmembalagens.com.br\/wp-content\/uploads\/2022\/10\/CAPA-Slice-box-1-scaled.jpg\",\"contentUrl\":\"https:\/\/kmembalagens.com.br\/wp-content\/uploads\/2022\/10\/CAPA-Slice-box-1-scaled.jpg\",\"width\":1811,\"height\":2560},{\"@type\":\"BreadcrumbList\",\"@id\":\"https:\/\/kmembalagens.com.br\/index.php\/produto\/caixa-slice-cake-box-transparente-c-10-unidades\/#breadcrumb\",\"itemListElement\":[{\"@type\":\"ListItem\",\"position\":1,\"name\":\"In\u00edcio\",\"item\":\"https:\/\/kmembalagens.com.br\/\"},{\"@type\":\"ListItem\",\"position\":2,\"name\":\"Caixa Slice Cake-Box transparente c\/10 unidades\"}]},{\"@type\":\"WebSite\",\"@id\":\"https:\/\/kmembalagens.com.br\/#website\",\"url\":\"https:\/\/kmembalagens.com.br\/\",\"name\":\"KM Embalagens\",\"description\":\"Tudo que precisa de embalagens\",\"publisher\":{\"@id\":\"https:\/\/kmembalagens.com.br\/#organization\"},\"potentialAction\":[{\"@type\":\"SearchAction\",\"target\":{\"@type\":\"EntryPoint\",\"urlTemplate\":\"https:\/\/kmembalagens.com.br\/?s={search_term_string}\"},\"query-input\":{\"@type\":\"PropertyValueSpecification\",\"valueRequired\":true,\"valueName\":\"search_term_string\"}}],\"inLanguage\":\"pt-BR\"},{\"@type\":\"Organization\",\"@id\":\"https:\/\/kmembalagens.com.br\/#organization\",\"name\":\"KM Embalagens\",\"url\":\"https:\/\/kmembalagens.com.br\/\",\"logo\":{\"@type\":\"ImageObject\",\"inLanguage\":\"pt-BR\",\"@id\":\"https:\/\/kmembalagens.com.br\/#\/schema\/logo\/image\/\",\"url\":\"https:\/\/kmembalagens.com.br\/wp-content\/uploads\/2020\/11\/cropped-cropped-KM-semfundo-2.png\",\"contentUrl\":\"https:\/\/kmembalagens.com.br\/wp-content\/uploads\/2020\/11\/cropped-cropped-KM-semfundo-2.png\",\"width\":1867,\"height\":1202,\"caption\":\"KM Embalagens\"},\"image\":{\"@id\":\"https:\/\/kmembalagens.com.br\/#\/schema\/logo\/image\/\"}}]}<\/script>\n<!-- \/ Yoast SEO plugin. -->","yoast_head_json":{"title":"Caixa Slice Cake-Box transparente c\/10 unidades - KM Embalagens","robots":{"index":"index","follow":"follow","max-snippet":"max-snippet:-1","max-image-preview":"max-image-preview:large","max-video-preview":"max-video-preview:-1"},"canonical":"https:\/\/kmembalagens.com.br\/index.php\/produto\/caixa-slice-cake-box-transparente-c-10-unidades\/","og_locale":"pt_BR","og_type":"article","og_title":"Caixa Slice Cake-Box transparente c\/10 unidades - KM Embalagens","og_description":"Slice Cake-Box transparente c\/10 unidades + BRINDE.  Embalagem para fatia bolo, torta e diversos docinhos.  Fabricada de PET transparente, \u00e9 perfeita para receber a fatia de forma pr\u00e1tica.   Dispensa o uso de saquinho.  Dimens\u00f5es: - 12cm comprimento  - 10cm largura  - 2,5cm altura   Material: PET transparente  Quantidade: 10 unidades (enviadas para montar)  Imagens ilustrativas.","og_url":"https:\/\/kmembalagens.com.br\/index.php\/produto\/caixa-slice-cake-box-transparente-c-10-unidades\/","og_site_name":"KM Embalagens","og_image":[{"width":1811,"height":2560,"url":"https:\/\/kmembalagens.com.br\/wp-content\/uploads\/2022\/10\/CAPA-Slice-box-1-scaled.jpg","type":"image\/jpeg"}],"twitter_card":"summary_large_image","schema":{"@context":"https:\/\/schema.org","@graph":[{"@type":"WebPage","@id":"https:\/\/kmembalagens.com.br\/index.php\/produto\/caixa-slice-cake-box-transparente-c-10-unidades\/","url":"https:\/\/kmembalagens.com.br\/index.php\/produto\/caixa-slice-cake-box-transparente-c-10-unidades\/","name":"Caixa Slice Cake-Box transparente c\/10 unidades - KM Embalagens","isPartOf":{"@id":"https:\/\/kmembalagens.com.br\/#website"},"primaryImageOfPage":{"@id":"https:\/\/kmembalagens.com.br\/index.php\/produto\/caixa-slice-cake-box-transparente-c-10-unidades\/#primaryimage"},"image":{"@id":"https:\/\/kmembalagens.com.br\/index.php\/produto\/caixa-slice-cake-box-transparente-c-10-unidades\/#primaryimage"},"thumbnailUrl":"https:\/\/kmembalagens.com.br\/wp-content\/uploads\/2022\/10\/CAPA-Slice-box-1-scaled.jpg","datePublished":"2022-10-07T19:07:33+00:00","breadcrumb":{"@id":"https:\/\/kmembalagens.com.br\/index.php\/produto\/caixa-slice-cake-box-transparente-c-10-unidades\/#breadcrumb"},"inLanguage":"pt-BR","potentialAction":[{"@type":"ReadAction","target":["https:\/\/kmembalagens.com.br\/index.php\/produto\/caixa-slice-cake-box-transparente-c-10-unidades\/"]}]},{"@type":"ImageObject","inLanguage":"pt-BR","@id":"https:\/\/kmembalagens.com.br\/index.php\/produto\/caixa-slice-cake-box-transparente-c-10-unidades\/#primaryimage","url":"https:\/\/kmembalagens.com.br\/wp-content\/uploads\/2022\/10\/CAPA-Slice-box-1-scaled.jpg","contentUrl":"https:\/\/kmembalagens.com.br\/wp-content\/uploads\/2022\/10\/CAPA-Slice-box-1-scaled.jpg","width":1811,"height":2560},{"@type":"BreadcrumbList","@id":"https:\/\/kmembalagens.com.br\/index.php\/produto\/caixa-slice-cake-box-transparente-c-10-unidades\/#breadcrumb","itemListElement":[{"@type":"ListItem","position":1,"name":"In\u00edcio","item":"https:\/\/kmembalagens.com.br\/"},{"@type":"ListItem","position":2,"name":"Caixa Slice Cake-Box transparente c\/10 unidades"}]},{"@type":"WebSite","@id":"https:\/\/kmembalagens.com.br\/#website","url":"https:\/\/kmembalagens.com.br\/","name":"KM Embalagens","description":"Tudo que precisa de embalagens","publisher":{"@id":"https:\/\/kmembalagens.com.br\/#organization"},"potentialAction":[{"@type":"SearchAction","target":{"@type":"EntryPoint","urlTemplate":"https:\/\/kmembalagens.com.br\/?s={search_term_string}"},"query-input":{"@type":"PropertyValueSpecification","valueRequired":true,"valueName":"search_term_string"}}],"inLanguage":"pt-BR"},{"@type":"Organization","@id":"https:\/\/kmembalagens.com.br\/#organization","name":"KM Embalagens","url":"https:\/\/kmembalagens.com.br\/","logo":{"@type":"ImageObject","inLanguage":"pt-BR","@id":"https:\/\/kmembalagens.com.br\/#\/schema\/logo\/image\/","url":"https:\/\/kmembalagens.com.br\/wp-content\/uploads\/2020\/11\/cropped-cropped-KM-semfundo-2.png","contentUrl":"https:\/\/kmembalagens.com.br\/wp-content\/uploads\/2020\/11\/cropped-cropped-KM-semfundo-2.png","width":1867,"height":1202,"caption":"KM Embalagens"},"image":{"@id":"https:\/\/kmembalagens.com.br\/#\/schema\/logo\/image\/"}}]}},"_links":{"self":[{"href":"https:\/\/kmembalagens.com.br\/index.php\/wp-json\/wp\/v2\/product\/2594","targetHints":{"allow":["GET"]}}],"collection":[{"href":"https:\/\/kmembalagens.com.br\/index.php\/wp-json\/wp\/v2\/product"}],"about":[{"href":"https:\/\/kmembalagens.com.br\/index.php\/wp-json\/wp\/v2\/types\/product"}],"replies":[{"embeddable":true,"href":"https:\/\/kmembalagens.com.br\/index.php\/wp-json\/wp\/v2\/comments?post=2594"}],"wp:featuredmedia":[{"embeddable":true,"href":"https:\/\/kmembalagens.com.br\/index.php\/wp-json\/wp\/v2\/media\/2599"}],"wp:attachment":[{"href":"https:\/\/kmembalagens.com.br\/index.php\/wp-json\/wp\/v2\/media?parent=2594"}],"wp:term":[{"taxonomy":"product_brand","embeddable":true,"href":"https:\/\/kmembalagens.com.br\/index.php\/wp-json\/wp\/v2\/product_brand?post=2594"},{"taxonomy":"product_cat","embeddable":true,"href":"https:\/\/kmembalagens.com.br\/index.php\/wp-json\/wp\/v2\/product_cat?post=2594"},{"taxonomy":"product_tag","embeddable":true,"href":"https:\/\/kmembalagens.com.br\/index.php\/wp-json\/wp\/v2\/product_tag?post=2594"}],"curies":[{"name":"wp","href":"https:\/\/api.w.org\/{rel}","templated":true}]}}