{"id":2508,"date":"2022-09-26T18:02:33","date_gmt":"2022-09-26T21:02:33","guid":{"rendered":"https:\/\/kmembalagens.com.br\/?post_type=product&#038;p=2508"},"modified":"2025-11-17T19:16:07","modified_gmt":"2025-11-17T22:16:07","slug":"pote-500-ml-translucido-liso-c-tampa-50-unidades-copaza","status":"publish","type":"product","link":"https:\/\/kmembalagens.com.br\/index.php\/produto\/pote-500-ml-translucido-liso-c-tampa-50-unidades-copaza\/","title":{"rendered":"Pote 500 ml transl\u00facido liso c\/tampa 50 unidades &#8211; Copaza"},"content":{"rendered":"","protected":false},"excerpt":{"rendered":"<p>Pote 500 ml liso transl\u00facido c\/tampa &#8211; 50 unidades<\/p>\n<p>Linha Caf\u00e9 e Sobremesa<\/p>\n<p>Sob medida para servir cafezinhos e doces.<\/p>\n<p>Mat\u00e9ria-prima: PS &#8211; Poliestireno<\/p>\n<p>Quantidade: 50 unidades (pote + tampa)<\/p>\n<p>Capacidade: 500 ml<\/p>\n<p>Dimens\u00f5es:<br \/>\nAltura: 94,20 mm<br \/>\nBase: 77,80 mm<br \/>\nBoca: 101,00 mm<\/p>\n<p>Imagens ilustrativas.<\/p>\n","protected":false},"featured_media":2509,"comment_status":"open","ping_status":"closed","template":"","meta":{"site-sidebar-layout":"default","site-content-layout":"default","ast-site-content-layout":"","site-content-style":"default","site-sidebar-style":"default","ast-global-header-display":"","ast-banner-title-visibility":"","ast-main-header-display":"","ast-hfb-above-header-display":"","ast-hfb-below-header-display":"","ast-hfb-mobile-header-display":"","site-post-title":"","ast-breadcrumbs-content":"","ast-featured-img":"","footer-sml-layout":"","theme-transparent-header-meta":"default","adv-header-id-meta":"","stick-header-meta":"","header-above-stick-meta":"","header-main-stick-meta":"","header-below-stick-meta":"","astra-migrate-meta-layouts":"default","ast-page-background-enabled":"default","ast-page-background-meta":{"desktop":{"background-color":"var(--ast-global-color-4)","background-image":"","background-repeat":"repeat","background-position":"center center","background-size":"auto","background-attachment":"scroll","background-type":"","background-media":"","overlay-type":"","overlay-color":"","overlay-opacity":"","overlay-gradient":""},"tablet":{"background-color":"","background-image":"","background-repeat":"repeat","background-position":"center center","background-size":"auto","background-attachment":"scroll","background-type":"","background-media":"","overlay-type":"","overlay-color":"","overlay-opacity":"","overlay-gradient":""},"mobile":{"background-color":"","background-image":"","background-repeat":"repeat","background-position":"center center","background-size":"auto","background-attachment":"scroll","background-type":"","background-media":"","overlay-type":"","overlay-color":"","overlay-opacity":"","overlay-gradient":""}},"ast-content-background-meta":{"desktop":{"background-color":"var(--ast-global-color-5)","background-image":"","background-repeat":"repeat","background-position":"center center","background-size":"auto","background-attachment":"scroll","background-type":"","background-media":"","overlay-type":"","overlay-color":"","overlay-opacity":"","overlay-gradient":""},"tablet":{"background-color":"var(--ast-global-color-5)","background-image":"","background-repeat":"repeat","background-position":"center center","background-size":"auto","background-attachment":"scroll","background-type":"","background-media":"","overlay-type":"","overlay-color":"","overlay-opacity":"","overlay-gradient":""},"mobile":{"background-color":"var(--ast-global-color-5)","background-image":"","background-repeat":"repeat","background-position":"center center","background-size":"auto","background-attachment":"scroll","background-type":"","background-media":"","overlay-type":"","overlay-color":"","overlay-opacity":"","overlay-gradient":""}}},"product_brand":[],"product_cat":[35],"product_tag":[541,536,540,539,543,537,533,85],"class_list":{"0":"post-2508","1":"product","2":"type-product","3":"status-publish","4":"has-post-thumbnail","6":"product_cat-potes","7":"product_tag-copaza","8":"product_tag-pote500ml","9":"product_tag-potecafe","10":"product_tag-potecafezinho","11":"product_tag-potedoce","12":"product_tag-potesobremesa","13":"product_tag-sobremesa","14":"product_tag-kmembalagens","15":"desktop-align-left","16":"tablet-align-left","17":"mobile-align-left","19":"first","20":"instock","21":"taxable","22":"shipping-taxable","23":"purchasable","24":"product-type-simple"},"yoast_head":"<!-- This site is optimized with the Yoast SEO plugin v27.2 - https:\/\/yoast.com\/product\/yoast-seo-wordpress\/ -->\n<title>Pote 500 ml transl\u00facido liso c\/tampa 50 unidades - Copaza - KM Embalagens<\/title>\n<meta name=\"robots\" content=\"index, follow, max-snippet:-1, max-image-preview:large, max-video-preview:-1\" \/>\n<link rel=\"canonical\" href=\"https:\/\/kmembalagens.com.br\/index.php\/produto\/pote-500-ml-translucido-liso-c-tampa-50-unidades-copaza\/\" \/>\n<meta property=\"og:locale\" content=\"pt_BR\" \/>\n<meta property=\"og:type\" content=\"article\" \/>\n<meta property=\"og:title\" content=\"Pote 500 ml transl\u00facido liso c\/tampa 50 unidades - Copaza - KM Embalagens\" \/>\n<meta property=\"og:description\" content=\"Pote 500 ml liso transl\u00facido c\/tampa - 50 unidades  Linha Caf\u00e9 e Sobremesa  Sob medida para servir cafezinhos e doces.  Mat\u00e9ria-prima: PS - Poliestireno  Quantidade: 50 unidades (pote + tampa)  Capacidade: 500 ml  Dimens\u00f5es: Altura: 94,20 mm Base: 77,80 mm Boca: 101,00 mm  Imagens ilustrativas.\" \/>\n<meta property=\"og:url\" content=\"https:\/\/kmembalagens.com.br\/index.php\/produto\/pote-500-ml-translucido-liso-c-tampa-50-unidades-copaza\/\" \/>\n<meta property=\"og:site_name\" content=\"KM Embalagens\" \/>\n<meta property=\"article:modified_time\" content=\"2025-11-17T22:16:07+00:00\" \/>\n<meta property=\"og:image\" content=\"https:\/\/kmembalagens.com.br\/wp-content\/uploads\/2022\/09\/CAPA-500ml-1-scaled.jpg\" \/>\n\t<meta property=\"og:image:width\" content=\"1811\" \/>\n\t<meta property=\"og:image:height\" content=\"2560\" \/>\n\t<meta property=\"og:image:type\" content=\"image\/jpeg\" \/>\n<meta name=\"twitter:card\" content=\"summary_large_image\" \/>\n<script type=\"application\/ld+json\" class=\"yoast-schema-graph\">{\"@context\":\"https:\/\/schema.org\",\"@graph\":[{\"@type\":\"WebPage\",\"@id\":\"https:\/\/kmembalagens.com.br\/index.php\/produto\/pote-500-ml-translucido-liso-c-tampa-50-unidades-copaza\/\",\"url\":\"https:\/\/kmembalagens.com.br\/index.php\/produto\/pote-500-ml-translucido-liso-c-tampa-50-unidades-copaza\/\",\"name\":\"Pote 500 ml transl\u00facido liso c\/tampa 50 unidades - Copaza - KM Embalagens\",\"isPartOf\":{\"@id\":\"https:\/\/kmembalagens.com.br\/#website\"},\"primaryImageOfPage\":{\"@id\":\"https:\/\/kmembalagens.com.br\/index.php\/produto\/pote-500-ml-translucido-liso-c-tampa-50-unidades-copaza\/#primaryimage\"},\"image\":{\"@id\":\"https:\/\/kmembalagens.com.br\/index.php\/produto\/pote-500-ml-translucido-liso-c-tampa-50-unidades-copaza\/#primaryimage\"},\"thumbnailUrl\":\"https:\/\/kmembalagens.com.br\/wp-content\/uploads\/2022\/09\/CAPA-500ml-1-scaled.jpg\",\"datePublished\":\"2022-09-26T21:02:33+00:00\",\"dateModified\":\"2025-11-17T22:16:07+00:00\",\"breadcrumb\":{\"@id\":\"https:\/\/kmembalagens.com.br\/index.php\/produto\/pote-500-ml-translucido-liso-c-tampa-50-unidades-copaza\/#breadcrumb\"},\"inLanguage\":\"pt-BR\",\"potentialAction\":[{\"@type\":\"ReadAction\",\"target\":[\"https:\/\/kmembalagens.com.br\/index.php\/produto\/pote-500-ml-translucido-liso-c-tampa-50-unidades-copaza\/\"]}]},{\"@type\":\"ImageObject\",\"inLanguage\":\"pt-BR\",\"@id\":\"https:\/\/kmembalagens.com.br\/index.php\/produto\/pote-500-ml-translucido-liso-c-tampa-50-unidades-copaza\/#primaryimage\",\"url\":\"https:\/\/kmembalagens.com.br\/wp-content\/uploads\/2022\/09\/CAPA-500ml-1-scaled.jpg\",\"contentUrl\":\"https:\/\/kmembalagens.com.br\/wp-content\/uploads\/2022\/09\/CAPA-500ml-1-scaled.jpg\",\"width\":1811,\"height\":2560},{\"@type\":\"BreadcrumbList\",\"@id\":\"https:\/\/kmembalagens.com.br\/index.php\/produto\/pote-500-ml-translucido-liso-c-tampa-50-unidades-copaza\/#breadcrumb\",\"itemListElement\":[{\"@type\":\"ListItem\",\"position\":1,\"name\":\"In\u00edcio\",\"item\":\"https:\/\/kmembalagens.com.br\/\"},{\"@type\":\"ListItem\",\"position\":2,\"name\":\"Pote 500 ml transl\u00facido liso c\/tampa 50 unidades &#8211; Copaza\"}]},{\"@type\":\"WebSite\",\"@id\":\"https:\/\/kmembalagens.com.br\/#website\",\"url\":\"https:\/\/kmembalagens.com.br\/\",\"name\":\"KM Embalagens\",\"description\":\"Tudo que precisa de embalagens\",\"publisher\":{\"@id\":\"https:\/\/kmembalagens.com.br\/#organization\"},\"potentialAction\":[{\"@type\":\"SearchAction\",\"target\":{\"@type\":\"EntryPoint\",\"urlTemplate\":\"https:\/\/kmembalagens.com.br\/?s={search_term_string}\"},\"query-input\":{\"@type\":\"PropertyValueSpecification\",\"valueRequired\":true,\"valueName\":\"search_term_string\"}}],\"inLanguage\":\"pt-BR\"},{\"@type\":\"Organization\",\"@id\":\"https:\/\/kmembalagens.com.br\/#organization\",\"name\":\"KM Embalagens\",\"url\":\"https:\/\/kmembalagens.com.br\/\",\"logo\":{\"@type\":\"ImageObject\",\"inLanguage\":\"pt-BR\",\"@id\":\"https:\/\/kmembalagens.com.br\/#\/schema\/logo\/image\/\",\"url\":\"https:\/\/kmembalagens.com.br\/wp-content\/uploads\/2020\/11\/cropped-cropped-KM-semfundo-2.png\",\"contentUrl\":\"https:\/\/kmembalagens.com.br\/wp-content\/uploads\/2020\/11\/cropped-cropped-KM-semfundo-2.png\",\"width\":1867,\"height\":1202,\"caption\":\"KM Embalagens\"},\"image\":{\"@id\":\"https:\/\/kmembalagens.com.br\/#\/schema\/logo\/image\/\"}}]}<\/script>\n<!-- \/ Yoast SEO plugin. -->","yoast_head_json":{"title":"Pote 500 ml transl\u00facido liso c\/tampa 50 unidades - Copaza - KM Embalagens","robots":{"index":"index","follow":"follow","max-snippet":"max-snippet:-1","max-image-preview":"max-image-preview:large","max-video-preview":"max-video-preview:-1"},"canonical":"https:\/\/kmembalagens.com.br\/index.php\/produto\/pote-500-ml-translucido-liso-c-tampa-50-unidades-copaza\/","og_locale":"pt_BR","og_type":"article","og_title":"Pote 500 ml transl\u00facido liso c\/tampa 50 unidades - Copaza - KM Embalagens","og_description":"Pote 500 ml liso transl\u00facido c\/tampa - 50 unidades  Linha Caf\u00e9 e Sobremesa  Sob medida para servir cafezinhos e doces.  Mat\u00e9ria-prima: PS - Poliestireno  Quantidade: 50 unidades (pote + tampa)  Capacidade: 500 ml  Dimens\u00f5es: Altura: 94,20 mm Base: 77,80 mm Boca: 101,00 mm  Imagens ilustrativas.","og_url":"https:\/\/kmembalagens.com.br\/index.php\/produto\/pote-500-ml-translucido-liso-c-tampa-50-unidades-copaza\/","og_site_name":"KM Embalagens","article_modified_time":"2025-11-17T22:16:07+00:00","og_image":[{"width":1811,"height":2560,"url":"https:\/\/kmembalagens.com.br\/wp-content\/uploads\/2022\/09\/CAPA-500ml-1-scaled.jpg","type":"image\/jpeg"}],"twitter_card":"summary_large_image","schema":{"@context":"https:\/\/schema.org","@graph":[{"@type":"WebPage","@id":"https:\/\/kmembalagens.com.br\/index.php\/produto\/pote-500-ml-translucido-liso-c-tampa-50-unidades-copaza\/","url":"https:\/\/kmembalagens.com.br\/index.php\/produto\/pote-500-ml-translucido-liso-c-tampa-50-unidades-copaza\/","name":"Pote 500 ml transl\u00facido liso c\/tampa 50 unidades - Copaza - KM Embalagens","isPartOf":{"@id":"https:\/\/kmembalagens.com.br\/#website"},"primaryImageOfPage":{"@id":"https:\/\/kmembalagens.com.br\/index.php\/produto\/pote-500-ml-translucido-liso-c-tampa-50-unidades-copaza\/#primaryimage"},"image":{"@id":"https:\/\/kmembalagens.com.br\/index.php\/produto\/pote-500-ml-translucido-liso-c-tampa-50-unidades-copaza\/#primaryimage"},"thumbnailUrl":"https:\/\/kmembalagens.com.br\/wp-content\/uploads\/2022\/09\/CAPA-500ml-1-scaled.jpg","datePublished":"2022-09-26T21:02:33+00:00","dateModified":"2025-11-17T22:16:07+00:00","breadcrumb":{"@id":"https:\/\/kmembalagens.com.br\/index.php\/produto\/pote-500-ml-translucido-liso-c-tampa-50-unidades-copaza\/#breadcrumb"},"inLanguage":"pt-BR","potentialAction":[{"@type":"ReadAction","target":["https:\/\/kmembalagens.com.br\/index.php\/produto\/pote-500-ml-translucido-liso-c-tampa-50-unidades-copaza\/"]}]},{"@type":"ImageObject","inLanguage":"pt-BR","@id":"https:\/\/kmembalagens.com.br\/index.php\/produto\/pote-500-ml-translucido-liso-c-tampa-50-unidades-copaza\/#primaryimage","url":"https:\/\/kmembalagens.com.br\/wp-content\/uploads\/2022\/09\/CAPA-500ml-1-scaled.jpg","contentUrl":"https:\/\/kmembalagens.com.br\/wp-content\/uploads\/2022\/09\/CAPA-500ml-1-scaled.jpg","width":1811,"height":2560},{"@type":"BreadcrumbList","@id":"https:\/\/kmembalagens.com.br\/index.php\/produto\/pote-500-ml-translucido-liso-c-tampa-50-unidades-copaza\/#breadcrumb","itemListElement":[{"@type":"ListItem","position":1,"name":"In\u00edcio","item":"https:\/\/kmembalagens.com.br\/"},{"@type":"ListItem","position":2,"name":"Pote 500 ml transl\u00facido liso c\/tampa 50 unidades &#8211; Copaza"}]},{"@type":"WebSite","@id":"https:\/\/kmembalagens.com.br\/#website","url":"https:\/\/kmembalagens.com.br\/","name":"KM Embalagens","description":"Tudo que precisa de embalagens","publisher":{"@id":"https:\/\/kmembalagens.com.br\/#organization"},"potentialAction":[{"@type":"SearchAction","target":{"@type":"EntryPoint","urlTemplate":"https:\/\/kmembalagens.com.br\/?s={search_term_string}"},"query-input":{"@type":"PropertyValueSpecification","valueRequired":true,"valueName":"search_term_string"}}],"inLanguage":"pt-BR"},{"@type":"Organization","@id":"https:\/\/kmembalagens.com.br\/#organization","name":"KM Embalagens","url":"https:\/\/kmembalagens.com.br\/","logo":{"@type":"ImageObject","inLanguage":"pt-BR","@id":"https:\/\/kmembalagens.com.br\/#\/schema\/logo\/image\/","url":"https:\/\/kmembalagens.com.br\/wp-content\/uploads\/2020\/11\/cropped-cropped-KM-semfundo-2.png","contentUrl":"https:\/\/kmembalagens.com.br\/wp-content\/uploads\/2020\/11\/cropped-cropped-KM-semfundo-2.png","width":1867,"height":1202,"caption":"KM Embalagens"},"image":{"@id":"https:\/\/kmembalagens.com.br\/#\/schema\/logo\/image\/"}}]}},"_links":{"self":[{"href":"https:\/\/kmembalagens.com.br\/index.php\/wp-json\/wp\/v2\/product\/2508","targetHints":{"allow":["GET"]}}],"collection":[{"href":"https:\/\/kmembalagens.com.br\/index.php\/wp-json\/wp\/v2\/product"}],"about":[{"href":"https:\/\/kmembalagens.com.br\/index.php\/wp-json\/wp\/v2\/types\/product"}],"replies":[{"embeddable":true,"href":"https:\/\/kmembalagens.com.br\/index.php\/wp-json\/wp\/v2\/comments?post=2508"}],"wp:featuredmedia":[{"embeddable":true,"href":"https:\/\/kmembalagens.com.br\/index.php\/wp-json\/wp\/v2\/media\/2509"}],"wp:attachment":[{"href":"https:\/\/kmembalagens.com.br\/index.php\/wp-json\/wp\/v2\/media?parent=2508"}],"wp:term":[{"taxonomy":"product_brand","embeddable":true,"href":"https:\/\/kmembalagens.com.br\/index.php\/wp-json\/wp\/v2\/product_brand?post=2508"},{"taxonomy":"product_cat","embeddable":true,"href":"https:\/\/kmembalagens.com.br\/index.php\/wp-json\/wp\/v2\/product_cat?post=2508"},{"taxonomy":"product_tag","embeddable":true,"href":"https:\/\/kmembalagens.com.br\/index.php\/wp-json\/wp\/v2\/product_tag?post=2508"}],"curies":[{"name":"wp","href":"https:\/\/api.w.org\/{rel}","templated":true}]}}