{"id":2137,"date":"2022-06-13T15:58:10","date_gmt":"2022-06-13T18:58:10","guid":{"rendered":"https:\/\/kmembalagens.com.br\/?post_type=product&#038;p=2137"},"modified":"2026-03-22T08:00:19","modified_gmt":"2026-03-22T11:00:19","slug":"bandeja-aluminio-descartavel-1000-ml-c-10-unidades-wyda","status":"publish","type":"product","link":"https:\/\/kmembalagens.com.br\/index.php\/produto\/bandeja-aluminio-descartavel-1000-ml-c-10-unidades-wyda\/","title":{"rendered":"Bandeja alum\u00ednio descart\u00e1vel 1000 ml c\/10 unidades &#8211; Wyda"},"content":{"rendered":"","protected":false},"excerpt":{"rendered":"<p>Bandeja de alum\u00ednio descart\u00e1vel em formato retangular com capacidade de 1.000ml &#8211; c\/10 unidades.<\/p>\n<p>Ideais para armazenamento de alimentos frios e quentes.<\/p>\n<p>Podem ir ao freezer, forno convencional e micro-ondas(instru\u00e7\u00f5es no site do fabricante).<\/p>\n<p>Dimens\u00f5es: 200 x 152x 56 mm<br \/>\nVolume: 1000 ml<br \/>\nFechamento: manual<br \/>\nTampa: cart\u00e3o laminado<br \/>\nQuantidade: 10 unidades (bandeja c\/tampa)<\/p>\n<p>Vantagens da embalagem de alum\u00ednio:<\/p>\n<p>&#8211; Saud\u00e1vel: como o alimento pode ser descongelado e aquecido na mesma embalagem, a troca de temperatura<br \/>\n\u00e9 r\u00e1pida, conservando seus nutrientes e seu frescor. Essa rapidez tamb\u00e9m evita o excesso de manuseio,<br \/>\nmantendo o alimento longe de contamina\u00e7\u00e3o.<\/p>\n<p>&#8211; Vers\u00e1til: possuem v\u00e1rias medidas e formatos f\u00e1ceis de guardar na geladeira e no freezer.<\/p>\n<p>&#8211; Eficiente: como o alum\u00ednio \u00e9 eficiente condutor t\u00e9rmico, o alimento congela rapidamente, conservando<br \/>\nsua qualidade.<\/p>\n<p>&#8211; Resistente: a embalagem descart\u00e1vel de alum\u00ednio n\u00e3o de altera com o calor, ent\u00e3o \u00e9 poss\u00edvel assar,<br \/>\ngratinar, dourar o alimento na pr\u00f3pria embalagem.<\/p>\n<p>&#8211; Beleza: al\u00e9m de possuir um excelente acabamento, essa embalagem deixa o alimento mais bonito e<br \/>\nsofisticado.<\/p>\n<p>&#8211; Imperme\u00e1vel: evita passagem de umidade, oxig\u00eanio e luz, conservando o alimento.<\/p>\n<p>&#8211; Leve: pode ser um material leve, o alum\u00ednio \u00e9 mais pr\u00e1tico e funcional, facilitando o transporte.<\/p>\n<p>&#8211; Recicl\u00e1vel: a embalagem descart\u00e1vel de alum\u00ednio \u00e9 parceira do meio ambiente, j\u00e1 que economiza<br \/>\nrecursos naturais: sua reciclagem reduz 95% da energia que seria usada para produzir mais alum\u00ednio. Al\u00e9m<br \/>\ndisso, o alum\u00ednio pode ser reciclado infinitas vezes sem perder suas propriedades.<\/p>\n<p>Imagens ilustrativas.<\/p>\n","protected":false},"featured_media":2133,"comment_status":"open","ping_status":"closed","template":"","meta":{"site-sidebar-layout":"default","site-content-layout":"default","ast-site-content-layout":"","site-content-style":"default","site-sidebar-style":"default","ast-global-header-display":"","ast-banner-title-visibility":"","ast-main-header-display":"","ast-hfb-above-header-display":"","ast-hfb-below-header-display":"","ast-hfb-mobile-header-display":"","site-post-title":"","ast-breadcrumbs-content":"","ast-featured-img":"","footer-sml-layout":"","theme-transparent-header-meta":"default","adv-header-id-meta":"","stick-header-meta":"","header-above-stick-meta":"","header-main-stick-meta":"","header-below-stick-meta":"","astra-migrate-meta-layouts":"default","ast-page-background-enabled":"default","ast-page-background-meta":{"desktop":{"background-color":"var(--ast-global-color-4)","background-image":"","background-repeat":"repeat","background-position":"center center","background-size":"auto","background-attachment":"scroll","background-type":"","background-media":"","overlay-type":"","overlay-color":"","overlay-opacity":"","overlay-gradient":""},"tablet":{"background-color":"","background-image":"","background-repeat":"repeat","background-position":"center center","background-size":"auto","background-attachment":"scroll","background-type":"","background-media":"","overlay-type":"","overlay-color":"","overlay-opacity":"","overlay-gradient":""},"mobile":{"background-color":"","background-image":"","background-repeat":"repeat","background-position":"center center","background-size":"auto","background-attachment":"scroll","background-type":"","background-media":"","overlay-type":"","overlay-color":"","overlay-opacity":"","overlay-gradient":""}},"ast-content-background-meta":{"desktop":{"background-color":"var(--ast-global-color-5)","background-image":"","background-repeat":"repeat","background-position":"center center","background-size":"auto","background-attachment":"scroll","background-type":"","background-media":"","overlay-type":"","overlay-color":"","overlay-opacity":"","overlay-gradient":""},"tablet":{"background-color":"var(--ast-global-color-5)","background-image":"","background-repeat":"repeat","background-position":"center center","background-size":"auto","background-attachment":"scroll","background-type":"","background-media":"","overlay-type":"","overlay-color":"","overlay-opacity":"","overlay-gradient":""},"mobile":{"background-color":"var(--ast-global-color-5)","background-image":"","background-repeat":"repeat","background-position":"center center","background-size":"auto","background-attachment":"scroll","background-type":"","background-media":"","overlay-type":"","overlay-color":"","overlay-opacity":"","overlay-gradient":""}}},"product_brand":[],"product_cat":[20],"product_tag":[111,440,439,441,372,86,85,66],"class_list":{"0":"post-2137","1":"product","2":"type-product","3":"status-publish","4":"has-post-thumbnail","6":"product_cat-aluminio","7":"product_tag-lanchonete","8":"product_tag-marmitaaluminio","9":"product_tag-marmitex","10":"product_tag-quentinha","11":"product_tag-wyda","12":"product_tag-delivery","13":"product_tag-kmembalagens","14":"product_tag-restaurante","15":"desktop-align-left","16":"tablet-align-left","17":"mobile-align-left","19":"first","20":"instock","21":"taxable","22":"shipping-taxable","23":"purchasable","24":"product-type-simple"},"yoast_head":"<!-- This site is optimized with the Yoast SEO plugin v27.2 - https:\/\/yoast.com\/product\/yoast-seo-wordpress\/ -->\n<title>Bandeja alum\u00ednio descart\u00e1vel 1000 ml c\/10 unidades - Wyda - KM Embalagens<\/title>\n<meta name=\"robots\" content=\"index, follow, max-snippet:-1, max-image-preview:large, max-video-preview:-1\" \/>\n<link rel=\"canonical\" href=\"https:\/\/kmembalagens.com.br\/index.php\/produto\/bandeja-aluminio-descartavel-1000-ml-c-10-unidades-wyda\/\" \/>\n<meta property=\"og:locale\" content=\"pt_BR\" \/>\n<meta property=\"og:type\" content=\"article\" \/>\n<meta property=\"og:title\" content=\"Bandeja alum\u00ednio descart\u00e1vel 1000 ml c\/10 unidades - Wyda - KM Embalagens\" \/>\n<meta property=\"og:description\" content=\"Bandeja de alum\u00ednio descart\u00e1vel em formato retangular com capacidade de 1.000ml - c\/10 unidades.  Ideais para armazenamento de alimentos frios e quentes.  Podem ir ao freezer, forno convencional e micro-ondas(instru\u00e7\u00f5es no site do fabricante).  Dimens\u00f5es: 200 x 152x 56 mm Volume: 1000 ml Fechamento: manual Tampa: cart\u00e3o laminado  Quantidade: 10 unidades (bandeja c\/tampa)   Vantagens da embalagem de alum\u00ednio:  - Saud\u00e1vel: como o alimento pode ser descongelado e aquecido na mesma embalagem, a troca de temperatura  \u00e9 r\u00e1pida, conservando seus nutrientes e seu frescor. Essa rapidez tamb\u00e9m evita o excesso de manuseio, mantendo o alimento longe de contamina\u00e7\u00e3o.  - Vers\u00e1til: possuem v\u00e1rias medidas e formatos f\u00e1ceis de guardar na geladeira e no freezer.  - Eficiente: como o alum\u00ednio \u00e9 eficiente condutor t\u00e9rmico, o alimento congela rapidamente, conservando  sua qualidade.  - Resistente: a embalagem descart\u00e1vel de alum\u00ednio n\u00e3o de altera com o calor, ent\u00e3o \u00e9 poss\u00edvel assar,  gratinar, dourar o alimento na pr\u00f3pria embalagem.  - Beleza: al\u00e9m de possuir um excelente acabamento, essa embalagem deixa o alimento mais bonito e  sofisticado.  - Imperme\u00e1vel: evita passagem de umidade, oxig\u00eanio e luz, conservando o alimento.  - Leve: pode ser um material leve, o alum\u00ednio \u00e9 mais pr\u00e1tico e funcional, facilitando o transporte.  - Recicl\u00e1vel: a embalagem descart\u00e1vel de alum\u00ednio \u00e9 parceira do meio ambiente, j\u00e1 que economiza  recursos naturais: sua reciclagem reduz 95% da energia que seria usada para produzir mais alum\u00ednio. Al\u00e9m  disso, o alum\u00ednio pode ser reciclado infinitas vezes sem perder suas propriedades.  Imagens ilustrativas.\" \/>\n<meta property=\"og:url\" content=\"https:\/\/kmembalagens.com.br\/index.php\/produto\/bandeja-aluminio-descartavel-1000-ml-c-10-unidades-wyda\/\" \/>\n<meta property=\"og:site_name\" content=\"KM Embalagens\" \/>\n<meta property=\"article:modified_time\" content=\"2026-03-22T11:00:19+00:00\" \/>\n<meta property=\"og:image\" content=\"https:\/\/kmembalagens.com.br\/wp-content\/uploads\/2020\/12\/CAPA-1000ml-10.jpg\" \/>\n\t<meta property=\"og:image:width\" content=\"905\" \/>\n\t<meta property=\"og:image:height\" content=\"1280\" \/>\n\t<meta property=\"og:image:type\" content=\"image\/jpeg\" \/>\n<meta name=\"twitter:card\" content=\"summary_large_image\" \/>\n<script type=\"application\/ld+json\" class=\"yoast-schema-graph\">{\"@context\":\"https:\/\/schema.org\",\"@graph\":[{\"@type\":\"WebPage\",\"@id\":\"https:\/\/kmembalagens.com.br\/index.php\/produto\/bandeja-aluminio-descartavel-1000-ml-c-10-unidades-wyda\/\",\"url\":\"https:\/\/kmembalagens.com.br\/index.php\/produto\/bandeja-aluminio-descartavel-1000-ml-c-10-unidades-wyda\/\",\"name\":\"Bandeja alum\u00ednio descart\u00e1vel 1000 ml c\/10 unidades - Wyda - KM Embalagens\",\"isPartOf\":{\"@id\":\"https:\/\/kmembalagens.com.br\/#website\"},\"primaryImageOfPage\":{\"@id\":\"https:\/\/kmembalagens.com.br\/index.php\/produto\/bandeja-aluminio-descartavel-1000-ml-c-10-unidades-wyda\/#primaryimage\"},\"image\":{\"@id\":\"https:\/\/kmembalagens.com.br\/index.php\/produto\/bandeja-aluminio-descartavel-1000-ml-c-10-unidades-wyda\/#primaryimage\"},\"thumbnailUrl\":\"https:\/\/kmembalagens.com.br\/wp-content\/uploads\/2020\/12\/CAPA-1000ml-10.jpg\",\"datePublished\":\"2022-06-13T18:58:10+00:00\",\"dateModified\":\"2026-03-22T11:00:19+00:00\",\"breadcrumb\":{\"@id\":\"https:\/\/kmembalagens.com.br\/index.php\/produto\/bandeja-aluminio-descartavel-1000-ml-c-10-unidades-wyda\/#breadcrumb\"},\"inLanguage\":\"pt-BR\",\"potentialAction\":[{\"@type\":\"ReadAction\",\"target\":[\"https:\/\/kmembalagens.com.br\/index.php\/produto\/bandeja-aluminio-descartavel-1000-ml-c-10-unidades-wyda\/\"]}]},{\"@type\":\"ImageObject\",\"inLanguage\":\"pt-BR\",\"@id\":\"https:\/\/kmembalagens.com.br\/index.php\/produto\/bandeja-aluminio-descartavel-1000-ml-c-10-unidades-wyda\/#primaryimage\",\"url\":\"https:\/\/kmembalagens.com.br\/wp-content\/uploads\/2020\/12\/CAPA-1000ml-10.jpg\",\"contentUrl\":\"https:\/\/kmembalagens.com.br\/wp-content\/uploads\/2020\/12\/CAPA-1000ml-10.jpg\",\"width\":905,\"height\":1280},{\"@type\":\"BreadcrumbList\",\"@id\":\"https:\/\/kmembalagens.com.br\/index.php\/produto\/bandeja-aluminio-descartavel-1000-ml-c-10-unidades-wyda\/#breadcrumb\",\"itemListElement\":[{\"@type\":\"ListItem\",\"position\":1,\"name\":\"In\u00edcio\",\"item\":\"https:\/\/kmembalagens.com.br\/\"},{\"@type\":\"ListItem\",\"position\":2,\"name\":\"Bandeja alum\u00ednio descart\u00e1vel 1000 ml c\/10 unidades &#8211; Wyda\"}]},{\"@type\":\"WebSite\",\"@id\":\"https:\/\/kmembalagens.com.br\/#website\",\"url\":\"https:\/\/kmembalagens.com.br\/\",\"name\":\"KM Embalagens\",\"description\":\"Tudo que precisa de embalagens\",\"publisher\":{\"@id\":\"https:\/\/kmembalagens.com.br\/#organization\"},\"potentialAction\":[{\"@type\":\"SearchAction\",\"target\":{\"@type\":\"EntryPoint\",\"urlTemplate\":\"https:\/\/kmembalagens.com.br\/?s={search_term_string}\"},\"query-input\":{\"@type\":\"PropertyValueSpecification\",\"valueRequired\":true,\"valueName\":\"search_term_string\"}}],\"inLanguage\":\"pt-BR\"},{\"@type\":\"Organization\",\"@id\":\"https:\/\/kmembalagens.com.br\/#organization\",\"name\":\"KM Embalagens\",\"url\":\"https:\/\/kmembalagens.com.br\/\",\"logo\":{\"@type\":\"ImageObject\",\"inLanguage\":\"pt-BR\",\"@id\":\"https:\/\/kmembalagens.com.br\/#\/schema\/logo\/image\/\",\"url\":\"https:\/\/kmembalagens.com.br\/wp-content\/uploads\/2020\/11\/cropped-cropped-KM-semfundo-2.png\",\"contentUrl\":\"https:\/\/kmembalagens.com.br\/wp-content\/uploads\/2020\/11\/cropped-cropped-KM-semfundo-2.png\",\"width\":1867,\"height\":1202,\"caption\":\"KM Embalagens\"},\"image\":{\"@id\":\"https:\/\/kmembalagens.com.br\/#\/schema\/logo\/image\/\"}}]}<\/script>\n<!-- \/ Yoast SEO plugin. -->","yoast_head_json":{"title":"Bandeja alum\u00ednio descart\u00e1vel 1000 ml c\/10 unidades - Wyda - KM Embalagens","robots":{"index":"index","follow":"follow","max-snippet":"max-snippet:-1","max-image-preview":"max-image-preview:large","max-video-preview":"max-video-preview:-1"},"canonical":"https:\/\/kmembalagens.com.br\/index.php\/produto\/bandeja-aluminio-descartavel-1000-ml-c-10-unidades-wyda\/","og_locale":"pt_BR","og_type":"article","og_title":"Bandeja alum\u00ednio descart\u00e1vel 1000 ml c\/10 unidades - Wyda - KM Embalagens","og_description":"Bandeja de alum\u00ednio descart\u00e1vel em formato retangular com capacidade de 1.000ml - c\/10 unidades.  Ideais para armazenamento de alimentos frios e quentes.  Podem ir ao freezer, forno convencional e micro-ondas(instru\u00e7\u00f5es no site do fabricante).  Dimens\u00f5es: 200 x 152x 56 mm Volume: 1000 ml Fechamento: manual Tampa: cart\u00e3o laminado  Quantidade: 10 unidades (bandeja c\/tampa)   Vantagens da embalagem de alum\u00ednio:  - Saud\u00e1vel: como o alimento pode ser descongelado e aquecido na mesma embalagem, a troca de temperatura  \u00e9 r\u00e1pida, conservando seus nutrientes e seu frescor. Essa rapidez tamb\u00e9m evita o excesso de manuseio, mantendo o alimento longe de contamina\u00e7\u00e3o.  - Vers\u00e1til: possuem v\u00e1rias medidas e formatos f\u00e1ceis de guardar na geladeira e no freezer.  - Eficiente: como o alum\u00ednio \u00e9 eficiente condutor t\u00e9rmico, o alimento congela rapidamente, conservando  sua qualidade.  - Resistente: a embalagem descart\u00e1vel de alum\u00ednio n\u00e3o de altera com o calor, ent\u00e3o \u00e9 poss\u00edvel assar,  gratinar, dourar o alimento na pr\u00f3pria embalagem.  - Beleza: al\u00e9m de possuir um excelente acabamento, essa embalagem deixa o alimento mais bonito e  sofisticado.  - Imperme\u00e1vel: evita passagem de umidade, oxig\u00eanio e luz, conservando o alimento.  - Leve: pode ser um material leve, o alum\u00ednio \u00e9 mais pr\u00e1tico e funcional, facilitando o transporte.  - Recicl\u00e1vel: a embalagem descart\u00e1vel de alum\u00ednio \u00e9 parceira do meio ambiente, j\u00e1 que economiza  recursos naturais: sua reciclagem reduz 95% da energia que seria usada para produzir mais alum\u00ednio. Al\u00e9m  disso, o alum\u00ednio pode ser reciclado infinitas vezes sem perder suas propriedades.  Imagens ilustrativas.","og_url":"https:\/\/kmembalagens.com.br\/index.php\/produto\/bandeja-aluminio-descartavel-1000-ml-c-10-unidades-wyda\/","og_site_name":"KM Embalagens","article_modified_time":"2026-03-22T11:00:19+00:00","og_image":[{"width":905,"height":1280,"url":"https:\/\/kmembalagens.com.br\/wp-content\/uploads\/2020\/12\/CAPA-1000ml-10.jpg","type":"image\/jpeg"}],"twitter_card":"summary_large_image","schema":{"@context":"https:\/\/schema.org","@graph":[{"@type":"WebPage","@id":"https:\/\/kmembalagens.com.br\/index.php\/produto\/bandeja-aluminio-descartavel-1000-ml-c-10-unidades-wyda\/","url":"https:\/\/kmembalagens.com.br\/index.php\/produto\/bandeja-aluminio-descartavel-1000-ml-c-10-unidades-wyda\/","name":"Bandeja alum\u00ednio descart\u00e1vel 1000 ml c\/10 unidades - Wyda - KM Embalagens","isPartOf":{"@id":"https:\/\/kmembalagens.com.br\/#website"},"primaryImageOfPage":{"@id":"https:\/\/kmembalagens.com.br\/index.php\/produto\/bandeja-aluminio-descartavel-1000-ml-c-10-unidades-wyda\/#primaryimage"},"image":{"@id":"https:\/\/kmembalagens.com.br\/index.php\/produto\/bandeja-aluminio-descartavel-1000-ml-c-10-unidades-wyda\/#primaryimage"},"thumbnailUrl":"https:\/\/kmembalagens.com.br\/wp-content\/uploads\/2020\/12\/CAPA-1000ml-10.jpg","datePublished":"2022-06-13T18:58:10+00:00","dateModified":"2026-03-22T11:00:19+00:00","breadcrumb":{"@id":"https:\/\/kmembalagens.com.br\/index.php\/produto\/bandeja-aluminio-descartavel-1000-ml-c-10-unidades-wyda\/#breadcrumb"},"inLanguage":"pt-BR","potentialAction":[{"@type":"ReadAction","target":["https:\/\/kmembalagens.com.br\/index.php\/produto\/bandeja-aluminio-descartavel-1000-ml-c-10-unidades-wyda\/"]}]},{"@type":"ImageObject","inLanguage":"pt-BR","@id":"https:\/\/kmembalagens.com.br\/index.php\/produto\/bandeja-aluminio-descartavel-1000-ml-c-10-unidades-wyda\/#primaryimage","url":"https:\/\/kmembalagens.com.br\/wp-content\/uploads\/2020\/12\/CAPA-1000ml-10.jpg","contentUrl":"https:\/\/kmembalagens.com.br\/wp-content\/uploads\/2020\/12\/CAPA-1000ml-10.jpg","width":905,"height":1280},{"@type":"BreadcrumbList","@id":"https:\/\/kmembalagens.com.br\/index.php\/produto\/bandeja-aluminio-descartavel-1000-ml-c-10-unidades-wyda\/#breadcrumb","itemListElement":[{"@type":"ListItem","position":1,"name":"In\u00edcio","item":"https:\/\/kmembalagens.com.br\/"},{"@type":"ListItem","position":2,"name":"Bandeja alum\u00ednio descart\u00e1vel 1000 ml c\/10 unidades &#8211; Wyda"}]},{"@type":"WebSite","@id":"https:\/\/kmembalagens.com.br\/#website","url":"https:\/\/kmembalagens.com.br\/","name":"KM Embalagens","description":"Tudo que precisa de embalagens","publisher":{"@id":"https:\/\/kmembalagens.com.br\/#organization"},"potentialAction":[{"@type":"SearchAction","target":{"@type":"EntryPoint","urlTemplate":"https:\/\/kmembalagens.com.br\/?s={search_term_string}"},"query-input":{"@type":"PropertyValueSpecification","valueRequired":true,"valueName":"search_term_string"}}],"inLanguage":"pt-BR"},{"@type":"Organization","@id":"https:\/\/kmembalagens.com.br\/#organization","name":"KM Embalagens","url":"https:\/\/kmembalagens.com.br\/","logo":{"@type":"ImageObject","inLanguage":"pt-BR","@id":"https:\/\/kmembalagens.com.br\/#\/schema\/logo\/image\/","url":"https:\/\/kmembalagens.com.br\/wp-content\/uploads\/2020\/11\/cropped-cropped-KM-semfundo-2.png","contentUrl":"https:\/\/kmembalagens.com.br\/wp-content\/uploads\/2020\/11\/cropped-cropped-KM-semfundo-2.png","width":1867,"height":1202,"caption":"KM Embalagens"},"image":{"@id":"https:\/\/kmembalagens.com.br\/#\/schema\/logo\/image\/"}}]}},"_links":{"self":[{"href":"https:\/\/kmembalagens.com.br\/index.php\/wp-json\/wp\/v2\/product\/2137","targetHints":{"allow":["GET"]}}],"collection":[{"href":"https:\/\/kmembalagens.com.br\/index.php\/wp-json\/wp\/v2\/product"}],"about":[{"href":"https:\/\/kmembalagens.com.br\/index.php\/wp-json\/wp\/v2\/types\/product"}],"replies":[{"embeddable":true,"href":"https:\/\/kmembalagens.com.br\/index.php\/wp-json\/wp\/v2\/comments?post=2137"}],"wp:featuredmedia":[{"embeddable":true,"href":"https:\/\/kmembalagens.com.br\/index.php\/wp-json\/wp\/v2\/media\/2133"}],"wp:attachment":[{"href":"https:\/\/kmembalagens.com.br\/index.php\/wp-json\/wp\/v2\/media?parent=2137"}],"wp:term":[{"taxonomy":"product_brand","embeddable":true,"href":"https:\/\/kmembalagens.com.br\/index.php\/wp-json\/wp\/v2\/product_brand?post=2137"},{"taxonomy":"product_cat","embeddable":true,"href":"https:\/\/kmembalagens.com.br\/index.php\/wp-json\/wp\/v2\/product_cat?post=2137"},{"taxonomy":"product_tag","embeddable":true,"href":"https:\/\/kmembalagens.com.br\/index.php\/wp-json\/wp\/v2\/product_tag?post=2137"}],"curies":[{"name":"wp","href":"https:\/\/api.w.org\/{rel}","templated":true}]}}