{"id":1892,"date":"2022-05-05T16:19:48","date_gmt":"2022-05-05T19:19:48","guid":{"rendered":"https:\/\/kmembalagens.com.br\/?post_type=product&#038;p=1892"},"modified":"2022-08-01T16:43:09","modified_gmt":"2022-08-01T19:43:09","slug":"caneta-gel-easy-pen-dourado-60g-unidade","status":"publish","type":"product","link":"https:\/\/kmembalagens.com.br\/index.php\/produto\/caneta-gel-easy-pen-dourado-60g-unidade\/","title":{"rendered":"Caneta Gel Easy Pen Dourado 60g &#8211; unidade"},"content":{"rendered":"","protected":false},"excerpt":{"rendered":"<p>Caneta Gel Easy Pen dourado &#8211; unidade<\/p>\n<p>A Easy Pen \u00e9 um gel \u00e1 base de a\u00e7\u00facar ideal para a escrita, desenhos, contornos e finaliza\u00e7\u00e3o de<br \/>\ndoces e bolos.<\/p>\n<p>Indicado para utilizar em biscoitos, pasta americana e chantilly.<\/p>\n<p>E melhor ainda \u00e9 Perfeita para fazer o Bent\u00f4 Cake, n\u00e3o mancha e tem uma pigmenta\u00e7\u00e3o incr\u00edvel deixando suas receitas ainda mais especiais.<\/p>\n<p>J\u00e1 fez o seu Bent\u00f4 Cake utilizando a Easy Pen ?<\/p>\n<p>Dosagem Orientativa: M\u00e1ximo 10g de corante para 1000g de produto final.<\/p>\n<p>Peso L\u00edquido: 60g.<\/p>\n<p>Ingredientes: Xarope de glucose, \u00e1gua, a\u00e7\u00facar cristal, espessantes amido de mandioca, goma carragena,<br \/>\npectina e goma xantana, corante artificial vermelho 40 (INS 129), acidulante \u00e1cido c\u00edtrico,<br \/>\nconservantes sorbato de pot\u00e1ssio. N\u00c3O CONT\u00c9M GL\u00daTEN. N\u00c3O CONT\u00c9M LEITE OU DERIVADOS.<\/p>\n<p>Validade: abril\/2024<\/p>\n<p>Imagens ilustrativas.<\/p>\n","protected":false},"featured_media":1893,"comment_status":"open","ping_status":"closed","template":"","meta":{"site-sidebar-layout":"default","site-content-layout":"default","ast-site-content-layout":"","site-content-style":"default","site-sidebar-style":"default","ast-global-header-display":"","ast-banner-title-visibility":"","ast-main-header-display":"","ast-hfb-above-header-display":"","ast-hfb-below-header-display":"","ast-hfb-mobile-header-display":"","site-post-title":"","ast-breadcrumbs-content":"","ast-featured-img":"","footer-sml-layout":"","theme-transparent-header-meta":"default","adv-header-id-meta":"","stick-header-meta":"","header-above-stick-meta":"","header-main-stick-meta":"","header-below-stick-meta":"","astra-migrate-meta-layouts":"default","ast-page-background-enabled":"default","ast-page-background-meta":{"desktop":{"background-color":"var(--ast-global-color-4)","background-image":"","background-repeat":"repeat","background-position":"center center","background-size":"auto","background-attachment":"scroll","background-type":"","background-media":"","overlay-type":"","overlay-color":"","overlay-opacity":"","overlay-gradient":""},"tablet":{"background-color":"","background-image":"","background-repeat":"repeat","background-position":"center center","background-size":"auto","background-attachment":"scroll","background-type":"","background-media":"","overlay-type":"","overlay-color":"","overlay-opacity":"","overlay-gradient":""},"mobile":{"background-color":"","background-image":"","background-repeat":"repeat","background-position":"center center","background-size":"auto","background-attachment":"scroll","background-type":"","background-media":"","overlay-type":"","overlay-color":"","overlay-opacity":"","overlay-gradient":""}},"ast-content-background-meta":{"desktop":{"background-color":"var(--ast-global-color-5)","background-image":"","background-repeat":"repeat","background-position":"center center","background-size":"auto","background-attachment":"scroll","background-type":"","background-media":"","overlay-type":"","overlay-color":"","overlay-opacity":"","overlay-gradient":""},"tablet":{"background-color":"var(--ast-global-color-5)","background-image":"","background-repeat":"repeat","background-position":"center center","background-size":"auto","background-attachment":"scroll","background-type":"","background-media":"","overlay-type":"","overlay-color":"","overlay-opacity":"","overlay-gradient":""},"mobile":{"background-color":"var(--ast-global-color-5)","background-image":"","background-repeat":"repeat","background-position":"center center","background-size":"auto","background-attachment":"scroll","background-type":"","background-media":"","overlay-type":"","overlay-color":"","overlay-opacity":"","overlay-gradient":""}}},"product_brand":[],"product_cat":[26],"product_tag":[324,326,354,325,356,259,85],"class_list":{"0":"post-1892","1":"product","2":"type-product","3":"status-publish","4":"has-post-thumbnail","6":"product_cat-confeitaria","7":"product_tag-bentocake","8":"product_tag-bolodecorado","9":"product_tag-canetacorante","10":"product_tag-canetadecorativa","11":"product_tag-canetadourada","12":"product_tag-florkmeme","13":"product_tag-kmembalagens","14":"desktop-align-left","15":"tablet-align-left","16":"mobile-align-left","18":"first","19":"instock","20":"taxable","21":"shipping-taxable","22":"purchasable","23":"product-type-simple"},"yoast_head":"<!-- This site is optimized with the Yoast SEO plugin v27.2 - https:\/\/yoast.com\/product\/yoast-seo-wordpress\/ -->\n<title>Caneta Gel Easy Pen Dourado 60g - unidade - KM Embalagens<\/title>\n<meta name=\"robots\" content=\"index, follow, max-snippet:-1, max-image-preview:large, max-video-preview:-1\" \/>\n<link rel=\"canonical\" href=\"https:\/\/kmembalagens.com.br\/index.php\/produto\/caneta-gel-easy-pen-dourado-60g-unidade\/\" \/>\n<meta property=\"og:locale\" content=\"pt_BR\" \/>\n<meta property=\"og:type\" content=\"article\" \/>\n<meta property=\"og:title\" content=\"Caneta Gel Easy Pen Dourado 60g - unidade - KM Embalagens\" \/>\n<meta property=\"og:description\" content=\"Caneta Gel Easy Pen dourado - unidade  A Easy Pen \u00e9 um gel \u00e1 base de a\u00e7\u00facar ideal para a escrita, desenhos, contornos e finaliza\u00e7\u00e3o de  doces e bolos.  Indicado para utilizar em biscoitos, pasta americana e chantilly.  E melhor ainda \u00e9 Perfeita para fazer o Bent\u00f4 Cake, n\u00e3o mancha e tem uma pigmenta\u00e7\u00e3o incr\u00edvel deixando suas receitas ainda mais especiais.  J\u00e1 fez o seu Bent\u00f4 Cake utilizando a Easy Pen ?  Dosagem Orientativa: M\u00e1ximo 10g de corante para 1000g de produto final.  Peso L\u00edquido: 60g.  Ingredientes: Xarope de glucose, \u00e1gua, a\u00e7\u00facar cristal, espessantes amido de mandioca, goma carragena, pectina e goma xantana, corante artificial vermelho 40 (INS 129), acidulante \u00e1cido c\u00edtrico,  conservantes sorbato de pot\u00e1ssio. N\u00c3O CONT\u00c9M GL\u00daTEN. N\u00c3O CONT\u00c9M LEITE OU DERIVADOS.  Validade: abril\/2024  Imagens ilustrativas.\" \/>\n<meta property=\"og:url\" content=\"https:\/\/kmembalagens.com.br\/index.php\/produto\/caneta-gel-easy-pen-dourado-60g-unidade\/\" \/>\n<meta property=\"og:site_name\" content=\"KM Embalagens\" \/>\n<meta property=\"article:modified_time\" content=\"2022-08-01T19:43:09+00:00\" \/>\n<meta property=\"og:image\" content=\"https:\/\/kmembalagens.com.br\/wp-content\/uploads\/2022\/05\/CAPA-dourado.jpg\" \/>\n\t<meta property=\"og:image:width\" content=\"905\" \/>\n\t<meta property=\"og:image:height\" content=\"1280\" \/>\n\t<meta property=\"og:image:type\" content=\"image\/jpeg\" \/>\n<meta name=\"twitter:card\" content=\"summary_large_image\" \/>\n<script type=\"application\/ld+json\" class=\"yoast-schema-graph\">{\"@context\":\"https:\/\/schema.org\",\"@graph\":[{\"@type\":\"WebPage\",\"@id\":\"https:\/\/kmembalagens.com.br\/index.php\/produto\/caneta-gel-easy-pen-dourado-60g-unidade\/\",\"url\":\"https:\/\/kmembalagens.com.br\/index.php\/produto\/caneta-gel-easy-pen-dourado-60g-unidade\/\",\"name\":\"Caneta Gel Easy Pen Dourado 60g - unidade - KM Embalagens\",\"isPartOf\":{\"@id\":\"https:\/\/kmembalagens.com.br\/#website\"},\"primaryImageOfPage\":{\"@id\":\"https:\/\/kmembalagens.com.br\/index.php\/produto\/caneta-gel-easy-pen-dourado-60g-unidade\/#primaryimage\"},\"image\":{\"@id\":\"https:\/\/kmembalagens.com.br\/index.php\/produto\/caneta-gel-easy-pen-dourado-60g-unidade\/#primaryimage\"},\"thumbnailUrl\":\"https:\/\/kmembalagens.com.br\/wp-content\/uploads\/2022\/05\/CAPA-dourado.jpg\",\"datePublished\":\"2022-05-05T19:19:48+00:00\",\"dateModified\":\"2022-08-01T19:43:09+00:00\",\"breadcrumb\":{\"@id\":\"https:\/\/kmembalagens.com.br\/index.php\/produto\/caneta-gel-easy-pen-dourado-60g-unidade\/#breadcrumb\"},\"inLanguage\":\"pt-BR\",\"potentialAction\":[{\"@type\":\"ReadAction\",\"target\":[\"https:\/\/kmembalagens.com.br\/index.php\/produto\/caneta-gel-easy-pen-dourado-60g-unidade\/\"]}]},{\"@type\":\"ImageObject\",\"inLanguage\":\"pt-BR\",\"@id\":\"https:\/\/kmembalagens.com.br\/index.php\/produto\/caneta-gel-easy-pen-dourado-60g-unidade\/#primaryimage\",\"url\":\"https:\/\/kmembalagens.com.br\/wp-content\/uploads\/2022\/05\/CAPA-dourado.jpg\",\"contentUrl\":\"https:\/\/kmembalagens.com.br\/wp-content\/uploads\/2022\/05\/CAPA-dourado.jpg\",\"width\":905,\"height\":1280},{\"@type\":\"BreadcrumbList\",\"@id\":\"https:\/\/kmembalagens.com.br\/index.php\/produto\/caneta-gel-easy-pen-dourado-60g-unidade\/#breadcrumb\",\"itemListElement\":[{\"@type\":\"ListItem\",\"position\":1,\"name\":\"In\u00edcio\",\"item\":\"https:\/\/kmembalagens.com.br\/\"},{\"@type\":\"ListItem\",\"position\":2,\"name\":\"Caneta Gel Easy Pen Dourado 60g &#8211; unidade\"}]},{\"@type\":\"WebSite\",\"@id\":\"https:\/\/kmembalagens.com.br\/#website\",\"url\":\"https:\/\/kmembalagens.com.br\/\",\"name\":\"KM Embalagens\",\"description\":\"Tudo que precisa de embalagens\",\"publisher\":{\"@id\":\"https:\/\/kmembalagens.com.br\/#organization\"},\"potentialAction\":[{\"@type\":\"SearchAction\",\"target\":{\"@type\":\"EntryPoint\",\"urlTemplate\":\"https:\/\/kmembalagens.com.br\/?s={search_term_string}\"},\"query-input\":{\"@type\":\"PropertyValueSpecification\",\"valueRequired\":true,\"valueName\":\"search_term_string\"}}],\"inLanguage\":\"pt-BR\"},{\"@type\":\"Organization\",\"@id\":\"https:\/\/kmembalagens.com.br\/#organization\",\"name\":\"KM Embalagens\",\"url\":\"https:\/\/kmembalagens.com.br\/\",\"logo\":{\"@type\":\"ImageObject\",\"inLanguage\":\"pt-BR\",\"@id\":\"https:\/\/kmembalagens.com.br\/#\/schema\/logo\/image\/\",\"url\":\"https:\/\/kmembalagens.com.br\/wp-content\/uploads\/2020\/11\/cropped-cropped-KM-semfundo-2.png\",\"contentUrl\":\"https:\/\/kmembalagens.com.br\/wp-content\/uploads\/2020\/11\/cropped-cropped-KM-semfundo-2.png\",\"width\":1867,\"height\":1202,\"caption\":\"KM Embalagens\"},\"image\":{\"@id\":\"https:\/\/kmembalagens.com.br\/#\/schema\/logo\/image\/\"}}]}<\/script>\n<!-- \/ Yoast SEO plugin. -->","yoast_head_json":{"title":"Caneta Gel Easy Pen Dourado 60g - unidade - KM Embalagens","robots":{"index":"index","follow":"follow","max-snippet":"max-snippet:-1","max-image-preview":"max-image-preview:large","max-video-preview":"max-video-preview:-1"},"canonical":"https:\/\/kmembalagens.com.br\/index.php\/produto\/caneta-gel-easy-pen-dourado-60g-unidade\/","og_locale":"pt_BR","og_type":"article","og_title":"Caneta Gel Easy Pen Dourado 60g - unidade - KM Embalagens","og_description":"Caneta Gel Easy Pen dourado - unidade  A Easy Pen \u00e9 um gel \u00e1 base de a\u00e7\u00facar ideal para a escrita, desenhos, contornos e finaliza\u00e7\u00e3o de  doces e bolos.  Indicado para utilizar em biscoitos, pasta americana e chantilly.  E melhor ainda \u00e9 Perfeita para fazer o Bent\u00f4 Cake, n\u00e3o mancha e tem uma pigmenta\u00e7\u00e3o incr\u00edvel deixando suas receitas ainda mais especiais.  J\u00e1 fez o seu Bent\u00f4 Cake utilizando a Easy Pen ?  Dosagem Orientativa: M\u00e1ximo 10g de corante para 1000g de produto final.  Peso L\u00edquido: 60g.  Ingredientes: Xarope de glucose, \u00e1gua, a\u00e7\u00facar cristal, espessantes amido de mandioca, goma carragena, pectina e goma xantana, corante artificial vermelho 40 (INS 129), acidulante \u00e1cido c\u00edtrico,  conservantes sorbato de pot\u00e1ssio. N\u00c3O CONT\u00c9M GL\u00daTEN. N\u00c3O CONT\u00c9M LEITE OU DERIVADOS.  Validade: abril\/2024  Imagens ilustrativas.","og_url":"https:\/\/kmembalagens.com.br\/index.php\/produto\/caneta-gel-easy-pen-dourado-60g-unidade\/","og_site_name":"KM Embalagens","article_modified_time":"2022-08-01T19:43:09+00:00","og_image":[{"width":905,"height":1280,"url":"https:\/\/kmembalagens.com.br\/wp-content\/uploads\/2022\/05\/CAPA-dourado.jpg","type":"image\/jpeg"}],"twitter_card":"summary_large_image","schema":{"@context":"https:\/\/schema.org","@graph":[{"@type":"WebPage","@id":"https:\/\/kmembalagens.com.br\/index.php\/produto\/caneta-gel-easy-pen-dourado-60g-unidade\/","url":"https:\/\/kmembalagens.com.br\/index.php\/produto\/caneta-gel-easy-pen-dourado-60g-unidade\/","name":"Caneta Gel Easy Pen Dourado 60g - unidade - KM Embalagens","isPartOf":{"@id":"https:\/\/kmembalagens.com.br\/#website"},"primaryImageOfPage":{"@id":"https:\/\/kmembalagens.com.br\/index.php\/produto\/caneta-gel-easy-pen-dourado-60g-unidade\/#primaryimage"},"image":{"@id":"https:\/\/kmembalagens.com.br\/index.php\/produto\/caneta-gel-easy-pen-dourado-60g-unidade\/#primaryimage"},"thumbnailUrl":"https:\/\/kmembalagens.com.br\/wp-content\/uploads\/2022\/05\/CAPA-dourado.jpg","datePublished":"2022-05-05T19:19:48+00:00","dateModified":"2022-08-01T19:43:09+00:00","breadcrumb":{"@id":"https:\/\/kmembalagens.com.br\/index.php\/produto\/caneta-gel-easy-pen-dourado-60g-unidade\/#breadcrumb"},"inLanguage":"pt-BR","potentialAction":[{"@type":"ReadAction","target":["https:\/\/kmembalagens.com.br\/index.php\/produto\/caneta-gel-easy-pen-dourado-60g-unidade\/"]}]},{"@type":"ImageObject","inLanguage":"pt-BR","@id":"https:\/\/kmembalagens.com.br\/index.php\/produto\/caneta-gel-easy-pen-dourado-60g-unidade\/#primaryimage","url":"https:\/\/kmembalagens.com.br\/wp-content\/uploads\/2022\/05\/CAPA-dourado.jpg","contentUrl":"https:\/\/kmembalagens.com.br\/wp-content\/uploads\/2022\/05\/CAPA-dourado.jpg","width":905,"height":1280},{"@type":"BreadcrumbList","@id":"https:\/\/kmembalagens.com.br\/index.php\/produto\/caneta-gel-easy-pen-dourado-60g-unidade\/#breadcrumb","itemListElement":[{"@type":"ListItem","position":1,"name":"In\u00edcio","item":"https:\/\/kmembalagens.com.br\/"},{"@type":"ListItem","position":2,"name":"Caneta Gel Easy Pen Dourado 60g &#8211; unidade"}]},{"@type":"WebSite","@id":"https:\/\/kmembalagens.com.br\/#website","url":"https:\/\/kmembalagens.com.br\/","name":"KM Embalagens","description":"Tudo que precisa de embalagens","publisher":{"@id":"https:\/\/kmembalagens.com.br\/#organization"},"potentialAction":[{"@type":"SearchAction","target":{"@type":"EntryPoint","urlTemplate":"https:\/\/kmembalagens.com.br\/?s={search_term_string}"},"query-input":{"@type":"PropertyValueSpecification","valueRequired":true,"valueName":"search_term_string"}}],"inLanguage":"pt-BR"},{"@type":"Organization","@id":"https:\/\/kmembalagens.com.br\/#organization","name":"KM Embalagens","url":"https:\/\/kmembalagens.com.br\/","logo":{"@type":"ImageObject","inLanguage":"pt-BR","@id":"https:\/\/kmembalagens.com.br\/#\/schema\/logo\/image\/","url":"https:\/\/kmembalagens.com.br\/wp-content\/uploads\/2020\/11\/cropped-cropped-KM-semfundo-2.png","contentUrl":"https:\/\/kmembalagens.com.br\/wp-content\/uploads\/2020\/11\/cropped-cropped-KM-semfundo-2.png","width":1867,"height":1202,"caption":"KM Embalagens"},"image":{"@id":"https:\/\/kmembalagens.com.br\/#\/schema\/logo\/image\/"}}]}},"_links":{"self":[{"href":"https:\/\/kmembalagens.com.br\/index.php\/wp-json\/wp\/v2\/product\/1892","targetHints":{"allow":["GET"]}}],"collection":[{"href":"https:\/\/kmembalagens.com.br\/index.php\/wp-json\/wp\/v2\/product"}],"about":[{"href":"https:\/\/kmembalagens.com.br\/index.php\/wp-json\/wp\/v2\/types\/product"}],"replies":[{"embeddable":true,"href":"https:\/\/kmembalagens.com.br\/index.php\/wp-json\/wp\/v2\/comments?post=1892"}],"wp:featuredmedia":[{"embeddable":true,"href":"https:\/\/kmembalagens.com.br\/index.php\/wp-json\/wp\/v2\/media\/1893"}],"wp:attachment":[{"href":"https:\/\/kmembalagens.com.br\/index.php\/wp-json\/wp\/v2\/media?parent=1892"}],"wp:term":[{"taxonomy":"product_brand","embeddable":true,"href":"https:\/\/kmembalagens.com.br\/index.php\/wp-json\/wp\/v2\/product_brand?post=1892"},{"taxonomy":"product_cat","embeddable":true,"href":"https:\/\/kmembalagens.com.br\/index.php\/wp-json\/wp\/v2\/product_cat?post=1892"},{"taxonomy":"product_tag","embeddable":true,"href":"https:\/\/kmembalagens.com.br\/index.php\/wp-json\/wp\/v2\/product_tag?post=1892"}],"curies":[{"name":"wp","href":"https:\/\/api.w.org\/{rel}","templated":true}]}}