{"id":1882,"date":"2022-04-20T14:25:18","date_gmt":"2022-04-20T17:25:18","guid":{"rendered":"https:\/\/kmembalagens.com.br\/?post_type=product&#038;p=1882"},"modified":"2023-04-20T09:22:28","modified_gmt":"2023-04-20T12:22:28","slug":"embalagem-kraft-multiuso-anti-vazamento-c-100-unidades","status":"publish","type":"product","link":"https:\/\/kmembalagens.com.br\/index.php\/produto\/embalagem-kraft-multiuso-anti-vazamento-c-100-unidades\/","title":{"rendered":"Embalagem Kraft multiuso anti-vazamento c\/100 unidades"},"content":{"rendered":"","protected":false},"excerpt":{"rendered":"<p>Embalagem anti-vazamento lache kraft &#8211; multiuso &#8211; c\/100 unidades<\/p>\n<p>A Linha Sabor que Apaixona conta com embalagens impressas em Papel Kraft, ideais para frituras,<br \/>\npor\u00e7\u00f5es e lanches diversos. Conta com papel certificado, que possui impermeabiliza\u00e7\u00e3o interna e<br \/>\npermite o contato de alimentos com a embalagem, sem risco de contamina\u00e7\u00e3o.<\/p>\n<p>Possui um design criativo e original, com frases e elementos que representam a paix\u00e3o pelo sabor.<br \/>\nEssas embalagens possuem o formato perfeito para comportar impecavelmente os alimentos, garantindo<br \/>\nmais seguran\u00e7a e praticidade. Podem ser colocadas para reaquecimento pelo consumidor, ou fechadas<br \/>\npara posterior consumo.<\/p>\n<p>Dimens\u00f5es:<br \/>\n&#8211; largura 10,5 cm<br \/>\n&#8211; altura 8 cm<br \/>\n&#8211; comprimento 11,5 cm<\/p>\n<p>Papel: Kraft certificado<br \/>\nPacote: 100 unidades<\/p>\n<p>Plastifica\u00e7\u00e3o Interna &#8211; CAIXA ANTI VAZAMENTO<\/p>\n<p>*** OBS.: AS EMBALAGENS S\u00c3O ENVIADAS DESMONTADAS. ***<\/p>\n<p>Imagens ilustrativas.<\/p>\n","protected":false},"featured_media":1883,"comment_status":"open","ping_status":"closed","template":"","meta":{"site-sidebar-layout":"default","site-content-layout":"default","ast-site-content-layout":"","site-content-style":"default","site-sidebar-style":"default","ast-global-header-display":"","ast-banner-title-visibility":"","ast-main-header-display":"","ast-hfb-above-header-display":"","ast-hfb-below-header-display":"","ast-hfb-mobile-header-display":"","site-post-title":"","ast-breadcrumbs-content":"","ast-featured-img":"","footer-sml-layout":"","theme-transparent-header-meta":"default","adv-header-id-meta":"","stick-header-meta":"","header-above-stick-meta":"","header-main-stick-meta":"","header-below-stick-meta":"","astra-migrate-meta-layouts":"default","ast-page-background-enabled":"default","ast-page-background-meta":{"desktop":{"background-color":"var(--ast-global-color-4)","background-image":"","background-repeat":"repeat","background-position":"center center","background-size":"auto","background-attachment":"scroll","background-type":"","background-media":"","overlay-type":"","overlay-color":"","overlay-opacity":"","overlay-gradient":""},"tablet":{"background-color":"","background-image":"","background-repeat":"repeat","background-position":"center center","background-size":"auto","background-attachment":"scroll","background-type":"","background-media":"","overlay-type":"","overlay-color":"","overlay-opacity":"","overlay-gradient":""},"mobile":{"background-color":"","background-image":"","background-repeat":"repeat","background-position":"center center","background-size":"auto","background-attachment":"scroll","background-type":"","background-media":"","overlay-type":"","overlay-color":"","overlay-opacity":"","overlay-gradient":""}},"ast-content-background-meta":{"desktop":{"background-color":"var(--ast-global-color-5)","background-image":"","background-repeat":"repeat","background-position":"center center","background-size":"auto","background-attachment":"scroll","background-type":"","background-media":"","overlay-type":"","overlay-color":"","overlay-opacity":"","overlay-gradient":""},"tablet":{"background-color":"var(--ast-global-color-5)","background-image":"","background-repeat":"repeat","background-position":"center center","background-size":"auto","background-attachment":"scroll","background-type":"","background-media":"","overlay-type":"","overlay-color":"","overlay-opacity":"","overlay-gradient":""},"mobile":{"background-color":"var(--ast-global-color-5)","background-image":"","background-repeat":"repeat","background-position":"center center","background-size":"auto","background-attachment":"scroll","background-type":"","background-media":"","overlay-type":"","overlay-color":"","overlay-opacity":"","overlay-gradient":""}}},"product_brand":[],"product_cat":[24],"product_tag":[348,350,349,353,351,119,108,352,85],"class_list":{"0":"post-1882","1":"product","2":"type-product","3":"status-publish","4":"has-post-thumbnail","6":"product_cat-caixas","7":"product_tag-boxlanche","8":"product_tag-caixaantivazamento","9":"product_tag-caixalanche","10":"product_tag-caixamultiuso","11":"product_tag-embalagemantivazamento","12":"product_tag-hamburgergourmet","13":"product_tag-hamburguer","14":"product_tag-hamburgueria","15":"product_tag-kmembalagens","16":"desktop-align-left","17":"tablet-align-left","18":"mobile-align-left","20":"first","21":"instock","22":"taxable","23":"shipping-taxable","24":"purchasable","25":"product-type-simple"},"yoast_head":"<!-- This site is optimized with the Yoast SEO plugin v27.2 - https:\/\/yoast.com\/product\/yoast-seo-wordpress\/ -->\n<title>Embalagem Kraft multiuso anti-vazamento c\/100 unidades - KM Embalagens<\/title>\n<meta name=\"robots\" content=\"index, follow, max-snippet:-1, max-image-preview:large, max-video-preview:-1\" \/>\n<link rel=\"canonical\" href=\"https:\/\/kmembalagens.com.br\/index.php\/produto\/embalagem-kraft-multiuso-anti-vazamento-c-100-unidades\/\" \/>\n<meta property=\"og:locale\" content=\"pt_BR\" \/>\n<meta property=\"og:type\" content=\"article\" \/>\n<meta property=\"og:title\" content=\"Embalagem Kraft multiuso anti-vazamento c\/100 unidades - KM Embalagens\" \/>\n<meta property=\"og:description\" content=\"Embalagem anti-vazamento lache kraft - multiuso - c\/100 unidades  A Linha Sabor que Apaixona conta com embalagens impressas em Papel Kraft, ideais para frituras,  por\u00e7\u00f5es e lanches diversos. Conta com papel certificado, que possui impermeabiliza\u00e7\u00e3o interna e  permite o contato de alimentos com a embalagem, sem risco de contamina\u00e7\u00e3o.  Possui um design criativo e original, com frases e elementos que representam a paix\u00e3o pelo sabor.  Essas embalagens possuem o formato perfeito para comportar impecavelmente os alimentos, garantindo  mais seguran\u00e7a e praticidade. Podem ser colocadas para reaquecimento pelo consumidor, ou fechadas para posterior consumo.  Dimens\u00f5es: - largura 10,5 cm - altura 8 cm - comprimento 11,5 cm  Papel: Kraft certificado Pacote: 100 unidades  Plastifica\u00e7\u00e3o Interna - CAIXA ANTI VAZAMENTO  *** OBS.: AS EMBALAGENS S\u00c3O ENVIADAS DESMONTADAS. ***  Imagens ilustrativas.\" \/>\n<meta property=\"og:url\" content=\"https:\/\/kmembalagens.com.br\/index.php\/produto\/embalagem-kraft-multiuso-anti-vazamento-c-100-unidades\/\" \/>\n<meta property=\"og:site_name\" content=\"KM Embalagens\" \/>\n<meta property=\"article:modified_time\" content=\"2023-04-20T12:22:28+00:00\" \/>\n<meta property=\"og:image\" content=\"https:\/\/kmembalagens.com.br\/wp-content\/uploads\/2022\/04\/CAPA-caixa-lache.jpg\" \/>\n\t<meta property=\"og:image:width\" content=\"905\" \/>\n\t<meta property=\"og:image:height\" content=\"1280\" \/>\n\t<meta property=\"og:image:type\" content=\"image\/jpeg\" \/>\n<meta name=\"twitter:card\" content=\"summary_large_image\" \/>\n<script type=\"application\/ld+json\" class=\"yoast-schema-graph\">{\"@context\":\"https:\/\/schema.org\",\"@graph\":[{\"@type\":\"WebPage\",\"@id\":\"https:\/\/kmembalagens.com.br\/index.php\/produto\/embalagem-kraft-multiuso-anti-vazamento-c-100-unidades\/\",\"url\":\"https:\/\/kmembalagens.com.br\/index.php\/produto\/embalagem-kraft-multiuso-anti-vazamento-c-100-unidades\/\",\"name\":\"Embalagem Kraft multiuso anti-vazamento c\/100 unidades - KM Embalagens\",\"isPartOf\":{\"@id\":\"https:\/\/kmembalagens.com.br\/#website\"},\"primaryImageOfPage\":{\"@id\":\"https:\/\/kmembalagens.com.br\/index.php\/produto\/embalagem-kraft-multiuso-anti-vazamento-c-100-unidades\/#primaryimage\"},\"image\":{\"@id\":\"https:\/\/kmembalagens.com.br\/index.php\/produto\/embalagem-kraft-multiuso-anti-vazamento-c-100-unidades\/#primaryimage\"},\"thumbnailUrl\":\"https:\/\/kmembalagens.com.br\/wp-content\/uploads\/2022\/04\/CAPA-caixa-lache.jpg\",\"datePublished\":\"2022-04-20T17:25:18+00:00\",\"dateModified\":\"2023-04-20T12:22:28+00:00\",\"breadcrumb\":{\"@id\":\"https:\/\/kmembalagens.com.br\/index.php\/produto\/embalagem-kraft-multiuso-anti-vazamento-c-100-unidades\/#breadcrumb\"},\"inLanguage\":\"pt-BR\",\"potentialAction\":[{\"@type\":\"ReadAction\",\"target\":[\"https:\/\/kmembalagens.com.br\/index.php\/produto\/embalagem-kraft-multiuso-anti-vazamento-c-100-unidades\/\"]}]},{\"@type\":\"ImageObject\",\"inLanguage\":\"pt-BR\",\"@id\":\"https:\/\/kmembalagens.com.br\/index.php\/produto\/embalagem-kraft-multiuso-anti-vazamento-c-100-unidades\/#primaryimage\",\"url\":\"https:\/\/kmembalagens.com.br\/wp-content\/uploads\/2022\/04\/CAPA-caixa-lache.jpg\",\"contentUrl\":\"https:\/\/kmembalagens.com.br\/wp-content\/uploads\/2022\/04\/CAPA-caixa-lache.jpg\",\"width\":905,\"height\":1280},{\"@type\":\"BreadcrumbList\",\"@id\":\"https:\/\/kmembalagens.com.br\/index.php\/produto\/embalagem-kraft-multiuso-anti-vazamento-c-100-unidades\/#breadcrumb\",\"itemListElement\":[{\"@type\":\"ListItem\",\"position\":1,\"name\":\"In\u00edcio\",\"item\":\"https:\/\/kmembalagens.com.br\/\"},{\"@type\":\"ListItem\",\"position\":2,\"name\":\"Embalagem Kraft multiuso anti-vazamento c\/100 unidades\"}]},{\"@type\":\"WebSite\",\"@id\":\"https:\/\/kmembalagens.com.br\/#website\",\"url\":\"https:\/\/kmembalagens.com.br\/\",\"name\":\"KM Embalagens\",\"description\":\"Tudo que precisa de embalagens\",\"publisher\":{\"@id\":\"https:\/\/kmembalagens.com.br\/#organization\"},\"potentialAction\":[{\"@type\":\"SearchAction\",\"target\":{\"@type\":\"EntryPoint\",\"urlTemplate\":\"https:\/\/kmembalagens.com.br\/?s={search_term_string}\"},\"query-input\":{\"@type\":\"PropertyValueSpecification\",\"valueRequired\":true,\"valueName\":\"search_term_string\"}}],\"inLanguage\":\"pt-BR\"},{\"@type\":\"Organization\",\"@id\":\"https:\/\/kmembalagens.com.br\/#organization\",\"name\":\"KM Embalagens\",\"url\":\"https:\/\/kmembalagens.com.br\/\",\"logo\":{\"@type\":\"ImageObject\",\"inLanguage\":\"pt-BR\",\"@id\":\"https:\/\/kmembalagens.com.br\/#\/schema\/logo\/image\/\",\"url\":\"https:\/\/kmembalagens.com.br\/wp-content\/uploads\/2020\/11\/cropped-cropped-KM-semfundo-2.png\",\"contentUrl\":\"https:\/\/kmembalagens.com.br\/wp-content\/uploads\/2020\/11\/cropped-cropped-KM-semfundo-2.png\",\"width\":1867,\"height\":1202,\"caption\":\"KM Embalagens\"},\"image\":{\"@id\":\"https:\/\/kmembalagens.com.br\/#\/schema\/logo\/image\/\"}}]}<\/script>\n<!-- \/ Yoast SEO plugin. -->","yoast_head_json":{"title":"Embalagem Kraft multiuso anti-vazamento c\/100 unidades - KM Embalagens","robots":{"index":"index","follow":"follow","max-snippet":"max-snippet:-1","max-image-preview":"max-image-preview:large","max-video-preview":"max-video-preview:-1"},"canonical":"https:\/\/kmembalagens.com.br\/index.php\/produto\/embalagem-kraft-multiuso-anti-vazamento-c-100-unidades\/","og_locale":"pt_BR","og_type":"article","og_title":"Embalagem Kraft multiuso anti-vazamento c\/100 unidades - KM Embalagens","og_description":"Embalagem anti-vazamento lache kraft - multiuso - c\/100 unidades  A Linha Sabor que Apaixona conta com embalagens impressas em Papel Kraft, ideais para frituras,  por\u00e7\u00f5es e lanches diversos. Conta com papel certificado, que possui impermeabiliza\u00e7\u00e3o interna e  permite o contato de alimentos com a embalagem, sem risco de contamina\u00e7\u00e3o.  Possui um design criativo e original, com frases e elementos que representam a paix\u00e3o pelo sabor.  Essas embalagens possuem o formato perfeito para comportar impecavelmente os alimentos, garantindo  mais seguran\u00e7a e praticidade. Podem ser colocadas para reaquecimento pelo consumidor, ou fechadas para posterior consumo.  Dimens\u00f5es: - largura 10,5 cm - altura 8 cm - comprimento 11,5 cm  Papel: Kraft certificado Pacote: 100 unidades  Plastifica\u00e7\u00e3o Interna - CAIXA ANTI VAZAMENTO  *** OBS.: AS EMBALAGENS S\u00c3O ENVIADAS DESMONTADAS. ***  Imagens ilustrativas.","og_url":"https:\/\/kmembalagens.com.br\/index.php\/produto\/embalagem-kraft-multiuso-anti-vazamento-c-100-unidades\/","og_site_name":"KM Embalagens","article_modified_time":"2023-04-20T12:22:28+00:00","og_image":[{"width":905,"height":1280,"url":"https:\/\/kmembalagens.com.br\/wp-content\/uploads\/2022\/04\/CAPA-caixa-lache.jpg","type":"image\/jpeg"}],"twitter_card":"summary_large_image","schema":{"@context":"https:\/\/schema.org","@graph":[{"@type":"WebPage","@id":"https:\/\/kmembalagens.com.br\/index.php\/produto\/embalagem-kraft-multiuso-anti-vazamento-c-100-unidades\/","url":"https:\/\/kmembalagens.com.br\/index.php\/produto\/embalagem-kraft-multiuso-anti-vazamento-c-100-unidades\/","name":"Embalagem Kraft multiuso anti-vazamento c\/100 unidades - KM Embalagens","isPartOf":{"@id":"https:\/\/kmembalagens.com.br\/#website"},"primaryImageOfPage":{"@id":"https:\/\/kmembalagens.com.br\/index.php\/produto\/embalagem-kraft-multiuso-anti-vazamento-c-100-unidades\/#primaryimage"},"image":{"@id":"https:\/\/kmembalagens.com.br\/index.php\/produto\/embalagem-kraft-multiuso-anti-vazamento-c-100-unidades\/#primaryimage"},"thumbnailUrl":"https:\/\/kmembalagens.com.br\/wp-content\/uploads\/2022\/04\/CAPA-caixa-lache.jpg","datePublished":"2022-04-20T17:25:18+00:00","dateModified":"2023-04-20T12:22:28+00:00","breadcrumb":{"@id":"https:\/\/kmembalagens.com.br\/index.php\/produto\/embalagem-kraft-multiuso-anti-vazamento-c-100-unidades\/#breadcrumb"},"inLanguage":"pt-BR","potentialAction":[{"@type":"ReadAction","target":["https:\/\/kmembalagens.com.br\/index.php\/produto\/embalagem-kraft-multiuso-anti-vazamento-c-100-unidades\/"]}]},{"@type":"ImageObject","inLanguage":"pt-BR","@id":"https:\/\/kmembalagens.com.br\/index.php\/produto\/embalagem-kraft-multiuso-anti-vazamento-c-100-unidades\/#primaryimage","url":"https:\/\/kmembalagens.com.br\/wp-content\/uploads\/2022\/04\/CAPA-caixa-lache.jpg","contentUrl":"https:\/\/kmembalagens.com.br\/wp-content\/uploads\/2022\/04\/CAPA-caixa-lache.jpg","width":905,"height":1280},{"@type":"BreadcrumbList","@id":"https:\/\/kmembalagens.com.br\/index.php\/produto\/embalagem-kraft-multiuso-anti-vazamento-c-100-unidades\/#breadcrumb","itemListElement":[{"@type":"ListItem","position":1,"name":"In\u00edcio","item":"https:\/\/kmembalagens.com.br\/"},{"@type":"ListItem","position":2,"name":"Embalagem Kraft multiuso anti-vazamento c\/100 unidades"}]},{"@type":"WebSite","@id":"https:\/\/kmembalagens.com.br\/#website","url":"https:\/\/kmembalagens.com.br\/","name":"KM Embalagens","description":"Tudo que precisa de embalagens","publisher":{"@id":"https:\/\/kmembalagens.com.br\/#organization"},"potentialAction":[{"@type":"SearchAction","target":{"@type":"EntryPoint","urlTemplate":"https:\/\/kmembalagens.com.br\/?s={search_term_string}"},"query-input":{"@type":"PropertyValueSpecification","valueRequired":true,"valueName":"search_term_string"}}],"inLanguage":"pt-BR"},{"@type":"Organization","@id":"https:\/\/kmembalagens.com.br\/#organization","name":"KM Embalagens","url":"https:\/\/kmembalagens.com.br\/","logo":{"@type":"ImageObject","inLanguage":"pt-BR","@id":"https:\/\/kmembalagens.com.br\/#\/schema\/logo\/image\/","url":"https:\/\/kmembalagens.com.br\/wp-content\/uploads\/2020\/11\/cropped-cropped-KM-semfundo-2.png","contentUrl":"https:\/\/kmembalagens.com.br\/wp-content\/uploads\/2020\/11\/cropped-cropped-KM-semfundo-2.png","width":1867,"height":1202,"caption":"KM Embalagens"},"image":{"@id":"https:\/\/kmembalagens.com.br\/#\/schema\/logo\/image\/"}}]}},"_links":{"self":[{"href":"https:\/\/kmembalagens.com.br\/index.php\/wp-json\/wp\/v2\/product\/1882","targetHints":{"allow":["GET"]}}],"collection":[{"href":"https:\/\/kmembalagens.com.br\/index.php\/wp-json\/wp\/v2\/product"}],"about":[{"href":"https:\/\/kmembalagens.com.br\/index.php\/wp-json\/wp\/v2\/types\/product"}],"replies":[{"embeddable":true,"href":"https:\/\/kmembalagens.com.br\/index.php\/wp-json\/wp\/v2\/comments?post=1882"}],"wp:featuredmedia":[{"embeddable":true,"href":"https:\/\/kmembalagens.com.br\/index.php\/wp-json\/wp\/v2\/media\/1883"}],"wp:attachment":[{"href":"https:\/\/kmembalagens.com.br\/index.php\/wp-json\/wp\/v2\/media?parent=1882"}],"wp:term":[{"taxonomy":"product_brand","embeddable":true,"href":"https:\/\/kmembalagens.com.br\/index.php\/wp-json\/wp\/v2\/product_brand?post=1882"},{"taxonomy":"product_cat","embeddable":true,"href":"https:\/\/kmembalagens.com.br\/index.php\/wp-json\/wp\/v2\/product_cat?post=1882"},{"taxonomy":"product_tag","embeddable":true,"href":"https:\/\/kmembalagens.com.br\/index.php\/wp-json\/wp\/v2\/product_tag?post=1882"}],"curies":[{"name":"wp","href":"https:\/\/api.w.org\/{rel}","templated":true}]}}