{"id":1847,"date":"2022-04-07T16:09:02","date_gmt":"2022-04-07T19:09:02","guid":{"rendered":"https:\/\/kmembalagens.com.br\/?post_type=product&#038;p=1847"},"modified":"2024-03-28T19:45:32","modified_gmt":"2024-03-28T22:45:32","slug":"envelope-de-seguranca-cinza-32x40-c-100-unidades","status":"publish","type":"product","link":"https:\/\/kmembalagens.com.br\/index.php\/produto\/envelope-de-seguranca-cinza-32x40-c-100-unidades\/","title":{"rendered":"Envelope de seguran\u00e7a cinza 32&#215;40 c\/100 unidades"},"content":{"rendered":"","protected":false},"excerpt":{"rendered":"<p>Envelope de Seguran\u00e7a Cinza 32&#215;40 &#8211; c\/ 100 unidades<\/p>\n<p>O envelope pl\u00e1stico de seguran\u00e7a foi desenvolvido para o segmento de transporte via correios e<br \/>\ntransportadoras em geral com a mais alta seguran\u00e7a. Confeccionado com material de alta qualidade,<br \/>\npara garantir maior sigilo e prote\u00e7\u00e3o do produto entregue, ao impedir a visualiza\u00e7\u00e3o do seu conte\u00fado,<br \/>\no que torna este envelope a op\u00e7\u00e3o ideal para o envio de itens de valor.<\/p>\n<p>Vantagens: al\u00e9m de manter em sigilo seu conte\u00fado, tamb\u00e9m garante maior prote\u00e7\u00e3o na entrega j\u00e1 que<br \/>\npossui lacre de seguran\u00e7a inviol\u00e1vel, com tecnologia que impossibilita sua abertura sem que possa<br \/>\nser notado no recebimento da mercadoria, proporcionando tranquilidade ao remetente.<\/p>\n<p>Dimens\u00f5es<br \/>\n&#8211; largura 32 cm<br \/>\n&#8211; altura 40 cm<br \/>\n&#8211; aba lacre 3 cm<\/p>\n<p>Cor: Cinza<br \/>\nComposi\u00e7\u00e3o: Pl\u00e1stico Polietileno (PE)<br \/>\nQuantidade: 100 unidades<\/p>\n<p>Imagens ilustrativas.<\/p>\n","protected":false},"featured_media":1848,"comment_status":"open","ping_status":"closed","template":"","meta":{"site-sidebar-layout":"default","site-content-layout":"default","ast-site-content-layout":"","site-content-style":"default","site-sidebar-style":"default","ast-global-header-display":"","ast-banner-title-visibility":"","ast-main-header-display":"","ast-hfb-above-header-display":"","ast-hfb-below-header-display":"","ast-hfb-mobile-header-display":"","site-post-title":"","ast-breadcrumbs-content":"","ast-featured-img":"","footer-sml-layout":"","theme-transparent-header-meta":"default","adv-header-id-meta":"","stick-header-meta":"","header-above-stick-meta":"","header-main-stick-meta":"","header-below-stick-meta":"","astra-migrate-meta-layouts":"default","ast-page-background-enabled":"default","ast-page-background-meta":{"desktop":{"background-color":"var(--ast-global-color-4)","background-image":"","background-repeat":"repeat","background-position":"center center","background-size":"auto","background-attachment":"scroll","background-type":"","background-media":"","overlay-type":"","overlay-color":"","overlay-opacity":"","overlay-gradient":""},"tablet":{"background-color":"","background-image":"","background-repeat":"repeat","background-position":"center center","background-size":"auto","background-attachment":"scroll","background-type":"","background-media":"","overlay-type":"","overlay-color":"","overlay-opacity":"","overlay-gradient":""},"mobile":{"background-color":"","background-image":"","background-repeat":"repeat","background-position":"center center","background-size":"auto","background-attachment":"scroll","background-type":"","background-media":"","overlay-type":"","overlay-color":"","overlay-opacity":"","overlay-gradient":""}},"ast-content-background-meta":{"desktop":{"background-color":"var(--ast-global-color-5)","background-image":"","background-repeat":"repeat","background-position":"center center","background-size":"auto","background-attachment":"scroll","background-type":"","background-media":"","overlay-type":"","overlay-color":"","overlay-opacity":"","overlay-gradient":""},"tablet":{"background-color":"var(--ast-global-color-5)","background-image":"","background-repeat":"repeat","background-position":"center center","background-size":"auto","background-attachment":"scroll","background-type":"","background-media":"","overlay-type":"","overlay-color":"","overlay-opacity":"","overlay-gradient":""},"mobile":{"background-color":"var(--ast-global-color-5)","background-image":"","background-repeat":"repeat","background-position":"center center","background-size":"auto","background-attachment":"scroll","background-type":"","background-media":"","overlay-type":"","overlay-color":"","overlay-opacity":"","overlay-gradient":""}}},"product_brand":[],"product_cat":[38],"product_tag":[337,339,336,85],"class_list":{"0":"post-1847","1":"product","2":"type-product","3":"status-publish","4":"has-post-thumbnail","6":"product_cat-sacos-plastico","7":"product_tag-embalagemlacre","8":"product_tag-envelopeplasticolacre","9":"product_tag-sacolacre","10":"product_tag-kmembalagens","11":"desktop-align-left","12":"tablet-align-left","13":"mobile-align-left","15":"first","16":"instock","17":"taxable","18":"shipping-taxable","19":"purchasable","20":"product-type-simple"},"yoast_head":"<!-- This site is optimized with the Yoast SEO plugin v27.2 - https:\/\/yoast.com\/product\/yoast-seo-wordpress\/ -->\n<title>Envelope de seguran\u00e7a cinza 32x40 c\/100 unidades - KM Embalagens<\/title>\n<meta name=\"robots\" content=\"index, follow, max-snippet:-1, max-image-preview:large, max-video-preview:-1\" \/>\n<link rel=\"canonical\" href=\"https:\/\/kmembalagens.com.br\/index.php\/produto\/envelope-de-seguranca-cinza-32x40-c-100-unidades\/\" \/>\n<meta property=\"og:locale\" content=\"pt_BR\" \/>\n<meta property=\"og:type\" content=\"article\" \/>\n<meta property=\"og:title\" content=\"Envelope de seguran\u00e7a cinza 32x40 c\/100 unidades - KM Embalagens\" \/>\n<meta property=\"og:description\" content=\"Envelope de Seguran\u00e7a Cinza 32x40 - c\/ 100 unidades  O envelope pl\u00e1stico de seguran\u00e7a foi desenvolvido para o segmento de transporte via correios e  transportadoras em geral com a mais alta seguran\u00e7a. Confeccionado com material de alta qualidade,  para garantir maior sigilo e prote\u00e7\u00e3o do produto entregue, ao impedir a visualiza\u00e7\u00e3o do seu conte\u00fado, o que torna este envelope a op\u00e7\u00e3o ideal para o envio de itens de valor.  Vantagens: al\u00e9m de manter em sigilo seu conte\u00fado, tamb\u00e9m garante maior prote\u00e7\u00e3o na entrega j\u00e1 que possui lacre de seguran\u00e7a inviol\u00e1vel, com tecnologia que impossibilita sua abertura sem que possa ser notado no recebimento da mercadoria, proporcionando tranquilidade ao remetente.  Dimens\u00f5es - largura 32 cm - altura 40 cm  - aba lacre 3 cm  Cor: Cinza Composi\u00e7\u00e3o: Pl\u00e1stico Polietileno (PE) Quantidade: 100 unidades  Imagens ilustrativas.\" \/>\n<meta property=\"og:url\" content=\"https:\/\/kmembalagens.com.br\/index.php\/produto\/envelope-de-seguranca-cinza-32x40-c-100-unidades\/\" \/>\n<meta property=\"og:site_name\" content=\"KM Embalagens\" \/>\n<meta property=\"article:modified_time\" content=\"2024-03-28T22:45:32+00:00\" \/>\n<meta property=\"og:image\" content=\"https:\/\/kmembalagens.com.br\/wp-content\/uploads\/2022\/04\/CAPA-32x40-1.jpg\" \/>\n\t<meta property=\"og:image:width\" content=\"905\" \/>\n\t<meta property=\"og:image:height\" content=\"1280\" \/>\n\t<meta property=\"og:image:type\" content=\"image\/jpeg\" \/>\n<meta name=\"twitter:card\" content=\"summary_large_image\" \/>\n<script type=\"application\/ld+json\" class=\"yoast-schema-graph\">{\"@context\":\"https:\/\/schema.org\",\"@graph\":[{\"@type\":\"WebPage\",\"@id\":\"https:\/\/kmembalagens.com.br\/index.php\/produto\/envelope-de-seguranca-cinza-32x40-c-100-unidades\/\",\"url\":\"https:\/\/kmembalagens.com.br\/index.php\/produto\/envelope-de-seguranca-cinza-32x40-c-100-unidades\/\",\"name\":\"Envelope de seguran\u00e7a cinza 32x40 c\/100 unidades - KM Embalagens\",\"isPartOf\":{\"@id\":\"https:\/\/kmembalagens.com.br\/#website\"},\"primaryImageOfPage\":{\"@id\":\"https:\/\/kmembalagens.com.br\/index.php\/produto\/envelope-de-seguranca-cinza-32x40-c-100-unidades\/#primaryimage\"},\"image\":{\"@id\":\"https:\/\/kmembalagens.com.br\/index.php\/produto\/envelope-de-seguranca-cinza-32x40-c-100-unidades\/#primaryimage\"},\"thumbnailUrl\":\"https:\/\/kmembalagens.com.br\/wp-content\/uploads\/2022\/04\/CAPA-32x40-1.jpg\",\"datePublished\":\"2022-04-07T19:09:02+00:00\",\"dateModified\":\"2024-03-28T22:45:32+00:00\",\"breadcrumb\":{\"@id\":\"https:\/\/kmembalagens.com.br\/index.php\/produto\/envelope-de-seguranca-cinza-32x40-c-100-unidades\/#breadcrumb\"},\"inLanguage\":\"pt-BR\",\"potentialAction\":[{\"@type\":\"ReadAction\",\"target\":[\"https:\/\/kmembalagens.com.br\/index.php\/produto\/envelope-de-seguranca-cinza-32x40-c-100-unidades\/\"]}]},{\"@type\":\"ImageObject\",\"inLanguage\":\"pt-BR\",\"@id\":\"https:\/\/kmembalagens.com.br\/index.php\/produto\/envelope-de-seguranca-cinza-32x40-c-100-unidades\/#primaryimage\",\"url\":\"https:\/\/kmembalagens.com.br\/wp-content\/uploads\/2022\/04\/CAPA-32x40-1.jpg\",\"contentUrl\":\"https:\/\/kmembalagens.com.br\/wp-content\/uploads\/2022\/04\/CAPA-32x40-1.jpg\",\"width\":905,\"height\":1280},{\"@type\":\"BreadcrumbList\",\"@id\":\"https:\/\/kmembalagens.com.br\/index.php\/produto\/envelope-de-seguranca-cinza-32x40-c-100-unidades\/#breadcrumb\",\"itemListElement\":[{\"@type\":\"ListItem\",\"position\":1,\"name\":\"In\u00edcio\",\"item\":\"https:\/\/kmembalagens.com.br\/\"},{\"@type\":\"ListItem\",\"position\":2,\"name\":\"Envelope de seguran\u00e7a cinza 32&#215;40 c\/100 unidades\"}]},{\"@type\":\"WebSite\",\"@id\":\"https:\/\/kmembalagens.com.br\/#website\",\"url\":\"https:\/\/kmembalagens.com.br\/\",\"name\":\"KM Embalagens\",\"description\":\"Tudo que precisa de embalagens\",\"publisher\":{\"@id\":\"https:\/\/kmembalagens.com.br\/#organization\"},\"potentialAction\":[{\"@type\":\"SearchAction\",\"target\":{\"@type\":\"EntryPoint\",\"urlTemplate\":\"https:\/\/kmembalagens.com.br\/?s={search_term_string}\"},\"query-input\":{\"@type\":\"PropertyValueSpecification\",\"valueRequired\":true,\"valueName\":\"search_term_string\"}}],\"inLanguage\":\"pt-BR\"},{\"@type\":\"Organization\",\"@id\":\"https:\/\/kmembalagens.com.br\/#organization\",\"name\":\"KM Embalagens\",\"url\":\"https:\/\/kmembalagens.com.br\/\",\"logo\":{\"@type\":\"ImageObject\",\"inLanguage\":\"pt-BR\",\"@id\":\"https:\/\/kmembalagens.com.br\/#\/schema\/logo\/image\/\",\"url\":\"https:\/\/kmembalagens.com.br\/wp-content\/uploads\/2020\/11\/cropped-cropped-KM-semfundo-2.png\",\"contentUrl\":\"https:\/\/kmembalagens.com.br\/wp-content\/uploads\/2020\/11\/cropped-cropped-KM-semfundo-2.png\",\"width\":1867,\"height\":1202,\"caption\":\"KM Embalagens\"},\"image\":{\"@id\":\"https:\/\/kmembalagens.com.br\/#\/schema\/logo\/image\/\"}}]}<\/script>\n<!-- \/ Yoast SEO plugin. -->","yoast_head_json":{"title":"Envelope de seguran\u00e7a cinza 32x40 c\/100 unidades - KM Embalagens","robots":{"index":"index","follow":"follow","max-snippet":"max-snippet:-1","max-image-preview":"max-image-preview:large","max-video-preview":"max-video-preview:-1"},"canonical":"https:\/\/kmembalagens.com.br\/index.php\/produto\/envelope-de-seguranca-cinza-32x40-c-100-unidades\/","og_locale":"pt_BR","og_type":"article","og_title":"Envelope de seguran\u00e7a cinza 32x40 c\/100 unidades - KM Embalagens","og_description":"Envelope de Seguran\u00e7a Cinza 32x40 - c\/ 100 unidades  O envelope pl\u00e1stico de seguran\u00e7a foi desenvolvido para o segmento de transporte via correios e  transportadoras em geral com a mais alta seguran\u00e7a. Confeccionado com material de alta qualidade,  para garantir maior sigilo e prote\u00e7\u00e3o do produto entregue, ao impedir a visualiza\u00e7\u00e3o do seu conte\u00fado, o que torna este envelope a op\u00e7\u00e3o ideal para o envio de itens de valor.  Vantagens: al\u00e9m de manter em sigilo seu conte\u00fado, tamb\u00e9m garante maior prote\u00e7\u00e3o na entrega j\u00e1 que possui lacre de seguran\u00e7a inviol\u00e1vel, com tecnologia que impossibilita sua abertura sem que possa ser notado no recebimento da mercadoria, proporcionando tranquilidade ao remetente.  Dimens\u00f5es - largura 32 cm - altura 40 cm  - aba lacre 3 cm  Cor: Cinza Composi\u00e7\u00e3o: Pl\u00e1stico Polietileno (PE) Quantidade: 100 unidades  Imagens ilustrativas.","og_url":"https:\/\/kmembalagens.com.br\/index.php\/produto\/envelope-de-seguranca-cinza-32x40-c-100-unidades\/","og_site_name":"KM Embalagens","article_modified_time":"2024-03-28T22:45:32+00:00","og_image":[{"width":905,"height":1280,"url":"https:\/\/kmembalagens.com.br\/wp-content\/uploads\/2022\/04\/CAPA-32x40-1.jpg","type":"image\/jpeg"}],"twitter_card":"summary_large_image","schema":{"@context":"https:\/\/schema.org","@graph":[{"@type":"WebPage","@id":"https:\/\/kmembalagens.com.br\/index.php\/produto\/envelope-de-seguranca-cinza-32x40-c-100-unidades\/","url":"https:\/\/kmembalagens.com.br\/index.php\/produto\/envelope-de-seguranca-cinza-32x40-c-100-unidades\/","name":"Envelope de seguran\u00e7a cinza 32x40 c\/100 unidades - KM Embalagens","isPartOf":{"@id":"https:\/\/kmembalagens.com.br\/#website"},"primaryImageOfPage":{"@id":"https:\/\/kmembalagens.com.br\/index.php\/produto\/envelope-de-seguranca-cinza-32x40-c-100-unidades\/#primaryimage"},"image":{"@id":"https:\/\/kmembalagens.com.br\/index.php\/produto\/envelope-de-seguranca-cinza-32x40-c-100-unidades\/#primaryimage"},"thumbnailUrl":"https:\/\/kmembalagens.com.br\/wp-content\/uploads\/2022\/04\/CAPA-32x40-1.jpg","datePublished":"2022-04-07T19:09:02+00:00","dateModified":"2024-03-28T22:45:32+00:00","breadcrumb":{"@id":"https:\/\/kmembalagens.com.br\/index.php\/produto\/envelope-de-seguranca-cinza-32x40-c-100-unidades\/#breadcrumb"},"inLanguage":"pt-BR","potentialAction":[{"@type":"ReadAction","target":["https:\/\/kmembalagens.com.br\/index.php\/produto\/envelope-de-seguranca-cinza-32x40-c-100-unidades\/"]}]},{"@type":"ImageObject","inLanguage":"pt-BR","@id":"https:\/\/kmembalagens.com.br\/index.php\/produto\/envelope-de-seguranca-cinza-32x40-c-100-unidades\/#primaryimage","url":"https:\/\/kmembalagens.com.br\/wp-content\/uploads\/2022\/04\/CAPA-32x40-1.jpg","contentUrl":"https:\/\/kmembalagens.com.br\/wp-content\/uploads\/2022\/04\/CAPA-32x40-1.jpg","width":905,"height":1280},{"@type":"BreadcrumbList","@id":"https:\/\/kmembalagens.com.br\/index.php\/produto\/envelope-de-seguranca-cinza-32x40-c-100-unidades\/#breadcrumb","itemListElement":[{"@type":"ListItem","position":1,"name":"In\u00edcio","item":"https:\/\/kmembalagens.com.br\/"},{"@type":"ListItem","position":2,"name":"Envelope de seguran\u00e7a cinza 32&#215;40 c\/100 unidades"}]},{"@type":"WebSite","@id":"https:\/\/kmembalagens.com.br\/#website","url":"https:\/\/kmembalagens.com.br\/","name":"KM Embalagens","description":"Tudo que precisa de embalagens","publisher":{"@id":"https:\/\/kmembalagens.com.br\/#organization"},"potentialAction":[{"@type":"SearchAction","target":{"@type":"EntryPoint","urlTemplate":"https:\/\/kmembalagens.com.br\/?s={search_term_string}"},"query-input":{"@type":"PropertyValueSpecification","valueRequired":true,"valueName":"search_term_string"}}],"inLanguage":"pt-BR"},{"@type":"Organization","@id":"https:\/\/kmembalagens.com.br\/#organization","name":"KM Embalagens","url":"https:\/\/kmembalagens.com.br\/","logo":{"@type":"ImageObject","inLanguage":"pt-BR","@id":"https:\/\/kmembalagens.com.br\/#\/schema\/logo\/image\/","url":"https:\/\/kmembalagens.com.br\/wp-content\/uploads\/2020\/11\/cropped-cropped-KM-semfundo-2.png","contentUrl":"https:\/\/kmembalagens.com.br\/wp-content\/uploads\/2020\/11\/cropped-cropped-KM-semfundo-2.png","width":1867,"height":1202,"caption":"KM Embalagens"},"image":{"@id":"https:\/\/kmembalagens.com.br\/#\/schema\/logo\/image\/"}}]}},"_links":{"self":[{"href":"https:\/\/kmembalagens.com.br\/index.php\/wp-json\/wp\/v2\/product\/1847","targetHints":{"allow":["GET"]}}],"collection":[{"href":"https:\/\/kmembalagens.com.br\/index.php\/wp-json\/wp\/v2\/product"}],"about":[{"href":"https:\/\/kmembalagens.com.br\/index.php\/wp-json\/wp\/v2\/types\/product"}],"replies":[{"embeddable":true,"href":"https:\/\/kmembalagens.com.br\/index.php\/wp-json\/wp\/v2\/comments?post=1847"}],"wp:featuredmedia":[{"embeddable":true,"href":"https:\/\/kmembalagens.com.br\/index.php\/wp-json\/wp\/v2\/media\/1848"}],"wp:attachment":[{"href":"https:\/\/kmembalagens.com.br\/index.php\/wp-json\/wp\/v2\/media?parent=1847"}],"wp:term":[{"taxonomy":"product_brand","embeddable":true,"href":"https:\/\/kmembalagens.com.br\/index.php\/wp-json\/wp\/v2\/product_brand?post=1847"},{"taxonomy":"product_cat","embeddable":true,"href":"https:\/\/kmembalagens.com.br\/index.php\/wp-json\/wp\/v2\/product_cat?post=1847"},{"taxonomy":"product_tag","embeddable":true,"href":"https:\/\/kmembalagens.com.br\/index.php\/wp-json\/wp\/v2\/product_tag?post=1847"}],"curies":[{"name":"wp","href":"https:\/\/api.w.org\/{rel}","templated":true}]}}