{"id":1658,"date":"2022-03-16T18:25:52","date_gmt":"2022-03-16T21:25:52","guid":{"rendered":"https:\/\/kmembalagens.com.br\/?post_type=product&#038;p=1658"},"modified":"2025-03-13T20:43:24","modified_gmt":"2025-03-13T23:43:24","slug":"forma-especial-ovo-origami-350g","status":"publish","type":"product","link":"https:\/\/kmembalagens.com.br\/index.php\/produto\/forma-especial-ovo-origami-350g\/","title":{"rendered":"Forma Especial Ovo Origami 350g"},"content":{"rendered":"","protected":false},"excerpt":{"rendered":"<p>Ovo Origami 350g &#8211; unidade<\/p>\n<p>Forma especial com silicone (3 partes), ideal para produ\u00e7\u00e3o de chocolates com muito mais praticidade e precis\u00e3o. Possui uma \u201cmarquinha\u201d indicando a quantidade necess\u00e1ria de chocolate, levando para geladeira uma \u00fanica vez.<br \/>\nEla proporciona uma casca uniforme e um acabamento perfeito sempre com o mesmo peso. <\/p>\n<p>Abaixo mais informa\u00e7\u00f5es do produto.<\/p>\n<p>Cavidades: 1<br \/>\nComp.: 151 mm x Di\u00e2m.: 96 mm<br \/>\nPeso casca: 111g<br \/>\nPeso m\u00e9dio: 350g<br \/>\nModelo: Especial (3 Partes)<\/p>\n<p>Imagens Ilustrativas.<\/p>\n","protected":false},"featured_media":1659,"comment_status":"open","ping_status":"closed","template":"","meta":{"site-sidebar-layout":"default","site-content-layout":"default","ast-site-content-layout":"","site-content-style":"default","site-sidebar-style":"default","ast-global-header-display":"","ast-banner-title-visibility":"","ast-main-header-display":"","ast-hfb-above-header-display":"","ast-hfb-below-header-display":"","ast-hfb-mobile-header-display":"","site-post-title":"","ast-breadcrumbs-content":"","ast-featured-img":"","footer-sml-layout":"","theme-transparent-header-meta":"default","adv-header-id-meta":"","stick-header-meta":"","header-above-stick-meta":"","header-main-stick-meta":"","header-below-stick-meta":"","astra-migrate-meta-layouts":"default","ast-page-background-enabled":"default","ast-page-background-meta":{"desktop":{"background-color":"var(--ast-global-color-4)","background-image":"","background-repeat":"repeat","background-position":"center center","background-size":"auto","background-attachment":"scroll","background-type":"","background-media":"","overlay-type":"","overlay-color":"","overlay-opacity":"","overlay-gradient":""},"tablet":{"background-color":"","background-image":"","background-repeat":"repeat","background-position":"center center","background-size":"auto","background-attachment":"scroll","background-type":"","background-media":"","overlay-type":"","overlay-color":"","overlay-opacity":"","overlay-gradient":""},"mobile":{"background-color":"","background-image":"","background-repeat":"repeat","background-position":"center center","background-size":"auto","background-attachment":"scroll","background-type":"","background-media":"","overlay-type":"","overlay-color":"","overlay-opacity":"","overlay-gradient":""}},"ast-content-background-meta":{"desktop":{"background-color":"var(--ast-global-color-5)","background-image":"","background-repeat":"repeat","background-position":"center center","background-size":"auto","background-attachment":"scroll","background-type":"","background-media":"","overlay-type":"","overlay-color":"","overlay-opacity":"","overlay-gradient":""},"tablet":{"background-color":"var(--ast-global-color-5)","background-image":"","background-repeat":"repeat","background-position":"center center","background-size":"auto","background-attachment":"scroll","background-type":"","background-media":"","overlay-type":"","overlay-color":"","overlay-opacity":"","overlay-gradient":""},"mobile":{"background-color":"var(--ast-global-color-5)","background-image":"","background-repeat":"repeat","background-position":"center center","background-size":"auto","background-attachment":"scroll","background-type":"","background-media":"","overlay-type":"","overlay-color":"","overlay-opacity":"","overlay-gradient":""}}},"product_brand":[],"product_cat":[148],"product_tag":[254,251,240,252,253,236,85],"class_list":{"0":"post-1658","1":"product","2":"type-product","3":"status-publish","4":"has-post-thumbnail","6":"product_cat-formas","7":"product_tag-formadeovoorigami","8":"product_tag-ovodechocolate","9":"product_tag-ovodepascoa","10":"product_tag-ovoorigami","11":"product_tag-ovoorigamidehocolate","12":"product_tag-pascoa","13":"product_tag-kmembalagens","14":"desktop-align-left","15":"tablet-align-left","16":"mobile-align-left","18":"first","19":"instock","20":"taxable","21":"shipping-taxable","22":"purchasable","23":"product-type-simple"},"yoast_head":"<!-- This site is optimized with the Yoast SEO plugin v27.2 - https:\/\/yoast.com\/product\/yoast-seo-wordpress\/ -->\n<title>Forma Especial Ovo Origami 350g - KM Embalagens<\/title>\n<meta name=\"robots\" content=\"index, follow, max-snippet:-1, max-image-preview:large, max-video-preview:-1\" \/>\n<link rel=\"canonical\" href=\"https:\/\/kmembalagens.com.br\/index.php\/produto\/forma-especial-ovo-origami-350g\/\" \/>\n<meta property=\"og:locale\" content=\"pt_BR\" \/>\n<meta property=\"og:type\" content=\"article\" \/>\n<meta property=\"og:title\" content=\"Forma Especial Ovo Origami 350g - KM Embalagens\" \/>\n<meta property=\"og:description\" content=\"Ovo Origami 350g - unidade  Forma especial com silicone (3 partes), ideal para produ\u00e7\u00e3o de chocolates com muito mais praticidade e precis\u00e3o. Possui uma \u201cmarquinha\u201d indicando a quantidade necess\u00e1ria de chocolate, levando para geladeira uma \u00fanica vez.  Ela proporciona uma casca uniforme e um acabamento perfeito sempre com o mesmo peso.   Abaixo mais informa\u00e7\u00f5es do produto.  Cavidades: 1 Comp.: 151 mm x Di\u00e2m.: 96 mm Peso casca: 111g Peso m\u00e9dio: 350g Modelo: Especial (3 Partes)  Imagens Ilustrativas.\" \/>\n<meta property=\"og:url\" content=\"https:\/\/kmembalagens.com.br\/index.php\/produto\/forma-especial-ovo-origami-350g\/\" \/>\n<meta property=\"og:site_name\" content=\"KM Embalagens\" \/>\n<meta property=\"article:modified_time\" content=\"2025-03-13T23:43:24+00:00\" \/>\n<meta property=\"og:image\" content=\"https:\/\/kmembalagens.com.br\/wp-content\/uploads\/2022\/03\/CAPA-origami.jpg\" \/>\n\t<meta property=\"og:image:width\" content=\"905\" \/>\n\t<meta property=\"og:image:height\" content=\"1280\" \/>\n\t<meta property=\"og:image:type\" content=\"image\/jpeg\" \/>\n<meta name=\"twitter:card\" content=\"summary_large_image\" \/>\n<script type=\"application\/ld+json\" class=\"yoast-schema-graph\">{\"@context\":\"https:\/\/schema.org\",\"@graph\":[{\"@type\":\"WebPage\",\"@id\":\"https:\/\/kmembalagens.com.br\/index.php\/produto\/forma-especial-ovo-origami-350g\/\",\"url\":\"https:\/\/kmembalagens.com.br\/index.php\/produto\/forma-especial-ovo-origami-350g\/\",\"name\":\"Forma Especial Ovo Origami 350g - KM Embalagens\",\"isPartOf\":{\"@id\":\"https:\/\/kmembalagens.com.br\/#website\"},\"primaryImageOfPage\":{\"@id\":\"https:\/\/kmembalagens.com.br\/index.php\/produto\/forma-especial-ovo-origami-350g\/#primaryimage\"},\"image\":{\"@id\":\"https:\/\/kmembalagens.com.br\/index.php\/produto\/forma-especial-ovo-origami-350g\/#primaryimage\"},\"thumbnailUrl\":\"https:\/\/kmembalagens.com.br\/wp-content\/uploads\/2022\/03\/CAPA-origami.jpg\",\"datePublished\":\"2022-03-16T21:25:52+00:00\",\"dateModified\":\"2025-03-13T23:43:24+00:00\",\"breadcrumb\":{\"@id\":\"https:\/\/kmembalagens.com.br\/index.php\/produto\/forma-especial-ovo-origami-350g\/#breadcrumb\"},\"inLanguage\":\"pt-BR\",\"potentialAction\":[{\"@type\":\"ReadAction\",\"target\":[\"https:\/\/kmembalagens.com.br\/index.php\/produto\/forma-especial-ovo-origami-350g\/\"]}]},{\"@type\":\"ImageObject\",\"inLanguage\":\"pt-BR\",\"@id\":\"https:\/\/kmembalagens.com.br\/index.php\/produto\/forma-especial-ovo-origami-350g\/#primaryimage\",\"url\":\"https:\/\/kmembalagens.com.br\/wp-content\/uploads\/2022\/03\/CAPA-origami.jpg\",\"contentUrl\":\"https:\/\/kmembalagens.com.br\/wp-content\/uploads\/2022\/03\/CAPA-origami.jpg\",\"width\":905,\"height\":1280},{\"@type\":\"BreadcrumbList\",\"@id\":\"https:\/\/kmembalagens.com.br\/index.php\/produto\/forma-especial-ovo-origami-350g\/#breadcrumb\",\"itemListElement\":[{\"@type\":\"ListItem\",\"position\":1,\"name\":\"In\u00edcio\",\"item\":\"https:\/\/kmembalagens.com.br\/\"},{\"@type\":\"ListItem\",\"position\":2,\"name\":\"Forma Especial Ovo Origami 350g\"}]},{\"@type\":\"WebSite\",\"@id\":\"https:\/\/kmembalagens.com.br\/#website\",\"url\":\"https:\/\/kmembalagens.com.br\/\",\"name\":\"KM Embalagens\",\"description\":\"Tudo que precisa de embalagens\",\"publisher\":{\"@id\":\"https:\/\/kmembalagens.com.br\/#organization\"},\"potentialAction\":[{\"@type\":\"SearchAction\",\"target\":{\"@type\":\"EntryPoint\",\"urlTemplate\":\"https:\/\/kmembalagens.com.br\/?s={search_term_string}\"},\"query-input\":{\"@type\":\"PropertyValueSpecification\",\"valueRequired\":true,\"valueName\":\"search_term_string\"}}],\"inLanguage\":\"pt-BR\"},{\"@type\":\"Organization\",\"@id\":\"https:\/\/kmembalagens.com.br\/#organization\",\"name\":\"KM Embalagens\",\"url\":\"https:\/\/kmembalagens.com.br\/\",\"logo\":{\"@type\":\"ImageObject\",\"inLanguage\":\"pt-BR\",\"@id\":\"https:\/\/kmembalagens.com.br\/#\/schema\/logo\/image\/\",\"url\":\"https:\/\/kmembalagens.com.br\/wp-content\/uploads\/2020\/11\/cropped-cropped-KM-semfundo-2.png\",\"contentUrl\":\"https:\/\/kmembalagens.com.br\/wp-content\/uploads\/2020\/11\/cropped-cropped-KM-semfundo-2.png\",\"width\":1867,\"height\":1202,\"caption\":\"KM Embalagens\"},\"image\":{\"@id\":\"https:\/\/kmembalagens.com.br\/#\/schema\/logo\/image\/\"}}]}<\/script>\n<!-- \/ Yoast SEO plugin. -->","yoast_head_json":{"title":"Forma Especial Ovo Origami 350g - KM Embalagens","robots":{"index":"index","follow":"follow","max-snippet":"max-snippet:-1","max-image-preview":"max-image-preview:large","max-video-preview":"max-video-preview:-1"},"canonical":"https:\/\/kmembalagens.com.br\/index.php\/produto\/forma-especial-ovo-origami-350g\/","og_locale":"pt_BR","og_type":"article","og_title":"Forma Especial Ovo Origami 350g - KM Embalagens","og_description":"Ovo Origami 350g - unidade  Forma especial com silicone (3 partes), ideal para produ\u00e7\u00e3o de chocolates com muito mais praticidade e precis\u00e3o. Possui uma \u201cmarquinha\u201d indicando a quantidade necess\u00e1ria de chocolate, levando para geladeira uma \u00fanica vez.  Ela proporciona uma casca uniforme e um acabamento perfeito sempre com o mesmo peso.   Abaixo mais informa\u00e7\u00f5es do produto.  Cavidades: 1 Comp.: 151 mm x Di\u00e2m.: 96 mm Peso casca: 111g Peso m\u00e9dio: 350g Modelo: Especial (3 Partes)  Imagens Ilustrativas.","og_url":"https:\/\/kmembalagens.com.br\/index.php\/produto\/forma-especial-ovo-origami-350g\/","og_site_name":"KM Embalagens","article_modified_time":"2025-03-13T23:43:24+00:00","og_image":[{"width":905,"height":1280,"url":"https:\/\/kmembalagens.com.br\/wp-content\/uploads\/2022\/03\/CAPA-origami.jpg","type":"image\/jpeg"}],"twitter_card":"summary_large_image","schema":{"@context":"https:\/\/schema.org","@graph":[{"@type":"WebPage","@id":"https:\/\/kmembalagens.com.br\/index.php\/produto\/forma-especial-ovo-origami-350g\/","url":"https:\/\/kmembalagens.com.br\/index.php\/produto\/forma-especial-ovo-origami-350g\/","name":"Forma Especial Ovo Origami 350g - KM Embalagens","isPartOf":{"@id":"https:\/\/kmembalagens.com.br\/#website"},"primaryImageOfPage":{"@id":"https:\/\/kmembalagens.com.br\/index.php\/produto\/forma-especial-ovo-origami-350g\/#primaryimage"},"image":{"@id":"https:\/\/kmembalagens.com.br\/index.php\/produto\/forma-especial-ovo-origami-350g\/#primaryimage"},"thumbnailUrl":"https:\/\/kmembalagens.com.br\/wp-content\/uploads\/2022\/03\/CAPA-origami.jpg","datePublished":"2022-03-16T21:25:52+00:00","dateModified":"2025-03-13T23:43:24+00:00","breadcrumb":{"@id":"https:\/\/kmembalagens.com.br\/index.php\/produto\/forma-especial-ovo-origami-350g\/#breadcrumb"},"inLanguage":"pt-BR","potentialAction":[{"@type":"ReadAction","target":["https:\/\/kmembalagens.com.br\/index.php\/produto\/forma-especial-ovo-origami-350g\/"]}]},{"@type":"ImageObject","inLanguage":"pt-BR","@id":"https:\/\/kmembalagens.com.br\/index.php\/produto\/forma-especial-ovo-origami-350g\/#primaryimage","url":"https:\/\/kmembalagens.com.br\/wp-content\/uploads\/2022\/03\/CAPA-origami.jpg","contentUrl":"https:\/\/kmembalagens.com.br\/wp-content\/uploads\/2022\/03\/CAPA-origami.jpg","width":905,"height":1280},{"@type":"BreadcrumbList","@id":"https:\/\/kmembalagens.com.br\/index.php\/produto\/forma-especial-ovo-origami-350g\/#breadcrumb","itemListElement":[{"@type":"ListItem","position":1,"name":"In\u00edcio","item":"https:\/\/kmembalagens.com.br\/"},{"@type":"ListItem","position":2,"name":"Forma Especial Ovo Origami 350g"}]},{"@type":"WebSite","@id":"https:\/\/kmembalagens.com.br\/#website","url":"https:\/\/kmembalagens.com.br\/","name":"KM Embalagens","description":"Tudo que precisa de embalagens","publisher":{"@id":"https:\/\/kmembalagens.com.br\/#organization"},"potentialAction":[{"@type":"SearchAction","target":{"@type":"EntryPoint","urlTemplate":"https:\/\/kmembalagens.com.br\/?s={search_term_string}"},"query-input":{"@type":"PropertyValueSpecification","valueRequired":true,"valueName":"search_term_string"}}],"inLanguage":"pt-BR"},{"@type":"Organization","@id":"https:\/\/kmembalagens.com.br\/#organization","name":"KM Embalagens","url":"https:\/\/kmembalagens.com.br\/","logo":{"@type":"ImageObject","inLanguage":"pt-BR","@id":"https:\/\/kmembalagens.com.br\/#\/schema\/logo\/image\/","url":"https:\/\/kmembalagens.com.br\/wp-content\/uploads\/2020\/11\/cropped-cropped-KM-semfundo-2.png","contentUrl":"https:\/\/kmembalagens.com.br\/wp-content\/uploads\/2020\/11\/cropped-cropped-KM-semfundo-2.png","width":1867,"height":1202,"caption":"KM Embalagens"},"image":{"@id":"https:\/\/kmembalagens.com.br\/#\/schema\/logo\/image\/"}}]}},"_links":{"self":[{"href":"https:\/\/kmembalagens.com.br\/index.php\/wp-json\/wp\/v2\/product\/1658","targetHints":{"allow":["GET"]}}],"collection":[{"href":"https:\/\/kmembalagens.com.br\/index.php\/wp-json\/wp\/v2\/product"}],"about":[{"href":"https:\/\/kmembalagens.com.br\/index.php\/wp-json\/wp\/v2\/types\/product"}],"replies":[{"embeddable":true,"href":"https:\/\/kmembalagens.com.br\/index.php\/wp-json\/wp\/v2\/comments?post=1658"}],"wp:featuredmedia":[{"embeddable":true,"href":"https:\/\/kmembalagens.com.br\/index.php\/wp-json\/wp\/v2\/media\/1659"}],"wp:attachment":[{"href":"https:\/\/kmembalagens.com.br\/index.php\/wp-json\/wp\/v2\/media?parent=1658"}],"wp:term":[{"taxonomy":"product_brand","embeddable":true,"href":"https:\/\/kmembalagens.com.br\/index.php\/wp-json\/wp\/v2\/product_brand?post=1658"},{"taxonomy":"product_cat","embeddable":true,"href":"https:\/\/kmembalagens.com.br\/index.php\/wp-json\/wp\/v2\/product_cat?post=1658"},{"taxonomy":"product_tag","embeddable":true,"href":"https:\/\/kmembalagens.com.br\/index.php\/wp-json\/wp\/v2\/product_tag?post=1658"}],"curies":[{"name":"wp","href":"https:\/\/api.w.org\/{rel}","templated":true}]}}