{"id":1595,"date":"2022-02-25T16:50:26","date_gmt":"2022-02-25T19:50:26","guid":{"rendered":"https:\/\/kmembalagens.com.br\/?post_type=product&#038;p=1595"},"modified":"2025-03-16T13:48:55","modified_gmt":"2025-03-16T16:48:55","slug":"canudo-de-papel-bio-branco-sache-c-100-unid-kurma","status":"publish","type":"product","link":"https:\/\/kmembalagens.com.br\/index.php\/produto\/canudo-de-papel-bio-branco-sache-c-100-unid-kurma\/","title":{"rendered":"Canudo de papel bio branco sach\u00ea c\/ 100 unid &#8211; Kurma"},"content":{"rendered":"","protected":false},"excerpt":{"rendered":"<p>Canudo de Papel para Milk Shakes e A\u00e7a\u00ed <\/p>\n<p>O que \u00e9 um produto Biodegrad\u00e1vel?<br \/>\nS\u00e3o produtos com um prop\u00f3sito espec\u00edfico que n\u00e3o causam danos ao meio ambiente.<\/p>\n<p>Os canudinhos de papel Kurma s\u00e3o produzidos no Brasil. O produto e a embalagem s\u00e3o biodegrad\u00e1veis.<\/p>\n<p>&#8211; Ideal para Refrigerantes e Sucos<br \/>\n&#8211; Biodegrad\u00e1vel<br \/>\n&#8211; Embalados um a um<br \/>\n&#8211; Di\u00e2metro 10 mm<br \/>\n&#8211; Comprimento 210 mm<br \/>\n&#8211; Cor Branco<br \/>\n&#8211; Display Inteligente cont\u00e9m 100 unidades<br \/>\n&#8211; Display Inteligente pode ser pendurado em g\u00f4ndolas e transformado em \u201cdispenser\u201d<br \/>\n&#8211; \u00danico 100% biodegrad\u00e1vel, produto e embalagem<br \/>\n&#8211; Todas mat\u00e9rias-primas certificadas de reflorestamento<br \/>\n&#8211; Produzido no Brasil com Mat\u00e9rias-Primas 100% Nacionais<\/p>\n<p>MAT\u00c9RIA PRIMA PAPEL:<br \/>\nO papel se degrada em dias e por isso \u00e9 o melhor para a preserva\u00e7\u00e3o do meio ambiente.<\/p>\n<p>USO ADEQUADO:<br \/>\nSeu canudo deve durar entre 1 e 2 horas sempre que usado adequadamente para sua finalidade.<br \/>\nTudo aquilo que resiste mais que a raz\u00e3o da sua utiliza\u00e7\u00e3o n\u00e3o pode ser considerado biodegrad\u00e1vel.<\/p>\n<p>SOBRE O CANUDO DE PAPEL, LEMBRE-SE QUE ELE:<\/p>\n<p>&#8211; N\u00e3o \u00e9 um mexedor.<br \/>\n&#8211; Foi feito para tomar l\u00edquidos.<br \/>\n&#8211; \u00c9 um produto biodescart\u00e1vel.<br \/>\n&#8211; \u00c9 biodegrad\u00e1vel.<br \/>\n&#8211; N\u00e3o \u00e9 de pl\u00e1stico.<\/p>\n<p>Imagens ilustrativas.<\/p>\n","protected":false},"featured_media":1596,"comment_status":"open","ping_status":"closed","template":"","meta":{"site-sidebar-layout":"default","site-content-layout":"default","ast-site-content-layout":"","site-content-style":"default","site-sidebar-style":"default","ast-global-header-display":"","ast-banner-title-visibility":"","ast-main-header-display":"","ast-hfb-above-header-display":"","ast-hfb-below-header-display":"","ast-hfb-mobile-header-display":"","site-post-title":"","ast-breadcrumbs-content":"","ast-featured-img":"","footer-sml-layout":"","theme-transparent-header-meta":"default","adv-header-id-meta":"","stick-header-meta":"","header-above-stick-meta":"","header-main-stick-meta":"","header-below-stick-meta":"","astra-migrate-meta-layouts":"default","ast-page-background-enabled":"default","ast-page-background-meta":{"desktop":{"background-color":"var(--ast-global-color-4)","background-image":"","background-repeat":"repeat","background-position":"center center","background-size":"auto","background-attachment":"scroll","background-type":"","background-media":"","overlay-type":"","overlay-color":"","overlay-opacity":"","overlay-gradient":""},"tablet":{"background-color":"","background-image":"","background-repeat":"repeat","background-position":"center center","background-size":"auto","background-attachment":"scroll","background-type":"","background-media":"","overlay-type":"","overlay-color":"","overlay-opacity":"","overlay-gradient":""},"mobile":{"background-color":"","background-image":"","background-repeat":"repeat","background-position":"center center","background-size":"auto","background-attachment":"scroll","background-type":"","background-media":"","overlay-type":"","overlay-color":"","overlay-opacity":"","overlay-gradient":""}},"ast-content-background-meta":{"desktop":{"background-color":"var(--ast-global-color-5)","background-image":"","background-repeat":"repeat","background-position":"center center","background-size":"auto","background-attachment":"scroll","background-type":"","background-media":"","overlay-type":"","overlay-color":"","overlay-opacity":"","overlay-gradient":""},"tablet":{"background-color":"var(--ast-global-color-5)","background-image":"","background-repeat":"repeat","background-position":"center center","background-size":"auto","background-attachment":"scroll","background-type":"","background-media":"","overlay-type":"","overlay-color":"","overlay-opacity":"","overlay-gradient":""},"mobile":{"background-color":"var(--ast-global-color-5)","background-image":"","background-repeat":"repeat","background-position":"center center","background-size":"auto","background-attachment":"scroll","background-type":"","background-media":"","overlay-type":"","overlay-color":"","overlay-opacity":"","overlay-gradient":""}}},"product_brand":[],"product_cat":[215],"product_tag":[216,218,217,219,224,221,220,223,222,85],"class_list":{"0":"post-1595","1":"product","2":"type-product","3":"status-publish","4":"has-post-thumbnail","6":"product_cat-canudinhos","7":"product_tag-canudinho","8":"product_tag-canudinhobio","9":"product_tag-canudinhobiodegradavel","10":"product_tag-canudinhosustentavel","11":"product_tag-canudoacai","12":"product_tag-canudobio","13":"product_tag-canudodepapel","14":"product_tag-canudomilkshake","15":"product_tag-canudomilkshkeeacai","16":"product_tag-kmembalagens","17":"desktop-align-left","18":"tablet-align-left","19":"mobile-align-left","21":"first","22":"instock","23":"taxable","24":"shipping-taxable","25":"purchasable","26":"product-type-simple"},"yoast_head":"<!-- This site is optimized with the Yoast SEO plugin v27.2 - https:\/\/yoast.com\/product\/yoast-seo-wordpress\/ -->\n<title>Canudo de papel bio branco sach\u00ea c\/ 100 unid - Kurma - KM Embalagens<\/title>\n<meta name=\"robots\" content=\"index, follow, max-snippet:-1, max-image-preview:large, max-video-preview:-1\" \/>\n<link rel=\"canonical\" href=\"https:\/\/kmembalagens.com.br\/index.php\/produto\/canudo-de-papel-bio-branco-sache-c-100-unid-kurma\/\" \/>\n<meta property=\"og:locale\" content=\"pt_BR\" \/>\n<meta property=\"og:type\" content=\"article\" \/>\n<meta property=\"og:title\" content=\"Canudo de papel bio branco sach\u00ea c\/ 100 unid - Kurma - KM Embalagens\" \/>\n<meta property=\"og:description\" content=\"Canudo de Papel para Milk Shakes e A\u00e7a\u00ed   O que \u00e9 um produto Biodegrad\u00e1vel?  S\u00e3o produtos com um prop\u00f3sito espec\u00edfico que n\u00e3o causam danos ao meio ambiente.  Os canudinhos de papel Kurma s\u00e3o produzidos no Brasil. O produto e a embalagem s\u00e3o biodegrad\u00e1veis.  - Ideal para Refrigerantes e Sucos - Biodegrad\u00e1vel - Embalados um a um  - Di\u00e2metro 10 mm - Comprimento 210 mm - Cor Branco - Display Inteligente cont\u00e9m 100 unidades - Display Inteligente pode ser pendurado em g\u00f4ndolas e transformado em \u201cdispenser\u201d - \u00danico 100% biodegrad\u00e1vel, produto e embalagem - Todas mat\u00e9rias-primas certificadas de reflorestamento  - Produzido no Brasil com Mat\u00e9rias-Primas 100% Nacionais   MAT\u00c9RIA PRIMA PAPEL: O papel se degrada em dias e por isso \u00e9 o melhor para a preserva\u00e7\u00e3o do meio ambiente.  USO ADEQUADO: Seu canudo deve durar entre 1 e 2 horas sempre que usado adequadamente para sua finalidade.  Tudo aquilo que resiste mais que a raz\u00e3o da sua utiliza\u00e7\u00e3o n\u00e3o pode ser considerado biodegrad\u00e1vel.  SOBRE O CANUDO DE PAPEL, LEMBRE-SE QUE ELE:   - N\u00e3o \u00e9 um mexedor. - Foi feito para tomar l\u00edquidos. - \u00c9 um produto biodescart\u00e1vel. - \u00c9 biodegrad\u00e1vel. - N\u00e3o \u00e9 de pl\u00e1stico.  Imagens ilustrativas.\" \/>\n<meta property=\"og:url\" content=\"https:\/\/kmembalagens.com.br\/index.php\/produto\/canudo-de-papel-bio-branco-sache-c-100-unid-kurma\/\" \/>\n<meta property=\"og:site_name\" content=\"KM Embalagens\" \/>\n<meta property=\"article:modified_time\" content=\"2025-03-16T16:48:55+00:00\" \/>\n<meta property=\"og:image\" content=\"https:\/\/kmembalagens.com.br\/wp-content\/uploads\/2022\/02\/CAPA-logo-1.jpg\" \/>\n\t<meta property=\"og:image:width\" content=\"905\" \/>\n\t<meta property=\"og:image:height\" content=\"1280\" \/>\n\t<meta property=\"og:image:type\" content=\"image\/jpeg\" \/>\n<meta name=\"twitter:card\" content=\"summary_large_image\" \/>\n<script type=\"application\/ld+json\" class=\"yoast-schema-graph\">{\"@context\":\"https:\/\/schema.org\",\"@graph\":[{\"@type\":\"WebPage\",\"@id\":\"https:\/\/kmembalagens.com.br\/index.php\/produto\/canudo-de-papel-bio-branco-sache-c-100-unid-kurma\/\",\"url\":\"https:\/\/kmembalagens.com.br\/index.php\/produto\/canudo-de-papel-bio-branco-sache-c-100-unid-kurma\/\",\"name\":\"Canudo de papel bio branco sach\u00ea c\/ 100 unid - Kurma - KM Embalagens\",\"isPartOf\":{\"@id\":\"https:\/\/kmembalagens.com.br\/#website\"},\"primaryImageOfPage\":{\"@id\":\"https:\/\/kmembalagens.com.br\/index.php\/produto\/canudo-de-papel-bio-branco-sache-c-100-unid-kurma\/#primaryimage\"},\"image\":{\"@id\":\"https:\/\/kmembalagens.com.br\/index.php\/produto\/canudo-de-papel-bio-branco-sache-c-100-unid-kurma\/#primaryimage\"},\"thumbnailUrl\":\"https:\/\/kmembalagens.com.br\/wp-content\/uploads\/2022\/02\/CAPA-logo-1.jpg\",\"datePublished\":\"2022-02-25T19:50:26+00:00\",\"dateModified\":\"2025-03-16T16:48:55+00:00\",\"breadcrumb\":{\"@id\":\"https:\/\/kmembalagens.com.br\/index.php\/produto\/canudo-de-papel-bio-branco-sache-c-100-unid-kurma\/#breadcrumb\"},\"inLanguage\":\"pt-BR\",\"potentialAction\":[{\"@type\":\"ReadAction\",\"target\":[\"https:\/\/kmembalagens.com.br\/index.php\/produto\/canudo-de-papel-bio-branco-sache-c-100-unid-kurma\/\"]}]},{\"@type\":\"ImageObject\",\"inLanguage\":\"pt-BR\",\"@id\":\"https:\/\/kmembalagens.com.br\/index.php\/produto\/canudo-de-papel-bio-branco-sache-c-100-unid-kurma\/#primaryimage\",\"url\":\"https:\/\/kmembalagens.com.br\/wp-content\/uploads\/2022\/02\/CAPA-logo-1.jpg\",\"contentUrl\":\"https:\/\/kmembalagens.com.br\/wp-content\/uploads\/2022\/02\/CAPA-logo-1.jpg\",\"width\":905,\"height\":1280},{\"@type\":\"BreadcrumbList\",\"@id\":\"https:\/\/kmembalagens.com.br\/index.php\/produto\/canudo-de-papel-bio-branco-sache-c-100-unid-kurma\/#breadcrumb\",\"itemListElement\":[{\"@type\":\"ListItem\",\"position\":1,\"name\":\"In\u00edcio\",\"item\":\"https:\/\/kmembalagens.com.br\/\"},{\"@type\":\"ListItem\",\"position\":2,\"name\":\"Canudo de papel bio branco sach\u00ea c\/ 100 unid &#8211; Kurma\"}]},{\"@type\":\"WebSite\",\"@id\":\"https:\/\/kmembalagens.com.br\/#website\",\"url\":\"https:\/\/kmembalagens.com.br\/\",\"name\":\"KM Embalagens\",\"description\":\"Tudo que precisa de embalagens\",\"publisher\":{\"@id\":\"https:\/\/kmembalagens.com.br\/#organization\"},\"potentialAction\":[{\"@type\":\"SearchAction\",\"target\":{\"@type\":\"EntryPoint\",\"urlTemplate\":\"https:\/\/kmembalagens.com.br\/?s={search_term_string}\"},\"query-input\":{\"@type\":\"PropertyValueSpecification\",\"valueRequired\":true,\"valueName\":\"search_term_string\"}}],\"inLanguage\":\"pt-BR\"},{\"@type\":\"Organization\",\"@id\":\"https:\/\/kmembalagens.com.br\/#organization\",\"name\":\"KM Embalagens\",\"url\":\"https:\/\/kmembalagens.com.br\/\",\"logo\":{\"@type\":\"ImageObject\",\"inLanguage\":\"pt-BR\",\"@id\":\"https:\/\/kmembalagens.com.br\/#\/schema\/logo\/image\/\",\"url\":\"https:\/\/kmembalagens.com.br\/wp-content\/uploads\/2020\/11\/cropped-cropped-KM-semfundo-2.png\",\"contentUrl\":\"https:\/\/kmembalagens.com.br\/wp-content\/uploads\/2020\/11\/cropped-cropped-KM-semfundo-2.png\",\"width\":1867,\"height\":1202,\"caption\":\"KM Embalagens\"},\"image\":{\"@id\":\"https:\/\/kmembalagens.com.br\/#\/schema\/logo\/image\/\"}}]}<\/script>\n<!-- \/ Yoast SEO plugin. -->","yoast_head_json":{"title":"Canudo de papel bio branco sach\u00ea c\/ 100 unid - Kurma - KM Embalagens","robots":{"index":"index","follow":"follow","max-snippet":"max-snippet:-1","max-image-preview":"max-image-preview:large","max-video-preview":"max-video-preview:-1"},"canonical":"https:\/\/kmembalagens.com.br\/index.php\/produto\/canudo-de-papel-bio-branco-sache-c-100-unid-kurma\/","og_locale":"pt_BR","og_type":"article","og_title":"Canudo de papel bio branco sach\u00ea c\/ 100 unid - Kurma - KM Embalagens","og_description":"Canudo de Papel para Milk Shakes e A\u00e7a\u00ed   O que \u00e9 um produto Biodegrad\u00e1vel?  S\u00e3o produtos com um prop\u00f3sito espec\u00edfico que n\u00e3o causam danos ao meio ambiente.  Os canudinhos de papel Kurma s\u00e3o produzidos no Brasil. O produto e a embalagem s\u00e3o biodegrad\u00e1veis.  - Ideal para Refrigerantes e Sucos - Biodegrad\u00e1vel - Embalados um a um  - Di\u00e2metro 10 mm - Comprimento 210 mm - Cor Branco - Display Inteligente cont\u00e9m 100 unidades - Display Inteligente pode ser pendurado em g\u00f4ndolas e transformado em \u201cdispenser\u201d - \u00danico 100% biodegrad\u00e1vel, produto e embalagem - Todas mat\u00e9rias-primas certificadas de reflorestamento  - Produzido no Brasil com Mat\u00e9rias-Primas 100% Nacionais   MAT\u00c9RIA PRIMA PAPEL: O papel se degrada em dias e por isso \u00e9 o melhor para a preserva\u00e7\u00e3o do meio ambiente.  USO ADEQUADO: Seu canudo deve durar entre 1 e 2 horas sempre que usado adequadamente para sua finalidade.  Tudo aquilo que resiste mais que a raz\u00e3o da sua utiliza\u00e7\u00e3o n\u00e3o pode ser considerado biodegrad\u00e1vel.  SOBRE O CANUDO DE PAPEL, LEMBRE-SE QUE ELE:   - N\u00e3o \u00e9 um mexedor. - Foi feito para tomar l\u00edquidos. - \u00c9 um produto biodescart\u00e1vel. - \u00c9 biodegrad\u00e1vel. - N\u00e3o \u00e9 de pl\u00e1stico.  Imagens ilustrativas.","og_url":"https:\/\/kmembalagens.com.br\/index.php\/produto\/canudo-de-papel-bio-branco-sache-c-100-unid-kurma\/","og_site_name":"KM Embalagens","article_modified_time":"2025-03-16T16:48:55+00:00","og_image":[{"width":905,"height":1280,"url":"https:\/\/kmembalagens.com.br\/wp-content\/uploads\/2022\/02\/CAPA-logo-1.jpg","type":"image\/jpeg"}],"twitter_card":"summary_large_image","schema":{"@context":"https:\/\/schema.org","@graph":[{"@type":"WebPage","@id":"https:\/\/kmembalagens.com.br\/index.php\/produto\/canudo-de-papel-bio-branco-sache-c-100-unid-kurma\/","url":"https:\/\/kmembalagens.com.br\/index.php\/produto\/canudo-de-papel-bio-branco-sache-c-100-unid-kurma\/","name":"Canudo de papel bio branco sach\u00ea c\/ 100 unid - Kurma - KM Embalagens","isPartOf":{"@id":"https:\/\/kmembalagens.com.br\/#website"},"primaryImageOfPage":{"@id":"https:\/\/kmembalagens.com.br\/index.php\/produto\/canudo-de-papel-bio-branco-sache-c-100-unid-kurma\/#primaryimage"},"image":{"@id":"https:\/\/kmembalagens.com.br\/index.php\/produto\/canudo-de-papel-bio-branco-sache-c-100-unid-kurma\/#primaryimage"},"thumbnailUrl":"https:\/\/kmembalagens.com.br\/wp-content\/uploads\/2022\/02\/CAPA-logo-1.jpg","datePublished":"2022-02-25T19:50:26+00:00","dateModified":"2025-03-16T16:48:55+00:00","breadcrumb":{"@id":"https:\/\/kmembalagens.com.br\/index.php\/produto\/canudo-de-papel-bio-branco-sache-c-100-unid-kurma\/#breadcrumb"},"inLanguage":"pt-BR","potentialAction":[{"@type":"ReadAction","target":["https:\/\/kmembalagens.com.br\/index.php\/produto\/canudo-de-papel-bio-branco-sache-c-100-unid-kurma\/"]}]},{"@type":"ImageObject","inLanguage":"pt-BR","@id":"https:\/\/kmembalagens.com.br\/index.php\/produto\/canudo-de-papel-bio-branco-sache-c-100-unid-kurma\/#primaryimage","url":"https:\/\/kmembalagens.com.br\/wp-content\/uploads\/2022\/02\/CAPA-logo-1.jpg","contentUrl":"https:\/\/kmembalagens.com.br\/wp-content\/uploads\/2022\/02\/CAPA-logo-1.jpg","width":905,"height":1280},{"@type":"BreadcrumbList","@id":"https:\/\/kmembalagens.com.br\/index.php\/produto\/canudo-de-papel-bio-branco-sache-c-100-unid-kurma\/#breadcrumb","itemListElement":[{"@type":"ListItem","position":1,"name":"In\u00edcio","item":"https:\/\/kmembalagens.com.br\/"},{"@type":"ListItem","position":2,"name":"Canudo de papel bio branco sach\u00ea c\/ 100 unid &#8211; Kurma"}]},{"@type":"WebSite","@id":"https:\/\/kmembalagens.com.br\/#website","url":"https:\/\/kmembalagens.com.br\/","name":"KM Embalagens","description":"Tudo que precisa de embalagens","publisher":{"@id":"https:\/\/kmembalagens.com.br\/#organization"},"potentialAction":[{"@type":"SearchAction","target":{"@type":"EntryPoint","urlTemplate":"https:\/\/kmembalagens.com.br\/?s={search_term_string}"},"query-input":{"@type":"PropertyValueSpecification","valueRequired":true,"valueName":"search_term_string"}}],"inLanguage":"pt-BR"},{"@type":"Organization","@id":"https:\/\/kmembalagens.com.br\/#organization","name":"KM Embalagens","url":"https:\/\/kmembalagens.com.br\/","logo":{"@type":"ImageObject","inLanguage":"pt-BR","@id":"https:\/\/kmembalagens.com.br\/#\/schema\/logo\/image\/","url":"https:\/\/kmembalagens.com.br\/wp-content\/uploads\/2020\/11\/cropped-cropped-KM-semfundo-2.png","contentUrl":"https:\/\/kmembalagens.com.br\/wp-content\/uploads\/2020\/11\/cropped-cropped-KM-semfundo-2.png","width":1867,"height":1202,"caption":"KM Embalagens"},"image":{"@id":"https:\/\/kmembalagens.com.br\/#\/schema\/logo\/image\/"}}]}},"_links":{"self":[{"href":"https:\/\/kmembalagens.com.br\/index.php\/wp-json\/wp\/v2\/product\/1595","targetHints":{"allow":["GET"]}}],"collection":[{"href":"https:\/\/kmembalagens.com.br\/index.php\/wp-json\/wp\/v2\/product"}],"about":[{"href":"https:\/\/kmembalagens.com.br\/index.php\/wp-json\/wp\/v2\/types\/product"}],"replies":[{"embeddable":true,"href":"https:\/\/kmembalagens.com.br\/index.php\/wp-json\/wp\/v2\/comments?post=1595"}],"wp:featuredmedia":[{"embeddable":true,"href":"https:\/\/kmembalagens.com.br\/index.php\/wp-json\/wp\/v2\/media\/1596"}],"wp:attachment":[{"href":"https:\/\/kmembalagens.com.br\/index.php\/wp-json\/wp\/v2\/media?parent=1595"}],"wp:term":[{"taxonomy":"product_brand","embeddable":true,"href":"https:\/\/kmembalagens.com.br\/index.php\/wp-json\/wp\/v2\/product_brand?post=1595"},{"taxonomy":"product_cat","embeddable":true,"href":"https:\/\/kmembalagens.com.br\/index.php\/wp-json\/wp\/v2\/product_cat?post=1595"},{"taxonomy":"product_tag","embeddable":true,"href":"https:\/\/kmembalagens.com.br\/index.php\/wp-json\/wp\/v2\/product_tag?post=1595"}],"curies":[{"name":"wp","href":"https:\/\/api.w.org\/{rel}","templated":true}]}}