{"id":1484,"date":"2022-01-20T14:45:44","date_gmt":"2022-01-20T17:45:44","guid":{"rendered":"https:\/\/kmembalagens.com.br\/?post_type=product&#038;p=1484"},"modified":"2024-12-11T18:30:15","modified_gmt":"2024-12-11T21:30:15","slug":"pote-redondo-g-307-c-tampa-145-ml-galvanotek-atacado","status":"publish","type":"product","link":"https:\/\/kmembalagens.com.br\/index.php\/produto\/pote-redondo-g-307-c-tampa-145-ml-galvanotek-atacado\/","title":{"rendered":"Pote redondo G-307 c\/ tampa 145 ml &#8211; Galvanotek &#8211; atacado"},"content":{"rendered":"","protected":false},"excerpt":{"rendered":"<p>Pote redondo G-307\/145 &#8211; Galvanotek<\/p>\n<p>Praticidade e resist\u00eancia<\/p>\n<p>Embalagens eficientes que trazem mais praticidade no dia a dia.<\/p>\n<p>O pote pl\u00e1stico redondo com capacidade para 145ml possui excelente qualidade, e \u00e9 ideal para servir,<br \/>\narmazenar ou transportar alimentos diversos como: sorvetes, gelatinas, pudins e geleias.<\/p>\n<p>Pote Redondo com Sobre Tampa<br \/>\nRef.: G 307\/145 SF<br \/>\nMaterial: PP<br \/>\nQtd: caixa 850 unidades (34 pacotes c\/ 25 unidades)<\/p>\n<p>Imagens ilustrativas.<\/p>\n","protected":false},"featured_media":1489,"comment_status":"open","ping_status":"closed","template":"","meta":{"site-sidebar-layout":"default","site-content-layout":"default","ast-site-content-layout":"","site-content-style":"default","site-sidebar-style":"default","ast-global-header-display":"","ast-banner-title-visibility":"","ast-main-header-display":"","ast-hfb-above-header-display":"","ast-hfb-below-header-display":"","ast-hfb-mobile-header-display":"","site-post-title":"","ast-breadcrumbs-content":"","ast-featured-img":"","footer-sml-layout":"","theme-transparent-header-meta":"default","adv-header-id-meta":"","stick-header-meta":"","header-above-stick-meta":"","header-main-stick-meta":"","header-below-stick-meta":"","astra-migrate-meta-layouts":"default","ast-page-background-enabled":"default","ast-page-background-meta":{"desktop":{"background-color":"var(--ast-global-color-4)","background-image":"","background-repeat":"repeat","background-position":"center center","background-size":"auto","background-attachment":"scroll","background-type":"","background-media":"","overlay-type":"","overlay-color":"","overlay-opacity":"","overlay-gradient":""},"tablet":{"background-color":"","background-image":"","background-repeat":"repeat","background-position":"center center","background-size":"auto","background-attachment":"scroll","background-type":"","background-media":"","overlay-type":"","overlay-color":"","overlay-opacity":"","overlay-gradient":""},"mobile":{"background-color":"","background-image":"","background-repeat":"repeat","background-position":"center center","background-size":"auto","background-attachment":"scroll","background-type":"","background-media":"","overlay-type":"","overlay-color":"","overlay-opacity":"","overlay-gradient":""}},"ast-content-background-meta":{"desktop":{"background-color":"var(--ast-global-color-5)","background-image":"","background-repeat":"repeat","background-position":"center center","background-size":"auto","background-attachment":"scroll","background-type":"","background-media":"","overlay-type":"","overlay-color":"","overlay-opacity":"","overlay-gradient":""},"tablet":{"background-color":"var(--ast-global-color-5)","background-image":"","background-repeat":"repeat","background-position":"center center","background-size":"auto","background-attachment":"scroll","background-type":"","background-media":"","overlay-type":"","overlay-color":"","overlay-opacity":"","overlay-gradient":""},"mobile":{"background-color":"var(--ast-global-color-5)","background-image":"","background-repeat":"repeat","background-position":"center center","background-size":"auto","background-attachment":"scroll","background-type":"","background-media":"","overlay-type":"","overlay-color":"","overlay-opacity":"","overlay-gradient":""}}},"product_brand":[],"product_cat":[35],"product_tag":[106,86,100,101,85],"class_list":{"0":"post-1484","1":"product","2":"type-product","3":"status-publish","4":"has-post-thumbnail","6":"product_cat-potes","7":"product_tag-pra-viagem","8":"product_tag-delivery","9":"product_tag-embalagens","10":"product_tag-embalagensdescartaveis","11":"product_tag-kmembalagens","12":"desktop-align-left","13":"tablet-align-left","14":"mobile-align-left","16":"first","17":"instock","18":"taxable","19":"shipping-taxable","20":"purchasable","21":"product-type-simple"},"yoast_head":"<!-- This site is optimized with the Yoast SEO plugin v27.2 - https:\/\/yoast.com\/product\/yoast-seo-wordpress\/ -->\n<title>Pote redondo G-307 c\/ tampa 145 ml - Galvanotek - atacado - KM Embalagens<\/title>\n<meta name=\"robots\" content=\"index, follow, max-snippet:-1, max-image-preview:large, max-video-preview:-1\" \/>\n<link rel=\"canonical\" href=\"https:\/\/kmembalagens.com.br\/index.php\/produto\/pote-redondo-g-307-c-tampa-145-ml-galvanotek-atacado\/\" \/>\n<meta property=\"og:locale\" content=\"pt_BR\" \/>\n<meta property=\"og:type\" content=\"article\" \/>\n<meta property=\"og:title\" content=\"Pote redondo G-307 c\/ tampa 145 ml - Galvanotek - atacado - KM Embalagens\" \/>\n<meta property=\"og:description\" content=\"Pote redondo G-307\/145 - Galvanotek  Praticidade e resist\u00eancia  Embalagens eficientes que trazem mais praticidade no dia a dia.  O pote pl\u00e1stico redondo com capacidade para 145ml possui excelente qualidade, e \u00e9 ideal para servir,  armazenar ou transportar alimentos diversos como: sorvetes, gelatinas, pudins e geleias.   Pote Redondo com Sobre Tampa Ref.: G 307\/145 SF Material: PP Qtd: caixa 850 unidades (34 pacotes c\/ 25 unidades)  Imagens ilustrativas.\" \/>\n<meta property=\"og:url\" content=\"https:\/\/kmembalagens.com.br\/index.php\/produto\/pote-redondo-g-307-c-tampa-145-ml-galvanotek-atacado\/\" \/>\n<meta property=\"og:site_name\" content=\"KM Embalagens\" \/>\n<meta property=\"article:modified_time\" content=\"2024-12-11T21:30:15+00:00\" \/>\n<meta property=\"og:image\" content=\"https:\/\/kmembalagens.com.br\/wp-content\/uploads\/2022\/01\/CAPA-atacado.jpg\" \/>\n\t<meta property=\"og:image:width\" content=\"905\" \/>\n\t<meta property=\"og:image:height\" content=\"1280\" \/>\n\t<meta property=\"og:image:type\" content=\"image\/jpeg\" \/>\n<meta name=\"twitter:card\" content=\"summary_large_image\" \/>\n<script type=\"application\/ld+json\" class=\"yoast-schema-graph\">{\"@context\":\"https:\/\/schema.org\",\"@graph\":[{\"@type\":\"WebPage\",\"@id\":\"https:\/\/kmembalagens.com.br\/index.php\/produto\/pote-redondo-g-307-c-tampa-145-ml-galvanotek-atacado\/\",\"url\":\"https:\/\/kmembalagens.com.br\/index.php\/produto\/pote-redondo-g-307-c-tampa-145-ml-galvanotek-atacado\/\",\"name\":\"Pote redondo G-307 c\/ tampa 145 ml - Galvanotek - atacado - KM Embalagens\",\"isPartOf\":{\"@id\":\"https:\/\/kmembalagens.com.br\/#website\"},\"primaryImageOfPage\":{\"@id\":\"https:\/\/kmembalagens.com.br\/index.php\/produto\/pote-redondo-g-307-c-tampa-145-ml-galvanotek-atacado\/#primaryimage\"},\"image\":{\"@id\":\"https:\/\/kmembalagens.com.br\/index.php\/produto\/pote-redondo-g-307-c-tampa-145-ml-galvanotek-atacado\/#primaryimage\"},\"thumbnailUrl\":\"https:\/\/kmembalagens.com.br\/wp-content\/uploads\/2022\/01\/CAPA-atacado.jpg\",\"datePublished\":\"2022-01-20T17:45:44+00:00\",\"dateModified\":\"2024-12-11T21:30:15+00:00\",\"breadcrumb\":{\"@id\":\"https:\/\/kmembalagens.com.br\/index.php\/produto\/pote-redondo-g-307-c-tampa-145-ml-galvanotek-atacado\/#breadcrumb\"},\"inLanguage\":\"pt-BR\",\"potentialAction\":[{\"@type\":\"ReadAction\",\"target\":[\"https:\/\/kmembalagens.com.br\/index.php\/produto\/pote-redondo-g-307-c-tampa-145-ml-galvanotek-atacado\/\"]}]},{\"@type\":\"ImageObject\",\"inLanguage\":\"pt-BR\",\"@id\":\"https:\/\/kmembalagens.com.br\/index.php\/produto\/pote-redondo-g-307-c-tampa-145-ml-galvanotek-atacado\/#primaryimage\",\"url\":\"https:\/\/kmembalagens.com.br\/wp-content\/uploads\/2022\/01\/CAPA-atacado.jpg\",\"contentUrl\":\"https:\/\/kmembalagens.com.br\/wp-content\/uploads\/2022\/01\/CAPA-atacado.jpg\",\"width\":905,\"height\":1280},{\"@type\":\"BreadcrumbList\",\"@id\":\"https:\/\/kmembalagens.com.br\/index.php\/produto\/pote-redondo-g-307-c-tampa-145-ml-galvanotek-atacado\/#breadcrumb\",\"itemListElement\":[{\"@type\":\"ListItem\",\"position\":1,\"name\":\"In\u00edcio\",\"item\":\"https:\/\/kmembalagens.com.br\/\"},{\"@type\":\"ListItem\",\"position\":2,\"name\":\"Pote redondo G-307 c\/ tampa 145 ml &#8211; Galvanotek &#8211; atacado\"}]},{\"@type\":\"WebSite\",\"@id\":\"https:\/\/kmembalagens.com.br\/#website\",\"url\":\"https:\/\/kmembalagens.com.br\/\",\"name\":\"KM Embalagens\",\"description\":\"Tudo que precisa de embalagens\",\"publisher\":{\"@id\":\"https:\/\/kmembalagens.com.br\/#organization\"},\"potentialAction\":[{\"@type\":\"SearchAction\",\"target\":{\"@type\":\"EntryPoint\",\"urlTemplate\":\"https:\/\/kmembalagens.com.br\/?s={search_term_string}\"},\"query-input\":{\"@type\":\"PropertyValueSpecification\",\"valueRequired\":true,\"valueName\":\"search_term_string\"}}],\"inLanguage\":\"pt-BR\"},{\"@type\":\"Organization\",\"@id\":\"https:\/\/kmembalagens.com.br\/#organization\",\"name\":\"KM Embalagens\",\"url\":\"https:\/\/kmembalagens.com.br\/\",\"logo\":{\"@type\":\"ImageObject\",\"inLanguage\":\"pt-BR\",\"@id\":\"https:\/\/kmembalagens.com.br\/#\/schema\/logo\/image\/\",\"url\":\"https:\/\/kmembalagens.com.br\/wp-content\/uploads\/2020\/11\/cropped-cropped-KM-semfundo-2.png\",\"contentUrl\":\"https:\/\/kmembalagens.com.br\/wp-content\/uploads\/2020\/11\/cropped-cropped-KM-semfundo-2.png\",\"width\":1867,\"height\":1202,\"caption\":\"KM Embalagens\"},\"image\":{\"@id\":\"https:\/\/kmembalagens.com.br\/#\/schema\/logo\/image\/\"}}]}<\/script>\n<!-- \/ Yoast SEO plugin. -->","yoast_head_json":{"title":"Pote redondo G-307 c\/ tampa 145 ml - Galvanotek - atacado - KM Embalagens","robots":{"index":"index","follow":"follow","max-snippet":"max-snippet:-1","max-image-preview":"max-image-preview:large","max-video-preview":"max-video-preview:-1"},"canonical":"https:\/\/kmembalagens.com.br\/index.php\/produto\/pote-redondo-g-307-c-tampa-145-ml-galvanotek-atacado\/","og_locale":"pt_BR","og_type":"article","og_title":"Pote redondo G-307 c\/ tampa 145 ml - Galvanotek - atacado - KM Embalagens","og_description":"Pote redondo G-307\/145 - Galvanotek  Praticidade e resist\u00eancia  Embalagens eficientes que trazem mais praticidade no dia a dia.  O pote pl\u00e1stico redondo com capacidade para 145ml possui excelente qualidade, e \u00e9 ideal para servir,  armazenar ou transportar alimentos diversos como: sorvetes, gelatinas, pudins e geleias.   Pote Redondo com Sobre Tampa Ref.: G 307\/145 SF Material: PP Qtd: caixa 850 unidades (34 pacotes c\/ 25 unidades)  Imagens ilustrativas.","og_url":"https:\/\/kmembalagens.com.br\/index.php\/produto\/pote-redondo-g-307-c-tampa-145-ml-galvanotek-atacado\/","og_site_name":"KM Embalagens","article_modified_time":"2024-12-11T21:30:15+00:00","og_image":[{"width":905,"height":1280,"url":"https:\/\/kmembalagens.com.br\/wp-content\/uploads\/2022\/01\/CAPA-atacado.jpg","type":"image\/jpeg"}],"twitter_card":"summary_large_image","schema":{"@context":"https:\/\/schema.org","@graph":[{"@type":"WebPage","@id":"https:\/\/kmembalagens.com.br\/index.php\/produto\/pote-redondo-g-307-c-tampa-145-ml-galvanotek-atacado\/","url":"https:\/\/kmembalagens.com.br\/index.php\/produto\/pote-redondo-g-307-c-tampa-145-ml-galvanotek-atacado\/","name":"Pote redondo G-307 c\/ tampa 145 ml - Galvanotek - atacado - KM Embalagens","isPartOf":{"@id":"https:\/\/kmembalagens.com.br\/#website"},"primaryImageOfPage":{"@id":"https:\/\/kmembalagens.com.br\/index.php\/produto\/pote-redondo-g-307-c-tampa-145-ml-galvanotek-atacado\/#primaryimage"},"image":{"@id":"https:\/\/kmembalagens.com.br\/index.php\/produto\/pote-redondo-g-307-c-tampa-145-ml-galvanotek-atacado\/#primaryimage"},"thumbnailUrl":"https:\/\/kmembalagens.com.br\/wp-content\/uploads\/2022\/01\/CAPA-atacado.jpg","datePublished":"2022-01-20T17:45:44+00:00","dateModified":"2024-12-11T21:30:15+00:00","breadcrumb":{"@id":"https:\/\/kmembalagens.com.br\/index.php\/produto\/pote-redondo-g-307-c-tampa-145-ml-galvanotek-atacado\/#breadcrumb"},"inLanguage":"pt-BR","potentialAction":[{"@type":"ReadAction","target":["https:\/\/kmembalagens.com.br\/index.php\/produto\/pote-redondo-g-307-c-tampa-145-ml-galvanotek-atacado\/"]}]},{"@type":"ImageObject","inLanguage":"pt-BR","@id":"https:\/\/kmembalagens.com.br\/index.php\/produto\/pote-redondo-g-307-c-tampa-145-ml-galvanotek-atacado\/#primaryimage","url":"https:\/\/kmembalagens.com.br\/wp-content\/uploads\/2022\/01\/CAPA-atacado.jpg","contentUrl":"https:\/\/kmembalagens.com.br\/wp-content\/uploads\/2022\/01\/CAPA-atacado.jpg","width":905,"height":1280},{"@type":"BreadcrumbList","@id":"https:\/\/kmembalagens.com.br\/index.php\/produto\/pote-redondo-g-307-c-tampa-145-ml-galvanotek-atacado\/#breadcrumb","itemListElement":[{"@type":"ListItem","position":1,"name":"In\u00edcio","item":"https:\/\/kmembalagens.com.br\/"},{"@type":"ListItem","position":2,"name":"Pote redondo G-307 c\/ tampa 145 ml &#8211; Galvanotek &#8211; atacado"}]},{"@type":"WebSite","@id":"https:\/\/kmembalagens.com.br\/#website","url":"https:\/\/kmembalagens.com.br\/","name":"KM Embalagens","description":"Tudo que precisa de embalagens","publisher":{"@id":"https:\/\/kmembalagens.com.br\/#organization"},"potentialAction":[{"@type":"SearchAction","target":{"@type":"EntryPoint","urlTemplate":"https:\/\/kmembalagens.com.br\/?s={search_term_string}"},"query-input":{"@type":"PropertyValueSpecification","valueRequired":true,"valueName":"search_term_string"}}],"inLanguage":"pt-BR"},{"@type":"Organization","@id":"https:\/\/kmembalagens.com.br\/#organization","name":"KM Embalagens","url":"https:\/\/kmembalagens.com.br\/","logo":{"@type":"ImageObject","inLanguage":"pt-BR","@id":"https:\/\/kmembalagens.com.br\/#\/schema\/logo\/image\/","url":"https:\/\/kmembalagens.com.br\/wp-content\/uploads\/2020\/11\/cropped-cropped-KM-semfundo-2.png","contentUrl":"https:\/\/kmembalagens.com.br\/wp-content\/uploads\/2020\/11\/cropped-cropped-KM-semfundo-2.png","width":1867,"height":1202,"caption":"KM Embalagens"},"image":{"@id":"https:\/\/kmembalagens.com.br\/#\/schema\/logo\/image\/"}}]}},"_links":{"self":[{"href":"https:\/\/kmembalagens.com.br\/index.php\/wp-json\/wp\/v2\/product\/1484","targetHints":{"allow":["GET"]}}],"collection":[{"href":"https:\/\/kmembalagens.com.br\/index.php\/wp-json\/wp\/v2\/product"}],"about":[{"href":"https:\/\/kmembalagens.com.br\/index.php\/wp-json\/wp\/v2\/types\/product"}],"replies":[{"embeddable":true,"href":"https:\/\/kmembalagens.com.br\/index.php\/wp-json\/wp\/v2\/comments?post=1484"}],"wp:featuredmedia":[{"embeddable":true,"href":"https:\/\/kmembalagens.com.br\/index.php\/wp-json\/wp\/v2\/media\/1489"}],"wp:attachment":[{"href":"https:\/\/kmembalagens.com.br\/index.php\/wp-json\/wp\/v2\/media?parent=1484"}],"wp:term":[{"taxonomy":"product_brand","embeddable":true,"href":"https:\/\/kmembalagens.com.br\/index.php\/wp-json\/wp\/v2\/product_brand?post=1484"},{"taxonomy":"product_cat","embeddable":true,"href":"https:\/\/kmembalagens.com.br\/index.php\/wp-json\/wp\/v2\/product_cat?post=1484"},{"taxonomy":"product_tag","embeddable":true,"href":"https:\/\/kmembalagens.com.br\/index.php\/wp-json\/wp\/v2\/product_tag?post=1484"}],"curies":[{"name":"wp","href":"https:\/\/api.w.org\/{rel}","templated":true}]}}