{"id":1444,"date":"2021-12-09T15:27:06","date_gmt":"2021-12-09T18:27:06","guid":{"rendered":"https:\/\/kmembalagens.com.br\/?post_type=product&#038;p=1444"},"modified":"2026-03-22T08:03:53","modified_gmt":"2026-03-22T11:03:53","slug":"bandeja-aluminio-descartavel-1-150-ml-c-10-unid-wyda","status":"publish","type":"product","link":"https:\/\/kmembalagens.com.br\/index.php\/produto\/bandeja-aluminio-descartavel-1-150-ml-c-10-unid-wyda\/","title":{"rendered":"Bandeja alum\u00ednio descart\u00e1vel 1.150 ml c\/10 unid &#8211; Wyda"},"content":{"rendered":"","protected":false},"excerpt":{"rendered":"<p>Bandeja de alum\u00ednio descart\u00e1vel 1.150 ml &#8211; D05<\/p>\n<p>Embalagens de alum\u00ednio descart\u00e1veis no formato retangular da linha Industrial Wyda.<br \/>\nIdeais para restaurantes e empresas do ramo aliment\u00edcio, para acomodar os alimentos,<br \/>\narmazenar e transportar at\u00e9 o consumidor final.<\/p>\n<p>Capacidade: 1.150 ml<br \/>\nFechamento: manual<br \/>\nTampa: cart\u00e3o aluminizado<br \/>\nDimens\u00f5es: 221 x 175 x 49 mm<br \/>\nQuantidade: 10 unidades<\/p>\n","protected":false},"featured_media":1445,"comment_status":"open","ping_status":"closed","template":"","meta":{"site-sidebar-layout":"default","site-content-layout":"default","ast-site-content-layout":"","site-content-style":"default","site-sidebar-style":"default","ast-global-header-display":"","ast-banner-title-visibility":"","ast-main-header-display":"","ast-hfb-above-header-display":"","ast-hfb-below-header-display":"","ast-hfb-mobile-header-display":"","site-post-title":"","ast-breadcrumbs-content":"","ast-featured-img":"","footer-sml-layout":"","theme-transparent-header-meta":"default","adv-header-id-meta":"","stick-header-meta":"","header-above-stick-meta":"","header-main-stick-meta":"","header-below-stick-meta":"","astra-migrate-meta-layouts":"default","ast-page-background-enabled":"default","ast-page-background-meta":{"desktop":{"background-color":"var(--ast-global-color-4)","background-image":"","background-repeat":"repeat","background-position":"center center","background-size":"auto","background-attachment":"scroll","background-type":"","background-media":"","overlay-type":"","overlay-color":"","overlay-opacity":"","overlay-gradient":""},"tablet":{"background-color":"","background-image":"","background-repeat":"repeat","background-position":"center center","background-size":"auto","background-attachment":"scroll","background-type":"","background-media":"","overlay-type":"","overlay-color":"","overlay-opacity":"","overlay-gradient":""},"mobile":{"background-color":"","background-image":"","background-repeat":"repeat","background-position":"center center","background-size":"auto","background-attachment":"scroll","background-type":"","background-media":"","overlay-type":"","overlay-color":"","overlay-opacity":"","overlay-gradient":""}},"ast-content-background-meta":{"desktop":{"background-color":"var(--ast-global-color-5)","background-image":"","background-repeat":"repeat","background-position":"center center","background-size":"auto","background-attachment":"scroll","background-type":"","background-media":"","overlay-type":"","overlay-color":"","overlay-opacity":"","overlay-gradient":""},"tablet":{"background-color":"var(--ast-global-color-5)","background-image":"","background-repeat":"repeat","background-position":"center center","background-size":"auto","background-attachment":"scroll","background-type":"","background-media":"","overlay-type":"","overlay-color":"","overlay-opacity":"","overlay-gradient":""},"mobile":{"background-color":"var(--ast-global-color-5)","background-image":"","background-repeat":"repeat","background-position":"center center","background-size":"auto","background-attachment":"scroll","background-type":"","background-media":"","overlay-type":"","overlay-color":"","overlay-opacity":"","overlay-gradient":""}}},"product_brand":[],"product_cat":[22],"product_tag":[165,109,86,100,101,85,87,66,102],"class_list":{"0":"post-1444","1":"product","2":"type-product","3":"status-publish","4":"has-post-thumbnail","6":"product_cat-bandejas","7":"product_tag-embalagemalimento","8":"product_tag-ifood","9":"product_tag-delivery","10":"product_tag-embalagens","11":"product_tag-embalagensdescartaveis","12":"product_tag-kmembalagens","13":"product_tag-praviagem","14":"product_tag-restaurante","15":"product_tag-rotisserie","16":"desktop-align-left","17":"tablet-align-left","18":"mobile-align-left","20":"first","21":"instock","22":"taxable","23":"shipping-taxable","24":"purchasable","25":"product-type-simple"},"yoast_head":"<!-- This site is optimized with the Yoast SEO plugin v27.2 - https:\/\/yoast.com\/product\/yoast-seo-wordpress\/ -->\n<title>Bandeja alum\u00ednio descart\u00e1vel 1.150 ml c\/10 unid - Wyda - KM Embalagens<\/title>\n<meta name=\"robots\" content=\"index, follow, max-snippet:-1, max-image-preview:large, max-video-preview:-1\" \/>\n<link rel=\"canonical\" href=\"https:\/\/kmembalagens.com.br\/index.php\/produto\/bandeja-aluminio-descartavel-1-150-ml-c-10-unid-wyda\/\" \/>\n<meta property=\"og:locale\" content=\"pt_BR\" \/>\n<meta property=\"og:type\" content=\"article\" \/>\n<meta property=\"og:title\" content=\"Bandeja alum\u00ednio descart\u00e1vel 1.150 ml c\/10 unid - Wyda - KM Embalagens\" \/>\n<meta property=\"og:description\" content=\"Bandeja de alum\u00ednio descart\u00e1vel 1.150 ml - D05  Embalagens de alum\u00ednio descart\u00e1veis no formato retangular da linha Industrial Wyda.  Ideais para restaurantes e empresas do ramo aliment\u00edcio, para acomodar os alimentos,  armazenar e transportar at\u00e9 o consumidor final.  Capacidade: 1.150 ml Fechamento: manual Tampa: cart\u00e3o aluminizado Dimens\u00f5es: 221 x 175 x 49 mm Quantidade: 10 unidades\" \/>\n<meta property=\"og:url\" content=\"https:\/\/kmembalagens.com.br\/index.php\/produto\/bandeja-aluminio-descartavel-1-150-ml-c-10-unid-wyda\/\" \/>\n<meta property=\"og:site_name\" content=\"KM Embalagens\" \/>\n<meta property=\"article:modified_time\" content=\"2026-03-22T11:03:53+00:00\" \/>\n<meta property=\"og:image\" content=\"https:\/\/kmembalagens.com.br\/wp-content\/uploads\/2021\/12\/CAPA-pacote-1.jpg\" \/>\n\t<meta property=\"og:image:width\" content=\"905\" \/>\n\t<meta property=\"og:image:height\" content=\"1280\" \/>\n\t<meta property=\"og:image:type\" content=\"image\/jpeg\" \/>\n<meta name=\"twitter:card\" content=\"summary_large_image\" \/>\n<script type=\"application\/ld+json\" class=\"yoast-schema-graph\">{\"@context\":\"https:\/\/schema.org\",\"@graph\":[{\"@type\":\"WebPage\",\"@id\":\"https:\/\/kmembalagens.com.br\/index.php\/produto\/bandeja-aluminio-descartavel-1-150-ml-c-10-unid-wyda\/\",\"url\":\"https:\/\/kmembalagens.com.br\/index.php\/produto\/bandeja-aluminio-descartavel-1-150-ml-c-10-unid-wyda\/\",\"name\":\"Bandeja alum\u00ednio descart\u00e1vel 1.150 ml c\/10 unid - Wyda - KM Embalagens\",\"isPartOf\":{\"@id\":\"https:\/\/kmembalagens.com.br\/#website\"},\"primaryImageOfPage\":{\"@id\":\"https:\/\/kmembalagens.com.br\/index.php\/produto\/bandeja-aluminio-descartavel-1-150-ml-c-10-unid-wyda\/#primaryimage\"},\"image\":{\"@id\":\"https:\/\/kmembalagens.com.br\/index.php\/produto\/bandeja-aluminio-descartavel-1-150-ml-c-10-unid-wyda\/#primaryimage\"},\"thumbnailUrl\":\"https:\/\/kmembalagens.com.br\/wp-content\/uploads\/2021\/12\/CAPA-pacote-1.jpg\",\"datePublished\":\"2021-12-09T18:27:06+00:00\",\"dateModified\":\"2026-03-22T11:03:53+00:00\",\"breadcrumb\":{\"@id\":\"https:\/\/kmembalagens.com.br\/index.php\/produto\/bandeja-aluminio-descartavel-1-150-ml-c-10-unid-wyda\/#breadcrumb\"},\"inLanguage\":\"pt-BR\",\"potentialAction\":[{\"@type\":\"ReadAction\",\"target\":[\"https:\/\/kmembalagens.com.br\/index.php\/produto\/bandeja-aluminio-descartavel-1-150-ml-c-10-unid-wyda\/\"]}]},{\"@type\":\"ImageObject\",\"inLanguage\":\"pt-BR\",\"@id\":\"https:\/\/kmembalagens.com.br\/index.php\/produto\/bandeja-aluminio-descartavel-1-150-ml-c-10-unid-wyda\/#primaryimage\",\"url\":\"https:\/\/kmembalagens.com.br\/wp-content\/uploads\/2021\/12\/CAPA-pacote-1.jpg\",\"contentUrl\":\"https:\/\/kmembalagens.com.br\/wp-content\/uploads\/2021\/12\/CAPA-pacote-1.jpg\",\"width\":905,\"height\":1280},{\"@type\":\"BreadcrumbList\",\"@id\":\"https:\/\/kmembalagens.com.br\/index.php\/produto\/bandeja-aluminio-descartavel-1-150-ml-c-10-unid-wyda\/#breadcrumb\",\"itemListElement\":[{\"@type\":\"ListItem\",\"position\":1,\"name\":\"In\u00edcio\",\"item\":\"https:\/\/kmembalagens.com.br\/\"},{\"@type\":\"ListItem\",\"position\":2,\"name\":\"Bandeja alum\u00ednio descart\u00e1vel 1.150 ml c\/10 unid &#8211; Wyda\"}]},{\"@type\":\"WebSite\",\"@id\":\"https:\/\/kmembalagens.com.br\/#website\",\"url\":\"https:\/\/kmembalagens.com.br\/\",\"name\":\"KM Embalagens\",\"description\":\"Tudo que precisa de embalagens\",\"publisher\":{\"@id\":\"https:\/\/kmembalagens.com.br\/#organization\"},\"potentialAction\":[{\"@type\":\"SearchAction\",\"target\":{\"@type\":\"EntryPoint\",\"urlTemplate\":\"https:\/\/kmembalagens.com.br\/?s={search_term_string}\"},\"query-input\":{\"@type\":\"PropertyValueSpecification\",\"valueRequired\":true,\"valueName\":\"search_term_string\"}}],\"inLanguage\":\"pt-BR\"},{\"@type\":\"Organization\",\"@id\":\"https:\/\/kmembalagens.com.br\/#organization\",\"name\":\"KM Embalagens\",\"url\":\"https:\/\/kmembalagens.com.br\/\",\"logo\":{\"@type\":\"ImageObject\",\"inLanguage\":\"pt-BR\",\"@id\":\"https:\/\/kmembalagens.com.br\/#\/schema\/logo\/image\/\",\"url\":\"https:\/\/kmembalagens.com.br\/wp-content\/uploads\/2020\/11\/cropped-cropped-KM-semfundo-2.png\",\"contentUrl\":\"https:\/\/kmembalagens.com.br\/wp-content\/uploads\/2020\/11\/cropped-cropped-KM-semfundo-2.png\",\"width\":1867,\"height\":1202,\"caption\":\"KM Embalagens\"},\"image\":{\"@id\":\"https:\/\/kmembalagens.com.br\/#\/schema\/logo\/image\/\"}}]}<\/script>\n<!-- \/ Yoast SEO plugin. -->","yoast_head_json":{"title":"Bandeja alum\u00ednio descart\u00e1vel 1.150 ml c\/10 unid - Wyda - KM Embalagens","robots":{"index":"index","follow":"follow","max-snippet":"max-snippet:-1","max-image-preview":"max-image-preview:large","max-video-preview":"max-video-preview:-1"},"canonical":"https:\/\/kmembalagens.com.br\/index.php\/produto\/bandeja-aluminio-descartavel-1-150-ml-c-10-unid-wyda\/","og_locale":"pt_BR","og_type":"article","og_title":"Bandeja alum\u00ednio descart\u00e1vel 1.150 ml c\/10 unid - Wyda - KM Embalagens","og_description":"Bandeja de alum\u00ednio descart\u00e1vel 1.150 ml - D05  Embalagens de alum\u00ednio descart\u00e1veis no formato retangular da linha Industrial Wyda.  Ideais para restaurantes e empresas do ramo aliment\u00edcio, para acomodar os alimentos,  armazenar e transportar at\u00e9 o consumidor final.  Capacidade: 1.150 ml Fechamento: manual Tampa: cart\u00e3o aluminizado Dimens\u00f5es: 221 x 175 x 49 mm Quantidade: 10 unidades","og_url":"https:\/\/kmembalagens.com.br\/index.php\/produto\/bandeja-aluminio-descartavel-1-150-ml-c-10-unid-wyda\/","og_site_name":"KM Embalagens","article_modified_time":"2026-03-22T11:03:53+00:00","og_image":[{"width":905,"height":1280,"url":"https:\/\/kmembalagens.com.br\/wp-content\/uploads\/2021\/12\/CAPA-pacote-1.jpg","type":"image\/jpeg"}],"twitter_card":"summary_large_image","schema":{"@context":"https:\/\/schema.org","@graph":[{"@type":"WebPage","@id":"https:\/\/kmembalagens.com.br\/index.php\/produto\/bandeja-aluminio-descartavel-1-150-ml-c-10-unid-wyda\/","url":"https:\/\/kmembalagens.com.br\/index.php\/produto\/bandeja-aluminio-descartavel-1-150-ml-c-10-unid-wyda\/","name":"Bandeja alum\u00ednio descart\u00e1vel 1.150 ml c\/10 unid - Wyda - KM Embalagens","isPartOf":{"@id":"https:\/\/kmembalagens.com.br\/#website"},"primaryImageOfPage":{"@id":"https:\/\/kmembalagens.com.br\/index.php\/produto\/bandeja-aluminio-descartavel-1-150-ml-c-10-unid-wyda\/#primaryimage"},"image":{"@id":"https:\/\/kmembalagens.com.br\/index.php\/produto\/bandeja-aluminio-descartavel-1-150-ml-c-10-unid-wyda\/#primaryimage"},"thumbnailUrl":"https:\/\/kmembalagens.com.br\/wp-content\/uploads\/2021\/12\/CAPA-pacote-1.jpg","datePublished":"2021-12-09T18:27:06+00:00","dateModified":"2026-03-22T11:03:53+00:00","breadcrumb":{"@id":"https:\/\/kmembalagens.com.br\/index.php\/produto\/bandeja-aluminio-descartavel-1-150-ml-c-10-unid-wyda\/#breadcrumb"},"inLanguage":"pt-BR","potentialAction":[{"@type":"ReadAction","target":["https:\/\/kmembalagens.com.br\/index.php\/produto\/bandeja-aluminio-descartavel-1-150-ml-c-10-unid-wyda\/"]}]},{"@type":"ImageObject","inLanguage":"pt-BR","@id":"https:\/\/kmembalagens.com.br\/index.php\/produto\/bandeja-aluminio-descartavel-1-150-ml-c-10-unid-wyda\/#primaryimage","url":"https:\/\/kmembalagens.com.br\/wp-content\/uploads\/2021\/12\/CAPA-pacote-1.jpg","contentUrl":"https:\/\/kmembalagens.com.br\/wp-content\/uploads\/2021\/12\/CAPA-pacote-1.jpg","width":905,"height":1280},{"@type":"BreadcrumbList","@id":"https:\/\/kmembalagens.com.br\/index.php\/produto\/bandeja-aluminio-descartavel-1-150-ml-c-10-unid-wyda\/#breadcrumb","itemListElement":[{"@type":"ListItem","position":1,"name":"In\u00edcio","item":"https:\/\/kmembalagens.com.br\/"},{"@type":"ListItem","position":2,"name":"Bandeja alum\u00ednio descart\u00e1vel 1.150 ml c\/10 unid &#8211; Wyda"}]},{"@type":"WebSite","@id":"https:\/\/kmembalagens.com.br\/#website","url":"https:\/\/kmembalagens.com.br\/","name":"KM Embalagens","description":"Tudo que precisa de embalagens","publisher":{"@id":"https:\/\/kmembalagens.com.br\/#organization"},"potentialAction":[{"@type":"SearchAction","target":{"@type":"EntryPoint","urlTemplate":"https:\/\/kmembalagens.com.br\/?s={search_term_string}"},"query-input":{"@type":"PropertyValueSpecification","valueRequired":true,"valueName":"search_term_string"}}],"inLanguage":"pt-BR"},{"@type":"Organization","@id":"https:\/\/kmembalagens.com.br\/#organization","name":"KM Embalagens","url":"https:\/\/kmembalagens.com.br\/","logo":{"@type":"ImageObject","inLanguage":"pt-BR","@id":"https:\/\/kmembalagens.com.br\/#\/schema\/logo\/image\/","url":"https:\/\/kmembalagens.com.br\/wp-content\/uploads\/2020\/11\/cropped-cropped-KM-semfundo-2.png","contentUrl":"https:\/\/kmembalagens.com.br\/wp-content\/uploads\/2020\/11\/cropped-cropped-KM-semfundo-2.png","width":1867,"height":1202,"caption":"KM Embalagens"},"image":{"@id":"https:\/\/kmembalagens.com.br\/#\/schema\/logo\/image\/"}}]}},"_links":{"self":[{"href":"https:\/\/kmembalagens.com.br\/index.php\/wp-json\/wp\/v2\/product\/1444","targetHints":{"allow":["GET"]}}],"collection":[{"href":"https:\/\/kmembalagens.com.br\/index.php\/wp-json\/wp\/v2\/product"}],"about":[{"href":"https:\/\/kmembalagens.com.br\/index.php\/wp-json\/wp\/v2\/types\/product"}],"replies":[{"embeddable":true,"href":"https:\/\/kmembalagens.com.br\/index.php\/wp-json\/wp\/v2\/comments?post=1444"}],"wp:featuredmedia":[{"embeddable":true,"href":"https:\/\/kmembalagens.com.br\/index.php\/wp-json\/wp\/v2\/media\/1445"}],"wp:attachment":[{"href":"https:\/\/kmembalagens.com.br\/index.php\/wp-json\/wp\/v2\/media?parent=1444"}],"wp:term":[{"taxonomy":"product_brand","embeddable":true,"href":"https:\/\/kmembalagens.com.br\/index.php\/wp-json\/wp\/v2\/product_brand?post=1444"},{"taxonomy":"product_cat","embeddable":true,"href":"https:\/\/kmembalagens.com.br\/index.php\/wp-json\/wp\/v2\/product_cat?post=1444"},{"taxonomy":"product_tag","embeddable":true,"href":"https:\/\/kmembalagens.com.br\/index.php\/wp-json\/wp\/v2\/product_tag?post=1444"}],"curies":[{"name":"wp","href":"https:\/\/api.w.org\/{rel}","templated":true}]}}