{"id":1145,"date":"2021-10-04T15:25:06","date_gmt":"2021-10-04T18:25:06","guid":{"rendered":"https:\/\/kmembalagens.com.br\/?post_type=product&#038;p=1145"},"modified":"2025-04-11T02:02:37","modified_gmt":"2025-04-11T05:02:37","slug":"saco-termico-metal-espetinho-rip-c-100-unid","status":"publish","type":"product","link":"https:\/\/kmembalagens.com.br\/index.php\/produto\/saco-termico-metal-espetinho-rip-c-100-unid\/","title":{"rendered":"Saco t\u00e9rmico metal espetinho RIP c\/100 unid."},"content":{"rendered":"","protected":false},"excerpt":{"rendered":"<p>Saco t\u00e9rmico para espetinho\/churrasco<\/p>\n<p>Pr\u00e1tica e econ\u00f4mica, oferece condi\u00e7\u00f5es adequadas de higiene e transporte mantendo o alimento<br \/>\naquecido por mais tempo.<\/p>\n<p>Benef\u00edcios:<br \/>\n&#8211; Pr\u00e1tica: aba com pel\u00edcula adesiva<br \/>\n&#8211; Higi\u00eanica: material pr\u00f3prio para alimentos<br \/>\n&#8211; Moderna e bonita: agrega valor ao seu produto <\/p>\n<p>Medida da unidade: 35&#215;13 cm<\/p>\n","protected":false},"featured_media":1146,"comment_status":"open","ping_status":"closed","template":"","meta":{"site-sidebar-layout":"default","site-content-layout":"default","ast-site-content-layout":"","site-content-style":"default","site-sidebar-style":"default","ast-global-header-display":"","ast-banner-title-visibility":"","ast-main-header-display":"","ast-hfb-above-header-display":"","ast-hfb-below-header-display":"","ast-hfb-mobile-header-display":"","site-post-title":"","ast-breadcrumbs-content":"","ast-featured-img":"","footer-sml-layout":"","theme-transparent-header-meta":"default","adv-header-id-meta":"","stick-header-meta":"","header-above-stick-meta":"","header-main-stick-meta":"","header-below-stick-meta":"","astra-migrate-meta-layouts":"default","ast-page-background-enabled":"default","ast-page-background-meta":{"desktop":{"background-color":"var(--ast-global-color-4)","background-image":"","background-repeat":"repeat","background-position":"center center","background-size":"auto","background-attachment":"scroll","background-type":"","background-media":"","overlay-type":"","overlay-color":"","overlay-opacity":"","overlay-gradient":""},"tablet":{"background-color":"","background-image":"","background-repeat":"repeat","background-position":"center center","background-size":"auto","background-attachment":"scroll","background-type":"","background-media":"","overlay-type":"","overlay-color":"","overlay-opacity":"","overlay-gradient":""},"mobile":{"background-color":"","background-image":"","background-repeat":"repeat","background-position":"center center","background-size":"auto","background-attachment":"scroll","background-type":"","background-media":"","overlay-type":"","overlay-color":"","overlay-opacity":"","overlay-gradient":""}},"ast-content-background-meta":{"desktop":{"background-color":"var(--ast-global-color-5)","background-image":"","background-repeat":"repeat","background-position":"center center","background-size":"auto","background-attachment":"scroll","background-type":"","background-media":"","overlay-type":"","overlay-color":"","overlay-opacity":"","overlay-gradient":""},"tablet":{"background-color":"var(--ast-global-color-5)","background-image":"","background-repeat":"repeat","background-position":"center center","background-size":"auto","background-attachment":"scroll","background-type":"","background-media":"","overlay-type":"","overlay-color":"","overlay-opacity":"","overlay-gradient":""},"mobile":{"background-color":"var(--ast-global-color-5)","background-image":"","background-repeat":"repeat","background-position":"center center","background-size":"auto","background-attachment":"scroll","background-type":"","background-media":"","overlay-type":"","overlay-color":"","overlay-opacity":"","overlay-gradient":""}}},"product_brand":[],"product_cat":[131],"product_tag":[132,133,109,111,112,106,86,100,85],"class_list":{"0":"post-1145","1":"product","2":"type-product","3":"status-publish","4":"has-post-thumbnail","6":"product_cat-saco-termico","7":"product_tag-churrasco","8":"product_tag-espetinho","9":"product_tag-ifood","10":"product_tag-lanchonete","11":"product_tag-padaria","12":"product_tag-pra-viagem","13":"product_tag-delivery","14":"product_tag-embalagens","15":"product_tag-kmembalagens","16":"desktop-align-left","17":"tablet-align-left","18":"mobile-align-left","20":"first","21":"instock","22":"taxable","23":"shipping-taxable","24":"purchasable","25":"product-type-simple"},"yoast_head":"<!-- This site is optimized with the Yoast SEO plugin v27.2 - https:\/\/yoast.com\/product\/yoast-seo-wordpress\/ -->\n<title>Saco t\u00e9rmico metal espetinho RIP c\/100 unid. - KM Embalagens<\/title>\n<meta name=\"robots\" content=\"index, follow, max-snippet:-1, max-image-preview:large, max-video-preview:-1\" \/>\n<link rel=\"canonical\" href=\"https:\/\/kmembalagens.com.br\/index.php\/produto\/saco-termico-metal-espetinho-rip-c-100-unid\/\" \/>\n<meta property=\"og:locale\" content=\"pt_BR\" \/>\n<meta property=\"og:type\" content=\"article\" \/>\n<meta property=\"og:title\" content=\"Saco t\u00e9rmico metal espetinho RIP c\/100 unid. - KM Embalagens\" \/>\n<meta property=\"og:description\" content=\"Saco t\u00e9rmico para espetinho\/churrasco  Pr\u00e1tica e econ\u00f4mica, oferece condi\u00e7\u00f5es adequadas de higiene e transporte mantendo o alimento  aquecido por mais tempo.  Benef\u00edcios: - Pr\u00e1tica: aba com pel\u00edcula adesiva - Higi\u00eanica: material pr\u00f3prio para alimentos - Moderna e bonita: agrega valor ao seu produto   Medida da unidade: 35x13 cm\" \/>\n<meta property=\"og:url\" content=\"https:\/\/kmembalagens.com.br\/index.php\/produto\/saco-termico-metal-espetinho-rip-c-100-unid\/\" \/>\n<meta property=\"og:site_name\" content=\"KM Embalagens\" \/>\n<meta property=\"article:modified_time\" content=\"2025-04-11T05:02:37+00:00\" \/>\n<meta property=\"og:image\" content=\"https:\/\/kmembalagens.com.br\/wp-content\/uploads\/2021\/10\/CAPA-logo-1.jpg\" \/>\n\t<meta property=\"og:image:width\" content=\"1280\" \/>\n\t<meta property=\"og:image:height\" content=\"905\" \/>\n\t<meta property=\"og:image:type\" content=\"image\/jpeg\" \/>\n<meta name=\"twitter:card\" content=\"summary_large_image\" \/>\n<script type=\"application\/ld+json\" class=\"yoast-schema-graph\">{\"@context\":\"https:\/\/schema.org\",\"@graph\":[{\"@type\":\"WebPage\",\"@id\":\"https:\/\/kmembalagens.com.br\/index.php\/produto\/saco-termico-metal-espetinho-rip-c-100-unid\/\",\"url\":\"https:\/\/kmembalagens.com.br\/index.php\/produto\/saco-termico-metal-espetinho-rip-c-100-unid\/\",\"name\":\"Saco t\u00e9rmico metal espetinho RIP c\/100 unid. - KM Embalagens\",\"isPartOf\":{\"@id\":\"https:\/\/kmembalagens.com.br\/#website\"},\"primaryImageOfPage\":{\"@id\":\"https:\/\/kmembalagens.com.br\/index.php\/produto\/saco-termico-metal-espetinho-rip-c-100-unid\/#primaryimage\"},\"image\":{\"@id\":\"https:\/\/kmembalagens.com.br\/index.php\/produto\/saco-termico-metal-espetinho-rip-c-100-unid\/#primaryimage\"},\"thumbnailUrl\":\"https:\/\/kmembalagens.com.br\/wp-content\/uploads\/2021\/10\/CAPA-logo-1.jpg\",\"datePublished\":\"2021-10-04T18:25:06+00:00\",\"dateModified\":\"2025-04-11T05:02:37+00:00\",\"breadcrumb\":{\"@id\":\"https:\/\/kmembalagens.com.br\/index.php\/produto\/saco-termico-metal-espetinho-rip-c-100-unid\/#breadcrumb\"},\"inLanguage\":\"pt-BR\",\"potentialAction\":[{\"@type\":\"ReadAction\",\"target\":[\"https:\/\/kmembalagens.com.br\/index.php\/produto\/saco-termico-metal-espetinho-rip-c-100-unid\/\"]}]},{\"@type\":\"ImageObject\",\"inLanguage\":\"pt-BR\",\"@id\":\"https:\/\/kmembalagens.com.br\/index.php\/produto\/saco-termico-metal-espetinho-rip-c-100-unid\/#primaryimage\",\"url\":\"https:\/\/kmembalagens.com.br\/wp-content\/uploads\/2021\/10\/CAPA-logo-1.jpg\",\"contentUrl\":\"https:\/\/kmembalagens.com.br\/wp-content\/uploads\/2021\/10\/CAPA-logo-1.jpg\",\"width\":1280,\"height\":905},{\"@type\":\"BreadcrumbList\",\"@id\":\"https:\/\/kmembalagens.com.br\/index.php\/produto\/saco-termico-metal-espetinho-rip-c-100-unid\/#breadcrumb\",\"itemListElement\":[{\"@type\":\"ListItem\",\"position\":1,\"name\":\"In\u00edcio\",\"item\":\"https:\/\/kmembalagens.com.br\/\"},{\"@type\":\"ListItem\",\"position\":2,\"name\":\"Saco t\u00e9rmico metal espetinho RIP c\/100 unid.\"}]},{\"@type\":\"WebSite\",\"@id\":\"https:\/\/kmembalagens.com.br\/#website\",\"url\":\"https:\/\/kmembalagens.com.br\/\",\"name\":\"KM Embalagens\",\"description\":\"Tudo que precisa de embalagens\",\"publisher\":{\"@id\":\"https:\/\/kmembalagens.com.br\/#organization\"},\"potentialAction\":[{\"@type\":\"SearchAction\",\"target\":{\"@type\":\"EntryPoint\",\"urlTemplate\":\"https:\/\/kmembalagens.com.br\/?s={search_term_string}\"},\"query-input\":{\"@type\":\"PropertyValueSpecification\",\"valueRequired\":true,\"valueName\":\"search_term_string\"}}],\"inLanguage\":\"pt-BR\"},{\"@type\":\"Organization\",\"@id\":\"https:\/\/kmembalagens.com.br\/#organization\",\"name\":\"KM Embalagens\",\"url\":\"https:\/\/kmembalagens.com.br\/\",\"logo\":{\"@type\":\"ImageObject\",\"inLanguage\":\"pt-BR\",\"@id\":\"https:\/\/kmembalagens.com.br\/#\/schema\/logo\/image\/\",\"url\":\"https:\/\/kmembalagens.com.br\/wp-content\/uploads\/2020\/11\/cropped-cropped-KM-semfundo-2.png\",\"contentUrl\":\"https:\/\/kmembalagens.com.br\/wp-content\/uploads\/2020\/11\/cropped-cropped-KM-semfundo-2.png\",\"width\":1867,\"height\":1202,\"caption\":\"KM Embalagens\"},\"image\":{\"@id\":\"https:\/\/kmembalagens.com.br\/#\/schema\/logo\/image\/\"}}]}<\/script>\n<!-- \/ Yoast SEO plugin. -->","yoast_head_json":{"title":"Saco t\u00e9rmico metal espetinho RIP c\/100 unid. - KM Embalagens","robots":{"index":"index","follow":"follow","max-snippet":"max-snippet:-1","max-image-preview":"max-image-preview:large","max-video-preview":"max-video-preview:-1"},"canonical":"https:\/\/kmembalagens.com.br\/index.php\/produto\/saco-termico-metal-espetinho-rip-c-100-unid\/","og_locale":"pt_BR","og_type":"article","og_title":"Saco t\u00e9rmico metal espetinho RIP c\/100 unid. - KM Embalagens","og_description":"Saco t\u00e9rmico para espetinho\/churrasco  Pr\u00e1tica e econ\u00f4mica, oferece condi\u00e7\u00f5es adequadas de higiene e transporte mantendo o alimento  aquecido por mais tempo.  Benef\u00edcios: - Pr\u00e1tica: aba com pel\u00edcula adesiva - Higi\u00eanica: material pr\u00f3prio para alimentos - Moderna e bonita: agrega valor ao seu produto   Medida da unidade: 35x13 cm","og_url":"https:\/\/kmembalagens.com.br\/index.php\/produto\/saco-termico-metal-espetinho-rip-c-100-unid\/","og_site_name":"KM Embalagens","article_modified_time":"2025-04-11T05:02:37+00:00","og_image":[{"width":1280,"height":905,"url":"https:\/\/kmembalagens.com.br\/wp-content\/uploads\/2021\/10\/CAPA-logo-1.jpg","type":"image\/jpeg"}],"twitter_card":"summary_large_image","schema":{"@context":"https:\/\/schema.org","@graph":[{"@type":"WebPage","@id":"https:\/\/kmembalagens.com.br\/index.php\/produto\/saco-termico-metal-espetinho-rip-c-100-unid\/","url":"https:\/\/kmembalagens.com.br\/index.php\/produto\/saco-termico-metal-espetinho-rip-c-100-unid\/","name":"Saco t\u00e9rmico metal espetinho RIP c\/100 unid. - KM Embalagens","isPartOf":{"@id":"https:\/\/kmembalagens.com.br\/#website"},"primaryImageOfPage":{"@id":"https:\/\/kmembalagens.com.br\/index.php\/produto\/saco-termico-metal-espetinho-rip-c-100-unid\/#primaryimage"},"image":{"@id":"https:\/\/kmembalagens.com.br\/index.php\/produto\/saco-termico-metal-espetinho-rip-c-100-unid\/#primaryimage"},"thumbnailUrl":"https:\/\/kmembalagens.com.br\/wp-content\/uploads\/2021\/10\/CAPA-logo-1.jpg","datePublished":"2021-10-04T18:25:06+00:00","dateModified":"2025-04-11T05:02:37+00:00","breadcrumb":{"@id":"https:\/\/kmembalagens.com.br\/index.php\/produto\/saco-termico-metal-espetinho-rip-c-100-unid\/#breadcrumb"},"inLanguage":"pt-BR","potentialAction":[{"@type":"ReadAction","target":["https:\/\/kmembalagens.com.br\/index.php\/produto\/saco-termico-metal-espetinho-rip-c-100-unid\/"]}]},{"@type":"ImageObject","inLanguage":"pt-BR","@id":"https:\/\/kmembalagens.com.br\/index.php\/produto\/saco-termico-metal-espetinho-rip-c-100-unid\/#primaryimage","url":"https:\/\/kmembalagens.com.br\/wp-content\/uploads\/2021\/10\/CAPA-logo-1.jpg","contentUrl":"https:\/\/kmembalagens.com.br\/wp-content\/uploads\/2021\/10\/CAPA-logo-1.jpg","width":1280,"height":905},{"@type":"BreadcrumbList","@id":"https:\/\/kmembalagens.com.br\/index.php\/produto\/saco-termico-metal-espetinho-rip-c-100-unid\/#breadcrumb","itemListElement":[{"@type":"ListItem","position":1,"name":"In\u00edcio","item":"https:\/\/kmembalagens.com.br\/"},{"@type":"ListItem","position":2,"name":"Saco t\u00e9rmico metal espetinho RIP c\/100 unid."}]},{"@type":"WebSite","@id":"https:\/\/kmembalagens.com.br\/#website","url":"https:\/\/kmembalagens.com.br\/","name":"KM Embalagens","description":"Tudo que precisa de embalagens","publisher":{"@id":"https:\/\/kmembalagens.com.br\/#organization"},"potentialAction":[{"@type":"SearchAction","target":{"@type":"EntryPoint","urlTemplate":"https:\/\/kmembalagens.com.br\/?s={search_term_string}"},"query-input":{"@type":"PropertyValueSpecification","valueRequired":true,"valueName":"search_term_string"}}],"inLanguage":"pt-BR"},{"@type":"Organization","@id":"https:\/\/kmembalagens.com.br\/#organization","name":"KM Embalagens","url":"https:\/\/kmembalagens.com.br\/","logo":{"@type":"ImageObject","inLanguage":"pt-BR","@id":"https:\/\/kmembalagens.com.br\/#\/schema\/logo\/image\/","url":"https:\/\/kmembalagens.com.br\/wp-content\/uploads\/2020\/11\/cropped-cropped-KM-semfundo-2.png","contentUrl":"https:\/\/kmembalagens.com.br\/wp-content\/uploads\/2020\/11\/cropped-cropped-KM-semfundo-2.png","width":1867,"height":1202,"caption":"KM Embalagens"},"image":{"@id":"https:\/\/kmembalagens.com.br\/#\/schema\/logo\/image\/"}}]}},"_links":{"self":[{"href":"https:\/\/kmembalagens.com.br\/index.php\/wp-json\/wp\/v2\/product\/1145","targetHints":{"allow":["GET"]}}],"collection":[{"href":"https:\/\/kmembalagens.com.br\/index.php\/wp-json\/wp\/v2\/product"}],"about":[{"href":"https:\/\/kmembalagens.com.br\/index.php\/wp-json\/wp\/v2\/types\/product"}],"replies":[{"embeddable":true,"href":"https:\/\/kmembalagens.com.br\/index.php\/wp-json\/wp\/v2\/comments?post=1145"}],"wp:featuredmedia":[{"embeddable":true,"href":"https:\/\/kmembalagens.com.br\/index.php\/wp-json\/wp\/v2\/media\/1146"}],"wp:attachment":[{"href":"https:\/\/kmembalagens.com.br\/index.php\/wp-json\/wp\/v2\/media?parent=1145"}],"wp:term":[{"taxonomy":"product_brand","embeddable":true,"href":"https:\/\/kmembalagens.com.br\/index.php\/wp-json\/wp\/v2\/product_brand?post=1145"},{"taxonomy":"product_cat","embeddable":true,"href":"https:\/\/kmembalagens.com.br\/index.php\/wp-json\/wp\/v2\/product_cat?post=1145"},{"taxonomy":"product_tag","embeddable":true,"href":"https:\/\/kmembalagens.com.br\/index.php\/wp-json\/wp\/v2\/product_tag?post=1145"}],"curies":[{"name":"wp","href":"https:\/\/api.w.org\/{rel}","templated":true}]}}