{"id":1103,"date":"2021-09-16T15:33:57","date_gmt":"2021-09-16T18:33:57","guid":{"rendered":"https:\/\/kmembalagens.com.br\/?post_type=product&#038;p=1103"},"modified":"2025-10-16T18:54:01","modified_gmt":"2025-10-16T21:54:01","slug":"pote-retangular-500-ml-com-tampa-24-unidades","status":"publish","type":"product","link":"https:\/\/kmembalagens.com.br\/index.php\/produto\/pote-retangular-500-ml-com-tampa-24-unidades\/","title":{"rendered":"Pote retangular 500 ml com tampa &#8211; 24 unidades"},"content":{"rendered":"","protected":false},"excerpt":{"rendered":"<p>Pote retangular sem lacre 500 ml c\/tampa<\/p>\n<p>O pote retangular de 500ml possui alta resist\u00eancia e alto n\u00edvel de transpar\u00eancia. <\/p>\n<p>Ele foi desenvolvido para proporcionar um f\u00e1cil empilhamento e manuseio.<\/p>\n<p>\u00c9 livre de BPA e pode ir ao freezer e ao micro-ondas, tornando a sua rotina pr\u00e1tica.<br \/>\nAl\u00e9m disso, possui um excelente fechamento.<\/p>\n<p>O pote retangular de 500ml \u00e9 um produto testado, aprovado e recomendado por renomados<br \/>\nprofissionais do setor aliment\u00edcio.<\/p>\n<p>Mat\u00e9ria Prima: PP<\/p>\n<p>Utiliza\u00e7\u00e3o: Freezer e micro-ondas<\/p>\n<p>Dimens\u00f5es:<br \/>\nInterno &#8211; 128,0 X 83,5 X 45,7<\/p>\n","protected":false},"featured_media":1208,"comment_status":"open","ping_status":"closed","template":"","meta":{"site-sidebar-layout":"default","site-content-layout":"default","ast-site-content-layout":"","site-content-style":"default","site-sidebar-style":"default","ast-global-header-display":"","ast-banner-title-visibility":"","ast-main-header-display":"","ast-hfb-above-header-display":"","ast-hfb-below-header-display":"","ast-hfb-mobile-header-display":"","site-post-title":"","ast-breadcrumbs-content":"","ast-featured-img":"","footer-sml-layout":"","theme-transparent-header-meta":"default","adv-header-id-meta":"","stick-header-meta":"","header-above-stick-meta":"","header-main-stick-meta":"","header-below-stick-meta":"","astra-migrate-meta-layouts":"default","ast-page-background-enabled":"default","ast-page-background-meta":{"desktop":{"background-color":"var(--ast-global-color-4)","background-image":"","background-repeat":"repeat","background-position":"center center","background-size":"auto","background-attachment":"scroll","background-type":"","background-media":"","overlay-type":"","overlay-color":"","overlay-opacity":"","overlay-gradient":""},"tablet":{"background-color":"","background-image":"","background-repeat":"repeat","background-position":"center center","background-size":"auto","background-attachment":"scroll","background-type":"","background-media":"","overlay-type":"","overlay-color":"","overlay-opacity":"","overlay-gradient":""},"mobile":{"background-color":"","background-image":"","background-repeat":"repeat","background-position":"center center","background-size":"auto","background-attachment":"scroll","background-type":"","background-media":"","overlay-type":"","overlay-color":"","overlay-opacity":"","overlay-gradient":""}},"ast-content-background-meta":{"desktop":{"background-color":"var(--ast-global-color-5)","background-image":"","background-repeat":"repeat","background-position":"center center","background-size":"auto","background-attachment":"scroll","background-type":"","background-media":"","overlay-type":"","overlay-color":"","overlay-opacity":"","overlay-gradient":""},"tablet":{"background-color":"var(--ast-global-color-5)","background-image":"","background-repeat":"repeat","background-position":"center center","background-size":"auto","background-attachment":"scroll","background-type":"","background-media":"","overlay-type":"","overlay-color":"","overlay-opacity":"","overlay-gradient":""},"mobile":{"background-color":"var(--ast-global-color-5)","background-image":"","background-repeat":"repeat","background-position":"center center","background-size":"auto","background-attachment":"scroll","background-type":"","background-media":"","overlay-type":"","overlay-color":"","overlay-opacity":"","overlay-gradient":""}}},"product_brand":[],"product_cat":[35],"product_tag":[120,109,106,86,100,101,85,99,98,97,66,102],"class_list":{"0":"post-1103","1":"product","2":"type-product","3":"status-publish","4":"has-post-thumbnail","6":"product_cat-potes","7":"product_tag-comida","8":"product_tag-ifood","9":"product_tag-pra-viagem","10":"product_tag-delivery","11":"product_tag-embalagens","12":"product_tag-embalagensdescartaveis","13":"product_tag-kmembalagens","14":"product_tag-marmita","15":"product_tag-marmitexfitiness","16":"product_tag-potes","17":"product_tag-restaurante","18":"product_tag-rotisserie","19":"desktop-align-left","20":"tablet-align-left","21":"mobile-align-left","23":"first","24":"instock","25":"taxable","26":"shipping-taxable","27":"purchasable","28":"product-type-simple"},"yoast_head":"<!-- This site is optimized with the Yoast SEO plugin v27.2 - https:\/\/yoast.com\/product\/yoast-seo-wordpress\/ -->\n<title>Pote retangular 500 ml com tampa - 24 unidades - KM Embalagens<\/title>\n<meta name=\"robots\" content=\"index, follow, max-snippet:-1, max-image-preview:large, max-video-preview:-1\" \/>\n<link rel=\"canonical\" href=\"https:\/\/kmembalagens.com.br\/index.php\/produto\/pote-retangular-500-ml-com-tampa-24-unidades\/\" \/>\n<meta property=\"og:locale\" content=\"pt_BR\" \/>\n<meta property=\"og:type\" content=\"article\" \/>\n<meta property=\"og:title\" content=\"Pote retangular 500 ml com tampa - 24 unidades - KM Embalagens\" \/>\n<meta property=\"og:description\" content=\"Pote retangular sem lacre 500 ml c\/tampa  O pote retangular de 500ml possui alta resist\u00eancia e alto n\u00edvel de transpar\u00eancia.   Ele foi desenvolvido para proporcionar um f\u00e1cil empilhamento e manuseio.  \u00c9 livre de BPA e pode ir ao freezer e ao micro-ondas, tornando a sua rotina pr\u00e1tica.  Al\u00e9m disso, possui um excelente fechamento.  O pote retangular de 500ml \u00e9 um produto testado, aprovado e recomendado por renomados  profissionais do setor aliment\u00edcio.  Mat\u00e9ria Prima: PP  Utiliza\u00e7\u00e3o: Freezer e micro-ondas  Dimens\u00f5es: Interno - 128,0 X 83,5 X 45,7\" \/>\n<meta property=\"og:url\" content=\"https:\/\/kmembalagens.com.br\/index.php\/produto\/pote-retangular-500-ml-com-tampa-24-unidades\/\" \/>\n<meta property=\"og:site_name\" content=\"KM Embalagens\" \/>\n<meta property=\"article:modified_time\" content=\"2025-10-16T21:54:01+00:00\" \/>\n<meta property=\"og:image\" content=\"https:\/\/kmembalagens.com.br\/wp-content\/uploads\/2021\/09\/CAPA-logo-unid.jpg\" \/>\n\t<meta property=\"og:image:width\" content=\"905\" \/>\n\t<meta property=\"og:image:height\" content=\"1280\" \/>\n\t<meta property=\"og:image:type\" content=\"image\/jpeg\" \/>\n<meta name=\"twitter:card\" content=\"summary_large_image\" \/>\n<script type=\"application\/ld+json\" class=\"yoast-schema-graph\">{\"@context\":\"https:\/\/schema.org\",\"@graph\":[{\"@type\":\"WebPage\",\"@id\":\"https:\/\/kmembalagens.com.br\/index.php\/produto\/pote-retangular-500-ml-com-tampa-24-unidades\/\",\"url\":\"https:\/\/kmembalagens.com.br\/index.php\/produto\/pote-retangular-500-ml-com-tampa-24-unidades\/\",\"name\":\"Pote retangular 500 ml com tampa - 24 unidades - KM Embalagens\",\"isPartOf\":{\"@id\":\"https:\/\/kmembalagens.com.br\/#website\"},\"primaryImageOfPage\":{\"@id\":\"https:\/\/kmembalagens.com.br\/index.php\/produto\/pote-retangular-500-ml-com-tampa-24-unidades\/#primaryimage\"},\"image\":{\"@id\":\"https:\/\/kmembalagens.com.br\/index.php\/produto\/pote-retangular-500-ml-com-tampa-24-unidades\/#primaryimage\"},\"thumbnailUrl\":\"https:\/\/kmembalagens.com.br\/wp-content\/uploads\/2021\/09\/CAPA-logo-unid.jpg\",\"datePublished\":\"2021-09-16T18:33:57+00:00\",\"dateModified\":\"2025-10-16T21:54:01+00:00\",\"breadcrumb\":{\"@id\":\"https:\/\/kmembalagens.com.br\/index.php\/produto\/pote-retangular-500-ml-com-tampa-24-unidades\/#breadcrumb\"},\"inLanguage\":\"pt-BR\",\"potentialAction\":[{\"@type\":\"ReadAction\",\"target\":[\"https:\/\/kmembalagens.com.br\/index.php\/produto\/pote-retangular-500-ml-com-tampa-24-unidades\/\"]}]},{\"@type\":\"ImageObject\",\"inLanguage\":\"pt-BR\",\"@id\":\"https:\/\/kmembalagens.com.br\/index.php\/produto\/pote-retangular-500-ml-com-tampa-24-unidades\/#primaryimage\",\"url\":\"https:\/\/kmembalagens.com.br\/wp-content\/uploads\/2021\/09\/CAPA-logo-unid.jpg\",\"contentUrl\":\"https:\/\/kmembalagens.com.br\/wp-content\/uploads\/2021\/09\/CAPA-logo-unid.jpg\",\"width\":905,\"height\":1280},{\"@type\":\"BreadcrumbList\",\"@id\":\"https:\/\/kmembalagens.com.br\/index.php\/produto\/pote-retangular-500-ml-com-tampa-24-unidades\/#breadcrumb\",\"itemListElement\":[{\"@type\":\"ListItem\",\"position\":1,\"name\":\"In\u00edcio\",\"item\":\"https:\/\/kmembalagens.com.br\/\"},{\"@type\":\"ListItem\",\"position\":2,\"name\":\"Pote retangular 500 ml com tampa &#8211; 24 unidades\"}]},{\"@type\":\"WebSite\",\"@id\":\"https:\/\/kmembalagens.com.br\/#website\",\"url\":\"https:\/\/kmembalagens.com.br\/\",\"name\":\"KM Embalagens\",\"description\":\"Tudo que precisa de embalagens\",\"publisher\":{\"@id\":\"https:\/\/kmembalagens.com.br\/#organization\"},\"potentialAction\":[{\"@type\":\"SearchAction\",\"target\":{\"@type\":\"EntryPoint\",\"urlTemplate\":\"https:\/\/kmembalagens.com.br\/?s={search_term_string}\"},\"query-input\":{\"@type\":\"PropertyValueSpecification\",\"valueRequired\":true,\"valueName\":\"search_term_string\"}}],\"inLanguage\":\"pt-BR\"},{\"@type\":\"Organization\",\"@id\":\"https:\/\/kmembalagens.com.br\/#organization\",\"name\":\"KM Embalagens\",\"url\":\"https:\/\/kmembalagens.com.br\/\",\"logo\":{\"@type\":\"ImageObject\",\"inLanguage\":\"pt-BR\",\"@id\":\"https:\/\/kmembalagens.com.br\/#\/schema\/logo\/image\/\",\"url\":\"https:\/\/kmembalagens.com.br\/wp-content\/uploads\/2020\/11\/cropped-cropped-KM-semfundo-2.png\",\"contentUrl\":\"https:\/\/kmembalagens.com.br\/wp-content\/uploads\/2020\/11\/cropped-cropped-KM-semfundo-2.png\",\"width\":1867,\"height\":1202,\"caption\":\"KM Embalagens\"},\"image\":{\"@id\":\"https:\/\/kmembalagens.com.br\/#\/schema\/logo\/image\/\"}}]}<\/script>\n<!-- \/ Yoast SEO plugin. -->","yoast_head_json":{"title":"Pote retangular 500 ml com tampa - 24 unidades - KM Embalagens","robots":{"index":"index","follow":"follow","max-snippet":"max-snippet:-1","max-image-preview":"max-image-preview:large","max-video-preview":"max-video-preview:-1"},"canonical":"https:\/\/kmembalagens.com.br\/index.php\/produto\/pote-retangular-500-ml-com-tampa-24-unidades\/","og_locale":"pt_BR","og_type":"article","og_title":"Pote retangular 500 ml com tampa - 24 unidades - KM Embalagens","og_description":"Pote retangular sem lacre 500 ml c\/tampa  O pote retangular de 500ml possui alta resist\u00eancia e alto n\u00edvel de transpar\u00eancia.   Ele foi desenvolvido para proporcionar um f\u00e1cil empilhamento e manuseio.  \u00c9 livre de BPA e pode ir ao freezer e ao micro-ondas, tornando a sua rotina pr\u00e1tica.  Al\u00e9m disso, possui um excelente fechamento.  O pote retangular de 500ml \u00e9 um produto testado, aprovado e recomendado por renomados  profissionais do setor aliment\u00edcio.  Mat\u00e9ria Prima: PP  Utiliza\u00e7\u00e3o: Freezer e micro-ondas  Dimens\u00f5es: Interno - 128,0 X 83,5 X 45,7","og_url":"https:\/\/kmembalagens.com.br\/index.php\/produto\/pote-retangular-500-ml-com-tampa-24-unidades\/","og_site_name":"KM Embalagens","article_modified_time":"2025-10-16T21:54:01+00:00","og_image":[{"width":905,"height":1280,"url":"https:\/\/kmembalagens.com.br\/wp-content\/uploads\/2021\/09\/CAPA-logo-unid.jpg","type":"image\/jpeg"}],"twitter_card":"summary_large_image","schema":{"@context":"https:\/\/schema.org","@graph":[{"@type":"WebPage","@id":"https:\/\/kmembalagens.com.br\/index.php\/produto\/pote-retangular-500-ml-com-tampa-24-unidades\/","url":"https:\/\/kmembalagens.com.br\/index.php\/produto\/pote-retangular-500-ml-com-tampa-24-unidades\/","name":"Pote retangular 500 ml com tampa - 24 unidades - KM Embalagens","isPartOf":{"@id":"https:\/\/kmembalagens.com.br\/#website"},"primaryImageOfPage":{"@id":"https:\/\/kmembalagens.com.br\/index.php\/produto\/pote-retangular-500-ml-com-tampa-24-unidades\/#primaryimage"},"image":{"@id":"https:\/\/kmembalagens.com.br\/index.php\/produto\/pote-retangular-500-ml-com-tampa-24-unidades\/#primaryimage"},"thumbnailUrl":"https:\/\/kmembalagens.com.br\/wp-content\/uploads\/2021\/09\/CAPA-logo-unid.jpg","datePublished":"2021-09-16T18:33:57+00:00","dateModified":"2025-10-16T21:54:01+00:00","breadcrumb":{"@id":"https:\/\/kmembalagens.com.br\/index.php\/produto\/pote-retangular-500-ml-com-tampa-24-unidades\/#breadcrumb"},"inLanguage":"pt-BR","potentialAction":[{"@type":"ReadAction","target":["https:\/\/kmembalagens.com.br\/index.php\/produto\/pote-retangular-500-ml-com-tampa-24-unidades\/"]}]},{"@type":"ImageObject","inLanguage":"pt-BR","@id":"https:\/\/kmembalagens.com.br\/index.php\/produto\/pote-retangular-500-ml-com-tampa-24-unidades\/#primaryimage","url":"https:\/\/kmembalagens.com.br\/wp-content\/uploads\/2021\/09\/CAPA-logo-unid.jpg","contentUrl":"https:\/\/kmembalagens.com.br\/wp-content\/uploads\/2021\/09\/CAPA-logo-unid.jpg","width":905,"height":1280},{"@type":"BreadcrumbList","@id":"https:\/\/kmembalagens.com.br\/index.php\/produto\/pote-retangular-500-ml-com-tampa-24-unidades\/#breadcrumb","itemListElement":[{"@type":"ListItem","position":1,"name":"In\u00edcio","item":"https:\/\/kmembalagens.com.br\/"},{"@type":"ListItem","position":2,"name":"Pote retangular 500 ml com tampa &#8211; 24 unidades"}]},{"@type":"WebSite","@id":"https:\/\/kmembalagens.com.br\/#website","url":"https:\/\/kmembalagens.com.br\/","name":"KM Embalagens","description":"Tudo que precisa de embalagens","publisher":{"@id":"https:\/\/kmembalagens.com.br\/#organization"},"potentialAction":[{"@type":"SearchAction","target":{"@type":"EntryPoint","urlTemplate":"https:\/\/kmembalagens.com.br\/?s={search_term_string}"},"query-input":{"@type":"PropertyValueSpecification","valueRequired":true,"valueName":"search_term_string"}}],"inLanguage":"pt-BR"},{"@type":"Organization","@id":"https:\/\/kmembalagens.com.br\/#organization","name":"KM Embalagens","url":"https:\/\/kmembalagens.com.br\/","logo":{"@type":"ImageObject","inLanguage":"pt-BR","@id":"https:\/\/kmembalagens.com.br\/#\/schema\/logo\/image\/","url":"https:\/\/kmembalagens.com.br\/wp-content\/uploads\/2020\/11\/cropped-cropped-KM-semfundo-2.png","contentUrl":"https:\/\/kmembalagens.com.br\/wp-content\/uploads\/2020\/11\/cropped-cropped-KM-semfundo-2.png","width":1867,"height":1202,"caption":"KM Embalagens"},"image":{"@id":"https:\/\/kmembalagens.com.br\/#\/schema\/logo\/image\/"}}]}},"_links":{"self":[{"href":"https:\/\/kmembalagens.com.br\/index.php\/wp-json\/wp\/v2\/product\/1103","targetHints":{"allow":["GET"]}}],"collection":[{"href":"https:\/\/kmembalagens.com.br\/index.php\/wp-json\/wp\/v2\/product"}],"about":[{"href":"https:\/\/kmembalagens.com.br\/index.php\/wp-json\/wp\/v2\/types\/product"}],"replies":[{"embeddable":true,"href":"https:\/\/kmembalagens.com.br\/index.php\/wp-json\/wp\/v2\/comments?post=1103"}],"wp:featuredmedia":[{"embeddable":true,"href":"https:\/\/kmembalagens.com.br\/index.php\/wp-json\/wp\/v2\/media\/1208"}],"wp:attachment":[{"href":"https:\/\/kmembalagens.com.br\/index.php\/wp-json\/wp\/v2\/media?parent=1103"}],"wp:term":[{"taxonomy":"product_brand","embeddable":true,"href":"https:\/\/kmembalagens.com.br\/index.php\/wp-json\/wp\/v2\/product_brand?post=1103"},{"taxonomy":"product_cat","embeddable":true,"href":"https:\/\/kmembalagens.com.br\/index.php\/wp-json\/wp\/v2\/product_cat?post=1103"},{"taxonomy":"product_tag","embeddable":true,"href":"https:\/\/kmembalagens.com.br\/index.php\/wp-json\/wp\/v2\/product_tag?post=1103"}],"curies":[{"name":"wp","href":"https:\/\/api.w.org\/{rel}","templated":true}]}}